{"id":13759,"date":"2024-08-28T09:11:50","date_gmt":"2024-08-28T09:11:50","guid":{"rendered":"https:\/\/www.pego.it\/anwendungen\/kuehlzellen\/"},"modified":"2024-09-27T13:41:08","modified_gmt":"2024-09-27T13:41:08","slug":"kuehlzellen","status":"publish","type":"page","link":"https:\/\/pego.teknetservice.com\/de\/anwendungen\/kuehlzellen\/","title":{"rendered":"K\u00fchlzellen"},"content":{"rendered":"<div>PEGO SRL<\/div>\n<div>K\u00fchlzellen<\/div>\n<div>\n<p style=\"text-align: right;\">Produktlinie f\u00fcr die vollst\u00e4ndige Verwaltung der Zelle und der K\u00fchlanlagen, sowohl einphasig als auch dreiphasig<\/p>\n<\/div>\n<div><div class=\"pg_app_container\"><\/div><\/div>\n<p><!--more--><br \/>\n<!-- {\"type\":\"layout\",\"children\":[{\"type\":\"section\",\"props\":{\"header_transparent\":true,\"header_transparent_text_color\":\"light\",\"height\":\"viewport\",\"height_viewport\":80,\"image\":\"wp-content\\\/uploads\\\/2024\\\/08\\\/celle-refrigerate-3.jpg\",\"image_position\":\"center-center\",\"image_size\":\"cover\",\"style\":\"default\",\"title_breakpoint\":\"xl\",\"title_position\":\"top-left\",\"title_rotation\":\"left\",\"vertical_align\":\"middle\",\"width\":\"default\"},\"children\":[{\"type\":\"row\",\"children\":[{\"type\":\"column\",\"props\":{\"image_position\":\"center-center\",\"position_sticky_breakpoint\":\"m\"}}]}]},{\"type\":\"section\",\"props\":{\"css\":\".el-section > .uk-container{\\n\\tmargin-top:-150px;\\n    background-color:#fff;\\n    padding-top:50px;\\n    padding-bottom:50px;\\n}\",\"image_position\":\"center-center\",\"padding\":\"none\",\"style\":\"muted\",\"title_breakpoint\":\"xl\",\"title_position\":\"top-left\",\"title_rotation\":\"left\",\"vertical_align\":\"middle\",\"width\":\"xlarge\"},\"children\":[{\"type\":\"row\",\"props\":{\"layout\":\"1-2,1-2\"},\"children\":[{\"type\":\"column\",\"props\":{\"image_position\":\"center-center\",\"position_sticky_breakpoint\":\"m\",\"width_medium\":\"1-2\"},\"children\":[{\"type\":\"headline\",\"props\":{\"content\":\"PEGO SRL\",\"margin_remove_bottom\":true,\"title_element\":\"div\",\"title_style\":\"text-lead\"}},{\"type\":\"headline\",\"props\":{\"content\":\"K\\u00fchlzellen\",\"margin_remove_top\":true,\"title_element\":\"div\",\"title_style\":\"heading-medium\"}}]},{\"type\":\"column\",\"props\":{\"image_position\":\"center-center\",\"position_sticky_breakpoint\":\"m\",\"vertical_align\":\"middle\",\"width_medium\":\"1-2\"},\"children\":[{\"type\":\"text\",\"props\":{\"column_breakpoint\":\"m\",\"content\":\"\n\n<p style=\\\"text-align: right;\\\">Produktlinie f\\u00fcr die vollst\\u00e4ndige Verwaltung der Zelle und der K\\u00fchlanlagen, sowohl einphasig als auch dreiphasig<\\\/p>\",\"margin\":\"default\"}}]}]}]},{\"type\":\"section\",\"props\":{\"image_position\":\"center-center\",\"style\":\"default\",\"title_breakpoint\":\"xl\",\"title_position\":\"top-left\",\"title_rotation\":\"left\",\"vertical_align\":\"middle\",\"width\":\"xlarge\"},\"children\":[{\"type\":\"row\",\"children\":[{\"type\":\"column\",\"props\":{\"image_position\":\"center-center\",\"position_sticky_breakpoint\":\"m\"},\"children\":[{\"type\":\"text\",\"props\":{\"column_breakpoint\":\"m\",\"content\":\"[pg_single_application]\",\"margin\":\"default\"}}]}]}]}],\"version\":\"1.0.0\"} --><\/p>\n","protected":false},"excerpt":{"rendered":"<p>PEGO SRL K\u00fchlzellen Produktlinie f\u00fcr die vollst\u00e4ndige Verwaltung der Zelle und der K\u00fchlanlagen, sowohl einphasig als auch dreiphasig<\/p>\n","protected":false},"author":1,"featured_media":9497,"parent":13702,"menu_order":0,"comment_status":"closed","ping_status":"closed","template":"","meta":{"_acf_changed":false,"footnotes":""},"class_list":["post-13759","page","type-page","status-publish","has-post-thumbnail","hentry"],"acf":[],"_links":{"self":[{"href":"https:\/\/pego.teknetservice.com\/de\/wp-json\/wp\/v2\/pages\/13759","targetHints":{"allow":["GET"]}}],"collection":[{"href":"https:\/\/pego.teknetservice.com\/de\/wp-json\/wp\/v2\/pages"}],"about":[{"href":"https:\/\/pego.teknetservice.com\/de\/wp-json\/wp\/v2\/types\/page"}],"author":[{"embeddable":true,"href":"https:\/\/pego.teknetservice.com\/de\/wp-json\/wp\/v2\/users\/1"}],"replies":[{"embeddable":true,"href":"https:\/\/pego.teknetservice.com\/de\/wp-json\/wp\/v2\/comments?post=13759"}],"version-history":[{"count":2,"href":"https:\/\/pego.teknetservice.com\/de\/wp-json\/wp\/v2\/pages\/13759\/revisions"}],"predecessor-version":[{"id":16578,"href":"https:\/\/pego.teknetservice.com\/de\/wp-json\/wp\/v2\/pages\/13759\/revisions\/16578"}],"up":[{"embeddable":true,"href":"https:\/\/pego.teknetservice.com\/de\/wp-json\/wp\/v2\/pages\/13702"}],"wp:featuredmedia":[{"embeddable":true,"href":"https:\/\/pego.teknetservice.com\/de\/wp-json\/wp\/v2\/media\/9497"}],"wp:attachment":[{"href":"https:\/\/pego.teknetservice.com\/de\/wp-json\/wp\/v2\/media?parent=13759"}],"curies":[{"name":"wp","href":"https:\/\/api.w.org\/{rel}","templated":true}]}}