{"id":13792,"date":"2024-08-28T13:22:46","date_gmt":"2024-08-28T13:22:46","guid":{"rendered":"https:\/\/www.pego.it\/anwendungen\/datalogger\/"},"modified":"2024-09-27T13:40:23","modified_gmt":"2024-09-27T13:40:23","slug":"datalogger-de","status":"publish","type":"page","link":"https:\/\/pego.teknetservice.com\/de\/anwendungen\/datalogger-de\/","title":{"rendered":"Datalogger"},"content":{"rendered":"<div>PEGO SRL<\/div>\n<div>Datalogger<\/div>\n<div>\n<p style=\"text-align: right;\">Steuerungen und Schalttafeln, die mit Datenlogger-Funktionen ausgestattet sind, um die Temperaturen und Alarme der Zelle aufzeichnen zu k\u00f6nnen<\/p>\n<\/div>\n<div><div class=\"pg_app_container\"><div class=\"pg_app_post_type uk-margin-large-bottom\"><span class=\"uk-h3\">Schltk\u00e4sten<\/span><br\/><span class=\"uk-heading-small uk-margin-bottom pg_app_parent\">Reihe PLUS EXPERT<\/span><div class=\"uk-grid uk-margin-medium-bottom uk-margin-small-top\"><div class=\"uk-width-1-3@m uk-width-1-2@s uk-margin-bottom\"><a href=\"https:\/\/pego.teknetservice.com\/de\/produkte\/schaltkaesten\/serie-plus-expert\/plusr-200-expert\/\">\n                        <div class=\"pg_child_product_thumbnail\"><img loading=\"lazy\" decoding=\"async\" width=\"300\" height=\"275\" src=\"https:\/\/pego.teknetservice.com\/wp-content\/uploads\/2024\/08\/Pego-PLUSR-200-EXPERT-DATALOGGER-300x275.png\" class=\"attachment-medium size-medium wp-post-image\" alt=\"Datalogger\" srcset=\"https:\/\/pego.teknetservice.com\/wp-content\/uploads\/2024\/08\/Pego-PLUSR-200-EXPERT-DATALOGGER-300x275.png 300w, https:\/\/pego.teknetservice.com\/wp-content\/uploads\/2024\/08\/Pego-PLUSR-200-EXPERT-DATALOGGER-1024x939.png 1024w, https:\/\/pego.teknetservice.com\/wp-content\/uploads\/2024\/08\/Pego-PLUSR-200-EXPERT-DATALOGGER-768x704.png 768w, https:\/\/pego.teknetservice.com\/wp-content\/uploads\/2024\/08\/Pego-PLUSR-200-EXPERT-DATALOGGER.png 1178w\" sizes=\"(max-width: 300px) 100vw, 300px\" \/><\/div>\n                    <\/a><a href=\"https:\/\/pego.teknetservice.com\/de\/produkte\/schaltkaesten\/serie-plus-expert\/plusr-200-expert\/\" class=\"pg_prod_title\">PLUSR 200 EXPERT<\/a><p class=\"pg_child_product_intro\">K\u00fchlanlagensteuerung zur vollst\u00e4ndigen Steuerung von K\u00fchlzellen mit Monophase-Verdichter bis zu 2HP und Datalogger-Funktion. Ein breites und r\u00fcckbeleuchtetes Fl\u00fcssigkristalldisplay...\r\n\r\n<\/p><a class=\"el-content uk-button uk-button-primary\" href=\"https:\/\/pego.teknetservice.com\/de\/produkte\/schaltkaesten\/serie-plus-expert\/plusr-200-expert\/\" uk-scroll=\"\">Erfahren Sie mehr<\/a><\/div><div class=\"uk-width-1-3@m uk-width-1-2@s uk-margin-bottom\"><a href=\"https:\/\/pego.teknetservice.com\/de\/produkte\/schaltkaesten\/serie-plus-expert\/plusr-300-expert-u-vd\/\">\n                        <div class=\"pg_child_product_thumbnail\"><img loading=\"lazy\" decoding=\"async\" width=\"300\" height=\"287\" src=\"https:\/\/pego.teknetservice.com\/wp-content\/uploads\/2024\/08\/Pego-PLUSR-300-EXPERT-U-VD-DATALOGGER-300x287.png\" class=\"attachment-medium size-medium wp-post-image\" alt=\"Datalogger\" srcset=\"https:\/\/pego.teknetservice.com\/wp-content\/uploads\/2024\/08\/Pego-PLUSR-300-EXPERT-U-VD-DATALOGGER-300x287.png 300w, https:\/\/pego.teknetservice.com\/wp-content\/uploads\/2024\/08\/Pego-PLUSR-300-EXPERT-U-VD-DATALOGGER-1024x979.png 1024w, https:\/\/pego.teknetservice.com\/wp-content\/uploads\/2024\/08\/Pego-PLUSR-300-EXPERT-U-VD-DATALOGGER-768x734.png 768w, https:\/\/pego.teknetservice.com\/wp-content\/uploads\/2024\/08\/Pego-PLUSR-300-EXPERT-U-VD-DATALOGGER.png 1130w\" sizes=\"(max-width: 300px) 100vw, 300px\" \/><\/div>\n                    <\/a><a href=\"https:\/\/pego.teknetservice.com\/de\/produkte\/schaltkaesten\/serie-plus-expert\/plusr-300-expert-u-vd\/\" class=\"pg_prod_title\">PLUSR 300 EXPERT U VD<\/a><p class=\"pg_child_product_intro\">Reihe von Steuerschr\u00e4nken und Steuerung mit Datalogger-Funktion zur Steuerung der einzelnen Dreiphase-Verdampfereinheit, wo die Verbraucher mit einer abgesetzten K\u00fchlzentrale oder Verdichter-\/ Verfl\u00fcssigereinheit kombiniert sind. Ein breites und r\u00fcckbeleuchtetes Fl\u00fcssigkristalldisplay...\r\n\r\n<\/p><a class=\"el-content uk-button uk-button-primary\" href=\"https:\/\/pego.teknetservice.com\/de\/produkte\/schaltkaesten\/serie-plus-expert\/plusr-300-expert-u-vd\/\" uk-scroll=\"\">Erfahren Sie mehr<\/a><\/div><div class=\"uk-width-1-3@m uk-width-1-2@s uk-margin-bottom\"><a href=\"https:\/\/pego.teknetservice.com\/de\/produkte\/schaltkaesten\/serie-plus-expert\/plusr-300-expert-vd\/\">\n                        <div class=\"pg_child_product_thumbnail\"><img loading=\"lazy\" decoding=\"async\" width=\"300\" height=\"287\" src=\"https:\/\/pego.teknetservice.com\/wp-content\/uploads\/2024\/08\/Pego-PLUSR-300-EXPERT-DATALOGGER-300x287.png\" class=\"attachment-medium size-medium wp-post-image\" alt=\"Datalogger\" srcset=\"https:\/\/pego.teknetservice.com\/wp-content\/uploads\/2024\/08\/Pego-PLUSR-300-EXPERT-DATALOGGER-300x287.png 300w, https:\/\/pego.teknetservice.com\/wp-content\/uploads\/2024\/08\/Pego-PLUSR-300-EXPERT-DATALOGGER-1024x979.png 1024w, https:\/\/pego.teknetservice.com\/wp-content\/uploads\/2024\/08\/Pego-PLUSR-300-EXPERT-DATALOGGER-768x734.png 768w, https:\/\/pego.teknetservice.com\/wp-content\/uploads\/2024\/08\/Pego-PLUSR-300-EXPERT-DATALOGGER.png 1130w\" sizes=\"(max-width: 300px) 100vw, 300px\" \/><\/div>\n                    <\/a><a href=\"https:\/\/pego.teknetservice.com\/de\/produkte\/schaltkaesten\/serie-plus-expert\/plusr-300-expert-vd\/\" class=\"pg_prod_title\">PLUSR 300 EXPERT VD<\/a><p class=\"pg_child_product_intro\">K\u00fchlanlagensteuerung zur vollst\u00e4ndigen Steuerung von K\u00fchlzellen mit Dreiphasen-Verdichter bis zu 7,5HP und Datalogger-Funktion. Ein breites und r\u00fcckbeleuchtetes Fl\u00fcssigkristalldisplay...\r\n\r\n<\/p><a class=\"el-content uk-button uk-button-primary\" href=\"https:\/\/pego.teknetservice.com\/de\/produkte\/schaltkaesten\/serie-plus-expert\/plusr-300-expert-vd\/\" uk-scroll=\"\">Erfahren Sie mehr<\/a><\/div><div class=\"uk-width-1-3@m uk-width-1-2@s uk-margin-bottom\"><a href=\"https:\/\/pego.teknetservice.com\/de\/produkte\/schaltkaesten\/serie-plus-expert\/plusr-expert-dl3\/\">\n                        <div class=\"pg_child_product_thumbnail\"><img loading=\"lazy\" decoding=\"async\" width=\"300\" height=\"275\" src=\"https:\/\/pego.teknetservice.com\/wp-content\/uploads\/2024\/08\/Pego-PLUSR-EXPERT-DL3-DATALOGGER-300x275.png\" class=\"attachment-medium size-medium wp-post-image\" alt=\"Datalogger\" srcset=\"https:\/\/pego.teknetservice.com\/wp-content\/uploads\/2024\/08\/Pego-PLUSR-EXPERT-DL3-DATALOGGER-300x275.png 300w, https:\/\/pego.teknetservice.com\/wp-content\/uploads\/2024\/08\/Pego-PLUSR-EXPERT-DL3-DATALOGGER-1024x939.png 1024w, https:\/\/pego.teknetservice.com\/wp-content\/uploads\/2024\/08\/Pego-PLUSR-EXPERT-DL3-DATALOGGER-768x704.png 768w, https:\/\/pego.teknetservice.com\/wp-content\/uploads\/2024\/08\/Pego-PLUSR-EXPERT-DL3-DATALOGGER.png 1178w\" sizes=\"(max-width: 300px) 100vw, 300px\" \/><\/div>\n                    <\/a><a href=\"https:\/\/pego.teknetservice.com\/de\/produkte\/schaltkaesten\/serie-plus-expert\/plusr-expert-dl3\/\" class=\"pg_prod_title\">PLUSR EXPERT DL3<\/a><p class=\"pg_child_product_intro\">Temperaturaufzeichnungsger\u00e4t mit drei Kan\u00e4len, die alle drei die Temperatur, den Zustand eines Digitaleingangs und die ausgel\u00f6sten Alarme \u00fcberwachen und aufzeichnen.\r\n\r\n<\/p><a class=\"el-content uk-button uk-button-primary\" href=\"https:\/\/pego.teknetservice.com\/de\/produkte\/schaltkaesten\/serie-plus-expert\/plusr-expert-dl3\/\" uk-scroll=\"\">Erfahren Sie mehr<\/a><\/div><div class=\"uk-width-1-3@m uk-width-1-2@s uk-margin-bottom\"><a href=\"https:\/\/pego.teknetservice.com\/de\/produkte\/schaltkaesten\/serie-plus-expert\/plusr-expert-dl8\/\">\n                        <div class=\"pg_child_product_thumbnail\"><img loading=\"lazy\" decoding=\"async\" width=\"300\" height=\"275\" src=\"https:\/\/pego.teknetservice.com\/wp-content\/uploads\/2024\/08\/Pego-PLUSR-EXPERT-DL8-DATALOGGER-300x275.png\" class=\"attachment-medium size-medium wp-post-image\" alt=\"Datalogger\" srcset=\"https:\/\/pego.teknetservice.com\/wp-content\/uploads\/2024\/08\/Pego-PLUSR-EXPERT-DL8-DATALOGGER-300x275.png 300w, https:\/\/pego.teknetservice.com\/wp-content\/uploads\/2024\/08\/Pego-PLUSR-EXPERT-DL8-DATALOGGER-1024x939.png 1024w, https:\/\/pego.teknetservice.com\/wp-content\/uploads\/2024\/08\/Pego-PLUSR-EXPERT-DL8-DATALOGGER-768x704.png 768w, https:\/\/pego.teknetservice.com\/wp-content\/uploads\/2024\/08\/Pego-PLUSR-EXPERT-DL8-DATALOGGER.png 1178w\" sizes=\"(max-width: 300px) 100vw, 300px\" \/><\/div>\n                    <\/a><a href=\"https:\/\/pego.teknetservice.com\/de\/produkte\/schaltkaesten\/serie-plus-expert\/plusr-expert-dl8\/\" class=\"pg_prod_title\">PLUSR EXPERT DL8<\/a><p class=\"pg_child_product_intro\">Temperaturaufzeichnungsger\u00e4t mit acht Kan\u00e4len, die alle drei die Temperatur und die ausgel\u00f6sten Alarme \u00fcberwachen und aufzeichnen.\r\n\r\n<\/p><a class=\"el-content uk-button uk-button-primary\" href=\"https:\/\/pego.teknetservice.com\/de\/produkte\/schaltkaesten\/serie-plus-expert\/plusr-expert-dl8\/\" uk-scroll=\"\">Erfahren Sie mehr<\/a><\/div><\/div><\/div><\/div><\/div>\n<p><!--more--><br \/>\n<!-- {\"type\":\"layout\",\"children\":[{\"type\":\"section\",\"props\":{\"header_transparent\":true,\"header_transparent_text_color\":\"light\",\"height\":\"viewport\",\"height_viewport\":80,\"image\":\"wp-content\\\/uploads\\\/2024\\\/08\\\/datalogger.jpg\",\"image_position\":\"center-center\",\"image_size\":\"cover\",\"style\":\"default\",\"title_breakpoint\":\"xl\",\"title_position\":\"top-left\",\"title_rotation\":\"left\",\"vertical_align\":\"middle\",\"width\":\"default\"},\"children\":[{\"type\":\"row\",\"children\":[{\"type\":\"column\",\"props\":{\"image_position\":\"center-center\",\"position_sticky_breakpoint\":\"m\"}}]}]},{\"type\":\"section\",\"props\":{\"css\":\".el-section > .uk-container{\\n\\tmargin-top:-150px;\\n    background-color:#fff;\\n    padding-top:50px;\\n    padding-bottom:50px;\\n}\",\"image_position\":\"center-center\",\"padding\":\"none\",\"style\":\"muted\",\"title_breakpoint\":\"xl\",\"title_position\":\"top-left\",\"title_rotation\":\"left\",\"vertical_align\":\"middle\",\"width\":\"xlarge\"},\"children\":[{\"type\":\"row\",\"props\":{\"layout\":\"1-2,1-2\"},\"children\":[{\"type\":\"column\",\"props\":{\"image_position\":\"center-center\",\"position_sticky_breakpoint\":\"m\",\"width_medium\":\"1-2\"},\"children\":[{\"type\":\"headline\",\"props\":{\"content\":\"PEGO SRL\",\"margin_remove_bottom\":true,\"title_element\":\"div\",\"title_style\":\"text-lead\"}},{\"type\":\"headline\",\"props\":{\"content\":\"Datalogger\",\"margin_remove_top\":true,\"title_element\":\"div\",\"title_style\":\"heading-medium\"}}]},{\"type\":\"column\",\"props\":{\"image_position\":\"center-center\",\"position_sticky_breakpoint\":\"m\",\"vertical_align\":\"middle\",\"width_medium\":\"1-2\"},\"children\":[{\"type\":\"text\",\"props\":{\"column_breakpoint\":\"m\",\"content\":\"\n\n<p style=\\\"text-align: right;\\\">Steuerungen und Schalttafeln, die mit Datenlogger-Funktionen ausgestattet sind, um die Temperaturen und Alarme der Zelle aufzeichnen zu k\\u00f6nnen<\\\/p>\",\"margin\":\"default\"}}]}]}]},{\"type\":\"section\",\"props\":{\"image_position\":\"center-center\",\"style\":\"default\",\"title_breakpoint\":\"xl\",\"title_position\":\"top-left\",\"title_rotation\":\"left\",\"vertical_align\":\"middle\",\"width\":\"xlarge\"},\"children\":[{\"type\":\"row\",\"children\":[{\"type\":\"column\",\"props\":{\"image_position\":\"center-center\",\"position_sticky_breakpoint\":\"m\"},\"children\":[{\"type\":\"text\",\"props\":{\"column_breakpoint\":\"m\",\"content\":\"[pg_single_application]\",\"margin\":\"default\"}}]}]}]}],\"version\":\"1.0.0\"} --><\/p>\n","protected":false},"excerpt":{"rendered":"<p>PEGO SRL Datalogger Steuerungen und Schalttafeln, die mit Datenlogger-Funktionen ausgestattet sind, um die Temperaturen und Alarme der Zelle aufzeichnen zu k\u00f6nnen<\/p>\n","protected":false},"author":1,"featured_media":9597,"parent":13702,"menu_order":0,"comment_status":"closed","ping_status":"closed","template":"","meta":{"_acf_changed":false,"footnotes":""},"class_list":["post-13792","page","type-page","status-publish","has-post-thumbnail","hentry"],"acf":[],"_links":{"self":[{"href":"https:\/\/pego.teknetservice.com\/de\/wp-json\/wp\/v2\/pages\/13792","targetHints":{"allow":["GET"]}}],"collection":[{"href":"https:\/\/pego.teknetservice.com\/de\/wp-json\/wp\/v2\/pages"}],"about":[{"href":"https:\/\/pego.teknetservice.com\/de\/wp-json\/wp\/v2\/types\/page"}],"author":[{"embeddable":true,"href":"https:\/\/pego.teknetservice.com\/de\/wp-json\/wp\/v2\/users\/1"}],"replies":[{"embeddable":true,"href":"https:\/\/pego.teknetservice.com\/de\/wp-json\/wp\/v2\/comments?post=13792"}],"version-history":[{"count":2,"href":"https:\/\/pego.teknetservice.com\/de\/wp-json\/wp\/v2\/pages\/13792\/revisions"}],"predecessor-version":[{"id":16576,"href":"https:\/\/pego.teknetservice.com\/de\/wp-json\/wp\/v2\/pages\/13792\/revisions\/16576"}],"up":[{"embeddable":true,"href":"https:\/\/pego.teknetservice.com\/de\/wp-json\/wp\/v2\/pages\/13702"}],"wp:featuredmedia":[{"embeddable":true,"href":"https:\/\/pego.teknetservice.com\/de\/wp-json\/wp\/v2\/media\/9597"}],"wp:attachment":[{"href":"https:\/\/pego.teknetservice.com\/de\/wp-json\/wp\/v2\/media?parent=13792"}],"curies":[{"name":"wp","href":"https:\/\/api.w.org\/{rel}","templated":true}]}}