{"id":13861,"date":"2024-08-28T14:01:30","date_gmt":"2024-08-28T14:01:30","guid":{"rendered":"https:\/\/www.pego.it\/anwendungen\/reifungszellen\/"},"modified":"2024-09-27T13:42:17","modified_gmt":"2024-09-27T13:42:17","slug":"reifungszellen","status":"publish","type":"page","link":"https:\/\/pego.teknetservice.com\/de\/anwendungen\/reifungszellen\/","title":{"rendered":"Reifungszellen"},"content":{"rendered":"<div>PEGO SRL<\/div>\n<div>Reifungszellen<\/div>\n<div>\n<p style=\"text-align: right;\"><strong>Schaltschr\u00e4nke und Steuerungen f\u00fcr das Temperatur- und Feuchtigkeitsmanagement.<\/strong> Diese Produkte erm\u00f6glichen das Temperatur- und Feuchtigkeitsmanagement in Reifungs-, Konservierungs-, Keimungs- und Industrieprozessen durch die M\u00f6glichkeit, automatische Programme zu erstellen oder dem Benutzer die manuelle Verwaltung von Temperatur und Feuchtigkeit zu \u00fcberlassen.<\/p>\n<\/div>\n<div><div class=\"pg_app_container\"><div class=\"pg_app_post_type uk-margin-large-bottom\"><span class=\"uk-h3\">Schltk\u00e4sten<\/span><br\/><span class=\"uk-heading-small uk-margin-bottom pg_app_parent\">Reihe PLUS<\/span><div class=\"uk-grid uk-margin-medium-bottom uk-margin-small-top\"><div class=\"uk-width-1-3@m uk-width-1-2@s uk-margin-bottom\"><a href=\"https:\/\/pego.teknetservice.com\/de\/produkte\/schaltkaesten\/serie-plus\/plus-1000-thr\/\">\n                        <div class=\"pg_child_product_thumbnail\"><img loading=\"lazy\" decoding=\"async\" width=\"198\" height=\"300\" src=\"https:\/\/pego.teknetservice.com\/wp-content\/uploads\/2024\/07\/Pego-PLUS-1000-THR-1-198x300.png\" class=\"attachment-medium size-medium wp-post-image\" alt=\"Reifungszellen\" srcset=\"https:\/\/pego.teknetservice.com\/wp-content\/uploads\/2024\/07\/Pego-PLUS-1000-THR-1-198x300.png 198w, https:\/\/pego.teknetservice.com\/wp-content\/uploads\/2024\/07\/Pego-PLUS-1000-THR-1-674x1024.png 674w, https:\/\/pego.teknetservice.com\/wp-content\/uploads\/2024\/07\/Pego-PLUS-1000-THR-1.png 711w\" sizes=\"(max-width: 198px) 100vw, 198px\" \/><\/div>\n                    <\/a><a href=\"https:\/\/pego.teknetservice.com\/de\/produkte\/schaltkaesten\/serie-plus\/plus-1000-thr\/\" class=\"pg_prod_title\">PLUS 1000\u00a0THR<\/a><p class=\"pg_child_product_intro\">Dreiphasiger Schaltkasten zur Steuerung der Temperatur und Feuchtigkeit und mit allen typischen Funktionen des Reifungsprozesses. Flexibilit\u00e4t in der Programmierung...<\/p><a class=\"el-content uk-button uk-button-primary\" href=\"https:\/\/pego.teknetservice.com\/de\/produkte\/schaltkaesten\/serie-plus\/plus-1000-thr\/\" uk-scroll=\"\">Erfahren Sie mehr<\/a><\/div><\/div><span class=\"uk-heading-small uk-margin-bottom pg_app_parent\">Reihe PLUS EXPERT<\/span><div class=\"uk-grid uk-margin-medium-bottom uk-margin-small-top\"><div class=\"uk-width-1-3@m uk-width-1-2@s uk-margin-bottom\"><a href=\"https:\/\/pego.teknetservice.com\/de\/produkte\/schaltkaesten\/serie-plus-expert\/plus-200-expert-thr\/\">\n                        <div class=\"pg_child_product_thumbnail\"><img loading=\"lazy\" decoding=\"async\" width=\"300\" height=\"275\" src=\"https:\/\/pego.teknetservice.com\/wp-content\/uploads\/2024\/08\/Pego-PLUS-200-EXPERT-THR-300x275.png\" class=\"attachment-medium size-medium wp-post-image\" alt=\"Reifungszellen\" srcset=\"https:\/\/pego.teknetservice.com\/wp-content\/uploads\/2024\/08\/Pego-PLUS-200-EXPERT-THR-300x275.png 300w, https:\/\/pego.teknetservice.com\/wp-content\/uploads\/2024\/08\/Pego-PLUS-200-EXPERT-THR-1024x939.png 1024w, https:\/\/pego.teknetservice.com\/wp-content\/uploads\/2024\/08\/Pego-PLUS-200-EXPERT-THR-768x704.png 768w, https:\/\/pego.teknetservice.com\/wp-content\/uploads\/2024\/08\/Pego-PLUS-200-EXPERT-THR.png 1178w\" sizes=\"(max-width: 300px) 100vw, 300px\" \/><\/div>\n                    <\/a><a href=\"https:\/\/pego.teknetservice.com\/de\/produkte\/schaltkaesten\/serie-plus-expert\/plus-200-expert-thr\/\" class=\"pg_prod_title\">PLUS 200 EXPERT THR<\/a><p class=\"pg_child_product_intro\">Einphasiger Schaltkasten zur Steuerung der Temperatur und Feuchtigkeit mit Monophasen-Verdichter bis zu 2 HP und elektrische Heizwiderst\u00e4nde.\r\n\r\n<\/p><a class=\"el-content uk-button uk-button-primary\" href=\"https:\/\/pego.teknetservice.com\/de\/produkte\/schaltkaesten\/serie-plus-expert\/plus-200-expert-thr\/\" uk-scroll=\"\">Erfahren Sie mehr<\/a><\/div><div class=\"uk-width-1-3@m uk-width-1-2@s uk-margin-bottom\"><a href=\"https:\/\/pego.teknetservice.com\/de\/produkte\/schaltkaesten\/serie-plus-expert\/plus-300-expert-u-thr\/\">\n                        <div class=\"pg_child_product_thumbnail\"><img loading=\"lazy\" decoding=\"async\" width=\"300\" height=\"287\" src=\"https:\/\/pego.teknetservice.com\/wp-content\/uploads\/2024\/08\/Pego-PLUS-300-EXPERT-U-THR-300x287.png\" class=\"attachment-medium size-medium wp-post-image\" alt=\"Reifungszellen\" srcset=\"https:\/\/pego.teknetservice.com\/wp-content\/uploads\/2024\/08\/Pego-PLUS-300-EXPERT-U-THR-300x287.png 300w, https:\/\/pego.teknetservice.com\/wp-content\/uploads\/2024\/08\/Pego-PLUS-300-EXPERT-U-THR-1024x979.png 1024w, https:\/\/pego.teknetservice.com\/wp-content\/uploads\/2024\/08\/Pego-PLUS-300-EXPERT-U-THR-768x734.png 768w, https:\/\/pego.teknetservice.com\/wp-content\/uploads\/2024\/08\/Pego-PLUS-300-EXPERT-U-THR.png 1130w\" sizes=\"(max-width: 300px) 100vw, 300px\" \/><\/div>\n                    <\/a><a href=\"https:\/\/pego.teknetservice.com\/de\/produkte\/schaltkaesten\/serie-plus-expert\/plus-300-expert-u-thr\/\" class=\"pg_prod_title\">PLUS 300 EXPERT U THR<\/a><p class=\"pg_child_product_intro\">Dreiphasiger Schaltkasten zur Steuerung der Temperatur und Feuchtigkeit f\u00fcr die einzige Verdampfereinheit mit elektrischen Heizwiderst\u00e4nden, die mit einer K\u00fchlzentrale...\r\n\r\n<\/p><a class=\"el-content uk-button uk-button-primary\" href=\"https:\/\/pego.teknetservice.com\/de\/produkte\/schaltkaesten\/serie-plus-expert\/plus-300-expert-u-thr\/\" uk-scroll=\"\">Erfahren Sie mehr<\/a><\/div><\/div><\/div><div class=\"pg_app_post_type uk-margin-large-bottom\"><span class=\"uk-h3\">Elektronik<\/span><br\/><span class=\"uk-heading-small uk-margin-bottom pg_app_parent\">Reihe PLUS100<\/span><div class=\"uk-grid uk-margin-medium-bottom uk-margin-small-top\"><div class=\"uk-width-1-3@m uk-width-1-2@s uk-margin-bottom\"><a href=\"https:\/\/pego.teknetservice.com\/de\/produkte\/modularelektronik\/serie-plus100\/plus100-thr\/\">\n                        <div class=\"pg_child_product_thumbnail\"><img loading=\"lazy\" decoding=\"async\" width=\"300\" height=\"197\" src=\"https:\/\/pego.teknetservice.com\/wp-content\/uploads\/2024\/07\/Pego-PLUS100-THR-THR100N-Master-Perspective-300x197.png\" class=\"attachment-medium size-medium wp-post-image\" alt=\"Reifungszellen\" srcset=\"https:\/\/pego.teknetservice.com\/wp-content\/uploads\/2024\/07\/Pego-PLUS100-THR-THR100N-Master-Perspective-300x197.png 300w, https:\/\/pego.teknetservice.com\/wp-content\/uploads\/2024\/07\/Pego-PLUS100-THR-THR100N-Master-Perspective-1024x672.png 1024w, https:\/\/pego.teknetservice.com\/wp-content\/uploads\/2024\/07\/Pego-PLUS100-THR-THR100N-Master-Perspective-768x504.png 768w, https:\/\/pego.teknetservice.com\/wp-content\/uploads\/2024\/07\/Pego-PLUS100-THR-THR100N-Master-Perspective-1536x1008.png 1536w, https:\/\/pego.teknetservice.com\/wp-content\/uploads\/2024\/07\/Pego-PLUS100-THR-THR100N-Master-Perspective.png 1646w\" sizes=\"(max-width: 300px) 100vw, 300px\" \/><\/div>\n                    <\/a><a href=\"https:\/\/pego.teknetservice.com\/de\/produkte\/modularelektronik\/serie-plus100\/plus100-thr\/\" class=\"pg_prod_title\">PLUS100 THR<\/a><p class=\"pg_child_product_intro\">Elektronischer Regler zur Steuerung der Temperatur und Feuchtigkeit komplett mit typischen Funktionen der Reifung.\r\nFlexibilit\u00e4t in der Programmierung...<\/p><a class=\"el-content uk-button uk-button-primary\" href=\"https:\/\/pego.teknetservice.com\/de\/produkte\/modularelektronik\/serie-plus100\/plus100-thr\/\" uk-scroll=\"\">Erfahren Sie mehr<\/a><\/div><\/div><span class=\"uk-heading-small uk-margin-bottom pg_app_parent\">Reihe VISION<\/span><div class=\"uk-grid uk-margin-medium-bottom uk-margin-small-top\"><div class=\"uk-width-1-3@m uk-width-1-2@s uk-margin-bottom\"><a href=\"https:\/\/pego.teknetservice.com\/de\/produkte\/modularelektronik\/serie-vision\/vision-thr\/\">\n                        <div class=\"pg_child_product_thumbnail\"><img loading=\"lazy\" decoding=\"async\" width=\"300\" height=\"224\" src=\"https:\/\/pego.teknetservice.com\/wp-content\/uploads\/2024\/07\/Pego-VISION-THR100N-Master-Perspective-300x224.png\" class=\"attachment-medium size-medium wp-post-image\" alt=\"Reifungszellen\" srcset=\"https:\/\/pego.teknetservice.com\/wp-content\/uploads\/2024\/07\/Pego-VISION-THR100N-Master-Perspective-300x224.png 300w, https:\/\/pego.teknetservice.com\/wp-content\/uploads\/2024\/07\/Pego-VISION-THR100N-Master-Perspective-1024x765.png 1024w, https:\/\/pego.teknetservice.com\/wp-content\/uploads\/2024\/07\/Pego-VISION-THR100N-Master-Perspective-768x574.png 768w, https:\/\/pego.teknetservice.com\/wp-content\/uploads\/2024\/07\/Pego-VISION-THR100N-Master-Perspective.png 1445w\" sizes=\"(max-width: 300px) 100vw, 300px\" \/><\/div>\n                    <\/a><a href=\"https:\/\/pego.teknetservice.com\/de\/produkte\/modularelektronik\/serie-vision\/vision-thr\/\" class=\"pg_prod_title\">VISION THR<\/a><p class=\"pg_child_product_intro\">Elektronischer Regler zur Steuerung der Temperatur und Feuchtigkeit komplett mit typischen Funktionen der Reifung.\r\nFlexibilit\u00e4t in der Programmierung...<\/p><a class=\"el-content uk-button uk-button-primary\" href=\"https:\/\/pego.teknetservice.com\/de\/produkte\/modularelektronik\/serie-vision\/vision-thr\/\" uk-scroll=\"\">Erfahren Sie mehr<\/a><\/div><\/div><span class=\"uk-heading-small uk-margin-bottom pg_app_parent\">Reihe VISION TOUCH<\/span><div class=\"uk-grid uk-margin-medium-bottom uk-margin-small-top\"><div class=\"uk-width-1-3@m uk-width-1-2@s uk-margin-bottom\"><a href=\"https:\/\/pego.teknetservice.com\/de\/produkte\/modularelektronik\/serie-vision-touch\/vision-touch-thr\/\">\n                        <div class=\"pg_child_product_thumbnail\"><img loading=\"lazy\" decoding=\"async\" width=\"300\" height=\"211\" src=\"https:\/\/pego.teknetservice.com\/wp-content\/uploads\/2024\/07\/Pego-VISION-TOUCH-THR-300x211.png\" class=\"attachment-medium size-medium wp-post-image\" alt=\"Reifungszellen\" srcset=\"https:\/\/pego.teknetservice.com\/wp-content\/uploads\/2024\/07\/Pego-VISION-TOUCH-THR-300x211.png 300w, https:\/\/pego.teknetservice.com\/wp-content\/uploads\/2024\/07\/Pego-VISION-TOUCH-THR-1024x719.png 1024w, https:\/\/pego.teknetservice.com\/wp-content\/uploads\/2024\/07\/Pego-VISION-TOUCH-THR-768x539.png 768w, https:\/\/pego.teknetservice.com\/wp-content\/uploads\/2024\/07\/Pego-VISION-TOUCH-THR-1536x1079.png 1536w, https:\/\/pego.teknetservice.com\/wp-content\/uploads\/2024\/07\/Pego-VISION-TOUCH-THR.png 1538w\" sizes=\"(max-width: 300px) 100vw, 300px\" \/><\/div>\n                    <\/a><a href=\"https:\/\/pego.teknetservice.com\/de\/produkte\/modularelektronik\/serie-vision-touch\/vision-touch-thr\/\" class=\"pg_prod_title\">VISION TOUCH THR<\/a><p class=\"pg_child_product_intro\">Elektronische kapazitive Touchscreen Steuerung zur Temperatur- und Feuchtigkeitsregelung mit allen Funktionen f\u00fcr die Reifung.<\/p><a class=\"el-content uk-button uk-button-primary\" href=\"https:\/\/pego.teknetservice.com\/de\/produkte\/modularelektronik\/serie-vision-touch\/vision-touch-thr\/\" uk-scroll=\"\">Erfahren Sie mehr<\/a><\/div><\/div><\/div><\/div><\/div>\n<p><!--more--><br \/>\n<!-- {\"type\":\"layout\",\"children\":[{\"type\":\"section\",\"props\":{\"header_transparent\":true,\"header_transparent_text_color\":\"light\",\"height\":\"viewport\",\"height_viewport\":80,\"image\":\"wp-content\\\/uploads\\\/2024\\\/08\\\/stagionatura.jpg\",\"image_position\":\"center-center\",\"image_size\":\"cover\",\"style\":\"default\",\"title_breakpoint\":\"xl\",\"title_position\":\"top-left\",\"title_rotation\":\"left\",\"vertical_align\":\"middle\",\"width\":\"default\"},\"children\":[{\"type\":\"row\",\"children\":[{\"type\":\"column\",\"props\":{\"image_position\":\"center-center\",\"position_sticky_breakpoint\":\"m\"}}]}]},{\"type\":\"section\",\"props\":{\"css\":\".el-section > .uk-container{\\n\\tmargin-top:-150px;\\n    background-color:#fff;\\n    padding-top:50px;\\n    padding-bottom:50px;\\n}\",\"image_position\":\"center-center\",\"padding\":\"none\",\"style\":\"muted\",\"title_breakpoint\":\"xl\",\"title_position\":\"top-left\",\"title_rotation\":\"left\",\"vertical_align\":\"middle\",\"width\":\"xlarge\"},\"children\":[{\"type\":\"row\",\"props\":{\"layout\":\"1-2,1-2\"},\"children\":[{\"type\":\"column\",\"props\":{\"image_position\":\"center-center\",\"position_sticky_breakpoint\":\"m\",\"width_medium\":\"1-2\"},\"children\":[{\"type\":\"headline\",\"props\":{\"content\":\"PEGO SRL\",\"margin_remove_bottom\":true,\"title_element\":\"div\",\"title_style\":\"text-lead\"}},{\"type\":\"headline\",\"props\":{\"content\":\"Reifungszellen\",\"margin_remove_top\":true,\"title_element\":\"div\",\"title_style\":\"heading-medium\"}}]},{\"type\":\"column\",\"props\":{\"image_position\":\"center-center\",\"position_sticky_breakpoint\":\"m\",\"vertical_align\":\"middle\",\"width_medium\":\"1-2\"},\"children\":[{\"type\":\"text\",\"props\":{\"column_breakpoint\":\"m\",\"content\":\"\n\n<p style=\\\"text-align: right;\\\"><strong>Schaltschr\\u00e4nke und Steuerungen f\\u00fcr das Temperatur- und Feuchtigkeitsmanagement.<\\\/strong> Diese Produkte erm\\u00f6glichen das Temperatur- und Feuchtigkeitsmanagement in Reifungs-, Konservierungs-, Keimungs- und Industrieprozessen durch die M\\u00f6glichkeit, automatische Programme zu erstellen oder dem Benutzer die manuelle Verwaltung von Temperatur und Feuchtigkeit zu \\u00fcberlassen.<\\\/p>\",\"margin\":\"default\"}}]}]}]},{\"type\":\"section\",\"props\":{\"image_position\":\"center-center\",\"style\":\"default\",\"title_breakpoint\":\"xl\",\"title_position\":\"top-left\",\"title_rotation\":\"left\",\"vertical_align\":\"middle\",\"width\":\"xlarge\"},\"children\":[{\"type\":\"row\",\"children\":[{\"type\":\"column\",\"props\":{\"image_position\":\"center-center\",\"position_sticky_breakpoint\":\"m\"},\"children\":[{\"type\":\"text\",\"props\":{\"column_breakpoint\":\"m\",\"content\":\"[pg_single_application]\",\"margin\":\"default\"}}]}]}]}],\"version\":\"1.0.0\"} --><\/p>\n","protected":false},"excerpt":{"rendered":"<p>PEGO SRL Reifungszellen Schaltschr\u00e4nke und Steuerungen f\u00fcr das Temperatur- und Feuchtigkeitsmanagement. Diese Produkte erm\u00f6glichen das Temperatur- und Feuchtigkeitsmanagement in Reifungs-, Konservierungs-, Keimungs- und Industrieprozessen durch die M\u00f6glichkeit, automatische Programme zu erstellen oder dem Benutzer die manuelle Verwaltung von Temperatur und Feuchtigkeit zu \u00fcberlassen.<\/p>\n","protected":false},"author":1,"featured_media":9701,"parent":13702,"menu_order":0,"comment_status":"closed","ping_status":"closed","template":"","meta":{"_acf_changed":false,"footnotes":""},"class_list":["post-13861","page","type-page","status-publish","has-post-thumbnail","hentry"],"acf":[],"_links":{"self":[{"href":"https:\/\/pego.teknetservice.com\/de\/wp-json\/wp\/v2\/pages\/13861","targetHints":{"allow":["GET"]}}],"collection":[{"href":"https:\/\/pego.teknetservice.com\/de\/wp-json\/wp\/v2\/pages"}],"about":[{"href":"https:\/\/pego.teknetservice.com\/de\/wp-json\/wp\/v2\/types\/page"}],"author":[{"embeddable":true,"href":"https:\/\/pego.teknetservice.com\/de\/wp-json\/wp\/v2\/users\/1"}],"replies":[{"embeddable":true,"href":"https:\/\/pego.teknetservice.com\/de\/wp-json\/wp\/v2\/comments?post=13861"}],"version-history":[{"count":2,"href":"https:\/\/pego.teknetservice.com\/de\/wp-json\/wp\/v2\/pages\/13861\/revisions"}],"predecessor-version":[{"id":16581,"href":"https:\/\/pego.teknetservice.com\/de\/wp-json\/wp\/v2\/pages\/13861\/revisions\/16581"}],"up":[{"embeddable":true,"href":"https:\/\/pego.teknetservice.com\/de\/wp-json\/wp\/v2\/pages\/13702"}],"wp:featuredmedia":[{"embeddable":true,"href":"https:\/\/pego.teknetservice.com\/de\/wp-json\/wp\/v2\/media\/9701"}],"wp:attachment":[{"href":"https:\/\/pego.teknetservice.com\/de\/wp-json\/wp\/v2\/media?parent=13861"}],"curies":[{"name":"wp","href":"https:\/\/api.w.org\/{rel}","templated":true}]}}