{"id":13876,"date":"2024-08-28T13:28:48","date_gmt":"2024-08-28T13:28:48","guid":{"rendered":"https:\/\/www.pego.it\/anwendungen\/ueberwachung-und-alarme\/"},"modified":"2024-09-27T13:41:58","modified_gmt":"2024-09-27T13:41:58","slug":"ueberwachung-und-alarme","status":"publish","type":"page","link":"https:\/\/pego.teknetservice.com\/de\/anwendungen\/ueberwachung-und-alarme\/","title":{"rendered":"\u00dcberwachung und alarme"},"content":{"rendered":"<div>PEGO SRL<\/div>\n<div>\u00dcberwachung und alarme\n<\/div>\n<div>\n<p style=\"text-align: right;\">PEGO bietet verschiedene Dienste zur \u00dcberwachung und Verwaltung von K\u00fchlraumalarmen an, wie z. B. das ECP APE 03, mit dem eine in der Zelle festsitzende Person ein Alarmsignal ausl\u00f6sen kann, und das \u00dcberwachungs- und Kontrollsystem TeleNET<\/p>\n<\/div>\n<div><div class=\"pg_app_container\"><div class=\"pg_app_post_type uk-margin-large-bottom\"><span class=\"uk-h3\">Schltk\u00e4sten<\/span><br\/><span class=\"uk-heading-small uk-margin-bottom pg_app_parent\">Reihe ECP<\/span><div class=\"uk-grid uk-margin-medium-bottom uk-margin-small-top\"><div class=\"uk-width-1-3@m uk-width-1-2@s uk-margin-bottom\"><a href=\"https:\/\/pego.teknetservice.com\/de\/produkte\/schaltkaesten\/serie-ecp\/ecp-ape-03\/\">\n                        <div class=\"pg_child_product_thumbnail\"><img loading=\"lazy\" decoding=\"async\" width=\"300\" height=\"247\" src=\"https:\/\/pego.teknetservice.com\/wp-content\/uploads\/2024\/07\/Pego-ECP-APE-03-1-300x247.png\" class=\"attachment-medium size-medium wp-post-image\" alt=\"\u00dcberwachung und alarme\" srcset=\"https:\/\/pego.teknetservice.com\/wp-content\/uploads\/2024\/07\/Pego-ECP-APE-03-1-300x247.png 300w, https:\/\/pego.teknetservice.com\/wp-content\/uploads\/2024\/07\/Pego-ECP-APE-03-1-1024x842.png 1024w, https:\/\/pego.teknetservice.com\/wp-content\/uploads\/2024\/07\/Pego-ECP-APE-03-1-768x632.png 768w, https:\/\/pego.teknetservice.com\/wp-content\/uploads\/2024\/07\/Pego-ECP-APE-03-1.png 1313w\" sizes=\"(max-width: 300px) 100vw, 300px\" \/><\/div>\n                    <\/a><a href=\"https:\/\/pego.teknetservice.com\/de\/produkte\/schaltkaesten\/serie-ecp\/ecp-ape-03\/\" class=\"pg_prod_title\">ECP APE 03<\/a><p class=\"pg_child_product_intro\">Das Personenalarmger\u00e4t bestehend aus der Steuereinheit mit Akustik-\/Optiksignal komplett mit Pufferbatterie und leuchtender Nottaste f\u00fcr das Innere der gesamten Zelle.<\/p><a class=\"el-content uk-button uk-button-primary\" href=\"https:\/\/pego.teknetservice.com\/de\/produkte\/schaltkaesten\/serie-ecp\/ecp-ape-03\/\" uk-scroll=\"\">Erfahren Sie mehr<\/a><\/div><\/div><\/div><div class=\"pg_app_post_type uk-margin-large-bottom\"><span class=\"uk-h3\">\u00dcberwachung<\/span><br\/><div class=\"uk-grid uk-margin-medium-bottom uk-margin-small-top\"><div class=\"uk-width-1-3@m uk-width-1-2@s uk-margin-bottom\"><a href=\"https:\/\/pego.teknetservice.com\/de\/produkte\/ueberwachung\/expert-gsm\/\">\n                        <div class=\"pg_child_product_thumbnail\"><img loading=\"lazy\" decoding=\"async\" width=\"284\" height=\"300\" src=\"https:\/\/pego.teknetservice.com\/wp-content\/uploads\/2024\/07\/Pego-EXPERT-GSM-284x300.png\" class=\"attachment-medium size-medium wp-post-image\" alt=\"\u00dcberwachung und alarme\" srcset=\"https:\/\/pego.teknetservice.com\/wp-content\/uploads\/2024\/07\/Pego-EXPERT-GSM-284x300.png 284w, https:\/\/pego.teknetservice.com\/wp-content\/uploads\/2024\/07\/Pego-EXPERT-GSM-968x1024.png 968w, https:\/\/pego.teknetservice.com\/wp-content\/uploads\/2024\/07\/Pego-EXPERT-GSM-768x812.png 768w, https:\/\/pego.teknetservice.com\/wp-content\/uploads\/2024\/07\/Pego-EXPERT-GSM.png 1021w\" sizes=\"(max-width: 284px) 100vw, 284px\" \/><\/div>\n                    <\/a><a href=\"https:\/\/pego.teknetservice.com\/de\/produkte\/ueberwachung\/expert-gsm\/\" class=\"pg_prod_title\">EXPERT GSM<\/a><p class=\"pg_child_product_intro\">EXPERT GSM ist das Modul, das einen telefonischen Alarmanruf sendet, um eine St\u00f6rung an der K\u00fchlzelle mitzuteilen. Das Modul ist in der Lage, alle Alarme der Zelle zu empfangen und sogar einen Mangel an Spannung zu signalisieren.<\/p><a class=\"el-content uk-button uk-button-primary\" href=\"https:\/\/pego.teknetservice.com\/de\/produkte\/ueberwachung\/expert-gsm\/\" uk-scroll=\"\">Erfahren Sie mehr<\/a><\/div><div class=\"uk-width-1-3@m uk-width-1-2@s uk-margin-bottom\"><a href=\"https:\/\/pego.teknetservice.com\/de\/produkte\/ueberwachung\/telenet-web\/\">\n                        <div class=\"pg_child_product_thumbnail\"><img loading=\"lazy\" decoding=\"async\" width=\"251\" height=\"300\" src=\"https:\/\/pego.teknetservice.com\/wp-content\/uploads\/2024\/06\/TELENET-BOX-251x300.png\" class=\"attachment-medium size-medium wp-post-image\" alt=\"\u00dcberwachung und alarme\" srcset=\"https:\/\/pego.teknetservice.com\/wp-content\/uploads\/2024\/06\/TELENET-BOX-251x300.png 251w, https:\/\/pego.teknetservice.com\/wp-content\/uploads\/2024\/06\/TELENET-BOX.png 539w\" sizes=\"(max-width: 251px) 100vw, 251px\" \/><\/div>\n                    <\/a><a href=\"https:\/\/pego.teknetservice.com\/de\/produkte\/ueberwachung\/telenet-web\/\" class=\"pg_prod_title\">TeleNET WEB<\/a><p class=\"pg_child_product_intro\">TeleNET ist eine Anwendung zur \u00dcberwachung und \u00dcberpr\u00fcfung von K\u00fchl- und Klimaanlagen, die durch elektronische Instrumente von Pego gesteuert werden.<\/p><a class=\"el-content uk-button uk-button-primary\" href=\"https:\/\/pego.teknetservice.com\/de\/produkte\/ueberwachung\/telenet-web\/\" uk-scroll=\"\">Erfahren Sie mehr<\/a><\/div><div class=\"uk-width-1-3@m uk-width-1-2@s uk-margin-bottom\"><a href=\"https:\/\/pego.teknetservice.com\/de\/produkte\/ueberwachung\/twm3-io\/\">\n                        <div class=\"pg_child_product_thumbnail\"><img loading=\"lazy\" decoding=\"async\" width=\"247\" height=\"300\" src=\"https:\/\/pego.teknetservice.com\/wp-content\/uploads\/2024\/07\/Pego-TWM3-IO-247x300.png\" class=\"attachment-medium size-medium wp-post-image\" alt=\"\u00dcberwachung und alarme\" srcset=\"https:\/\/pego.teknetservice.com\/wp-content\/uploads\/2024\/07\/Pego-TWM3-IO-247x300.png 247w, https:\/\/pego.teknetservice.com\/wp-content\/uploads\/2024\/07\/Pego-TWM3-IO-844x1024.png 844w, https:\/\/pego.teknetservice.com\/wp-content\/uploads\/2024\/07\/Pego-TWM3-IO-768x932.png 768w, https:\/\/pego.teknetservice.com\/wp-content\/uploads\/2024\/07\/Pego-TWM3-IO.png 890w\" sizes=\"(max-width: 247px) 100vw, 247px\" \/><\/div>\n                    <\/a><a href=\"https:\/\/pego.teknetservice.com\/de\/produkte\/ueberwachung\/twm3-io\/\" class=\"pg_prod_title\">TWM3 IO<\/a><p class=\"pg_child_product_intro\">Erfassungsmodul mit 3 digitalen Eing\u00e4ngen und einem Ausgang mit Relais zum Anschluss an das \u00dcberwachungsnetz TeleNET oder and das Modbus-Protokoll RTU.<\/p><a class=\"el-content uk-button uk-button-primary\" href=\"https:\/\/pego.teknetservice.com\/de\/produkte\/ueberwachung\/twm3-io\/\" uk-scroll=\"\">Erfahren Sie mehr<\/a><\/div><div class=\"uk-width-1-3@m uk-width-1-2@s uk-margin-bottom\"><a href=\"https:\/\/pego.teknetservice.com\/de\/produkte\/ueberwachung\/twm3-t-p-ur\/\">\n                        <div class=\"pg_child_product_thumbnail\"><img loading=\"lazy\" decoding=\"async\" width=\"247\" height=\"300\" src=\"https:\/\/pego.teknetservice.com\/wp-content\/uploads\/2024\/07\/Pego-TWM3-T-P-UR-247x300.png\" class=\"attachment-medium size-medium wp-post-image\" alt=\"\u00dcberwachung und alarme\" srcset=\"https:\/\/pego.teknetservice.com\/wp-content\/uploads\/2024\/07\/Pego-TWM3-T-P-UR-247x300.png 247w, https:\/\/pego.teknetservice.com\/wp-content\/uploads\/2024\/07\/Pego-TWM3-T-P-UR-844x1024.png 844w, https:\/\/pego.teknetservice.com\/wp-content\/uploads\/2024\/07\/Pego-TWM3-T-P-UR-768x932.png 768w, https:\/\/pego.teknetservice.com\/wp-content\/uploads\/2024\/07\/Pego-TWM3-T-P-UR.png 890w\" sizes=\"(max-width: 247px) 100vw, 247px\" \/><\/div>\n                    <\/a><a href=\"https:\/\/pego.teknetservice.com\/de\/produkte\/ueberwachung\/twm3-t-p-ur\/\" class=\"pg_prod_title\">TWM3 T P UR<\/a><p class=\"pg_child_product_intro\">Erfassungsmodul mit 3 analogen Kan\u00e4len zur Messung von Temperatur, Druck oder relativer Luftfeuchtigkeit, an das \u00dcberwachungsnetz TeleNET anzuschlie\u00dfen oder an das Modbus-Protokoll RTU.<\/p><a class=\"el-content uk-button uk-button-primary\" href=\"https:\/\/pego.teknetservice.com\/de\/produkte\/ueberwachung\/twm3-t-p-ur\/\" uk-scroll=\"\">Erfahren Sie mehr<\/a><\/div><\/div><\/div><div class=\"pg_app_post_type uk-margin-large-bottom\"><span class=\"uk-h3\">Zubeh\u00f6r<\/span><br\/><div class=\"uk-grid uk-margin-medium-bottom uk-margin-small-top\"><div class=\"uk-width-1-3@m uk-width-1-2@s uk-margin-bottom\"><a href=\"https:\/\/pego.teknetservice.com\/de\/produkte\/zubehoer\/expert-gsm\/\">\n                        <div class=\"pg_child_product_thumbnail\"><img loading=\"lazy\" decoding=\"async\" width=\"284\" height=\"300\" src=\"https:\/\/pego.teknetservice.com\/wp-content\/uploads\/2024\/07\/Pego-EXPERT-GSM-284x300.png\" class=\"attachment-medium size-medium wp-post-image\" alt=\"\u00dcberwachung und alarme\" srcset=\"https:\/\/pego.teknetservice.com\/wp-content\/uploads\/2024\/07\/Pego-EXPERT-GSM-284x300.png 284w, https:\/\/pego.teknetservice.com\/wp-content\/uploads\/2024\/07\/Pego-EXPERT-GSM-968x1024.png 968w, https:\/\/pego.teknetservice.com\/wp-content\/uploads\/2024\/07\/Pego-EXPERT-GSM-768x812.png 768w, https:\/\/pego.teknetservice.com\/wp-content\/uploads\/2024\/07\/Pego-EXPERT-GSM.png 1021w\" sizes=\"(max-width: 284px) 100vw, 284px\" \/><\/div>\n                    <\/a><a href=\"https:\/\/pego.teknetservice.com\/de\/produkte\/zubehoer\/expert-gsm\/\" class=\"pg_prod_title\">EXPERT GSM<\/a><p class=\"pg_child_product_intro\">EXPERT GSM ist das Modul, das einen telefonischen Alarmanruf sendet, um eine St\u00f6rung an der K\u00fchlzelle mitzuteilen. Das Modul ist in der Lage, alle Alarme der Zelle zu empfangen und sogar einen Mangel an Spannung zu signalisieren.<\/p><a class=\"el-content uk-button uk-button-primary\" href=\"https:\/\/pego.teknetservice.com\/de\/produkte\/zubehoer\/expert-gsm\/\" uk-scroll=\"\">Erfahren Sie mehr<\/a><\/div><\/div><\/div><\/div><\/div>\n<p><!--more--><br \/>\n<!-- {\"type\":\"layout\",\"children\":[{\"type\":\"section\",\"props\":{\"header_transparent\":true,\"header_transparent_text_color\":\"light\",\"height\":\"viewport\",\"height_viewport\":80,\"image\":\"wp-content\\\/uploads\\\/2024\\\/08\\\/allarmi.jpg\",\"image_position\":\"center-center\",\"image_size\":\"cover\",\"style\":\"default\",\"title_breakpoint\":\"xl\",\"title_position\":\"top-left\",\"title_rotation\":\"left\",\"vertical_align\":\"middle\",\"width\":\"default\"},\"children\":[{\"type\":\"row\",\"children\":[{\"type\":\"column\",\"props\":{\"image_position\":\"center-center\",\"position_sticky_breakpoint\":\"m\"}}]}]},{\"type\":\"section\",\"props\":{\"css\":\".el-section > .uk-container{\\n\\tmargin-top:-150px;\\n    background-color:#fff;\\n    padding-top:50px;\\n    padding-bottom:50px;\\n}\",\"image_position\":\"center-center\",\"padding\":\"none\",\"style\":\"muted\",\"title_breakpoint\":\"xl\",\"title_position\":\"top-left\",\"title_rotation\":\"left\",\"vertical_align\":\"middle\",\"width\":\"xlarge\"},\"children\":[{\"type\":\"row\",\"props\":{\"layout\":\"1-2,1-2\"},\"children\":[{\"type\":\"column\",\"props\":{\"image_position\":\"center-center\",\"position_sticky_breakpoint\":\"m\",\"width_medium\":\"1-2\"},\"children\":[{\"type\":\"headline\",\"props\":{\"content\":\"PEGO SRL\",\"margin_remove_bottom\":true,\"title_element\":\"div\",\"title_style\":\"text-lead\"}},{\"type\":\"headline\",\"props\":{\"content\":\"\\u00dcberwachung und alarme\\n\",\"margin_remove_top\":true,\"title_element\":\"div\",\"title_style\":\"heading-medium\"}}]},{\"type\":\"column\",\"props\":{\"image_position\":\"center-center\",\"position_sticky_breakpoint\":\"m\",\"vertical_align\":\"middle\",\"width_medium\":\"1-2\"},\"children\":[{\"type\":\"text\",\"props\":{\"column_breakpoint\":\"m\",\"content\":\"\n\n<p style=\\\"text-align: right;\\\">PEGO bietet verschiedene Dienste zur \\u00dcberwachung und Verwaltung von K\\u00fchlraumalarmen an, wie z. B. das ECP APE 03, mit dem eine in der Zelle festsitzende Person ein Alarmsignal ausl\\u00f6sen kann, und das \\u00dcberwachungs- und Kontrollsystem TeleNET<\\\/p>\",\"margin\":\"default\"}}]}]}]},{\"type\":\"section\",\"props\":{\"image_position\":\"center-center\",\"style\":\"default\",\"title_breakpoint\":\"xl\",\"title_position\":\"top-left\",\"title_rotation\":\"left\",\"vertical_align\":\"middle\",\"width\":\"xlarge\"},\"children\":[{\"type\":\"row\",\"children\":[{\"type\":\"column\",\"props\":{\"image_position\":\"center-center\",\"position_sticky_breakpoint\":\"m\"},\"children\":[{\"type\":\"text\",\"props\":{\"column_breakpoint\":\"m\",\"content\":\"[pg_single_application]\",\"margin\":\"default\"}}]}]}]}],\"version\":\"1.0.0\"} --><\/p>\n","protected":false},"excerpt":{"rendered":"<p>PEGO SRL \u00dcberwachung und alarme PEGO bietet verschiedene Dienste zur \u00dcberwachung und Verwaltung von K\u00fchlraumalarmen an, wie z. B. das ECP APE 03, mit dem eine in der Zelle festsitzende Person ein Alarmsignal ausl\u00f6sen kann, und das \u00dcberwachungs- und Kontrollsystem TeleNET<\/p>\n","protected":false},"author":1,"featured_media":9611,"parent":13702,"menu_order":0,"comment_status":"closed","ping_status":"closed","template":"","meta":{"_acf_changed":false,"footnotes":""},"class_list":["post-13876","page","type-page","status-publish","has-post-thumbnail","hentry"],"acf":[],"_links":{"self":[{"href":"https:\/\/pego.teknetservice.com\/de\/wp-json\/wp\/v2\/pages\/13876","targetHints":{"allow":["GET"]}}],"collection":[{"href":"https:\/\/pego.teknetservice.com\/de\/wp-json\/wp\/v2\/pages"}],"about":[{"href":"https:\/\/pego.teknetservice.com\/de\/wp-json\/wp\/v2\/types\/page"}],"author":[{"embeddable":true,"href":"https:\/\/pego.teknetservice.com\/de\/wp-json\/wp\/v2\/users\/1"}],"replies":[{"embeddable":true,"href":"https:\/\/pego.teknetservice.com\/de\/wp-json\/wp\/v2\/comments?post=13876"}],"version-history":[{"count":2,"href":"https:\/\/pego.teknetservice.com\/de\/wp-json\/wp\/v2\/pages\/13876\/revisions"}],"predecessor-version":[{"id":16580,"href":"https:\/\/pego.teknetservice.com\/de\/wp-json\/wp\/v2\/pages\/13876\/revisions\/16580"}],"up":[{"embeddable":true,"href":"https:\/\/pego.teknetservice.com\/de\/wp-json\/wp\/v2\/pages\/13702"}],"wp:featuredmedia":[{"embeddable":true,"href":"https:\/\/pego.teknetservice.com\/de\/wp-json\/wp\/v2\/media\/9611"}],"wp:attachment":[{"href":"https:\/\/pego.teknetservice.com\/de\/wp-json\/wp\/v2\/media?parent=13876"}],"curies":[{"name":"wp","href":"https:\/\/api.w.org\/{rel}","templated":true}]}}