{"id":13890,"date":"2024-08-28T12:27:54","date_gmt":"2024-08-28T12:27:54","guid":{"rendered":"https:\/\/www.pego.it\/anwendungen\/verdampfereinheit\/"},"modified":"2024-09-27T13:41:43","modified_gmt":"2024-09-27T13:41:43","slug":"verdampfereinheit","status":"publish","type":"page","link":"https:\/\/pego.teknetservice.com\/de\/anwendungen\/verdampfereinheit\/","title":{"rendered":"Verdampfereinheit"},"content":{"rendered":"<div>PEGO SRL<\/div>\n<div>Verdampfereinheit<\/div>\n<div>\n<p><strong>Linie von Leistungsschaltschr\u00e4nken f\u00fcr die Verwaltung nur der Verdampfereinheit.<\/strong> Es sind auch Modelle f\u00fcr die ausschlie\u00dfliche Verwaltung der Verdampfereinheit mit integrierter Steuerung des elektronischen Expansionsventils und f\u00fcr Anlagen mit Doppelverdampfer erh\u00e4ltlich.<\/p>\n<\/div>\n<div><div class=\"pg_app_container\"><div class=\"pg_app_post_type uk-margin-large-bottom\"><span class=\"uk-h3\">Schltk\u00e4sten<\/span><br\/><span class=\"uk-heading-small uk-margin-bottom pg_app_parent\">Reihe EXPERT<\/span><div class=\"uk-grid uk-margin-medium-bottom uk-margin-small-top\"><div class=\"uk-width-1-3@m uk-width-1-2@s uk-margin-bottom\"><a href=\"https:\/\/pego.teknetservice.com\/de\/produkte\/schaltkaesten\/serie-expert\/ecp300-expert-u-vd\/\">\n                        <div class=\"pg_child_product_thumbnail\"><img loading=\"lazy\" decoding=\"async\" width=\"300\" height=\"287\" src=\"https:\/\/pego.teknetservice.com\/wp-content\/uploads\/2024\/07\/Pego-ECP-300-EXPERT-U-VD6-300x287.png\" class=\"attachment-medium size-medium wp-post-image\" alt=\"Verdampfereinheit\" srcset=\"https:\/\/pego.teknetservice.com\/wp-content\/uploads\/2024\/07\/Pego-ECP-300-EXPERT-U-VD6-300x287.png 300w, https:\/\/pego.teknetservice.com\/wp-content\/uploads\/2024\/07\/Pego-ECP-300-EXPERT-U-VD6-1024x979.png 1024w, https:\/\/pego.teknetservice.com\/wp-content\/uploads\/2024\/07\/Pego-ECP-300-EXPERT-U-VD6-768x734.png 768w, https:\/\/pego.teknetservice.com\/wp-content\/uploads\/2024\/07\/Pego-ECP-300-EXPERT-U-VD6.png 1130w\" sizes=\"(max-width: 300px) 100vw, 300px\" \/><\/div>\n                    <\/a><a href=\"https:\/\/pego.teknetservice.com\/de\/produkte\/schaltkaesten\/serie-expert\/ecp300-expert-u-vd\/\" class=\"pg_prod_title\">ECP 300\u00a0EXPERT U VD<\/a><p class=\"pg_child_product_intro\">Reihe von Schalt- und Steuerschr\u00e4nken zur Steuerung der einzelnen Dreiphase-Verdampfereinheit mit elektrischer Abtauung bis zu 12kW wo die Verbraucher mit einer K\u00fchlzentrale oder Verdichter-\/ Verfl\u00fcssigereinheit kombiniert sind...<\/p><a class=\"el-content uk-button uk-button-primary\" href=\"https:\/\/pego.teknetservice.com\/de\/produkte\/schaltkaesten\/serie-expert\/ecp300-expert-u-vd\/\" uk-scroll=\"\">Erfahren Sie mehr<\/a><\/div><div class=\"uk-width-1-3@m uk-width-1-2@s uk-margin-bottom\"><a href=\"https:\/\/pego.teknetservice.com\/de\/produkte\/schaltkaesten\/serie-expert\/ecp-300-expert-stepper-u-vd\/\">\n                        <div class=\"pg_child_product_thumbnail\"><img loading=\"lazy\" decoding=\"async\" width=\"300\" height=\"287\" src=\"https:\/\/pego.teknetservice.com\/wp-content\/uploads\/2024\/07\/Pego-ECP-300-EXPERT-STEPPER-U-VD-300x287.png\" class=\"attachment-medium size-medium wp-post-image\" alt=\"Verdampfereinheit\" srcset=\"https:\/\/pego.teknetservice.com\/wp-content\/uploads\/2024\/07\/Pego-ECP-300-EXPERT-STEPPER-U-VD-300x287.png 300w, https:\/\/pego.teknetservice.com\/wp-content\/uploads\/2024\/07\/Pego-ECP-300-EXPERT-STEPPER-U-VD-1024x979.png 1024w, https:\/\/pego.teknetservice.com\/wp-content\/uploads\/2024\/07\/Pego-ECP-300-EXPERT-STEPPER-U-VD-768x734.png 768w, https:\/\/pego.teknetservice.com\/wp-content\/uploads\/2024\/07\/Pego-ECP-300-EXPERT-STEPPER-U-VD.png 1130w\" sizes=\"(max-width: 300px) 100vw, 300px\" \/><\/div>\n                    <\/a><a href=\"https:\/\/pego.teknetservice.com\/de\/produkte\/schaltkaesten\/serie-expert\/ecp-300-expert-stepper-u-vd\/\" class=\"pg_prod_title\">ECP300\u00a0EXPERT STEPPER U VD<\/a><p class=\"pg_child_product_intro\">Reihe von Schalt- und Steuerschr\u00e4nken zur Steuerung der einzelnen Dreiphase-Verdampfereinheit mit elektrischer Abtauung bis zu 12kW wo die Verbraucher mit einer K\u00fchlzentrale oder Verdichter-\/ Verfl\u00fcssigereinheit kombiniert sind..<\/p><a class=\"el-content uk-button uk-button-primary\" href=\"https:\/\/pego.teknetservice.com\/de\/produkte\/schaltkaesten\/serie-expert\/ecp-300-expert-stepper-u-vd\/\" uk-scroll=\"\">Erfahren Sie mehr<\/a><\/div><\/div><span class=\"uk-heading-small uk-margin-bottom pg_app_parent\">Reihe BASE<\/span><div class=\"uk-grid uk-margin-medium-bottom uk-margin-small-top\"><div class=\"uk-width-1-3@m uk-width-1-2@s uk-margin-bottom\"><a href=\"https:\/\/pego.teknetservice.com\/de\/produkte\/schaltkaesten\/serie-base\/ecp1000-2ev-u\/\">\n                        <div class=\"pg_child_product_thumbnail\"><img loading=\"lazy\" decoding=\"async\" width=\"198\" height=\"300\" src=\"https:\/\/pego.teknetservice.com\/wp-content\/uploads\/2024\/07\/Pego-ECP-1000-2EV-U-1-198x300.png\" class=\"attachment-medium size-medium wp-post-image\" alt=\"Verdampfereinheit\" srcset=\"https:\/\/pego.teknetservice.com\/wp-content\/uploads\/2024\/07\/Pego-ECP-1000-2EV-U-1-198x300.png 198w, https:\/\/pego.teknetservice.com\/wp-content\/uploads\/2024\/07\/Pego-ECP-1000-2EV-U-1-674x1024.png 674w, https:\/\/pego.teknetservice.com\/wp-content\/uploads\/2024\/07\/Pego-ECP-1000-2EV-U-1.png 711w\" sizes=\"(max-width: 198px) 100vw, 198px\" \/><\/div>\n                    <\/a><a href=\"https:\/\/pego.teknetservice.com\/de\/produkte\/schaltkaesten\/serie-base\/ecp1000-2ev-u\/\" class=\"pg_prod_title\">ECP1000 2EV U<\/a><p class=\"pg_child_product_intro\">Reihe von Schalt- und Steuerschr\u00e4nken zur Steuerung der zwei Dreiphase-Verdampfer, wo die Verbraucher mit einer K\u00fchlzentrale oder Verdichter-\/Verfl\u00fcssigereinheit kombiniert sind.\t<\/p><a class=\"el-content uk-button uk-button-primary\" href=\"https:\/\/pego.teknetservice.com\/de\/produkte\/schaltkaesten\/serie-base\/ecp1000-2ev-u\/\" uk-scroll=\"\">Erfahren Sie mehr<\/a><\/div><div class=\"uk-width-1-3@m uk-width-1-2@s uk-margin-bottom\"><a href=\"https:\/\/pego.teknetservice.com\/de\/produkte\/schaltkaesten\/serie-base\/ecp16-21-base-stepper-u-vde\/\">\n                        <div class=\"pg_child_product_thumbnail\"><img loading=\"lazy\" decoding=\"async\" width=\"222\" height=\"300\" src=\"https:\/\/pego.teknetservice.com\/wp-content\/uploads\/2024\/07\/Pego-ECP-300-BASE4-VD-2-222x300.png\" class=\"attachment-medium size-medium wp-post-image\" alt=\"Verdampfereinheit\" srcset=\"https:\/\/pego.teknetservice.com\/wp-content\/uploads\/2024\/07\/Pego-ECP-300-BASE4-VD-2-222x300.png 222w, https:\/\/pego.teknetservice.com\/wp-content\/uploads\/2024\/07\/Pego-ECP-300-BASE4-VD-2-757x1024.png 757w, https:\/\/pego.teknetservice.com\/wp-content\/uploads\/2024\/07\/Pego-ECP-300-BASE4-VD-2-768x1039.png 768w, https:\/\/pego.teknetservice.com\/wp-content\/uploads\/2024\/07\/Pego-ECP-300-BASE4-VD-2.png 798w\" sizes=\"(max-width: 222px) 100vw, 222px\" \/><\/div>\n                    <\/a><a href=\"https:\/\/pego.teknetservice.com\/de\/produkte\/schaltkaesten\/serie-base\/ecp16-21-base-stepper-u-vde\/\" class=\"pg_prod_title\">ECP16\/21\u00a0BASE STEPPER U VDE<\/a><p class=\"pg_child_product_intro\">Power Panel Line mit elektronischer Expansionsventilsteuerung (Schrittmotor) zur Steuerung der Dreiphase-Verdampfereinheit mit elektrischer Abtauung bis zu 21 kW, wo die Verbraucher mit einer K\u00fchlzentrale oder Verdichter- \/ Verfl\u00fcssigereinheit geh\u00f6ren sind...<\/p><a class=\"el-content uk-button uk-button-primary\" href=\"https:\/\/pego.teknetservice.com\/de\/produkte\/schaltkaesten\/serie-base\/ecp16-21-base-stepper-u-vde\/\" uk-scroll=\"\">Erfahren Sie mehr<\/a><\/div><div class=\"uk-width-1-3@m uk-width-1-2@s uk-margin-bottom\"><a href=\"https:\/\/pego.teknetservice.com\/de\/produkte\/schaltkaesten\/serie-base\/ecp25-36-base4-u-vde\/\">\n                        <div class=\"pg_child_product_thumbnail\"><img loading=\"lazy\" decoding=\"async\" width=\"193\" height=\"300\" src=\"https:\/\/pego.teknetservice.com\/wp-content\/uploads\/2024\/07\/Pego-ECP-2500-BASE4-VDE-193x300.png\" class=\"attachment-medium size-medium wp-post-image\" alt=\"Verdampfereinheit\" srcset=\"https:\/\/pego.teknetservice.com\/wp-content\/uploads\/2024\/07\/Pego-ECP-2500-BASE4-VDE-193x300.png 193w, https:\/\/pego.teknetservice.com\/wp-content\/uploads\/2024\/07\/Pego-ECP-2500-BASE4-VDE-658x1024.png 658w, https:\/\/pego.teknetservice.com\/wp-content\/uploads\/2024\/07\/Pego-ECP-2500-BASE4-VDE.png 694w\" sizes=\"(max-width: 193px) 100vw, 193px\" \/><\/div>\n                    <\/a><a href=\"https:\/\/pego.teknetservice.com\/de\/produkte\/schaltkaesten\/serie-base\/ecp25-36-base4-u-vde\/\" class=\"pg_prod_title\">ECP25\/36\u00a0BASE4 U VDE<\/a><p class=\"pg_child_product_intro\">Reihe von Schalt- und Steuerschr\u00e4nken zur Steuerung der einzelnen Dreiphase-Verdampfereinheit mit elektrischer Abtauung bis zu 42 Kw wo die Verbraucher mit einer K\u00fchlzentrale oder Verdichter-\/ Verfl\u00fcssigereinheit kombiniert sind...<\/p><a class=\"el-content uk-button uk-button-primary\" href=\"https:\/\/pego.teknetservice.com\/de\/produkte\/schaltkaesten\/serie-base\/ecp25-36-base4-u-vde\/\" uk-scroll=\"\">Erfahren Sie mehr<\/a><\/div><div class=\"uk-width-1-3@m uk-width-1-2@s uk-margin-bottom\"><a href=\"https:\/\/pego.teknetservice.com\/de\/produkte\/schaltkaesten\/serie-base\/ecp30-42-base-stepper-u-vde\/\">\n                        <div class=\"pg_child_product_thumbnail\"><img loading=\"lazy\" decoding=\"async\" width=\"193\" height=\"300\" src=\"https:\/\/pego.teknetservice.com\/wp-content\/uploads\/2024\/07\/Pego-ECP-2500-BASE4-VDE-193x300.png\" class=\"attachment-medium size-medium wp-post-image\" alt=\"Verdampfereinheit\" srcset=\"https:\/\/pego.teknetservice.com\/wp-content\/uploads\/2024\/07\/Pego-ECP-2500-BASE4-VDE-193x300.png 193w, https:\/\/pego.teknetservice.com\/wp-content\/uploads\/2024\/07\/Pego-ECP-2500-BASE4-VDE-658x1024.png 658w, https:\/\/pego.teknetservice.com\/wp-content\/uploads\/2024\/07\/Pego-ECP-2500-BASE4-VDE.png 694w\" sizes=\"(max-width: 193px) 100vw, 193px\" \/><\/div>\n                    <\/a><a href=\"https:\/\/pego.teknetservice.com\/de\/produkte\/schaltkaesten\/serie-base\/ecp30-42-base-stepper-u-vde\/\" class=\"pg_prod_title\">ECP30\/42\u00a0BASE STEPPER U VDE<\/a><p class=\"pg_child_product_intro\">Power Panel Line mit elektronischer Expansionsventilsteuerung (Schrittmotor) zur Steuerung der Dreiphase-Verdampfereinheit mit elektrischer Abtauung bis zu 42 kW, wo die Verbraucher mit einer K\u00fchlzentrale oder Verdichter- \/ Verfl\u00fcssigereinheit geh\u00f6ren sind...<\/p><a class=\"el-content uk-button uk-button-primary\" href=\"https:\/\/pego.teknetservice.com\/de\/produkte\/schaltkaesten\/serie-base\/ecp30-42-base-stepper-u-vde\/\" uk-scroll=\"\">Erfahren Sie mehr<\/a><\/div><div class=\"uk-width-1-3@m uk-width-1-2@s uk-margin-bottom\"><a href=\"https:\/\/pego.teknetservice.com\/de\/produkte\/schaltkaesten\/serie-base\/ecp300-base4-u-vd\/\">\n                        <div class=\"pg_child_product_thumbnail\"><img loading=\"lazy\" decoding=\"async\" width=\"254\" height=\"300\" src=\"https:\/\/pego.teknetservice.com\/wp-content\/uploads\/2024\/07\/Pego-ECP-300-BASE4-VD-Perspective-2-254x300.png\" class=\"attachment-medium size-medium wp-post-image\" alt=\"Verdampfereinheit\" srcset=\"https:\/\/pego.teknetservice.com\/wp-content\/uploads\/2024\/07\/Pego-ECP-300-BASE4-VD-Perspective-2-254x300.png 254w, https:\/\/pego.teknetservice.com\/wp-content\/uploads\/2024\/07\/Pego-ECP-300-BASE4-VD-Perspective-2-867x1024.png 867w, https:\/\/pego.teknetservice.com\/wp-content\/uploads\/2024\/07\/Pego-ECP-300-BASE4-VD-Perspective-2-768x907.png 768w, https:\/\/pego.teknetservice.com\/wp-content\/uploads\/2024\/07\/Pego-ECP-300-BASE4-VD-Perspective-2.png 914w\" sizes=\"(max-width: 254px) 100vw, 254px\" \/><\/div>\n                    <\/a><a href=\"https:\/\/pego.teknetservice.com\/de\/produkte\/schaltkaesten\/serie-base\/ecp300-base4-u-vd\/\" class=\"pg_prod_title\">ECP300\u00a0BASE4 U VD<\/a><p class=\"pg_child_product_intro\">Reihe von Schalt- und Steuerschr\u00e4nken zur Steuerung der einzelnen Dreiphase-Verdampfereinheit mit elektrischer Abtauung bis zu 4 Kw wo die Verbraucher mit einer K\u00fchlzentrale oder Verdichter-\/ Verfl\u00fcssigereinheit kombiniert sind...<\/p><a class=\"el-content uk-button uk-button-primary\" href=\"https:\/\/pego.teknetservice.com\/de\/produkte\/schaltkaesten\/serie-base\/ecp300-base4-u-vd\/\" uk-scroll=\"\">Erfahren Sie mehr<\/a><\/div><div class=\"uk-width-1-3@m uk-width-1-2@s uk-margin-bottom\"><a href=\"https:\/\/pego.teknetservice.com\/de\/produkte\/schaltkaesten\/serie-base\/ecp400-750-1000-base4-u-vd\/\">\n                        <div class=\"pg_child_product_thumbnail\"><img loading=\"lazy\" decoding=\"async\" width=\"254\" height=\"300\" src=\"https:\/\/pego.teknetservice.com\/wp-content\/uploads\/2024\/07\/Pego-ECP-300-BASE4-VD-Perspective-2-254x300.png\" class=\"attachment-medium size-medium wp-post-image\" alt=\"Verdampfereinheit\" srcset=\"https:\/\/pego.teknetservice.com\/wp-content\/uploads\/2024\/07\/Pego-ECP-300-BASE4-VD-Perspective-2-254x300.png 254w, https:\/\/pego.teknetservice.com\/wp-content\/uploads\/2024\/07\/Pego-ECP-300-BASE4-VD-Perspective-2-867x1024.png 867w, https:\/\/pego.teknetservice.com\/wp-content\/uploads\/2024\/07\/Pego-ECP-300-BASE4-VD-Perspective-2-768x907.png 768w, https:\/\/pego.teknetservice.com\/wp-content\/uploads\/2024\/07\/Pego-ECP-300-BASE4-VD-Perspective-2.png 914w\" sizes=\"(max-width: 254px) 100vw, 254px\" \/><\/div>\n                    <\/a><a href=\"https:\/\/pego.teknetservice.com\/de\/produkte\/schaltkaesten\/serie-base\/ecp400-750-1000-base4-u-vd\/\" class=\"pg_prod_title\">ECP400\/750\/1000\u00a0BASE4 U VD<\/a><p class=\"pg_child_product_intro\">Reihe von Schalt- und Steuerschr\u00e4nken zur Steuerung der einzelnen Dreiphase-Verdampfereinheit mit elektrischer Abtauung bis zu 12 Kw wo die Verbraucher mit einer K\u00fchlzentrale oder Verdichter-\/ Verfl\u00fcssigereinheit kombiniert sind...<\/p><a class=\"el-content uk-button uk-button-primary\" href=\"https:\/\/pego.teknetservice.com\/de\/produkte\/schaltkaesten\/serie-base\/ecp400-750-1000-base4-u-vd\/\" uk-scroll=\"\">Erfahren Sie mehr<\/a><\/div><div class=\"uk-width-1-3@m uk-width-1-2@s uk-margin-bottom\"><a href=\"https:\/\/pego.teknetservice.com\/de\/produkte\/schaltkaesten\/serie-base\/ecp7-5-15-19-5-base4-u-vde\/\">\n                        <div class=\"pg_child_product_thumbnail\"><img loading=\"lazy\" decoding=\"async\" width=\"222\" height=\"300\" src=\"https:\/\/pego.teknetservice.com\/wp-content\/uploads\/2024\/07\/Pego-ECP-300-BASE4-VD-2-222x300.png\" class=\"attachment-medium size-medium wp-post-image\" alt=\"Verdampfereinheit\" srcset=\"https:\/\/pego.teknetservice.com\/wp-content\/uploads\/2024\/07\/Pego-ECP-300-BASE4-VD-2-222x300.png 222w, https:\/\/pego.teknetservice.com\/wp-content\/uploads\/2024\/07\/Pego-ECP-300-BASE4-VD-2-757x1024.png 757w, https:\/\/pego.teknetservice.com\/wp-content\/uploads\/2024\/07\/Pego-ECP-300-BASE4-VD-2-768x1039.png 768w, https:\/\/pego.teknetservice.com\/wp-content\/uploads\/2024\/07\/Pego-ECP-300-BASE4-VD-2.png 798w\" sizes=\"(max-width: 222px) 100vw, 222px\" \/><\/div>\n                    <\/a><a href=\"https:\/\/pego.teknetservice.com\/de\/produkte\/schaltkaesten\/serie-base\/ecp7-5-15-19-5-base4-u-vde\/\" class=\"pg_prod_title\">ECP7.5\/15\/19.5\u00a0BASE4 U VDE<\/a><p class=\"pg_child_product_intro\">Reihe von Schalt- und Steuerschr\u00e4nken zur Steuerung der einzelnen Dreiphase-Verdampfereinheit mit elektrischer Abtauung bis zu 21 Kw wo die Verbraucher mit einer K\u00fchlzentrale oder Verdichter-\/ Verfl\u00fcssigereinheit kombiniert sind...<\/p><a class=\"el-content uk-button uk-button-primary\" href=\"https:\/\/pego.teknetservice.com\/de\/produkte\/schaltkaesten\/serie-base\/ecp7-5-15-19-5-base4-u-vde\/\" uk-scroll=\"\">Erfahren Sie mehr<\/a><\/div><\/div><span class=\"uk-heading-small uk-margin-bottom pg_app_parent\">Reihe NANO<\/span><div class=\"uk-grid uk-margin-medium-bottom uk-margin-small-top\"><div class=\"uk-width-1-3@m uk-width-1-2@s uk-margin-bottom\"><a href=\"https:\/\/pego.teknetservice.com\/de\/produkte\/schaltkaesten\/serie-nano\/nano-15-19-5-u-vd\/\">\n                        <div class=\"pg_child_product_thumbnail\"><img loading=\"lazy\" decoding=\"async\" width=\"198\" height=\"300\" src=\"https:\/\/pego.teknetservice.com\/wp-content\/uploads\/2024\/07\/Pego-NANO-15-U-VD-1-198x300.png\" class=\"attachment-medium size-medium wp-post-image\" alt=\"Verdampfereinheit\" srcset=\"https:\/\/pego.teknetservice.com\/wp-content\/uploads\/2024\/07\/Pego-NANO-15-U-VD-1-198x300.png 198w, https:\/\/pego.teknetservice.com\/wp-content\/uploads\/2024\/07\/Pego-NANO-15-U-VD-1-674x1024.png 674w, https:\/\/pego.teknetservice.com\/wp-content\/uploads\/2024\/07\/Pego-NANO-15-U-VD-1.png 711w\" sizes=\"(max-width: 198px) 100vw, 198px\" \/><\/div>\n                    <\/a><a href=\"https:\/\/pego.teknetservice.com\/de\/produkte\/schaltkaesten\/serie-nano\/nano-15-19-5-u-vd\/\" class=\"pg_prod_title\">NANO 15\/19.5\u00a0U VD<\/a><p class=\"pg_child_product_intro\">Reihe von Schalt- und Steuerschr\u00e4nken mit PEGO Temperaturregler zur Steuerung der einzelnen Dreiphase-Verdampfereinheit, wo die Verbraucher mit einer K\u00fchlzentrale oder Verdichter-\/ Verfl\u00fcssigereinheit kombiniert sind.<\/p><a class=\"el-content uk-button uk-button-primary\" href=\"https:\/\/pego.teknetservice.com\/de\/produkte\/schaltkaesten\/serie-nano\/nano-15-19-5-u-vd\/\" uk-scroll=\"\">Erfahren Sie mehr<\/a><\/div><div class=\"uk-width-1-3@m uk-width-1-2@s uk-margin-bottom\"><a href=\"https:\/\/pego.teknetservice.com\/de\/produkte\/schaltkaesten\/serie-nano\/nano-7-5-u-vd\/\">\n                        <div class=\"pg_child_product_thumbnail\"><img loading=\"lazy\" decoding=\"async\" width=\"222\" height=\"300\" src=\"https:\/\/pego.teknetservice.com\/wp-content\/uploads\/2024\/07\/Pego-NANO-7.5-U-VD-1-222x300.png\" class=\"attachment-medium size-medium wp-post-image\" alt=\"Verdampfereinheit\" srcset=\"https:\/\/pego.teknetservice.com\/wp-content\/uploads\/2024\/07\/Pego-NANO-7.5-U-VD-1-222x300.png 222w, https:\/\/pego.teknetservice.com\/wp-content\/uploads\/2024\/07\/Pego-NANO-7.5-U-VD-1-757x1024.png 757w, https:\/\/pego.teknetservice.com\/wp-content\/uploads\/2024\/07\/Pego-NANO-7.5-U-VD-1-768x1039.png 768w, https:\/\/pego.teknetservice.com\/wp-content\/uploads\/2024\/07\/Pego-NANO-7.5-U-VD-1.png 798w\" sizes=\"(max-width: 222px) 100vw, 222px\" \/><\/div>\n                    <\/a><a href=\"https:\/\/pego.teknetservice.com\/de\/produkte\/schaltkaesten\/serie-nano\/nano-7-5-u-vd\/\" class=\"pg_prod_title\">NANO 7.5 U VD<\/a><p class=\"pg_child_product_intro\">Reihe von Schalt- und Steuerschr\u00e4nken mit PEGO Temperaturregler zur Steuerung der einzelnen Dreiphase-Verdampfereinheit, wo die Verbraucher mit einer K\u00fchlzentrale oder Verdichter-\/ Verfl\u00fcssigereinheit kombiniert sind.<\/p><a class=\"el-content uk-button uk-button-primary\" href=\"https:\/\/pego.teknetservice.com\/de\/produkte\/schaltkaesten\/serie-nano\/nano-7-5-u-vd\/\" uk-scroll=\"\">Erfahren Sie mehr<\/a><\/div><\/div><\/div><\/div><\/div>\n<p><!--more--><br \/>\n<!-- {\"type\":\"layout\",\"children\":[{\"type\":\"section\",\"props\":{\"header_transparent\":true,\"header_transparent_text_color\":\"light\",\"height\":\"viewport\",\"height_viewport\":80,\"image\":\"wp-content\\\/uploads\\\/2024\\\/08\\\/unita-evaporanti-scaled.jpg\",\"image_position\":\"center-center\",\"image_size\":\"cover\",\"style\":\"default\",\"title_breakpoint\":\"xl\",\"title_position\":\"top-left\",\"title_rotation\":\"left\",\"vertical_align\":\"middle\",\"width\":\"default\"},\"children\":[{\"type\":\"row\",\"children\":[{\"type\":\"column\",\"props\":{\"image_position\":\"center-center\",\"position_sticky_breakpoint\":\"m\"}}]}]},{\"type\":\"section\",\"props\":{\"css\":\".el-section > .uk-container{\\n\\tmargin-top:-150px;\\n    background-color:#fff;\\n    padding-top:50px;\\n    padding-bottom:50px;\\n}\",\"image_position\":\"center-center\",\"padding\":\"none\",\"style\":\"muted\",\"title_breakpoint\":\"xl\",\"title_position\":\"top-left\",\"title_rotation\":\"left\",\"vertical_align\":\"middle\",\"width\":\"xlarge\"},\"children\":[{\"type\":\"row\",\"props\":{\"layout\":\"1-2,1-2\"},\"children\":[{\"type\":\"column\",\"props\":{\"image_position\":\"center-center\",\"position_sticky_breakpoint\":\"m\",\"width_medium\":\"1-2\"},\"children\":[{\"type\":\"headline\",\"props\":{\"content\":\"PEGO SRL\",\"margin_remove_bottom\":true,\"title_element\":\"div\",\"title_style\":\"text-lead\"}},{\"type\":\"headline\",\"props\":{\"content\":\"Verdampfereinheit\",\"margin_remove_top\":true,\"title_element\":\"div\",\"title_style\":\"heading-medium\"}}]},{\"type\":\"column\",\"props\":{\"image_position\":\"center-center\",\"position_sticky_breakpoint\":\"m\",\"vertical_align\":\"middle\",\"width_medium\":\"1-2\"},\"children\":[{\"type\":\"text\",\"props\":{\"column_breakpoint\":\"m\",\"content\":\"\n\n<p><strong>Linie von Leistungsschaltschr\\u00e4nken f\\u00fcr die Verwaltung nur der Verdampfereinheit.<\\\/strong> Es sind auch Modelle f\\u00fcr die ausschlie\\u00dfliche Verwaltung der Verdampfereinheit mit integrierter Steuerung des elektronischen Expansionsventils und f\\u00fcr Anlagen mit Doppelverdampfer erh\\u00e4ltlich.<\\\/p>\",\"margin\":\"default\"}}]}]}]},{\"type\":\"section\",\"props\":{\"image_position\":\"center-center\",\"style\":\"default\",\"title_breakpoint\":\"xl\",\"title_position\":\"top-left\",\"title_rotation\":\"left\",\"vertical_align\":\"middle\",\"width\":\"xlarge\"},\"children\":[{\"type\":\"row\",\"children\":[{\"type\":\"column\",\"props\":{\"image_position\":\"center-center\",\"position_sticky_breakpoint\":\"m\"},\"children\":[{\"type\":\"text\",\"props\":{\"column_breakpoint\":\"m\",\"content\":\"[pg_single_application]\",\"margin\":\"default\"}}]}]}]}],\"version\":\"1.0.0\"} --><\/p>\n","protected":false},"excerpt":{"rendered":"<p>PEGO SRL Verdampfereinheit Linie von Leistungsschaltschr\u00e4nken f\u00fcr die Verwaltung nur der Verdampfereinheit. Es sind auch Modelle f\u00fcr die ausschlie\u00dfliche Verwaltung der Verdampfereinheit mit integrierter Steuerung des elektronischen Expansionsventils und f\u00fcr Anlagen mit Doppelverdampfer erh\u00e4ltlich.<\/p>\n","protected":false},"author":1,"featured_media":9551,"parent":13702,"menu_order":0,"comment_status":"closed","ping_status":"closed","template":"","meta":{"_acf_changed":false,"footnotes":""},"class_list":["post-13890","page","type-page","status-publish","has-post-thumbnail","hentry"],"acf":[],"_links":{"self":[{"href":"https:\/\/pego.teknetservice.com\/de\/wp-json\/wp\/v2\/pages\/13890","targetHints":{"allow":["GET"]}}],"collection":[{"href":"https:\/\/pego.teknetservice.com\/de\/wp-json\/wp\/v2\/pages"}],"about":[{"href":"https:\/\/pego.teknetservice.com\/de\/wp-json\/wp\/v2\/types\/page"}],"author":[{"embeddable":true,"href":"https:\/\/pego.teknetservice.com\/de\/wp-json\/wp\/v2\/users\/1"}],"replies":[{"embeddable":true,"href":"https:\/\/pego.teknetservice.com\/de\/wp-json\/wp\/v2\/comments?post=13890"}],"version-history":[{"count":2,"href":"https:\/\/pego.teknetservice.com\/de\/wp-json\/wp\/v2\/pages\/13890\/revisions"}],"predecessor-version":[{"id":16579,"href":"https:\/\/pego.teknetservice.com\/de\/wp-json\/wp\/v2\/pages\/13890\/revisions\/16579"}],"up":[{"embeddable":true,"href":"https:\/\/pego.teknetservice.com\/de\/wp-json\/wp\/v2\/pages\/13702"}],"wp:featuredmedia":[{"embeddable":true,"href":"https:\/\/pego.teknetservice.com\/de\/wp-json\/wp\/v2\/media\/9551"}],"wp:attachment":[{"href":"https:\/\/pego.teknetservice.com\/de\/wp-json\/wp\/v2\/media?parent=13890"}],"curies":[{"name":"wp","href":"https:\/\/api.w.org\/{rel}","templated":true}]}}