{"id":13907,"date":"2024-08-28T12:23:55","date_gmt":"2024-08-28T12:23:55","guid":{"rendered":"https:\/\/www.pego.it\/anwendungen\/verfluessigereinheit\/"},"modified":"2024-09-27T13:40:06","modified_gmt":"2024-09-27T13:40:06","slug":"verfluessigereinheit","status":"publish","type":"page","link":"https:\/\/pego.teknetservice.com\/de\/anwendungen\/verfluessigereinheit\/","title":{"rendered":"Verfl\u00fcssigereinheit"},"content":{"rendered":"<div>PEGO SRL<\/div>\n<div>Verfl\u00fcssigereinheit<\/div>\n<div>\n<p style=\"text-align: right;\">Einfache und kompakte L\u00f6sungen f\u00fcr die Verwaltung des Verfl\u00fcssigungssatzes mit direkter Steuerung des Verdichters, der L\u00fcfter des Verfl\u00fcssigers und aller vorgesehenen elektrischen Schutzvorrichtungen. Der Kompressorruf kann von Druckschalter, Thermostat oder Reinkontakt kommen<\/p>\n<\/div>\n<div><div class=\"pg_app_container\"><\/div><\/div>\n<p><!--more--><br \/>\n<!-- {\"type\":\"layout\",\"children\":[{\"type\":\"section\",\"props\":{\"header_transparent\":true,\"header_transparent_text_color\":\"light\",\"height\":\"viewport\",\"height_viewport\":80,\"image\":\"wp-content\\\/uploads\\\/2024\\\/08\\\/motocondensanti.jpg\",\"image_position\":\"center-center\",\"image_size\":\"cover\",\"style\":\"default\",\"title_breakpoint\":\"xl\",\"title_position\":\"top-left\",\"title_rotation\":\"left\",\"vertical_align\":\"middle\",\"width\":\"default\"},\"children\":[{\"type\":\"row\",\"children\":[{\"type\":\"column\",\"props\":{\"image_position\":\"center-center\",\"position_sticky_breakpoint\":\"m\"}}]}]},{\"type\":\"section\",\"props\":{\"css\":\".el-section > .uk-container{\\n\\tmargin-top:-150px;\\n    background-color:#fff;\\n    padding-top:50px;\\n    padding-bottom:50px;\\n}\",\"image_position\":\"center-center\",\"padding\":\"none\",\"style\":\"muted\",\"title_breakpoint\":\"xl\",\"title_position\":\"top-left\",\"title_rotation\":\"left\",\"vertical_align\":\"middle\",\"width\":\"xlarge\"},\"children\":[{\"type\":\"row\",\"props\":{\"layout\":\"1-2,1-2\"},\"children\":[{\"type\":\"column\",\"props\":{\"image_position\":\"center-center\",\"position_sticky_breakpoint\":\"m\",\"width_medium\":\"1-2\"},\"children\":[{\"type\":\"headline\",\"props\":{\"content\":\"PEGO SRL\",\"margin_remove_bottom\":true,\"title_element\":\"div\",\"title_style\":\"text-lead\"}},{\"type\":\"headline\",\"props\":{\"content\":\"Verfl\\u00fcssigereinheit\",\"margin_remove_top\":true,\"title_element\":\"div\",\"title_style\":\"heading-small\"}}]},{\"type\":\"column\",\"props\":{\"image_position\":\"center-center\",\"position_sticky_breakpoint\":\"m\",\"vertical_align\":\"middle\",\"width_medium\":\"1-2\"},\"children\":[{\"type\":\"text\",\"props\":{\"column_breakpoint\":\"m\",\"content\":\"\n\n<p style=\\\"text-align: right;\\\">Einfache und kompakte L\\u00f6sungen f\\u00fcr die Verwaltung des Verfl\\u00fcssigungssatzes mit direkter Steuerung des Verdichters, der L\\u00fcfter des Verfl\\u00fcssigers und aller vorgesehenen elektrischen Schutzvorrichtungen. Der Kompressorruf kann von Druckschalter, Thermostat oder Reinkontakt kommen<\\\/p>\",\"margin\":\"default\"}}]}]}]},{\"type\":\"section\",\"props\":{\"image_position\":\"center-center\",\"style\":\"default\",\"title_breakpoint\":\"xl\",\"title_position\":\"top-left\",\"title_rotation\":\"left\",\"vertical_align\":\"middle\",\"width\":\"xlarge\"},\"children\":[{\"type\":\"row\",\"children\":[{\"type\":\"column\",\"props\":{\"image_position\":\"center-center\",\"position_sticky_breakpoint\":\"m\"},\"children\":[{\"type\":\"text\",\"props\":{\"column_breakpoint\":\"m\",\"content\":\"[pg_single_application]\",\"margin\":\"default\"}}]}]}]}],\"version\":\"1.0.0\"} --><\/p>\n","protected":false},"excerpt":{"rendered":"<p>PEGO SRL Verfl\u00fcssigereinheit Einfache und kompakte L\u00f6sungen f\u00fcr die Verwaltung des Verfl\u00fcssigungssatzes mit direkter Steuerung des Verdichters, der L\u00fcfter des Verfl\u00fcssigers und aller vorgesehenen elektrischen Schutzvorrichtungen. Der Kompressorruf kann von Druckschalter, Thermostat oder Reinkontakt kommen<\/p>\n","protected":false},"author":1,"featured_media":9531,"parent":13702,"menu_order":0,"comment_status":"closed","ping_status":"closed","template":"","meta":{"_acf_changed":false,"footnotes":""},"class_list":["post-13907","page","type-page","status-publish","has-post-thumbnail","hentry"],"acf":[],"_links":{"self":[{"href":"https:\/\/pego.teknetservice.com\/de\/wp-json\/wp\/v2\/pages\/13907","targetHints":{"allow":["GET"]}}],"collection":[{"href":"https:\/\/pego.teknetservice.com\/de\/wp-json\/wp\/v2\/pages"}],"about":[{"href":"https:\/\/pego.teknetservice.com\/de\/wp-json\/wp\/v2\/types\/page"}],"author":[{"embeddable":true,"href":"https:\/\/pego.teknetservice.com\/de\/wp-json\/wp\/v2\/users\/1"}],"replies":[{"embeddable":true,"href":"https:\/\/pego.teknetservice.com\/de\/wp-json\/wp\/v2\/comments?post=13907"}],"version-history":[{"count":2,"href":"https:\/\/pego.teknetservice.com\/de\/wp-json\/wp\/v2\/pages\/13907\/revisions"}],"predecessor-version":[{"id":16575,"href":"https:\/\/pego.teknetservice.com\/de\/wp-json\/wp\/v2\/pages\/13907\/revisions\/16575"}],"up":[{"embeddable":true,"href":"https:\/\/pego.teknetservice.com\/de\/wp-json\/wp\/v2\/pages\/13702"}],"wp:featuredmedia":[{"embeddable":true,"href":"https:\/\/pego.teknetservice.com\/de\/wp-json\/wp\/v2\/media\/9531"}],"wp:attachment":[{"href":"https:\/\/pego.teknetservice.com\/de\/wp-json\/wp\/v2\/media?parent=13907"}],"curies":[{"name":"wp","href":"https:\/\/api.w.org\/{rel}","templated":true}]}}