{"id":13931,"date":"2024-08-21T06:22:13","date_gmt":"2024-08-21T06:22:13","guid":{"rendered":"https:\/\/www.pego.it\/kontakt\/"},"modified":"2025-01-13T10:46:58","modified_gmt":"2025-01-13T10:46:58","slug":"kontakt","status":"publish","type":"page","link":"https:\/\/pego.teknetservice.com\/de\/kontakt\/","title":{"rendered":"Kontakt"},"content":{"rendered":"<div>PEGO SRL<\/div>\n<div>Kontakt<\/div>\n<div>PEGO Srl<\/div>\n<ul>\n<li>\n<h3>Adresse:<\/h3>\n<div><span>Via Piacentina, 6\/b | 45030, Occhiobello (RO), Italia<\/span><\/div>\n<\/li>\n<li>\n<h3>Vertriebsleitung, Italien:<\/h3>\n<div><span><a href=\"mailto:commerciale@pego.it\">commerciale@pego.it<\/a><\/span><\/div>\n<\/li>\n<li>\n<h3>Vertriebsleitung f\u00fcr das Ausland:<\/h3>\n<div><span><a href=\"mailto:export@pego.it\">export@pego.it<\/a><\/span><\/div>\n<\/li>\n<li>\n<h3>Bereich Technik und Entwurf:<\/h3>\n<div><span><a href=\"mailto:tecnico@pego.it\">tecnico@pego.it<\/a><\/span><\/div>\n<\/li>\n<li>\n<h3>Verwaltung:<\/h3>\n<div><span><a href=\"mailto:amministrazione@pego.it\">amministrazione@pego.it<\/a><\/span><\/div>\n<\/li>\n<li>\n<h3>Einkaufsaufabteilung:<\/h3>\n<div><span><a href=\"mailto:acquisti@pego.it\">acquisti@pego.it<\/a><\/span><\/div>\n<\/li>\n<li>\n<h3>Telefon:<\/h3>\n<div><span>(+39) 0425 762906<\/span><\/div>\n<\/li>\n<li>\n<h3>Whatsapp:<\/h3>\n<div><span>(+39) 335 7461774 (solo messaggi testo\/foto)<\/span><\/div>\n<\/li>\n<\/ul>\n<div>Castel Refrigeration (Shanghai) Co., Ltd (APAC area)<\/div>\n<ul>\n<li>\n<h3>Adresse:<\/h3>\n<div><span>E-811 Wanda Plaza Shijingshan 100043 Beijing PRC<\/span><\/div>\n<\/li>\n<li>\n<h3>Mail:<\/h3>\n<div><span><a href=\"mailto:apac@pego.it\">apac@pego.it<\/a><\/span><\/div>\n<\/li>\n<li>\n<h3>Telefon:<\/h3>\n<div><span>(+86) 10-88696628<\/span><\/div>\n<\/li>\n<\/ul>\n<p><img decoding=\"async\" src=\"\/wp-content\/uploads\/2024\/08\/contatti.png\" alt=\"AKundendienst nach dem Verkauf und Help-desk.\"><\/p>\n<div>Kundendienst<\/div>\n<h1>AKundendienst nach dem Verkauf und Help-desk.<\/h1>\n<div><b>PEGO s.r.l. bietet seinen Kunden f\u00fcr den gesamten Lebenszyklus seiner Produkte einen hochwertigen Kundendienst.<\/b><br \/>\nUnsere einschl\u00e4gig geschulten, hoch qualifizierten Techniker der Service-Hotline helfen den Kunden bei der L\u00f6sung ihrer Probleme.<br \/>\nF\u00fcr Schaltk\u00e4sten mit PEGO Steuerelektronik und Telenet \u00dcberwachungssystem k\u00f6nnen wir auch einen ferngesteuerten Kundendienst bieten.<\/div>\n<ul>\n<li>\n<h3>Mail:<\/h3>\n<div>\n<p><span><a href=\"mailto:tecnico@pego.it\">tecnico@pego.it<\/a><\/span><\/p>\n<\/div>\n<\/li>\n<li>\n<h3>Telefon:<\/h3>\n<div><span>(+39) 0425 762906<\/span><\/div>\n<\/li>\n<\/ul>\n<div>H\u00e4ndler<\/div>\n<h1>Unsere H\u00e4ndler.<\/h1>\n<div><b>Wenden Sie sich f\u00fcr n\u00e4here Informationen bitte an unsere Vertriebsabteilung.<\/b><\/div>\n<ul>\n<li>\n<h3>Telefon:<\/h3>\n<div>\n<p><span>(+39) 0425 762906 &#8211; 3<\/span><\/p>\n<\/div>\n<\/li>\n<li>\n<h3>Vertriebsleitung, Italien:<\/h3>\n<div>\n<p><a href=\"mailto:commerciale@pego.it\">commerciale@pego.it<\/a><\/p>\n<\/div>\n<\/li>\n<li>\n<h3>Vertriebsleitung f\u00fcr das Ausland:<\/h3>\n<div>\n<p><a href=\"mailto:export@pego.it\">export@pego.it<\/a><\/p>\n<\/div>\n<\/li>\n<\/ul>\n<p><img decoding=\"async\" src=\"\/wp-content\/uploads\/2024\/08\/contatti-1.png\" alt=\"AKundendienst nach dem Verkauf und Help-desk.\"><\/p>\n<p><!--more--><br \/>\n<!-- {\"type\":\"layout\",\"children\":[{\"type\":\"section\",\"props\":{\"header_transparent\":true,\"header_transparent_text_color\":\"light\",\"height\":\"viewport\",\"height_viewport\":80,\"image\":\"wp-content\\\/uploads\\\/2024\\\/10\\\/contatti-1.jpg\",\"image_position\":\"center-center\",\"image_size\":\"cover\",\"style\":\"default\",\"title_breakpoint\":\"xl\",\"title_position\":\"top-left\",\"title_rotation\":\"left\",\"vertical_align\":\"middle\",\"width\":\"default\"},\"children\":[{\"type\":\"row\",\"children\":[{\"type\":\"column\",\"props\":{\"image_position\":\"center-center\",\"position_sticky_breakpoint\":\"m\"}}]}]},{\"type\":\"section\",\"props\":{\"css\":\".el-section > .uk-container{\\n\\tmargin-top:-150px;\\n    background-color:#fff;\\n    padding-top:50px;\\n    padding-bottom:50px;\\n}\",\"image_position\":\"center-center\",\"padding\":\"none\",\"style\":\"muted\",\"title_breakpoint\":\"xl\",\"title_position\":\"top-left\",\"title_rotation\":\"left\",\"vertical_align\":\"middle\",\"width\":\"large\"},\"children\":[{\"type\":\"row\",\"props\":{\"layout\":\"1-2,1-2\"},\"children\":[{\"type\":\"column\",\"props\":{\"image_position\":\"center-center\",\"position_sticky_breakpoint\":\"m\",\"width_medium\":\"1-2\"},\"children\":[{\"type\":\"headline\",\"props\":{\"content\":\"PEGO SRL\",\"margin_remove_bottom\":true,\"title_element\":\"div\",\"title_style\":\"text-lead\"}},{\"type\":\"headline\",\"props\":{\"content\":\"Kontakt\",\"margin_remove_top\":true,\"title_element\":\"div\",\"title_style\":\"heading-large\"}}]},{\"type\":\"column\",\"props\":{\"image_position\":\"center-center\",\"position_sticky_breakpoint\":\"m\",\"vertical_align\":\"middle\",\"width_medium\":\"1-2\"},\"children\":[{\"type\":\"text\",\"props\":{\"column_breakpoint\":\"m\",\"content\":\"\n\n<p><strong>Lorem ipsum dolor sit amet, consectetur adipisicing elit, sed do eiusmod tempor incididunt ut labore.<\\\/strong> <br \\\/>Lorem ipsum dolor sit amet, consectetur adipisicing elit, sed do eiusmod tempor incididunt ut labore et dolore magna aliqua.<\\\/p>\",\"margin\":\"default\",\"status\":\"disabled\",\"text_align\":\"right\",\"text_align_breakpoint\":\"s\"}}]}]}]},{\"type\":\"section\",\"props\":{\"class\":\"contactslists\",\"image_position\":\"center-center\",\"style\":\"default\",\"title_breakpoint\":\"xl\",\"title_position\":\"top-left\",\"title_rotation\":\"left\",\"vertical_align\":\"middle\",\"width\":\"large\"},\"children\":[{\"type\":\"row\",\"props\":{\"column_gap\":\"large\",\"layout\":\"1-2,1-2\"},\"children\":[{\"type\":\"column\",\"props\":{\"image_position\":\"center-center\",\"position_sticky_breakpoint\":\"m\",\"width_medium\":\"1-2\"},\"children\":[{\"type\":\"headline\",\"props\":{\"content\":\"PEGO Srl\",\"title_element\":\"div\",\"title_style\":\"h2\"}},{\"type\":\"description_list\",\"props\":{\"column_breakpoint\":\"m\",\"css\":\".el-title{\\n\\tfont-weight:bold;\\n}\\n.el-content span{\\n    background-color: #f4f4f9;\\n    position: relative;\\n    height: 100%;\\n    display: table;\\n\\n}\\n@media screen and (min-width:768px)[\\n    .el-content::before {\\n        content: \\\"\\\";\\n        position: absolute;\\n        left: 0;\\n        bottom: 5px;\\n        transform: translateY(-50%);\\n        height: 1px;\\n        width:100%;\\n        background-color: #c7c6cb;\\n    }\\n\\t.el-content{\\n        text-align:right;\\n    }\\n    .el-content span{\\n    \\tpadding-left: 10px;\\n        float: right;\\n    }\\n}\\na{\\n    color:#5a5150;\\n}\",\"layout\":\"grid-2\",\"list_element\":\"ul\",\"meta_align\":\"below-content\",\"meta_style\":\"text-meta\",\"show_content\":true,\"show_link\":true,\"show_meta\":true,\"show_title\":true,\"title_element\":\"div\",\"title_grid_breakpoint\":\"s\",\"title_grid_column_gap\":\"small\",\"title_grid_row_gap\":\"small\",\"title_grid_width\":\"auto\"},\"children\":[{\"type\":\"description_list_item\",\"props\":{\"content\":\"<span>Via Piacentina, 6\\\/b | 45030, Occhiobello (RO), Italia<\\\/span>\",\"title\":\"Adresse:\"}},{\"type\":\"description_list_item\",\"props\":{\"content\":\"<span><a href=\\\"mailto:commerciale@pego.it\\\">commerciale@pego.it<\\\/a><\\\/span>\",\"title\":\"Vertriebsleitung, Italien:\"}},{\"type\":\"description_list_item\",\"props\":{\"content\":\"<span><a href=\\\"mailto:export@pego.it\\\">export@pego.it<\\\/a><\\\/span>\",\"title\":\"Vertriebsleitung f\\u00fcr das Ausland:\"}},{\"type\":\"description_list_item\",\"props\":{\"content\":\"<span><a href=\\\"mailto:tecnico@pego.it\\\">tecnico@pego.it<\\\/a><\\\/span>\",\"title\":\"Bereich Technik und Entwurf:\"}},{\"type\":\"description_list_item\",\"props\":{\"content\":\"<span><a href=\\\"mailto:amministrazione@pego.it\\\">amministrazione@pego.it<\\\/a><\\\/span>\",\"title\":\"Verwaltung:\"}},{\"type\":\"description_list_item\",\"props\":{\"content\":\"<span><a href=\\\"mailto:acquisti@pego.it\\\">acquisti@pego.it<\\\/a><\\\/span>\",\"title\":\"Einkaufsaufabteilung:\"}},{\"type\":\"description_list_item\",\"props\":{\"content\":\"<span>(+39) 0425 762906<\\\/span>\",\"title\":\"Telefon:\"}},{\"type\":\"description_list_item\",\"props\":{\"content\":\"<span>(+39) 335 7461774 (solo messaggi testo\\\/foto)<\\\/span>\",\"title\":\"Whatsapp:\"}}]}]},{\"type\":\"column\",\"props\":{\"image_position\":\"center-center\",\"position_sticky_breakpoint\":\"m\",\"width_medium\":\"1-2\"},\"children\":[{\"type\":\"headline\",\"props\":{\"content\":\"Castel Refrigeration (Shanghai) Co., Ltd (APAC area)\",\"title_element\":\"div\",\"title_style\":\"h2\"}},{\"type\":\"description_list\",\"props\":{\"column_breakpoint\":\"m\",\"css\":\".el-title{\\n\\tfont-weight:bold;\\n}\\n.el-content span{\\n    background-color: #f4f4f9;\\n    position: relative;\\n    height: 100%;\\n    display: table;\\n\\n}\\n@media screen and (min-width:768px)[\\n    .el-content::before {\\n        content: \\\"\\\";\\n        position: absolute;\\n        left: 0;\\n        bottom: 5px;\\n        transform: translateY(-50%);\\n        height: 1px;\\n        width:100%;\\n        background-color: #c7c6cb;\\n    }\\n\\t.el-content{\\n        text-align:right;\\n    }\\n    .el-content span{\\n    \\tpadding-left: 10px;\\n        float: right;\\n    }\\n}\\na{\\n    color:#5a5150;\\n}\",\"layout\":\"grid-2\",\"list_element\":\"ul\",\"meta_align\":\"below-content\",\"meta_style\":\"text-meta\",\"show_content\":true,\"show_link\":true,\"show_meta\":true,\"show_title\":true,\"title_element\":\"div\",\"title_grid_breakpoint\":\"s\",\"title_grid_column_gap\":\"small\",\"title_grid_row_gap\":\"small\",\"title_grid_width\":\"auto\"},\"children\":[{\"type\":\"description_list_item\",\"props\":{\"content\":\"<span>E-811 Wanda Plaza Shijingshan 100043 Beijing PRC<\\\/span>\",\"title\":\"Adresse:\"}},{\"type\":\"description_list_item\",\"props\":{\"content\":\"<span><a href=\\\"mailto:apac@pego.it\\\">apac@pego.it<\\\/a><\\\/span>\",\"title\":\"Mail:\"}},{\"type\":\"description_list_item\",\"props\":{\"content\":\"<span>(+86) 10-88696628<\\\/span>\",\"title\":\"Telefon:\"}}]}]}]}]},{\"type\":\"section\",\"props\":{\"class\":\"beforewhite-assistenza\",\"image_position\":\"center-center\",\"style\":\"default\",\"title_breakpoint\":\"xl\",\"title_position\":\"top-left\",\"title_rotation\":\"left\",\"vertical_align\":\"middle\",\"width\":\"large\"},\"children\":[{\"type\":\"row\",\"props\":{\"column_gap\":\"large\",\"layout\":\"1-3,2-3\"},\"children\":[{\"type\":\"column\",\"props\":{\"image_position\":\"center-center\",\"position_sticky_breakpoint\":\"m\",\"width_medium\":\"1-3\"},\"children\":[{\"type\":\"image\",\"props\":{\"image\":\"wp-content\\\/uploads\\\/2024\\\/08\\\/contatti.png\",\"image_svg_color\":\"emphasis\",\"margin\":\"default\",\"visibility\":\"s\"}}]},{\"type\":\"column\",\"props\":{\"image_position\":\"center-center\",\"position_sticky_breakpoint\":\"m\",\"width_medium\":\"2-3\"},\"children\":[{\"type\":\"headline\",\"props\":{\"content\":\"Kundendienst\",\"margin_remove_bottom\":true,\"position\":\"relative\",\"title_element\":\"div\",\"title_style\":\"text-lead\"}},{\"type\":\"headline\",\"props\":{\"content\":\"AKundendienst nach dem Verkauf und Help-desk.\",\"margin_remove_top\":true,\"position\":\"relative\",\"title_element\":\"h1\"}},{\"type\":\"text\",\"props\":{\"column_breakpoint\":\"m\",\"content\":\"<b>PEGO s.r.l. bietet seinen Kunden f\\u00fcr den gesamten Lebenszyklus seiner Produkte einen hochwertigen Kundendienst.<\\\/b><br\\\/>\\nUnsere einschl\\u00e4gig geschulten, hoch qualifizierten Techniker der Service-Hotline helfen den Kunden bei der L\\u00f6sung ihrer Probleme.<br\\\/>\\nF\\u00fcr Schaltk\\u00e4sten mit PEGO Steuerelektronik und Telenet \\u00dcberwachungssystem k\\u00f6nnen wir auch einen ferngesteuerten Kundendienst bieten.\",\"margin\":\"default\",\"text_align\":\"justify\"}},{\"type\":\"description_list\",\"props\":{\"column_breakpoint\":\"m\",\"css\":\".el-title{\\n\\tfont-weight:bold;\\n}\\n.el-content span{\\n    background-color: #f4f4f9;\\n    position: relative;\\n    height: 100%;\\n    display: table;\\n\\n}\\n@media screen and (min-width:768px)[\\n    .el-content::before {\\n        content: \\\"\\\";\\n        position: absolute;\\n        left: 0;\\n        bottom: 5px;\\n        transform: translateY(-50%);\\n        height: 1px;\\n        width:100%;\\n        background-color: #c7c6cb;\\n    }\\n\\t.el-content{\\n        text-align:right;\\n    }\\n    .el-content span{\\n    \\tpadding-left: 10px;\\n        float: right;\\n    }\\n}\\na{\\n    color:#5a5150;\\n}\",\"layout\":\"grid-2\",\"list_element\":\"ul\",\"meta_align\":\"below-content\",\"meta_style\":\"text-meta\",\"position\":\"relative\",\"show_content\":true,\"show_link\":true,\"show_meta\":true,\"show_title\":true,\"title_element\":\"div\",\"title_grid_column_gap\":\"small\",\"title_grid_row_gap\":\"small\",\"title_grid_width\":\"auto\"},\"children\":[{\"type\":\"description_list_item\",\"props\":{\"content\":\"\n\n<p><span><a href=\\\"mailto:tecnico@pego.it\\\">tecnico@pego.it<\\\/a><\\\/span><\\\/p>\",\"title\":\"Mail:\"}},{\"type\":\"description_list_item\",\"props\":{\"content\":\"<span>(+39) 0425 762906<\\\/span>\",\"title\":\"Telefon:\"}}]}]}]}]},{\"type\":\"section\",\"props\":{\"class\":\"afterwhite-assistenza\",\"image_position\":\"center-center\",\"style\":\"default\",\"title_breakpoint\":\"xl\",\"title_position\":\"top-left\",\"title_rotation\":\"left\",\"vertical_align\":\"middle\",\"width\":\"large\"},\"children\":[{\"type\":\"row\",\"props\":{\"column_gap\":\"large\",\"layout\":\"2-3,1-3\"},\"children\":[{\"type\":\"column\",\"props\":{\"image_position\":\"center-center\",\"position_sticky_breakpoint\":\"m\",\"width_medium\":\"2-3\"},\"children\":[{\"type\":\"headline\",\"props\":{\"content\":\"H\\u00e4ndler\",\"margin_remove_bottom\":true,\"title_element\":\"div\",\"title_style\":\"text-lead\"}},{\"type\":\"headline\",\"props\":{\"content\":\"Unsere H\\u00e4ndler.\",\"margin_remove_top\":true,\"position\":\"relative\",\"position_z_index\":\"1\",\"title_element\":\"h1\"}},{\"type\":\"text\",\"props\":{\"column_breakpoint\":\"m\",\"content\":\"<b>Wenden Sie sich f\\u00fcr n\\u00e4here Informationen bitte an unsere Vertriebsabteilung.<\\\/b>\",\"margin\":\"default\",\"position\":\"relative\",\"text_align\":\"justify\"}},{\"type\":\"description_list\",\"props\":{\"column_breakpoint\":\"m\",\"css\":\".el-title{\\n\\tfont-weight:bold;\\n}\\n.el-content span{\\n    background-color: #f4f4f9;\\n    position: relative;\\n    height: 100%;\\n    display: table;\\n\\n}\\n@media screen and (min-width:768px)[\\n    .el-content::before {\\n        content: \\\"\\\";\\n        position: absolute;\\n        left: 0;\\n        bottom: 5px;\\n        transform: translateY(-50%);\\n        height: 1px;\\n        width:100%;\\n        background-color: #c7c6cb;\\n    }\\n\\t.el-content{\\n        text-align:right;\\n    }\\n    .el-content span{\\n    \\tpadding-left: 10px;\\n        float: right;\\n    }\\n}\\na{\\n    color:#5a5150;\\n}\",\"layout\":\"grid-2\",\"list_element\":\"ul\",\"meta_align\":\"below-content\",\"meta_style\":\"text-meta\",\"position\":\"relative\",\"position_z_index\":\"1\",\"show_content\":true,\"show_link\":true,\"show_meta\":true,\"show_title\":true,\"title_element\":\"div\",\"title_grid_column_gap\":\"small\",\"title_grid_row_gap\":\"small\",\"title_grid_width\":\"auto\"},\"children\":[{\"type\":\"description_list_item\",\"props\":{\"content\":\"\n\n<p><span>(+39) 0425 762906 - 3<\\\/span><\\\/p>\",\"title\":\"Telefon:\"}},{\"type\":\"description_list_item\",\"props\":{\"content\":\"\n\n<p><a href=\\\"mailto:commerciale@pego.it\\\">commerciale@pego.it<\\\/a><\\\/p>\",\"title\":\"Vertriebsleitung, Italien:\"}},{\"type\":\"description_list_item\",\"props\":{\"content\":\"\n\n<p><a href=\\\"mailto:export@pego.it\\\">export@pego.it<\\\/a><\\\/p>\",\"title\":\"Vertriebsleitung f\\u00fcr das Ausland:\"}}]}]},{\"type\":\"column\",\"props\":{\"image_position\":\"center-center\",\"position_sticky_breakpoint\":\"m\",\"width_medium\":\"1-3\"},\"children\":[{\"type\":\"image\",\"props\":{\"css\":\".el-image{\\n\\tmax-width:;\\n}\",\"image\":\"wp-content\\\/uploads\\\/2024\\\/08\\\/contatti-1.png\",\"image_svg_color\":\"emphasis\",\"margin\":\"default\"}}]}]}]}],\"version\":\"1.0.0\"} --><\/p>\n","protected":false},"excerpt":{"rendered":"<p>PEGO SRL Kontakt PEGO Srl Adresse: Via Piacentina, 6\/b | 45030, Occhiobello (RO), Italia Vertriebsleitung, Italien: commerciale@pego.it Vertriebsleitung f\u00fcr das Ausland: export@pego.it Bereich Technik und Entwurf: tecnico@pego.it Verwaltung: amministrazione@pego.it Einkaufsaufabteilung: acquisti@pego.it Telefon: (+39) 0425 762906 Whatsapp: (+39) 335 7461774 (solo messaggi testo\/foto) Castel Refrigeration (Shanghai) Co., Ltd (APAC area) Adresse: E-811 Wanda Plaza Shijingshan 100043 [&hellip;]<\/p>\n","protected":false},"author":1,"featured_media":0,"parent":0,"menu_order":0,"comment_status":"closed","ping_status":"closed","template":"","meta":{"_acf_changed":false,"footnotes":""},"class_list":["post-13931","page","type-page","status-publish","hentry"],"acf":[],"_links":{"self":[{"href":"https:\/\/pego.teknetservice.com\/de\/wp-json\/wp\/v2\/pages\/13931","targetHints":{"allow":["GET"]}}],"collection":[{"href":"https:\/\/pego.teknetservice.com\/de\/wp-json\/wp\/v2\/pages"}],"about":[{"href":"https:\/\/pego.teknetservice.com\/de\/wp-json\/wp\/v2\/types\/page"}],"author":[{"embeddable":true,"href":"https:\/\/pego.teknetservice.com\/de\/wp-json\/wp\/v2\/users\/1"}],"replies":[{"embeddable":true,"href":"https:\/\/pego.teknetservice.com\/de\/wp-json\/wp\/v2\/comments?post=13931"}],"version-history":[{"count":14,"href":"https:\/\/pego.teknetservice.com\/de\/wp-json\/wp\/v2\/pages\/13931\/revisions"}],"predecessor-version":[{"id":17054,"href":"https:\/\/pego.teknetservice.com\/de\/wp-json\/wp\/v2\/pages\/13931\/revisions\/17054"}],"wp:attachment":[{"href":"https:\/\/pego.teknetservice.com\/de\/wp-json\/wp\/v2\/media?parent=13931"}],"curies":[{"name":"wp","href":"https:\/\/api.w.org\/{rel}","templated":true}]}}