{"id":5227,"date":"2019-07-25T10:30:43","date_gmt":"2019-07-25T10:30:43","guid":{"rendered":"https:\/\/www.pego.it\/home\/"},"modified":"2025-11-05T10:13:13","modified_gmt":"2025-11-05T10:13:13","slug":"home","status":"publish","type":"page","link":"https:\/\/pego.teknetservice.com\/de\/","title":{"rendered":"Home"},"content":{"rendered":"<ul>\n<li>\n<p>        <video src=\"\/wp-content\/uploads\/2025\/11\/VIDEO_SPOT_SITO.mp4\"><\/video><\/p>\n<h3>APE GLD<\/h3>\n<p>PEGO SRL<\/p>\n<div>Totale Sicherheit in K\u00fchlr\u00e4umen: APE GLD erkennt Gaslecks und meldet eingeschlossene Personen. Intelligenter und zuverl\u00e4ssiger Schutz, konform mit der Norm **UNI EN 378**.\n<\/div>\n<p><a href=\"\/de\/produkte\/zubehoer\/ape-gld\/\">Siehe das Produkt<\/a><\/p>\n<\/li>\n<li>\n<p>        <img decoding=\"async\" src=\"\/wp-content\/uploads\/2024\/10\/HOMEPAGE-PRODOTTI-STANDARD.png\" alt=\"Home\"><\/p>\n<h3>Standard Produkte<\/h3>\n<p>PEGO SRL<\/p>\n<div>\n<p>PEGO hat sich auf den Bereich der K\u00e4lte- und Klimatechnik spezialisiert und bietet eine breite Palette von Produkten an, die f\u00fcr jede Anwendung geeignet sind.<\/p>\n<\/div>\n<\/li>\n<li>\n<p>        <img decoding=\"async\" src=\"\/wp-content\/uploads\/2024\/10\/HOMEPAGE-QUADRI-SPECIALI-3.png\" alt=\"Home\"><\/p>\n<h3>Spezielle Produkte<\/h3>\n<p>PEGO SRL<\/p>\n<div>PEGO steht f\u00fcr die Entwicklung und Herstellung spezieller Schalttafeln, auch Einzelanfertigungen, zur Verf\u00fcgung, die auf die spezifischen Kundenw\u00fcnsche zugeschnitten sind und die Anforderungen der Anlagentechnik erf\u00fcllen.<\/div>\n<\/li>\n<li>\n<p>        <img decoding=\"async\" src=\"\/wp-content\/uploads\/2024\/10\/HOMEPAGE-HUMIDIFIERS-1.png\" alt=\"Home\"><\/p>\n<h3>Luftbefeuchter<\/h3>\n<p>PEGO SRL<\/p>\n<div>PEGO-Befeuchter nutzen die Technologie der eingetauchten Elektroden zur Dampferzeugung.<\/div>\n<\/li>\n<\/ul>\n<p><img decoding=\"async\" src=\"\/wp-content\/uploads\/2024\/10\/foto_entrata.jpg\" alt=\"Home\"><\/p>\n<div>Das Unternehmen<\/div>\n<div>\n<p>Electrical boards for<br \/>refrigerating plants.<\/p>\n<\/div>\n<div><strong>Planung und Herstellung von Schaltschr\u00e4nken und elektronischen Steuerungen f\u00fcr die gewerbliche und industrielle K\u00fchlung und Klimatisierung.<br \/>Herstellung von LUFTBEFEUCHTERN mit eingetauchten Elektroden.<\/strong><\/div>\n<p><p>\n        <a href=\"https:\/\/www.pego.it\/de\/unternehmen\/\">Erfahren Sie mehr<\/a>\n    <\/p>\n<\/p>\n<div>PRODUKTE<\/div>\n<div>Entdecken Sie die Produktkategorien<\/div>\n<div>\n<p style=\"max-width: 90%;\"><strong>PEGO hat sich auf den Bereich der K\u00e4lte- und Klimatechnik spezialisiert und bietet eine breite Palette von Produkten an, die f\u00fcr jede Anwendung geeignet sind.<\/strong> Die Produktion von Standard- und kundenspezifischen Rahmen erm\u00f6glicht es, alle spezifischen Kundenanforderungen zu erf\u00fcllen. Die breite Palette an Steuerelektronik f\u00fcr die Steuerung der K\u00fchlzelle, der Reifung, der F\u00e4llung, des G\u00e4rstopps, des K\u00fchlers und des TeleNET-\u00dcberwachungssystems erm\u00f6glicht die Steuerung aller Ihrer Einheiten.<\/p>\n<\/div>\n<ul>\n<li>\n<p>        <img decoding=\"async\" src=\"\/wp-content\/uploads\/2024\/08\/termostati-1.png\" alt=\"Home\"><\/p>\n<h3>Thermostate<\/h3>\n<p><a href=\"\/de\/produkte\/thermostate\/\"><\/a><\/p>\n<\/li>\n<li>\n<p>        <img decoding=\"async\" src=\"\/wp-content\/uploads\/2024\/08\/elettronica-modulare-8.png\" alt=\"Home\"><\/p>\n<h3>Modularelektronik<\/h3>\n<p><a href=\"\/de\/produkte\/modularelektronik\/\"><\/a><\/p>\n<\/li>\n<li>\n<p>        <img decoding=\"async\" src=\"\/wp-content\/uploads\/2024\/10\/quadri.png\" alt=\"Home\"><\/p>\n<h3>Schaltk\u00e4sten<\/h3>\n<p><a href=\"\/de\/produkte\/schaltkaesten\/\"><\/a><\/p>\n<\/li>\n<li>\n<p>        <img decoding=\"async\" src=\"\/wp-content\/uploads\/2024\/08\/home-nector.png\" alt=\"Home\"><\/p>\n<h3>Nector<\/h3>\n<p><a href=\"\/de\/produkte\/bedienfelder\/\"><\/a><\/p>\n<\/li>\n<li>\n<p>        <img decoding=\"async\" src=\"\/wp-content\/uploads\/2024\/10\/telenet.png\" alt=\"Home\"><\/p>\n<h3>\u00dcberwachung<\/h3>\n<p><a href=\"\/de\/produkte\/ueberwachung\/\"><\/a><\/p>\n<\/li>\n<li>\n<p>        <img decoding=\"async\" src=\"\/wp-content\/uploads\/2024\/08\/accessori.png\" alt=\"Home\"><\/p>\n<h3>Zubeh\u00f6r<\/h3>\n<p><a href=\"\/de\/produkte\/zubehoer\/\"><\/a><\/p>\n<\/li>\n<li>\n<p>        <img decoding=\"async\" src=\"\/wp-content\/uploads\/2024\/08\/illuminazione.png\" alt=\"Home\"><\/p>\n<h3>Ausleuchtung<\/h3>\n<p><a href=\"\/de\/produkte\/ausleuchtung\/\"><\/a><\/p>\n<\/li>\n<li>\n<p>        <img decoding=\"async\" src=\"\/wp-content\/uploads\/2024\/10\/umidificatori.png\" alt=\"Home\"><\/p>\n<h3>Luftbefeuchter<\/h3>\n<p><a href=\"\/de\/produkte\/luftbefeuchter\/\"><\/a><\/p>\n<\/li>\n<\/ul>\n<p><img decoding=\"async\" src=\"\/wp-content\/uploads\/2024\/08\/nector-7.png\" alt=\"Home\"><\/p>\n<div>Nector<\/div>\n<div>\n<div >Entdecken Sie ein Neues <\/div>\n<div>Art der Steuerung<\/div>\n<div class=\"uk-flex uk-flex-middle\">\n\t<span>mit<\/span> <img decoding=\"async\" src=\"\/wp-content\/uploads\/2024\/05\/nector.png\" style=\"width:300px; padding-left:10px;padding-top:10px\" alt=\"Home\" \/>\n<\/div>\n<\/div>\n<div>Bedienfeld f\u00fcr die komplette Verwaltung von K\u00fchlzellen mit einphasigem Kompressor bis 2 PS mit Datalogger-Funktion und integrierter Konnektivit\u00e4t.<\/div>\n<p><p>\n        <a href=\"https:\/\/nector.pego.it\/?lang=de\">Entdecken Sie die Website von Nector<\/a>\n    <\/p>\n<\/p>\n<p><!--more--><br \/>\n<!-- {\"type\":\"layout\",\"children\":[{\"type\":\"section\",\"props\":{\"class\":\"newslider\",\"header_transparent\":true,\"header_transparent_noplaceholder\":true,\"header_transparent_text_color\":\"light\",\"height\":\"viewport\",\"height_viewport\":96,\"image_position\":\"center-center\",\"padding_remove_bottom\":true,\"padding_remove_top\":true,\"style\":\"default\",\"title_breakpoint\":\"xl\",\"title_position\":\"top-left\",\"title_rotation\":\"left\",\"vertical_align\":\"middle\",\"width\":\"\"},\"children\":[{\"type\":\"row\",\"children\":[{\"type\":\"column\",\"props\":{\"image_position\":\"center-center\",\"position_sticky_breakpoint\":\"m\"},\"children\":[{\"type\":\"panel-slider\",\"props\":{\"content_align\":true,\"content_column_breakpoint\":\"m\",\"css\":\"@media screen and (min-width:768px){\\n    .el-image{\\n        max-width:95%;\\n        margin-top: 10%;\\n    }\\n    video.el-image{\\n        max-width:100%\\n    }\\n}\",\"icon_width\":80,\"image_align\":\"left\",\"image_grid_breakpoint\":\"m\",\"image_grid_width\":\"3-5\",\"image_svg_color\":\"emphasis\",\"image_vertical_align\":true,\"link_style\":\"default\",\"link_text\":\"Read more\",\"margin\":\"default\",\"meta_align\":\"above-title\",\"meta_element\":\"div\",\"meta_style\":\"text-lead\",\"nav\":\"dotnav\",\"nav_align\":\"center\",\"nav_breakpoint\":\"s\",\"panel_match\":true,\"show_content\":true,\"show_hover_image\":true,\"show_hover_video\":true,\"show_image\":true,\"show_link\":true,\"show_meta\":true,\"show_title\":true,\"show_video\":true,\"slidenav\":\"outside\",\"slidenav_breakpoint\":\"xl\",\"slidenav_margin\":\"medium\",\"slidenav_outside_breakpoint\":\"xl\",\"slider_autoplay\":true,\"slider_autoplay_interval\":\"20\",\"slider_autoplay_pause\":false,\"slider_gap\":\"default\",\"slider_width\":\"fixed\",\"slider_width_default\":\"1-1\",\"slider_width_medium\":\"1-1\",\"title_align\":\"top\",\"title_element\":\"h3\",\"title_grid_breakpoint\":\"m\",\"title_grid_width\":\"1-2\",\"title_hover_style\":\"reset\",\"title_style\":\"heading-small\"},\"children\":[{\"type\":\"panel-slider_item\",\"props\":{\"content\":\"Totale Sicherheit in K\\u00fchlr\\u00e4umen: APE GLD erkennt Gaslecks und meldet eingeschlossene Personen. Intelligenter und zuverl\\u00e4ssiger Schutz, konform mit der Norm **UNI EN 378**.\\n\",\"image\":\"\",\"link\":\"\\\/de\\\/produkte\\\/zubehoer\\\/ape-gld\\\/\",\"link_text\":\"Siehe das Produkt\",\"meta\":\"PEGO SRL\",\"title\":\"APE GLD\",\"video\":\"\\\/wp-content\\\/uploads\\\/2025\\\/11\\\/VIDEO_SPOT_SITO.mp4\"}},{\"type\":\"panel-slider_item\",\"props\":{\"content\":\"\n\n<p>PEGO hat sich auf den Bereich der K\\u00e4lte- und Klimatechnik spezialisiert und bietet eine breite Palette von Produkten an, die f\\u00fcr jede Anwendung geeignet sind.<\\\/p>\",\"image\":\"wp-content\\\/uploads\\\/2024\\\/10\\\/HOMEPAGE-PRODOTTI-STANDARD.png\",\"meta\":\"PEGO SRL\",\"title\":\"Standard Produkte\"}},{\"type\":\"panel-slider_item\",\"props\":{\"content\":\"PEGO steht f\\u00fcr die Entwicklung und Herstellung spezieller Schalttafeln, auch Einzelanfertigungen, zur Verf\\u00fcgung, die auf die spezifischen Kundenw\\u00fcnsche zugeschnitten sind und die Anforderungen der Anlagentechnik erf\\u00fcllen.\",\"image\":\"wp-content\\\/uploads\\\/2024\\\/10\\\/HOMEPAGE-QUADRI-SPECIALI-3.png\",\"meta\":\"PEGO SRL\",\"title\":\"Spezielle Produkte\"}},{\"type\":\"panel-slider_item\",\"props\":{\"content\":\"PEGO-Befeuchter nutzen die Technologie der eingetauchten Elektroden zur Dampferzeugung.\",\"image\":\"wp-content\\\/uploads\\\/2024\\\/10\\\/HOMEPAGE-HUMIDIFIERS-1.png\",\"meta\":\"PEGO SRL\",\"title\":\"Luftbefeuchter\"}}]}]}]}],\"name\":\"Panel Slider - EN\"},{\"type\":\"section\",\"props\":{\"class\":\"position-relative padding-top-mobile\",\"image_position\":\"center-center\",\"padding\":\"large\",\"style\":\"muted\",\"title_breakpoint\":\"xl\",\"title_position\":\"top-left\",\"title_rotation\":\"left\",\"vertical_align\":\"middle\",\"width\":\"large\"},\"children\":[{\"type\":\"row\",\"props\":{\"layout\":\"1-3,2-3\"},\"children\":[{\"type\":\"column\",\"props\":{\"image_position\":\"center-center\",\"position_sticky_breakpoint\":\"m\",\"width_medium\":\"1-3\"},\"children\":[{\"type\":\"image\",\"props\":{\"class\":\"electrical-boards\",\"image\":\"wp-content\\\/uploads\\\/2024\\\/10\\\/foto_entrata.jpg\",\"image_svg_color\":\"emphasis\",\"margin\":\"default\"}}]},{\"type\":\"column\",\"props\":{\"image_position\":\"center-center\",\"position_sticky_breakpoint\":\"m\",\"vertical_align\":\"middle\",\"width_medium\":\"2-3\"},\"children\":[{\"type\":\"headline\",\"props\":{\"content\":\"Das Unternehmen\",\"position\":\"relative\",\"title_element\":\"div\",\"title_style\":\"text-lead\"}},{\"type\":\"headline\",\"props\":{\"content\":\"\n\n<p>Electrical boards for<br \\\/>refrigerating plants.<\\\/p>\",\"margin_remove_top\":true,\"position\":\"relative\",\"title_element\":\"div\",\"title_style\":\"heading-small\"}},{\"type\":\"text\",\"props\":{\"column_breakpoint\":\"m\",\"content\":\"<strong>Planung und Herstellung von Schaltschr\\u00e4nken und elektronischen Steuerungen f\\u00fcr die gewerbliche und industrielle K\\u00fchlung und Klimatisierung.<br \\\/>Herstellung von LUFTBEFEUCHTERN mit eingetauchten Elektroden.<\\\/strong>\",\"margin\":\"default\",\"text_align\":\"justify\"}},{\"type\":\"button\",\"props\":{\"grid_column_gap\":\"small\",\"grid_row_gap\":\"small\",\"margin\":\"default\",\"position\":\"relative\"},\"children\":[{\"type\":\"button_item\",\"props\":{\"button_style\":\"primary\",\"content\":\"Erfahren Sie mehr\",\"dialog_layout\":\"modal\",\"dialog_offcanvas_flip\":true,\"icon_align\":\"left\",\"link\":\"\\\/de\\\/unternehmen\\\/\"}}]}]}]}]},{\"type\":\"section\",\"props\":{\"image_position\":\"center-center\",\"style\":\"default\",\"title_breakpoint\":\"xl\",\"title_position\":\"top-left\",\"title_rotation\":\"left\",\"vertical_align\":\"middle\",\"width\":\"large\"},\"children\":[{\"type\":\"row\",\"props\":{\"column_gap\":\"large\",\"layout\":\"1-3,2-3\"},\"children\":[{\"type\":\"column\",\"props\":{\"image_position\":\"center-center\",\"position_sticky_breakpoint\":\"m\",\"width_medium\":\"1-3\"},\"children\":[{\"type\":\"headline\",\"props\":{\"content\":\"PRODUKTE\",\"margin_remove_bottom\":true,\"title_element\":\"div\",\"title_style\":\"text-lead\"}},{\"type\":\"headline\",\"props\":{\"content\":\"Entdecken Sie die Produktkategorien\",\"margin_remove_top\":true,\"title_element\":\"div\",\"title_style\":\"h1\"}},{\"type\":\"text\",\"props\":{\"column_breakpoint\":\"m\",\"content\":\"\n\n<p style=\\\"max-width: 90%;\\\"><strong>PEGO hat sich auf den Bereich der K\\u00e4lte- und Klimatechnik spezialisiert und bietet eine breite Palette von Produkten an, die f\\u00fcr jede Anwendung geeignet sind.<\\\/strong> Die Produktion von Standard- und kundenspezifischen Rahmen erm\\u00f6glicht es, alle spezifischen Kundenanforderungen zu erf\\u00fcllen. Die breite Palette an Steuerelektronik f\\u00fcr die Steuerung der K\\u00fchlzelle, der Reifung, der F\\u00e4llung, des G\\u00e4rstopps, des K\\u00fchlers und des TeleNET-\\u00dcberwachungssystems erm\\u00f6glicht die Steuerung aller Ihrer Einheiten.<\\\/p>\",\"margin\":\"default\",\"text_align\":\"justify\"}}]},{\"type\":\"column\",\"props\":{\"image_position\":\"center-center\",\"position_sticky_breakpoint\":\"m\",\"vertical_align\":\"middle\",\"width_medium\":\"2-3\"},\"children\":[{\"type\":\"panel-slider\",\"props\":{\"class\":\"homeslideprod\",\"content_column_breakpoint\":\"m\",\"icon_width\":80,\"image_align\":\"top\",\"image_grid_breakpoint\":\"m\",\"image_grid_width\":\"1-2\",\"image_link\":true,\"image_svg_color\":\"emphasis\",\"link_style\":\"text\",\"link_text\":\"\",\"margin\":\"default\",\"meta_align\":\"below-title\",\"meta_element\":\"div\",\"meta_style\":\"text-meta\",\"nav\":\"\",\"nav_align\":\"center\",\"nav_breakpoint\":\"s\",\"panel_match\":true,\"show_content\":true,\"show_hover_image\":true,\"show_hover_video\":true,\"show_image\":true,\"show_link\":true,\"show_meta\":true,\"show_title\":true,\"show_video\":true,\"slidenav\":\"outside\",\"slidenav_breakpoint\":\"xl\",\"slidenav_margin\":\"medium\",\"slidenav_outside_breakpoint\":\"xl\",\"slider_autoplay\":true,\"slider_autoplay_interval\":\"4\",\"slider_autoplay_pause\":false,\"slider_gap\":\"small\",\"slider_width\":\"fixed\",\"slider_width_default\":\"1-1\",\"slider_width_medium\":\"4-5\",\"title_align\":\"top\",\"title_element\":\"h3\",\"title_grid_breakpoint\":\"m\",\"title_grid_width\":\"1-2\",\"title_hover_style\":\"reset\",\"title_link\":true},\"children\":[{\"type\":\"panel-slider_item\",\"props\":{\"image\":\"wp-content\\\/uploads\\\/2024\\\/08\\\/termostati-1.png\",\"link\":\"\\\/de\\\/produkte\\\/thermostate\\\/\",\"title\":\"Thermostate\"}},{\"type\":\"panel-slider_item\",\"props\":{\"image\":\"wp-content\\\/uploads\\\/2024\\\/08\\\/elettronica-modulare-8.png\",\"link\":\"\\\/de\\\/produkte\\\/modularelektronik\\\/\",\"title\":\"Modularelektronik\"}},{\"type\":\"panel-slider_item\",\"props\":{\"image\":\"wp-content\\\/uploads\\\/2024\\\/10\\\/quadri.png\",\"link\":\"\\\/de\\\/produkte\\\/schaltkaesten\\\/\",\"title\":\"Schaltk\\u00e4sten\"}},{\"type\":\"panel-slider_item\",\"props\":{\"image\":\"wp-content\\\/uploads\\\/2024\\\/08\\\/home-nector.png\",\"link\":\"\\\/de\\\/produkte\\\/bedienfelder\\\/\",\"title\":\"Nector\"}},{\"type\":\"panel-slider_item\",\"props\":{\"image\":\"wp-content\\\/uploads\\\/2024\\\/10\\\/telenet.png\",\"link\":\"\\\/de\\\/produkte\\\/ueberwachung\\\/\",\"title\":\"\\u00dcberwachung\"}},{\"type\":\"panel-slider_item\",\"props\":{\"image\":\"wp-content\\\/uploads\\\/2024\\\/08\\\/accessori.png\",\"link\":\"\\\/de\\\/produkte\\\/zubehoer\\\/\",\"title\":\"Zubeh\\u00f6r\"}},{\"type\":\"panel-slider_item\",\"props\":{\"image\":\"wp-content\\\/uploads\\\/2024\\\/08\\\/illuminazione.png\",\"link\":\"\\\/de\\\/produkte\\\/ausleuchtung\\\/\",\"title\":\"Ausleuchtung\"}},{\"type\":\"panel-slider_item\",\"props\":{\"image\":\"wp-content\\\/uploads\\\/2024\\\/10\\\/umidificatori.png\",\"link\":\"\\\/de\\\/produkte\\\/luftbefeuchter\\\/\",\"title\":\"Luftbefeuchter\"}}]}]}]}],\"name\":\"Prodotti\"},{\"type\":\"section\",\"props\":{\"class\":\"homeconfig\",\"css\":\".uk-text-large{\\n\\tfont-weight:100;\\n}\",\"image_position\":\"center-center\",\"style\":\"primary\",\"title_breakpoint\":\"xl\",\"title_position\":\"top-left\",\"title_rotation\":\"left\",\"vertical_align\":\"middle\",\"width\":\"default\"},\"children\":[{\"type\":\"row\",\"children\":[{\"type\":\"column\",\"props\":{\"image_position\":\"center-center\",\"position_sticky_breakpoint\":\"m\"},\"children\":[{\"type\":\"module_position\",\"props\":{\"breakpoint\":\"m\",\"content\":\"pego-configurator\",\"layout\":\"stack\"}}]}]}]},{\"type\":\"section\",\"props\":{\"class\":\"uk-tek-muted\",\"image_position\":\"center-center\",\"style\":\"muted\",\"title_breakpoint\":\"xl\",\"title_position\":\"top-left\",\"title_rotation\":\"left\",\"vertical_align\":\"middle\",\"width\":\"large\"},\"children\":[{\"type\":\"row\",\"props\":{\"layout\":\"2-5,3-5\"},\"children\":[{\"type\":\"column\",\"props\":{\"class\":\"nector-home\",\"image_position\":\"center-center\",\"position_sticky_breakpoint\":\"m\",\"width_medium\":\"2-5\"},\"children\":[{\"type\":\"image\",\"props\":{\"css\":\".el-image{\\n\\twidth:80%;\\n}\\n\",\"image\":\"wp-content\\\/uploads\\\/2024\\\/08\\\/nector-7.png\",\"image_svg_color\":\"emphasis\",\"margin\":\"default\"}}]},{\"type\":\"column\",\"props\":{\"class\":\"margin-top-mobile-120\",\"image_position\":\"center-center\",\"position_sticky_breakpoint\":\"m\",\"width_medium\":\"3-5\"},\"children\":[{\"type\":\"headline\",\"props\":{\"content\":\"Nector\",\"position\":\"relative\",\"title_element\":\"div\",\"title_style\":\"text-lead\"}},{\"type\":\"headline\",\"props\":{\"content\":\"\n\n<div >Entdecken Sie ein Neues <\\\/div>\\n\n\n<div>Art der Steuerung<\\\/div>\\n\n\n<div class=\\\"uk-flex uk-flex-middle\\\">\\n\\t<span>mit<\\\/span> <img src=\\\"\\\/wp-content\\\/uploads\\\/2024\\\/05\\\/nector.png\\\" style=\\\"width:300px; padding-left:10px;padding-top:10px\\\" alt=\\\"\\\" \\\/>\\n<\\\/div>\",\"margin_remove_top\":true,\"position\":\"relative\",\"text_align\":\"left\",\"title_element\":\"div\",\"title_style\":\"heading-small\"}},{\"type\":\"text\",\"props\":{\"column_breakpoint\":\"m\",\"content\":\"Bedienfeld f\\u00fcr die komplette Verwaltung von K\\u00fchlzellen mit einphasigem Kompressor bis 2 PS mit Datalogger-Funktion und integrierter Konnektivit\\u00e4t.\",\"margin\":\"default\"}},{\"type\":\"button\",\"props\":{\"grid_column_gap\":\"small\",\"grid_row_gap\":\"small\",\"margin\":\"large\",\"margin_remove_top\":true,\"position\":\"relative\",\"text_align\":\"left\"},\"children\":[{\"type\":\"button_item\",\"props\":{\"button_style\":\"primary\",\"content\":\"Entdecken Sie die Website von Nector\",\"dialog_layout\":\"modal\",\"dialog_offcanvas_flip\":true,\"icon_align\":\"left\",\"link\":\"https:\\\/\\\/nector.pego.it\\\/?lang=de\",\"link_target\":\"blank\"}}]}]}]}]}],\"version\":\"1.0.0\"} --><\/p>\n","protected":false},"excerpt":{"rendered":"<p>APE GLD PEGO SRL Totale Sicherheit in K\u00fchlr\u00e4umen: APE GLD erkennt Gaslecks und meldet eingeschlossene Personen. Intelligenter und zuverl\u00e4ssiger Schutz, konform mit der Norm **UNI EN 378**. Siehe das Produkt Standard Produkte PEGO SRL PEGO hat sich auf den Bereich der K\u00e4lte- und Klimatechnik spezialisiert und bietet eine breite Palette von Produkten an, die f\u00fcr [&hellip;]<\/p>\n","protected":false},"author":1,"featured_media":0,"parent":0,"menu_order":3,"comment_status":"open","ping_status":"open","template":"","meta":{"_acf_changed":false,"footnotes":""},"class_list":["post-5227","page","type-page","status-publish","hentry"],"acf":[],"_links":{"self":[{"href":"https:\/\/pego.teknetservice.com\/de\/wp-json\/wp\/v2\/pages\/5227","targetHints":{"allow":["GET"]}}],"collection":[{"href":"https:\/\/pego.teknetservice.com\/de\/wp-json\/wp\/v2\/pages"}],"about":[{"href":"https:\/\/pego.teknetservice.com\/de\/wp-json\/wp\/v2\/types\/page"}],"author":[{"embeddable":true,"href":"https:\/\/pego.teknetservice.com\/de\/wp-json\/wp\/v2\/users\/1"}],"replies":[{"embeddable":true,"href":"https:\/\/pego.teknetservice.com\/de\/wp-json\/wp\/v2\/comments?post=5227"}],"version-history":[{"count":34,"href":"https:\/\/pego.teknetservice.com\/de\/wp-json\/wp\/v2\/pages\/5227\/revisions"}],"predecessor-version":[{"id":18589,"href":"https:\/\/pego.teknetservice.com\/de\/wp-json\/wp\/v2\/pages\/5227\/revisions\/18589"}],"wp:attachment":[{"href":"https:\/\/pego.teknetservice.com\/de\/wp-json\/wp\/v2\/media?parent=5227"}],"curies":[{"name":"wp","href":"https:\/\/api.w.org\/{rel}","templated":true}]}}