{"id":13133,"date":"2024-08-19T12:16:38","date_gmt":"2024-08-19T12:16:38","guid":{"rendered":"https:\/\/www.pego.it\/empresa\/"},"modified":"2025-03-19T10:26:58","modified_gmt":"2025-03-19T10:26:58","slug":"empresa","status":"publish","type":"page","link":"https:\/\/pego.teknetservice.com\/es\/empresa\/","title":{"rendered":"Empresa"},"content":{"rendered":"<div>PEGO SRL<\/div>\n<div>Empresa<\/div>\n<div>\n<p><strong>Dise\u00f1o y fabricaci\u00f3n de cuadros el\u00e9ctricos y controles electr\u00f3nicos para la refrigeraci\u00f3n<\/strong> comercial e industrial y para la climatizaci\u00f3n del aire.<br \/> Producci\u00f3n de HUMIDIFICADORES de electrodos sumergidos.<\/p>\n<\/div>\n<div>Quienes somos<\/div>\n<div>Cuadros el\u00e9ctricos para instalaciones frigor\u00edficas<\/div>\n<div>Fundada en 1997, PEGO se ha consolidado a lo largo de los a\u00f1os como una empresa l\u00edder en el dise\u00f1o y producci\u00f3n de cuadros el\u00e9ctricos para la refrigeraci\u00f3n y la climatizaci\u00f3n.<\/div>\n<div>\n<p>Adem\u00e1s de una amplia gama de productos en el cat\u00e1logo, PEGO tambi\u00e9n se ocupa del dise\u00f1o y la fabricaci\u00f3n de cuadros no est\u00e1ndar producidos de acuerdo con las necesidades espec\u00edficas del cliente.<\/p>\n<p>Gracias a los muchos a\u00f1os de experiencia adquirida en el sector, PEGO tambi\u00e9n ha dise\u00f1ado y fabricado una serie de controles electr\u00f3nicos espec\u00edficos para aplicaciones de refrigeraci\u00f3n y caracterizados por la facilidad de programaci\u00f3n y uso. Paralelamente, PEGO tambi\u00e9n se ha especializado en el dise\u00f1o y la producci\u00f3n de humidificadores de vapor con electrodos sumergidos conocidos por la calidad de los materiales utilizados y el dise\u00f1o.<\/p>\n<p>La gama de humidificadores es adecuada para m\u00faltiples aplicaciones como: plantas industriales, oficinas, estructuras civiles, centralitas, hoteles, museos, librer\u00edas, instalaciones tecnol\u00f3gicas o m\u00e9dicas, industria tabacalera, industria alimentaria, curado, industria maderera, f\u00e1bricas de papel, industrias tipogr\u00e1ficas y de bienestar. La alta profesionalidad de las oficinas t\u00e9cnicas de PEGO se traduce en una r\u00e1pida respuesta a los clientes, tanto en la fase de dise\u00f1o y presupuesto del producto como en la de asistencia posventa. Uno de los puntos m\u00e1s destacados de PEGO es la constante asistencia t\u00e9cnica telef\u00f3nica que presta, no solo a los distribuidores y fabricantes, sino tambi\u00e9n directamente a los instaladores para todos los problemas de aplicaci\u00f3n que puedan surgir sobre el terreno.<\/p>\n<p>El objetivo de PEGO es dise\u00f1ar y fabricar productos cada vez m\u00e1s avanzados tecnol\u00f3gicamente y fiables para satisfacer plenamente a sus clientes.<\/p>\n<\/div>\n<p><img decoding=\"async\" src=\"\/wp-content\/uploads\/2024\/10\/foto_01.jpg\" alt=\"Empresa\"><br \/>\n<img decoding=\"async\" src=\"\/wp-content\/uploads\/2024\/10\/home_pego.jpg\" alt=\"Empresa\"><\/p>\n<ul>\n<li>\n<p>        <img decoding=\"async\" src=\"\/wp-content\/uploads\/2024\/10\/foto_03.jpg\" alt=\"Empresa\"><\/p>\n<\/li>\n<li>\n<p>        <img decoding=\"async\" src=\"\/wp-content\/uploads\/2024\/10\/foto_11.jpg\" alt=\"Empresa\"><\/p>\n<\/li>\n<li>\n<p>        <img decoding=\"async\" src=\"\/wp-content\/uploads\/2024\/10\/foto_12.jpg\" alt=\"Empresa\"><\/p>\n<\/li>\n<li>\n<p>        <img decoding=\"async\" src=\"\/wp-content\/uploads\/2024\/10\/foto_07.jpg\" alt=\"Empresa\"><\/p>\n<\/li>\n<li>\n<p>        <img decoding=\"async\" src=\"\/wp-content\/uploads\/2024\/10\/foto_08.jpg\" alt=\"Empresa\"><\/p>\n<\/li>\n<li>\n<p>        <img decoding=\"async\" src=\"\/wp-content\/uploads\/2024\/10\/foto_09.jpg\" alt=\"Empresa\"><\/p>\n<\/li>\n<li>\n<p>        <img decoding=\"async\" src=\"\/wp-content\/uploads\/2024\/10\/foto_10.jpg\" alt=\"Empresa\"><\/p>\n<\/li>\n<\/ul>\n<p><a href=\"\/wp-content\/uploads\/2025\/03\/Certificato-TUV-ISO-9001.pdf\"><img decoding=\"async\" src=\"\/wp-content\/uploads\/2025\/03\/iso.png\" alt=\"Empresa\"><\/a><\/p>\n<div>Calidad certificada<\/div>\n<div>Garantizamos <br \/>sus resultados<\/div>\n<div><strong>La experiencia obtenida realizando cuadros el\u00e9ctricos de todo tipo en el sector de la refrigeraci\u00f3n es nuestra mejor referencia y garant\u00eda.<\/strong> <\/p>\n<p>Todos nuestros productos se realizan con el empleo de materiales y aparatos de la mejor calidad, as\u00ed como los procesos productivos se certifican constantemente en conformidad con las directivas CEE y relativas normas de referencia actualmente en vigor.<\/p>\n<p>Si ninguno de los nuestros productos de serie puede cumplir sus necesidades, nuestro departamento t\u00e9cnico estar\u00e1 a su disposici\u00f3n para cualquier tipo de asesor\u00eda, desde el proyecto de cuadros y aparatos electr\u00f3nicos, a la realizaci\u00f3n de sistemas de supervisi\u00f3n y seguimiento asistidos por ordenador personal.<\/p><\/div>\n<p><!--more--><br \/>\n<!-- {\"type\":\"layout\",\"children\":[{\"type\":\"section\",\"props\":{\"header_transparent\":true,\"header_transparent_text_color\":\"light\",\"height\":\"viewport\",\"height_viewport\":80,\"image\":\"wp-content\\\/uploads\\\/2024\\\/10\\\/pego_azienda.jpg\",\"image_position\":\"center-center\",\"image_size\":\"cover\",\"style\":\"default\",\"title_breakpoint\":\"xl\",\"title_position\":\"top-left\",\"title_rotation\":\"left\",\"vertical_align\":\"middle\",\"width\":\"default\"},\"children\":[{\"type\":\"row\",\"children\":[{\"type\":\"column\",\"props\":{\"image_position\":\"center-center\",\"position_sticky_breakpoint\":\"m\"}}]}]},{\"type\":\"section\",\"props\":{\"css\":\".el-section > .uk-container{\\n\\tmargin-top:-150px;\\n    background-color:#fff;\\n    padding-top:50px;\\n    padding-bottom:50px;\\n}\",\"image_position\":\"center-center\",\"padding\":\"none\",\"style\":\"muted\",\"title_breakpoint\":\"xl\",\"title_position\":\"top-left\",\"title_rotation\":\"left\",\"vertical_align\":\"middle\",\"width\":\"large\"},\"children\":[{\"type\":\"row\",\"props\":{\"layout\":\"1-2,1-2\"},\"children\":[{\"type\":\"column\",\"props\":{\"image_position\":\"center-center\",\"position_sticky_breakpoint\":\"m\",\"width_medium\":\"1-2\"},\"children\":[{\"type\":\"headline\",\"props\":{\"content\":\"PEGO SRL\",\"margin_remove_bottom\":true,\"title_element\":\"div\",\"title_style\":\"text-lead\"}},{\"type\":\"headline\",\"props\":{\"content\":\"Empresa\",\"margin_remove_top\":true,\"title_element\":\"div\",\"title_style\":\"heading-large\"}}]},{\"type\":\"column\",\"props\":{\"image_position\":\"center-center\",\"position_sticky_breakpoint\":\"m\",\"vertical_align\":\"middle\",\"width_medium\":\"1-2\"},\"children\":[{\"type\":\"text\",\"props\":{\"column_breakpoint\":\"m\",\"content\":\"\n\n<p><strong>Dise\\u00f1o y fabricaci\\u00f3n de cuadros el\\u00e9ctricos y controles electr\\u00f3nicos para la refrigeraci\\u00f3n<\\\/strong> comercial e industrial y para la climatizaci\\u00f3n del aire.<br\\\/> Producci\\u00f3n de HUMIDIFICADORES de electrodos sumergidos.<\\\/p>\",\"margin\":\"default\",\"text_align\":\"right\",\"text_align_breakpoint\":\"s\"}}]}]}]},{\"type\":\"section\",\"props\":{\"image_position\":\"center-center\",\"padding\":\"large\",\"style\":\"muted\",\"title_breakpoint\":\"xl\",\"title_position\":\"top-left\",\"title_rotation\":\"left\",\"vertical_align\":\"middle\",\"width\":\"large\"},\"children\":[{\"type\":\"row\",\"props\":{\"layout\":\"1-2,1-2\"},\"children\":[{\"type\":\"column\",\"props\":{\"image_position\":\"center-center\",\"position_sticky_breakpoint\":\"m\",\"width_medium\":\"1-2\"},\"children\":[{\"type\":\"headline\",\"props\":{\"content\":\"Quienes somos\",\"margin_remove_bottom\":true,\"title_element\":\"div\",\"title_style\":\"text-lead\"}},{\"type\":\"headline\",\"props\":{\"content\":\"Cuadros el\\u00e9ctricos para instalaciones frigor\\u00edficas\",\"margin_remove_top\":true,\"title_element\":\"div\",\"title_style\":\"h1\"}},{\"type\":\"headline\",\"props\":{\"content\":\"Fundada en 1997, PEGO se ha consolidado a lo largo de los a\\u00f1os como una empresa l\\u00edder en el dise\\u00f1o y producci\\u00f3n de cuadros el\\u00e9ctricos para la refrigeraci\\u00f3n y la climatizaci\\u00f3n.\",\"margin_remove_bottom\":true,\"title_element\":\"div\",\"title_style\":\"text-lead\"}},{\"type\":\"text\",\"props\":{\"column_breakpoint\":\"m\",\"content\":\"\n\n<p>Adem\\u00e1s de una amplia gama de productos en el cat\\u00e1logo, PEGO tambi\\u00e9n se ocupa del dise\\u00f1o y la fabricaci\\u00f3n de cuadros no est\\u00e1ndar producidos de acuerdo con las necesidades espec\\u00edficas del cliente.<\\\/p>\\n\n\n<p>Gracias a los muchos a\\u00f1os de experiencia adquirida en el sector, PEGO tambi\\u00e9n ha dise\\u00f1ado y fabricado una serie de controles electr\\u00f3nicos espec\\u00edficos para aplicaciones de refrigeraci\\u00f3n y caracterizados por la facilidad de programaci\\u00f3n y uso. Paralelamente, PEGO tambi\\u00e9n se ha especializado en el dise\\u00f1o y la producci\\u00f3n de humidificadores de vapor con electrodos sumergidos conocidos por la calidad de los materiales utilizados y el dise\\u00f1o.<\\\/p>\\n\n\n<p>La gama de humidificadores es adecuada para m\\u00faltiples aplicaciones como: plantas industriales, oficinas, estructuras civiles, centralitas, hoteles, museos, librer\\u00edas, instalaciones tecnol\\u00f3gicas o m\\u00e9dicas, industria tabacalera, industria alimentaria, curado, industria maderera, f\\u00e1bricas de papel, industrias tipogr\\u00e1ficas y de bienestar. La alta profesionalidad de las oficinas t\\u00e9cnicas de PEGO se traduce en una r\\u00e1pida respuesta a los clientes, tanto en la fase de dise\\u00f1o y presupuesto del producto como en la de asistencia posventa. Uno de los puntos m\\u00e1s destacados de PEGO es la constante asistencia t\\u00e9cnica telef\\u00f3nica que presta, no solo a los distribuidores y fabricantes, sino tambi\\u00e9n directamente a los instaladores para todos los problemas de aplicaci\\u00f3n que puedan surgir sobre el terreno.<\\\/p>\\n\n\n<p>El objetivo de PEGO es dise\\u00f1ar y fabricar productos cada vez m\\u00e1s avanzados tecnol\\u00f3gicamente y fiables para satisfacer plenamente a sus clientes.<\\\/p>\",\"margin\":\"default\"}}]},{\"type\":\"column\",\"props\":{\"image_position\":\"center-center\",\"position_sticky_breakpoint\":\"m\",\"width_medium\":\"1-2\"},\"children\":[{\"type\":\"image\",\"props\":{\"class\":\"about-img-1\",\"image\":\"wp-content\\\/uploads\\\/2024\\\/10\\\/foto_01.jpg\",\"image_height\":400,\"image_svg_color\":\"emphasis\",\"image_width\":520,\"margin\":\"default\",\"text_align\":\"center\",\"visibility\":\"m\"}},{\"type\":\"image\",\"props\":{\"class\":\"about-img-2\",\"image\":\"wp-content\\\/uploads\\\/2024\\\/10\\\/home_pego.jpg\",\"image_height\":400,\"image_svg_color\":\"emphasis\",\"image_width\":390,\"margin\":\"default\",\"visibility\":\"m\"}},{\"type\":\"slideshow\",\"props\":{\"image_height\":400,\"image_width\":520,\"link_style\":\"default\",\"link_text\":\"Read more\",\"margin\":\"large\",\"meta_align\":\"below-title\",\"meta_element\":\"div\",\"meta_style\":\"text-meta\",\"nav\":\"dotnav\",\"nav_align\":\"center\",\"nav_breakpoint\":\"s\",\"nav_position\":\"bottom-center\",\"nav_position_margin\":\"medium\",\"overlay_animation\":\"parallax\",\"overlay_position\":\"center-left\",\"show_content\":true,\"show_link\":true,\"show_meta\":true,\"show_thumbnail\":true,\"show_title\":true,\"slidenav\":\"\",\"slidenav_breakpoint\":\"s\",\"slidenav_margin\":\"medium\",\"slidenav_outside_breakpoint\":\"xl\",\"slideshow_autoplay\":true,\"slideshow_autoplay_interval\":\"3\",\"slideshow_autoplay_pause\":false,\"slideshow_min_height\":\"400\",\"slideshow_parallax\":false,\"thumbnav_height\":\"75\",\"thumbnav_svg_color\":\"emphasis\",\"thumbnav_width\":\"100\",\"title_element\":\"h3\"},\"children\":[{\"type\":\"slideshow_item\",\"props\":{\"image\":\"wp-content\\\/uploads\\\/2024\\\/10\\\/foto_03.jpg\",\"title\":\"\"}},{\"type\":\"slideshow_item\",\"props\":{\"image\":\"wp-content\\\/uploads\\\/2024\\\/10\\\/foto_11.jpg\",\"title\":\"\"}},{\"type\":\"slideshow_item\",\"props\":{\"image\":\"wp-content\\\/uploads\\\/2024\\\/10\\\/foto_12.jpg\",\"title\":\"\"}},{\"type\":\"slideshow_item\",\"props\":{\"image\":\"wp-content\\\/uploads\\\/2024\\\/10\\\/foto_07.jpg\",\"title\":\"\"}},{\"type\":\"slideshow_item\",\"props\":{\"image\":\"wp-content\\\/uploads\\\/2024\\\/10\\\/foto_08.jpg\",\"title\":\"\"}},{\"type\":\"slideshow_item\",\"props\":{\"image\":\"wp-content\\\/uploads\\\/2024\\\/10\\\/foto_09.jpg\",\"title\":\"\"}},{\"type\":\"slideshow_item\",\"props\":{\"image\":\"wp-content\\\/uploads\\\/2024\\\/10\\\/foto_10.jpg\",\"title\":\"\"}}]}]}]}]},{\"type\":\"section\",\"props\":{\"class\":\"company-last\",\"image_position\":\"center-center\",\"padding_remove_bottom\":true,\"padding_remove_top\":true,\"style\":\"muted\",\"title_breakpoint\":\"xl\",\"title_position\":\"top-left\",\"title_rotation\":\"left\",\"vertical_align\":\"middle\",\"width\":\"large\"},\"children\":[{\"type\":\"row\",\"props\":{\"layout\":\"1-3,2-3\"},\"children\":[{\"type\":\"column\",\"props\":{\"image_position\":\"center-center\",\"position_sticky_breakpoint\":\"m\",\"vertical_align\":\"middle\",\"width_medium\":\"1-3\",\"width_small\":\"1-3\"},\"children\":[{\"type\":\"image\",\"props\":{\"image\":\"wp-content\\\/uploads\\\/2025\\\/03\\\/iso.png\",\"image_svg_color\":\"emphasis\",\"link\":\"wp-content\\\/uploads\\\/2025\\\/03\\\/Certificato-TUV-ISO-9001.pdf\",\"margin\":\"default\",\"text_align\":\"center\"}}]},{\"type\":\"column\",\"props\":{\"image_position\":\"center-center\",\"position_sticky_breakpoint\":\"m\",\"width_medium\":\"2-3\",\"width_small\":\"2-3\"},\"children\":[{\"type\":\"headline\",\"props\":{\"content\":\"Calidad certificada\",\"margin_remove_bottom\":true,\"position\":\"relative\",\"title_element\":\"div\",\"title_style\":\"text-lead\"}},{\"type\":\"headline\",\"props\":{\"content\":\"Garantizamos <br \\\/>sus resultados\",\"margin_remove_top\":true,\"position\":\"relative\",\"title_element\":\"div\",\"title_style\":\"h1\"}},{\"type\":\"text\",\"props\":{\"column_breakpoint\":\"m\",\"content\":\"<strong>La experiencia obtenida realizando cuadros el\\u00e9ctricos de todo tipo en el sector de la refrigeraci\\u00f3n es nuestra mejor referencia y garant\\u00eda.<\\\/strong> \n\nTodos nuestros productos se realizan con el empleo de materiales y aparatos de la mejor calidad, as\\u00ed como los procesos productivos se certifican constantemente en conformidad con las directivas CEE y relativas normas de referencia actualmente en vigor.<br \/>\\n\\nSi ninguno de los nuestros productos de serie puede cumplir sus necesidades, nuestro departamento t\\u00e9cnico estar\\u00e1 a su disposici\\u00f3n para cualquier tipo de asesor\\u00eda, desde el proyecto de cuadros y aparatos electr\\u00f3nicos, a la realizaci\\u00f3n de sistemas de supervisi\\u00f3n y seguimiento asistidos por ordenador personal.\",\"margin\":\"default\"}}]}]}]},{\"type\":\"section\",\"props\":{\"height\":\"pixels\",\"height_viewport\":50,\"image_position\":\"center-center\",\"style\":\"muted\",\"title_breakpoint\":\"xl\",\"title_position\":\"top-left\",\"title_rotation\":\"left\",\"vertical_align\":\"middle\",\"width\":\"default\"},\"children\":[{\"type\":\"row\",\"children\":[{\"type\":\"column\",\"props\":{\"image_position\":\"center-center\",\"position_sticky_breakpoint\":\"m\"}}]}]}],\"version\":\"1.0.0\"} --><\/p>\n","protected":false},"excerpt":{"rendered":"<p>PEGO SRL Empresa Dise\u00f1o y fabricaci\u00f3n de cuadros el\u00e9ctricos y controles electr\u00f3nicos para la refrigeraci\u00f3n comercial e industrial y para la climatizaci\u00f3n del aire. Producci\u00f3n de HUMIDIFICADORES de electrodos sumergidos. Quienes somos Cuadros el\u00e9ctricos para instalaciones frigor\u00edficas Fundada en 1997, PEGO se ha consolidado a lo largo de los a\u00f1os como una empresa l\u00edder en [&hellip;]<\/p>\n","protected":false},"author":1,"featured_media":0,"parent":0,"menu_order":0,"comment_status":"closed","ping_status":"closed","template":"","meta":{"_acf_changed":false,"footnotes":""},"class_list":["post-13133","page","type-page","status-publish","hentry"],"acf":[],"_links":{"self":[{"href":"https:\/\/pego.teknetservice.com\/es\/wp-json\/wp\/v2\/pages\/13133","targetHints":{"allow":["GET"]}}],"collection":[{"href":"https:\/\/pego.teknetservice.com\/es\/wp-json\/wp\/v2\/pages"}],"about":[{"href":"https:\/\/pego.teknetservice.com\/es\/wp-json\/wp\/v2\/types\/page"}],"author":[{"embeddable":true,"href":"https:\/\/pego.teknetservice.com\/es\/wp-json\/wp\/v2\/users\/1"}],"replies":[{"embeddable":true,"href":"https:\/\/pego.teknetservice.com\/es\/wp-json\/wp\/v2\/comments?post=13133"}],"version-history":[{"count":9,"href":"https:\/\/pego.teknetservice.com\/es\/wp-json\/wp\/v2\/pages\/13133\/revisions"}],"predecessor-version":[{"id":17946,"href":"https:\/\/pego.teknetservice.com\/es\/wp-json\/wp\/v2\/pages\/13133\/revisions\/17946"}],"wp:attachment":[{"href":"https:\/\/pego.teknetservice.com\/es\/wp-json\/wp\/v2\/media?parent=13133"}],"curies":[{"name":"wp","href":"https:\/\/api.w.org\/{rel}","templated":true}]}}