{"id":13712,"date":"2024-08-28T14:13:42","date_gmt":"2024-08-28T14:13:42","guid":{"rendered":"https:\/\/www.pego.it\/aplicaciones\/abatidoras\/"},"modified":"2024-09-27T12:57:16","modified_gmt":"2024-09-27T12:57:16","slug":"abatidoras","status":"publish","type":"page","link":"https:\/\/pego.teknetservice.com\/es\/aplicaciones\/abatidoras\/","title":{"rendered":"Abatidoras"},"content":{"rendered":"<div>PEGO SRL<\/div>\n<div>Abbattitori<\/div>\n<div>\n<p style=\"text-align: right;\"><strong>Productos para la gesti\u00f3n de sistemas abatidores de temperatura y congeladores.<br \/><\/strong> Estos productos han sido dise\u00f1ados para el control de unidades frigor\u00edficas est\u00e1ticas o ventiladas, permitiendo la gesti\u00f3n completa de todos los componentes presentes en una instalaci\u00f3n frigor\u00edfica. Existe una funci\u00f3n de enfriamiento r\u00e1pido del producto con gesti\u00f3n del final del enfriamiento r\u00e1pido por tiempo o por temperatura de la sonda central.<\/p>\n<\/div>\n<div><div class=\"pg_app_container\"><div class=\"pg_app_post_type uk-margin-large-bottom\"><span class=\"uk-h3\">Electr\u00f3nica<\/span><br\/><span class=\"uk-heading-small uk-margin-bottom pg_app_parent\">Serie PLUS100<\/span><div class=\"uk-grid uk-margin-medium-bottom uk-margin-small-top\"><div class=\"uk-width-1-3@m uk-width-1-2@s uk-margin-bottom\"><a href=\"https:\/\/pego.teknetservice.com\/es\/productos\/electronica-modular\/serie-plus100\/plus100-ab\/\">\n                        <div class=\"pg_child_product_thumbnail\"><img loading=\"lazy\" decoding=\"async\" width=\"300\" height=\"197\" src=\"https:\/\/pego.teknetservice.com\/wp-content\/uploads\/2024\/07\/Pego-PLUS100-AB100MASTER-Perspective-300x197.png\" class=\"attachment-medium size-medium wp-post-image\" alt=\"Abatidoras\" srcset=\"https:\/\/pego.teknetservice.com\/wp-content\/uploads\/2024\/07\/Pego-PLUS100-AB100MASTER-Perspective-300x197.png 300w, https:\/\/pego.teknetservice.com\/wp-content\/uploads\/2024\/07\/Pego-PLUS100-AB100MASTER-Perspective-1024x672.png 1024w, https:\/\/pego.teknetservice.com\/wp-content\/uploads\/2024\/07\/Pego-PLUS100-AB100MASTER-Perspective-768x504.png 768w, https:\/\/pego.teknetservice.com\/wp-content\/uploads\/2024\/07\/Pego-PLUS100-AB100MASTER-Perspective-1536x1008.png 1536w, https:\/\/pego.teknetservice.com\/wp-content\/uploads\/2024\/07\/Pego-PLUS100-AB100MASTER-Perspective.png 1646w\" sizes=\"(max-width: 300px) 100vw, 300px\" \/><\/div>\n                    <\/a><a href=\"https:\/\/pego.teknetservice.com\/es\/productos\/electronica-modular\/serie-plus100\/plus100-ab\/\" class=\"pg_prod_title\">PLUS100 AB<\/a><p class=\"pg_child_product_intro\">Control electr\u00f3nico para la gesti\u00f3n de instalaciones abatidoras de temperatura y congeladores. Se pueden programar distintos programas de trabajo...<\/p><a class=\"el-content uk-button uk-button-primary\" href=\"https:\/\/pego.teknetservice.com\/es\/productos\/electronica-modular\/serie-plus100\/plus100-ab\/\" uk-scroll=\"\">Saber m\u00e1s<\/a><\/div><\/div><span class=\"uk-heading-small uk-margin-bottom pg_app_parent\">Serie VISION TOUCH<\/span><div class=\"uk-grid uk-margin-medium-bottom uk-margin-small-top\"><div class=\"uk-width-1-3@m uk-width-1-2@s uk-margin-bottom\"><a href=\"https:\/\/pego.teknetservice.com\/es\/productos\/electronica-modular\/serie-vision-touch\/vision-touch-ab\/\">\n                        <div class=\"pg_child_product_thumbnail\"><img loading=\"lazy\" decoding=\"async\" width=\"300\" height=\"211\" src=\"https:\/\/pego.teknetservice.com\/wp-content\/uploads\/2024\/07\/Pego-VISION-TOUCH-AB-300x211.png\" class=\"attachment-medium size-medium wp-post-image\" alt=\"Abatidoras\" srcset=\"https:\/\/pego.teknetservice.com\/wp-content\/uploads\/2024\/07\/Pego-VISION-TOUCH-AB-300x211.png 300w, https:\/\/pego.teknetservice.com\/wp-content\/uploads\/2024\/07\/Pego-VISION-TOUCH-AB-1024x719.png 1024w, https:\/\/pego.teknetservice.com\/wp-content\/uploads\/2024\/07\/Pego-VISION-TOUCH-AB-768x539.png 768w, https:\/\/pego.teknetservice.com\/wp-content\/uploads\/2024\/07\/Pego-VISION-TOUCH-AB-1536x1079.png 1536w, https:\/\/pego.teknetservice.com\/wp-content\/uploads\/2024\/07\/Pego-VISION-TOUCH-AB.png 1538w\" sizes=\"(max-width: 300px) 100vw, 300px\" \/><\/div>\n                    <\/a><a href=\"https:\/\/pego.teknetservice.com\/es\/productos\/electronica-modular\/serie-vision-touch\/vision-touch-ab\/\" class=\"pg_prod_title\">VISION TOUCH AB<\/a><p class=\"pg_child_product_intro\">Control electr\u00f3nico con pantalla t\u00e1ctil capacitiva espec\u00edfico para la gestion de instalaciones abatidoras.<\/p><a class=\"el-content uk-button uk-button-primary\" href=\"https:\/\/pego.teknetservice.com\/es\/productos\/electronica-modular\/serie-vision-touch\/vision-touch-ab\/\" uk-scroll=\"\">Saber m\u00e1s<\/a><\/div><\/div><\/div><\/div><\/div>\n<p><!--more--><br \/>\n<!-- {\"type\":\"layout\",\"children\":[{\"type\":\"section\",\"props\":{\"header_transparent\":true,\"header_transparent_text_color\":\"light\",\"height\":\"viewport\",\"height_viewport\":80,\"image\":\"wp-content\\\/uploads\\\/2024\\\/08\\\/abbattitore-2.jpg\",\"image_position\":\"center-center\",\"image_size\":\"cover\",\"style\":\"default\",\"title_breakpoint\":\"xl\",\"title_position\":\"top-left\",\"title_rotation\":\"left\",\"vertical_align\":\"middle\",\"width\":\"default\"},\"children\":[{\"type\":\"row\",\"children\":[{\"type\":\"column\",\"props\":{\"image_position\":\"center-center\",\"position_sticky_breakpoint\":\"m\"}}]}]},{\"type\":\"section\",\"props\":{\"css\":\".el-section > .uk-container{\\n\\tmargin-top:-150px;\\n    background-color:#fff;\\n    padding-top:50px;\\n    padding-bottom:50px;\\n}\",\"image_position\":\"center-center\",\"padding\":\"none\",\"style\":\"muted\",\"title_breakpoint\":\"xl\",\"title_position\":\"top-left\",\"title_rotation\":\"left\",\"vertical_align\":\"middle\",\"width\":\"xlarge\"},\"children\":[{\"type\":\"row\",\"props\":{\"layout\":\"1-2,1-2\"},\"children\":[{\"type\":\"column\",\"props\":{\"image_position\":\"center-center\",\"position_sticky_breakpoint\":\"m\",\"width_medium\":\"1-2\"},\"children\":[{\"type\":\"headline\",\"props\":{\"content\":\"PEGO SRL\",\"margin_remove_bottom\":true,\"title_element\":\"div\",\"title_style\":\"text-lead\"}},{\"type\":\"headline\",\"props\":{\"content\":\"Abbattitori\",\"margin_remove_top\":true,\"title_element\":\"div\",\"title_style\":\"heading-medium\"}}]},{\"type\":\"column\",\"props\":{\"image_position\":\"center-center\",\"position_sticky_breakpoint\":\"m\",\"vertical_align\":\"middle\",\"width_medium\":\"1-2\"},\"children\":[{\"type\":\"text\",\"props\":{\"column_breakpoint\":\"m\",\"content\":\"\n\n<p style=\\\"text-align: right;\\\"><strong>Productos para la gesti\\u00f3n de sistemas abatidores de temperatura y congeladores.<br \\\/><\\\/strong> Estos productos han sido dise\\u00f1ados para el control de unidades frigor\\u00edficas est\\u00e1ticas o ventiladas, permitiendo la gesti\\u00f3n completa de todos los componentes presentes en una instalaci\\u00f3n frigor\\u00edfica. Existe una funci\\u00f3n de enfriamiento r\\u00e1pido del producto con gesti\\u00f3n del final del enfriamiento r\\u00e1pido por tiempo o por temperatura de la sonda central.<\\\/p>\",\"margin\":\"default\"}}]}]}]},{\"type\":\"section\",\"props\":{\"image_position\":\"center-center\",\"style\":\"default\",\"title_breakpoint\":\"xl\",\"title_position\":\"top-left\",\"title_rotation\":\"left\",\"vertical_align\":\"middle\",\"width\":\"xlarge\"},\"children\":[{\"type\":\"row\",\"children\":[{\"type\":\"column\",\"props\":{\"image_position\":\"center-center\",\"position_sticky_breakpoint\":\"m\"},\"children\":[{\"type\":\"text\",\"props\":{\"column_breakpoint\":\"m\",\"content\":\"[pg_single_application]\",\"margin\":\"default\"}}]}]}]}],\"version\":\"1.0.0\"} --><\/p>\n","protected":false},"excerpt":{"rendered":"<p>PEGO SRL Abbattitori Productos para la gesti\u00f3n de sistemas abatidores de temperatura y congeladores. Estos productos han sido dise\u00f1ados para el control de unidades frigor\u00edficas est\u00e1ticas o ventiladas, permitiendo la gesti\u00f3n completa de todos los componentes presentes en una instalaci\u00f3n frigor\u00edfica. Existe una funci\u00f3n de enfriamiento r\u00e1pido del producto con gesti\u00f3n del final del enfriamiento [&hellip;]<\/p>\n","protected":false},"author":1,"featured_media":9729,"parent":13703,"menu_order":0,"comment_status":"closed","ping_status":"closed","template":"","meta":{"_acf_changed":false,"footnotes":""},"class_list":["post-13712","page","type-page","status-publish","has-post-thumbnail","hentry"],"acf":[],"_links":{"self":[{"href":"https:\/\/pego.teknetservice.com\/es\/wp-json\/wp\/v2\/pages\/13712","targetHints":{"allow":["GET"]}}],"collection":[{"href":"https:\/\/pego.teknetservice.com\/es\/wp-json\/wp\/v2\/pages"}],"about":[{"href":"https:\/\/pego.teknetservice.com\/es\/wp-json\/wp\/v2\/types\/page"}],"author":[{"embeddable":true,"href":"https:\/\/pego.teknetservice.com\/es\/wp-json\/wp\/v2\/users\/1"}],"replies":[{"embeddable":true,"href":"https:\/\/pego.teknetservice.com\/es\/wp-json\/wp\/v2\/comments?post=13712"}],"version-history":[{"count":1,"href":"https:\/\/pego.teknetservice.com\/es\/wp-json\/wp\/v2\/pages\/13712\/revisions"}],"predecessor-version":[{"id":16548,"href":"https:\/\/pego.teknetservice.com\/es\/wp-json\/wp\/v2\/pages\/13712\/revisions\/16548"}],"up":[{"embeddable":true,"href":"https:\/\/pego.teknetservice.com\/es\/wp-json\/wp\/v2\/pages\/13703"}],"wp:featuredmedia":[{"embeddable":true,"href":"https:\/\/pego.teknetservice.com\/es\/wp-json\/wp\/v2\/media\/9729"}],"wp:attachment":[{"href":"https:\/\/pego.teknetservice.com\/es\/wp-json\/wp\/v2\/media?parent=13712"}],"curies":[{"name":"wp","href":"https:\/\/api.w.org\/{rel}","templated":true}]}}