{"id":13724,"date":"2024-08-28T14:36:54","date_gmt":"2024-08-28T14:36:54","guid":{"rendered":"https:\/\/www.pego.it\/aplicaciones\/aplicaciones-especiales\/"},"modified":"2024-09-27T12:54:20","modified_gmt":"2024-09-27T12:54:20","slug":"aplicaciones-especiales","status":"publish","type":"page","link":"https:\/\/pego.teknetservice.com\/es\/aplicaciones\/aplicaciones-especiales\/","title":{"rendered":"Aplicaciones Especiales"},"content":{"rendered":"<div>PEGO SRL<\/div>\n<div>Aplicaciones Especiales<\/div>\n<div>\n<p style=\"text-align: right;\">Productos para la gesti\u00f3n de aplicaciones especiales<\/p>\n<\/div>\n<div><div class=\"pg_app_container\"><div class=\"pg_app_post_type uk-margin-large-bottom\"><span class=\"uk-h3\">Termostato<\/span><br\/><div class=\"uk-grid uk-margin-medium-bottom uk-margin-small-top\"><div class=\"uk-width-1-3@m uk-width-1-2@s uk-margin-bottom\"><a href=\"https:\/\/pego.teknetservice.com\/es\/productos\/termostatos\/expert-nano-2zn\/\">\n                        <div class=\"pg_child_product_thumbnail\"><img loading=\"lazy\" decoding=\"async\" width=\"300\" height=\"180\" src=\"https:\/\/pego.teknetservice.com\/wp-content\/uploads\/2024\/05\/Pego-EXPERT-NANO-2ZN-300x180.png\" class=\"attachment-medium size-medium wp-post-image\" alt=\"Aplicaciones Especiales\" srcset=\"https:\/\/pego.teknetservice.com\/wp-content\/uploads\/2024\/05\/Pego-EXPERT-NANO-2ZN-300x180.png 300w, https:\/\/pego.teknetservice.com\/wp-content\/uploads\/2024\/05\/Pego-EXPERT-NANO-2ZN-768x460.png 768w, https:\/\/pego.teknetservice.com\/wp-content\/uploads\/2024\/05\/Pego-EXPERT-NANO-2ZN.png 850w\" sizes=\"(max-width: 300px) 100vw, 300px\" \/><\/div>\n                    <\/a><a href=\"https:\/\/pego.teknetservice.com\/es\/productos\/termostatos\/expert-nano-2zn\/\" class=\"pg_prod_title\">EXPERT NANO 2ZN<\/a><p class=\"pg_child_product_intro\">L\u2019EXPERT NANO 2ZN es un regulador electr\u00f3nico de 2 rel\u00e9s para llamada de calor\/fr\u00edo o humidificaci\u00f3n \/ deshumidificaci\u00f3n en zona neutra o gesti\u00f3n del doble set point de llamada de calor \/ humidificaci\u00f3n o de fr\u00edo\/deshumidificaci\u00f3n con 2 salidas diferentes.<\/p><a class=\"el-content uk-button uk-button-primary\" href=\"https:\/\/pego.teknetservice.com\/es\/productos\/termostatos\/expert-nano-2zn\/\" uk-scroll=\"\">Saber m\u00e1s<\/a><\/div><div class=\"uk-width-1-3@m uk-width-1-2@s uk-margin-bottom\"><a href=\"https:\/\/pego.teknetservice.com\/es\/productos\/termostatos\/expert-nano-milk\/\">\n                        <div class=\"pg_child_product_thumbnail\"><img loading=\"lazy\" decoding=\"async\" width=\"300\" height=\"180\" src=\"https:\/\/pego.teknetservice.com\/wp-content\/uploads\/2024\/05\/Pego-EXPERT-NANO-MILK-300x180.png\" class=\"attachment-medium size-medium wp-post-image\" alt=\"Aplicaciones Especiales\" srcset=\"https:\/\/pego.teknetservice.com\/wp-content\/uploads\/2024\/05\/Pego-EXPERT-NANO-MILK-300x180.png 300w, https:\/\/pego.teknetservice.com\/wp-content\/uploads\/2024\/05\/Pego-EXPERT-NANO-MILK-768x460.png 768w, https:\/\/pego.teknetservice.com\/wp-content\/uploads\/2024\/05\/Pego-EXPERT-NANO-MILK.png 850w\" sizes=\"(max-width: 300px) 100vw, 300px\" \/><\/div>\n                    <\/a><a href=\"https:\/\/pego.teknetservice.com\/es\/productos\/termostatos\/expert-nano-milk\/\" class=\"pg_prod_title\">EXPERT NANO MILK<\/a><p class=\"pg_child_product_intro\">El EXPERT NANO MILK es un regulador electr\u00f3nico con microprocesador, id\u00f3neo para aplicaciones de conservaci\u00f3n y refrigeraci\u00f3n de la leche.<\/p><a class=\"el-content uk-button uk-button-primary\" href=\"https:\/\/pego.teknetservice.com\/es\/productos\/termostatos\/expert-nano-milk\/\" uk-scroll=\"\">Saber m\u00e1s<\/a><\/div><\/div><\/div><\/div><\/div>\n<p><!--more--><br \/>\n<!-- {\"type\":\"layout\",\"children\":[{\"type\":\"section\",\"props\":{\"header_transparent\":true,\"header_transparent_text_color\":\"light\",\"height\":\"viewport\",\"height_viewport\":80,\"image\":\"wp-content\\\/uploads\\\/2024\\\/08\\\/speciali.jpg\",\"image_position\":\"center-center\",\"image_size\":\"cover\",\"style\":\"default\",\"title_breakpoint\":\"xl\",\"title_position\":\"top-left\",\"title_rotation\":\"left\",\"vertical_align\":\"middle\",\"width\":\"default\"},\"children\":[{\"type\":\"row\",\"children\":[{\"type\":\"column\",\"props\":{\"image_position\":\"center-center\",\"position_sticky_breakpoint\":\"m\"}}]}]},{\"type\":\"section\",\"props\":{\"css\":\".el-section > .uk-container{\\n\\tmargin-top:-150px;\\n    background-color:#fff;\\n    padding-top:50px;\\n    padding-bottom:50px;\\n}\",\"image_position\":\"center-center\",\"padding\":\"none\",\"style\":\"muted\",\"title_breakpoint\":\"xl\",\"title_position\":\"top-left\",\"title_rotation\":\"left\",\"vertical_align\":\"middle\",\"width\":\"xlarge\"},\"children\":[{\"type\":\"row\",\"props\":{\"layout\":\"1-2,1-2\"},\"children\":[{\"type\":\"column\",\"props\":{\"image_position\":\"center-center\",\"position_sticky_breakpoint\":\"m\",\"width_medium\":\"1-2\"},\"children\":[{\"type\":\"headline\",\"props\":{\"content\":\"PEGO SRL\",\"margin_remove_bottom\":true,\"title_element\":\"div\",\"title_style\":\"text-lead\"}},{\"type\":\"headline\",\"props\":{\"content\":\"Aplicaciones Especiales\",\"margin_remove_top\":true,\"title_element\":\"div\",\"title_style\":\"heading-medium\"}}]},{\"type\":\"column\",\"props\":{\"image_position\":\"center-center\",\"position_sticky_breakpoint\":\"m\",\"vertical_align\":\"middle\",\"width_medium\":\"1-2\"},\"children\":[{\"type\":\"text\",\"props\":{\"column_breakpoint\":\"m\",\"content\":\"\n\n<p style=\\\"text-align: right;\\\">Productos para la gesti\\u00f3n de aplicaciones especiales<\\\/p>\",\"margin\":\"default\"}}]}]}]},{\"type\":\"section\",\"props\":{\"image_position\":\"center-center\",\"style\":\"default\",\"title_breakpoint\":\"xl\",\"title_position\":\"top-left\",\"title_rotation\":\"left\",\"vertical_align\":\"middle\",\"width\":\"xlarge\"},\"children\":[{\"type\":\"row\",\"children\":[{\"type\":\"column\",\"props\":{\"image_position\":\"center-center\",\"position_sticky_breakpoint\":\"m\"},\"children\":[{\"type\":\"text\",\"props\":{\"column_breakpoint\":\"m\",\"content\":\"[pg_single_application]\",\"margin\":\"default\"}}]}]}]}],\"version\":\"1.0.0\"} --><\/p>\n","protected":false},"excerpt":{"rendered":"<p>PEGO SRL Aplicaciones Especiales Productos para la gesti\u00f3n de aplicaciones especiales<\/p>\n","protected":false},"author":1,"featured_media":9791,"parent":13703,"menu_order":0,"comment_status":"closed","ping_status":"closed","template":"","meta":{"_acf_changed":false,"footnotes":""},"class_list":["post-13724","page","type-page","status-publish","has-post-thumbnail","hentry"],"acf":[],"_links":{"self":[{"href":"https:\/\/pego.teknetservice.com\/es\/wp-json\/wp\/v2\/pages\/13724","targetHints":{"allow":["GET"]}}],"collection":[{"href":"https:\/\/pego.teknetservice.com\/es\/wp-json\/wp\/v2\/pages"}],"about":[{"href":"https:\/\/pego.teknetservice.com\/es\/wp-json\/wp\/v2\/types\/page"}],"author":[{"embeddable":true,"href":"https:\/\/pego.teknetservice.com\/es\/wp-json\/wp\/v2\/users\/1"}],"replies":[{"embeddable":true,"href":"https:\/\/pego.teknetservice.com\/es\/wp-json\/wp\/v2\/comments?post=13724"}],"version-history":[{"count":2,"href":"https:\/\/pego.teknetservice.com\/es\/wp-json\/wp\/v2\/pages\/13724\/revisions"}],"predecessor-version":[{"id":16542,"href":"https:\/\/pego.teknetservice.com\/es\/wp-json\/wp\/v2\/pages\/13724\/revisions\/16542"}],"up":[{"embeddable":true,"href":"https:\/\/pego.teknetservice.com\/es\/wp-json\/wp\/v2\/pages\/13703"}],"wp:featuredmedia":[{"embeddable":true,"href":"https:\/\/pego.teknetservice.com\/es\/wp-json\/wp\/v2\/media\/9791"}],"wp:attachment":[{"href":"https:\/\/pego.teknetservice.com\/es\/wp-json\/wp\/v2\/media?parent=13724"}],"curies":[{"name":"wp","href":"https:\/\/api.w.org\/{rel}","templated":true}]}}