{"id":13744,"date":"2024-08-28T13:05:51","date_gmt":"2024-08-28T13:05:51","guid":{"rendered":"https:\/\/www.pego.it\/aplicaciones\/bancadas-y-vitrinas-frigorificas\/"},"modified":"2024-09-27T12:56:06","modified_gmt":"2024-09-27T12:56:06","slug":"bancadas-y-vitrinas-frigorificas","status":"publish","type":"page","link":"https:\/\/pego.teknetservice.com\/es\/aplicaciones\/bancadas-y-vitrinas-frigorificas\/","title":{"rendered":"Bancadas y vitrinas frigor\u00ecficas"},"content":{"rendered":"<div>PEGO SRL<\/div>\n<div>Bancadas y vitrinas frigor\u00ecficas\n<\/div>\n<div>\n<p style=\"text-align: right;\">Productos y accesorios para mostradores y armarios refrigerados<\/p>\n<\/div>\n<div><div class=\"pg_app_container\"><div class=\"pg_app_post_type uk-margin-large-bottom\"><span class=\"uk-h3\">Electr\u00f3nica<\/span><br\/><span class=\"uk-heading-small uk-margin-bottom pg_app_parent\">Serie DIN NANO<\/span><div class=\"uk-grid uk-margin-medium-bottom uk-margin-small-top\"><div class=\"uk-width-1-3@m uk-width-1-2@s uk-margin-bottom\"><a href=\"https:\/\/pego.teknetservice.com\/es\/productos\/electronica-modular\/serie-din-nano\/din-nano-4ck\/\">\n                        <div class=\"pg_child_product_thumbnail\"><img loading=\"lazy\" decoding=\"async\" width=\"274\" height=\"300\" src=\"https:\/\/pego.teknetservice.com\/wp-content\/uploads\/2024\/05\/Pego-DIN-NANO-4CK-Perspective-274x300.png\" class=\"attachment-medium size-medium wp-post-image\" alt=\"Bancadas y vitrinas frigor\u00ecficas\" srcset=\"https:\/\/pego.teknetservice.com\/wp-content\/uploads\/2024\/05\/Pego-DIN-NANO-4CK-Perspective-274x300.png 274w, https:\/\/pego.teknetservice.com\/wp-content\/uploads\/2024\/05\/Pego-DIN-NANO-4CK-Perspective-934x1024.png 934w, https:\/\/pego.teknetservice.com\/wp-content\/uploads\/2024\/05\/Pego-DIN-NANO-4CK-Perspective-768x842.png 768w, https:\/\/pego.teknetservice.com\/wp-content\/uploads\/2024\/05\/Pego-DIN-NANO-4CK-Perspective.png 985w\" sizes=\"(max-width: 274px) 100vw, 274px\" \/><\/div>\n                    <\/a><a href=\"https:\/\/pego.teknetservice.com\/es\/productos\/electronica-modular\/serie-din-nano\/din-nano-4ck\/\" class=\"pg_prod_title\">DIN NANO 4CK<\/a><p class=\"pg_child_product_intro\">DIN NANO 4CK es un regulador electr\u00f3nico de 4 rel\u00e9s en barra DIN apto para la gesti\u00f3n de bancadas frigor\u00edficas, vitrinas y unidades frigor\u00edficas est\u00e1ticas o ventiladas...<\/p><a class=\"el-content uk-button uk-button-primary\" href=\"https:\/\/pego.teknetservice.com\/es\/productos\/electronica-modular\/serie-din-nano\/din-nano-4ck\/\" uk-scroll=\"\">Saber m\u00e1s<\/a><\/div><div class=\"uk-width-1-3@m uk-width-1-2@s uk-margin-bottom\"><a href=\"https:\/\/pego.teknetservice.com\/es\/productos\/electronica-modular\/serie-din-nano\/din-nano-5ck\/\">\n                        <div class=\"pg_child_product_thumbnail\"><img loading=\"lazy\" decoding=\"async\" width=\"274\" height=\"300\" src=\"https:\/\/pego.teknetservice.com\/wp-content\/uploads\/2024\/07\/Pego-DIN-NANO-5CK-Perspective-274x300.png\" class=\"attachment-medium size-medium wp-post-image\" alt=\"Bancadas y vitrinas frigor\u00ecficas\" srcset=\"https:\/\/pego.teknetservice.com\/wp-content\/uploads\/2024\/07\/Pego-DIN-NANO-5CK-Perspective-274x300.png 274w, https:\/\/pego.teknetservice.com\/wp-content\/uploads\/2024\/07\/Pego-DIN-NANO-5CK-Perspective-934x1024.png 934w, https:\/\/pego.teknetservice.com\/wp-content\/uploads\/2024\/07\/Pego-DIN-NANO-5CK-Perspective-768x842.png 768w, https:\/\/pego.teknetservice.com\/wp-content\/uploads\/2024\/07\/Pego-DIN-NANO-5CK-Perspective.png 985w\" sizes=\"(max-width: 274px) 100vw, 274px\" \/><\/div>\n                    <\/a><a href=\"https:\/\/pego.teknetservice.com\/es\/productos\/electronica-modular\/serie-din-nano\/din-nano-5ck\/\" class=\"pg_prod_title\">DIN\u00a0NANO 5CK<\/a><p class=\"pg_child_product_intro\">DIN NANO 5CK es un regulador electr\u00f3nico de 5 rel\u00e9s en barra DIN apto para la gesti\u00f3n de bancadas frigor\u00edficas, vitrinas y unidades frigor\u00edficas est\u00e1ticas o ventiladas...<\/p><a class=\"el-content uk-button uk-button-primary\" href=\"https:\/\/pego.teknetservice.com\/es\/productos\/electronica-modular\/serie-din-nano\/din-nano-5ck\/\" uk-scroll=\"\">Saber m\u00e1s<\/a><\/div><\/div><span class=\"uk-heading-small uk-margin-bottom pg_app_parent\">Serie NEXUS<\/span><div class=\"uk-grid uk-margin-medium-bottom uk-margin-small-top\"><div class=\"uk-width-1-3@m uk-width-1-2@s uk-margin-bottom\"><a href=\"https:\/\/pego.teknetservice.com\/es\/productos\/electronica-modular\/serie-nexus\/nexus-p20\/\">\n                        <div class=\"pg_child_product_thumbnail\"><img loading=\"lazy\" decoding=\"async\" width=\"300\" height=\"300\" src=\"https:\/\/pego.teknetservice.com\/wp-content\/uploads\/2024\/05\/NEXUSP20_prsp-300x300.png\" class=\"attachment-medium size-medium wp-post-image\" alt=\"Bancadas y vitrinas frigor\u00ecficas\" srcset=\"https:\/\/pego.teknetservice.com\/wp-content\/uploads\/2024\/05\/NEXUSP20_prsp-300x300.png 300w, https:\/\/pego.teknetservice.com\/wp-content\/uploads\/2024\/05\/NEXUSP20_prsp-150x150.png 150w, https:\/\/pego.teknetservice.com\/wp-content\/uploads\/2024\/05\/NEXUSP20_prsp-768x768.png 768w, https:\/\/pego.teknetservice.com\/wp-content\/uploads\/2024\/05\/NEXUSP20_prsp.png 800w\" sizes=\"(max-width: 300px) 100vw, 300px\" \/><\/div>\n                    <\/a><a href=\"https:\/\/pego.teknetservice.com\/es\/productos\/electronica-modular\/serie-nexus\/nexus-p20\/\" class=\"pg_prod_title\">NEXUS\u00a0P20<\/a><p class=\"pg_child_product_intro\">Regulador electr\u00f3nico para el control de la v\u00e1lvula de expansi\u00f3n electr\u00f3nica ON\/OFF con bobina 230\/110\/24 VAC o 24 VDC, con funciones de conectividad integradas a trav\u00e9s de la app MyPego.<\/p><a class=\"el-content uk-button uk-button-primary\" href=\"https:\/\/pego.teknetservice.com\/es\/productos\/electronica-modular\/serie-nexus\/nexus-p20\/\" uk-scroll=\"\">Saber m\u00e1s<\/a><\/div><div class=\"uk-width-1-3@m uk-width-1-2@s uk-margin-bottom\"><a href=\"https:\/\/pego.teknetservice.com\/es\/productos\/electronica-modular\/serie-nexus\/nexus-s27\/\">\n                        <div class=\"pg_child_product_thumbnail\"><img loading=\"lazy\" decoding=\"async\" width=\"300\" height=\"300\" src=\"https:\/\/pego.teknetservice.com\/wp-content\/uploads\/2024\/05\/NEXUSP20_prsp-300x300.png\" class=\"attachment-medium size-medium wp-post-image\" alt=\"Bancadas y vitrinas frigor\u00ecficas\" srcset=\"https:\/\/pego.teknetservice.com\/wp-content\/uploads\/2024\/05\/NEXUSP20_prsp-300x300.png 300w, https:\/\/pego.teknetservice.com\/wp-content\/uploads\/2024\/05\/NEXUSP20_prsp-150x150.png 150w, https:\/\/pego.teknetservice.com\/wp-content\/uploads\/2024\/05\/NEXUSP20_prsp-768x768.png 768w, https:\/\/pego.teknetservice.com\/wp-content\/uploads\/2024\/05\/NEXUSP20_prsp.png 800w\" sizes=\"(max-width: 300px) 100vw, 300px\" \/><\/div>\n                    <\/a><a href=\"https:\/\/pego.teknetservice.com\/es\/productos\/electronica-modular\/serie-nexus\/nexus-s27\/\" class=\"pg_prod_title\">NEXUS\u00a0S27<\/a><p class=\"pg_child_product_intro\">Regulador electr\u00f3nico para el control de la v\u00e1lvula de expansi\u00f3n electr\u00f3nica motorizada, con funciones de conectividad integradas a trav\u00e9s de la app MyPego.<\/p><a class=\"el-content uk-button uk-button-primary\" href=\"https:\/\/pego.teknetservice.com\/es\/productos\/electronica-modular\/serie-nexus\/nexus-s27\/\" uk-scroll=\"\">Saber m\u00e1s<\/a><\/div><\/div><span class=\"uk-heading-small uk-margin-bottom pg_app_parent\">Serie PEV<\/span><div class=\"uk-grid uk-margin-medium-bottom uk-margin-small-top\"><div class=\"uk-width-1-3@m uk-width-1-2@s uk-margin-bottom\"><a href=\"https:\/\/pego.teknetservice.com\/es\/productos\/electronica-modular\/serie-pev\/pev-p20\/\">\n                        <div class=\"pg_child_product_thumbnail\"><img loading=\"lazy\" decoding=\"async\" width=\"274\" height=\"300\" src=\"https:\/\/pego.teknetservice.com\/wp-content\/uploads\/2024\/05\/Pego-PEV-PULSE-Perspective-274x300.png\" class=\"attachment-medium size-medium wp-post-image\" alt=\"Bancadas y vitrinas frigor\u00ecficas\" srcset=\"https:\/\/pego.teknetservice.com\/wp-content\/uploads\/2024\/05\/Pego-PEV-PULSE-Perspective-274x300.png 274w, https:\/\/pego.teknetservice.com\/wp-content\/uploads\/2024\/05\/Pego-PEV-PULSE-Perspective-768x842.png 768w, https:\/\/pego.teknetservice.com\/wp-content\/uploads\/2024\/05\/Pego-PEV-PULSE-Perspective.png 800w\" sizes=\"(max-width: 274px) 100vw, 274px\" \/><\/div>\n                    <\/a><a href=\"https:\/\/pego.teknetservice.com\/es\/productos\/electronica-modular\/serie-pev\/pev-p20\/\" class=\"pg_prod_title\">PEV\u00a0P20<\/a><p class=\"pg_child_product_intro\">Regulador electr\u00f3nico para el control de la v\u00e1lvula de expansi\u00f3n electr\u00f3nica ON\/OFF con bobina a 230\/110\/24 V CA o 24 V CC. Es configurable con display remoto o display integrado.<\/p><a class=\"el-content uk-button uk-button-primary\" href=\"https:\/\/pego.teknetservice.com\/es\/productos\/electronica-modular\/serie-pev\/pev-p20\/\" uk-scroll=\"\">Saber m\u00e1s<\/a><\/div><div class=\"uk-width-1-3@m uk-width-1-2@s uk-margin-bottom\"><a href=\"https:\/\/pego.teknetservice.com\/es\/productos\/electronica-modular\/serie-pev\/pev-s27\/\">\n                        <div class=\"pg_child_product_thumbnail\"><img loading=\"lazy\" decoding=\"async\" width=\"300\" height=\"283\" src=\"https:\/\/pego.teknetservice.com\/wp-content\/uploads\/2024\/05\/elettronica-modulare-300x283.png\" class=\"attachment-medium size-medium wp-post-image\" alt=\"Bancadas y vitrinas frigor\u00ecficas\" srcset=\"https:\/\/pego.teknetservice.com\/wp-content\/uploads\/2024\/05\/elettronica-modulare-300x283.png 300w, https:\/\/pego.teknetservice.com\/wp-content\/uploads\/2024\/05\/elettronica-modulare.png 733w\" sizes=\"(max-width: 300px) 100vw, 300px\" \/><\/div>\n                    <\/a><a href=\"https:\/\/pego.teknetservice.com\/es\/productos\/electronica-modular\/serie-pev\/pev-s27\/\" class=\"pg_prod_title\">PEV\u00a0S27<\/a><p class=\"pg_child_product_intro\">Regulador electr\u00f3nico para el control de la v\u00e1lvula de expansi\u00f3n electr\u00f3nica motorizada. Puede configurarse con display remoto o display integrado.<\/p><a class=\"el-content uk-button uk-button-primary\" href=\"https:\/\/pego.teknetservice.com\/es\/productos\/electronica-modular\/serie-pev\/pev-s27\/\" uk-scroll=\"\">Saber m\u00e1s<\/a><\/div><\/div><\/div><div class=\"pg_app_post_type uk-margin-large-bottom\"><span class=\"uk-h3\">Termostato<\/span><br\/><div class=\"uk-grid uk-margin-medium-bottom uk-margin-small-top\"><div class=\"uk-width-1-3@m uk-width-1-2@s uk-margin-bottom\"><a href=\"https:\/\/pego.teknetservice.com\/es\/productos\/termostatos\/expert-nano-1lt\/\">\n                        <div class=\"pg_child_product_thumbnail\"><img loading=\"lazy\" decoding=\"async\" width=\"300\" height=\"180\" src=\"https:\/\/pego.teknetservice.com\/wp-content\/uploads\/2024\/05\/expert-nano-1lt-300x180.png\" class=\"attachment-medium size-medium wp-post-image\" alt=\"Bancadas y vitrinas frigor\u00ecficas\" srcset=\"https:\/\/pego.teknetservice.com\/wp-content\/uploads\/2024\/05\/expert-nano-1lt-300x180.png 300w, https:\/\/pego.teknetservice.com\/wp-content\/uploads\/2024\/05\/expert-nano-1lt-768x460.png 768w, https:\/\/pego.teknetservice.com\/wp-content\/uploads\/2024\/05\/expert-nano-1lt.png 800w\" sizes=\"(max-width: 300px) 100vw, 300px\" \/><\/div>\n                    <\/a><a href=\"https:\/\/pego.teknetservice.com\/es\/productos\/termostatos\/expert-nano-1lt\/\" class=\"pg_prod_title\">EXPERT NANO 1LT<\/a><p class=\"pg_child_product_intro\">Termoregolatore elettronico a 1 rel\u00e8 adatto per la gestione di celle frigorifere statiche funzionanti a temperatura normale e con possibilit\u00e0 di sbrinamento a sosta.<\/p><a class=\"el-content uk-button uk-button-primary\" href=\"https:\/\/pego.teknetservice.com\/es\/productos\/termostatos\/expert-nano-1lt\/\" uk-scroll=\"\">Saber m\u00e1s<\/a><\/div><div class=\"uk-width-1-3@m uk-width-1-2@s uk-margin-bottom\"><a href=\"https:\/\/pego.teknetservice.com\/es\/productos\/termostatos\/expert-nano-3cf\/\">\n                        <div class=\"pg_child_product_thumbnail\"><img loading=\"lazy\" decoding=\"async\" width=\"300\" height=\"180\" src=\"https:\/\/pego.teknetservice.com\/wp-content\/uploads\/2024\/05\/Pego-EXPERT-NANO-3CF-300x180.png\" class=\"attachment-medium size-medium wp-post-image\" alt=\"Bancadas y vitrinas frigor\u00ecficas\" srcset=\"https:\/\/pego.teknetservice.com\/wp-content\/uploads\/2024\/05\/Pego-EXPERT-NANO-3CF-300x180.png 300w, https:\/\/pego.teknetservice.com\/wp-content\/uploads\/2024\/05\/Pego-EXPERT-NANO-3CF-768x460.png 768w, https:\/\/pego.teknetservice.com\/wp-content\/uploads\/2024\/05\/Pego-EXPERT-NANO-3CF.png 850w\" sizes=\"(max-width: 300px) 100vw, 300px\" \/><\/div>\n                    <\/a><a href=\"https:\/\/pego.teknetservice.com\/es\/productos\/termostatos\/expert-nano-3cf\/\" class=\"pg_prod_title\">EXPERT NANO 3CF<\/a><p class=\"pg_child_product_intro\">EXPERT NANO 3CF es un regulador electr\u00f3nico a 3 rel\u00e9s con microprocesador para gestionar bancadas frigor\u00edficas, vitrinas y unidades frigor\u00edficas est\u00e1ticas o ventiladas con descongelaci\u00f3n por parada.<\/p><a class=\"el-content uk-button uk-button-primary\" href=\"https:\/\/pego.teknetservice.com\/es\/productos\/termostatos\/expert-nano-3cf\/\" uk-scroll=\"\">Saber m\u00e1s<\/a><\/div><div class=\"uk-width-1-3@m uk-width-1-2@s uk-margin-bottom\"><a href=\"https:\/\/pego.teknetservice.com\/es\/productos\/termostatos\/expert-nano-4ck\/\">\n                        <div class=\"pg_child_product_thumbnail\"><img loading=\"lazy\" decoding=\"async\" width=\"300\" height=\"180\" src=\"https:\/\/pego.teknetservice.com\/wp-content\/uploads\/2024\/05\/Pego-EXPERT-NANO-4CK-300x180.png\" class=\"attachment-medium size-medium wp-post-image\" alt=\"Bancadas y vitrinas frigor\u00ecficas\" srcset=\"https:\/\/pego.teknetservice.com\/wp-content\/uploads\/2024\/05\/Pego-EXPERT-NANO-4CK-300x180.png 300w, https:\/\/pego.teknetservice.com\/wp-content\/uploads\/2024\/05\/Pego-EXPERT-NANO-4CK-768x460.png 768w, https:\/\/pego.teknetservice.com\/wp-content\/uploads\/2024\/05\/Pego-EXPERT-NANO-4CK.png 850w\" sizes=\"(max-width: 300px) 100vw, 300px\" \/><\/div>\n                    <\/a><a href=\"https:\/\/pego.teknetservice.com\/es\/productos\/termostatos\/expert-nano-4ck\/\" class=\"pg_prod_title\">EXPERT NANO 4CK<\/a><p class=\"pg_child_product_intro\">EXPERT NANO 4CK es un regulador electr\u00f3nico de 4 rel\u00e9s apto para la gesti\u00f3n de bancadas frigor\u00edficas, vitrinas y unidades frigor\u00edficas est\u00e1ticas o ventiladas, con descongelaci\u00f3n por parada o el\u00e9ctrica con reloj integrado (RTC). <\/p><a class=\"el-content uk-button uk-button-primary\" href=\"https:\/\/pego.teknetservice.com\/es\/productos\/termostatos\/expert-nano-4ck\/\" uk-scroll=\"\">Saber m\u00e1s<\/a><\/div><\/div><\/div><\/div><\/div>\n<p><!--more--><br \/>\n<!-- {\"type\":\"layout\",\"children\":[{\"type\":\"section\",\"props\":{\"header_transparent\":true,\"header_transparent_text_color\":\"light\",\"height\":\"viewport\",\"height_viewport\":80,\"image\":\"wp-content\\\/uploads\\\/2024\\\/08\\\/banchi-1.jpg\",\"image_position\":\"center-center\",\"image_size\":\"cover\",\"style\":\"default\",\"title_breakpoint\":\"xl\",\"title_position\":\"top-left\",\"title_rotation\":\"left\",\"vertical_align\":\"middle\",\"width\":\"default\"},\"children\":[{\"type\":\"row\",\"children\":[{\"type\":\"column\",\"props\":{\"image_position\":\"center-center\",\"position_sticky_breakpoint\":\"m\"}}]}]},{\"type\":\"section\",\"props\":{\"css\":\".el-section > .uk-container{\\n\\tmargin-top:-150px;\\n    background-color:#fff;\\n    padding-top:50px;\\n    padding-bottom:50px;\\n}\",\"image_position\":\"center-center\",\"padding\":\"none\",\"style\":\"muted\",\"title_breakpoint\":\"xl\",\"title_position\":\"top-left\",\"title_rotation\":\"left\",\"vertical_align\":\"middle\",\"width\":\"xlarge\"},\"children\":[{\"type\":\"row\",\"props\":{\"layout\":\"1-2,1-2\"},\"children\":[{\"type\":\"column\",\"props\":{\"image_position\":\"center-center\",\"position_sticky_breakpoint\":\"m\",\"width_medium\":\"1-2\"},\"children\":[{\"type\":\"headline\",\"props\":{\"content\":\"PEGO SRL\",\"margin_remove_bottom\":true,\"title_element\":\"div\",\"title_style\":\"text-lead\"}},{\"type\":\"headline\",\"props\":{\"content\":\"Bancadas y vitrinas frigor\\u00ecficas\\n\",\"margin_remove_top\":true,\"title_element\":\"div\",\"title_style\":\"heading-medium\"}}]},{\"type\":\"column\",\"props\":{\"image_position\":\"center-center\",\"position_sticky_breakpoint\":\"m\",\"vertical_align\":\"middle\",\"width_medium\":\"1-2\"},\"children\":[{\"type\":\"text\",\"props\":{\"column_breakpoint\":\"m\",\"content\":\"\n\n<p style=\\\"text-align: right;\\\">Productos y accesorios para mostradores y armarios refrigerados<\\\/p>\",\"margin\":\"default\"}}]}]}]},{\"type\":\"section\",\"props\":{\"image_position\":\"center-center\",\"style\":\"default\",\"title_breakpoint\":\"xl\",\"title_position\":\"top-left\",\"title_rotation\":\"left\",\"vertical_align\":\"middle\",\"width\":\"xlarge\"},\"children\":[{\"type\":\"row\",\"children\":[{\"type\":\"column\",\"props\":{\"image_position\":\"center-center\",\"position_sticky_breakpoint\":\"m\"},\"children\":[{\"type\":\"text\",\"props\":{\"column_breakpoint\":\"m\",\"content\":\"[pg_single_application]\",\"margin\":\"default\"}}]}]}]}],\"version\":\"1.0.0\"} --><\/p>\n","protected":false},"excerpt":{"rendered":"<p>PEGO SRL Bancadas y vitrinas frigor\u00ecficas Productos y accesorios para mostradores y armarios refrigerados<\/p>\n","protected":false},"author":1,"featured_media":9582,"parent":13703,"menu_order":0,"comment_status":"closed","ping_status":"closed","template":"","meta":{"_acf_changed":false,"footnotes":""},"class_list":["post-13744","page","type-page","status-publish","has-post-thumbnail","hentry"],"acf":[],"_links":{"self":[{"href":"https:\/\/pego.teknetservice.com\/es\/wp-json\/wp\/v2\/pages\/13744","targetHints":{"allow":["GET"]}}],"collection":[{"href":"https:\/\/pego.teknetservice.com\/es\/wp-json\/wp\/v2\/pages"}],"about":[{"href":"https:\/\/pego.teknetservice.com\/es\/wp-json\/wp\/v2\/types\/page"}],"author":[{"embeddable":true,"href":"https:\/\/pego.teknetservice.com\/es\/wp-json\/wp\/v2\/users\/1"}],"replies":[{"embeddable":true,"href":"https:\/\/pego.teknetservice.com\/es\/wp-json\/wp\/v2\/comments?post=13744"}],"version-history":[{"count":2,"href":"https:\/\/pego.teknetservice.com\/es\/wp-json\/wp\/v2\/pages\/13744\/revisions"}],"predecessor-version":[{"id":16546,"href":"https:\/\/pego.teknetservice.com\/es\/wp-json\/wp\/v2\/pages\/13744\/revisions\/16546"}],"up":[{"embeddable":true,"href":"https:\/\/pego.teknetservice.com\/es\/wp-json\/wp\/v2\/pages\/13703"}],"wp:featuredmedia":[{"embeddable":true,"href":"https:\/\/pego.teknetservice.com\/es\/wp-json\/wp\/v2\/media\/9582"}],"wp:attachment":[{"href":"https:\/\/pego.teknetservice.com\/es\/wp-json\/wp\/v2\/media?parent=13744"}],"curies":[{"name":"wp","href":"https:\/\/api.w.org\/{rel}","templated":true}]}}