{"id":13793,"date":"2024-08-28T13:22:46","date_gmt":"2024-08-28T13:22:46","guid":{"rendered":"https:\/\/www.pego.it\/aplicaciones\/datalogger\/"},"modified":"2024-09-27T12:58:23","modified_gmt":"2024-09-27T12:58:23","slug":"datalogger-es","status":"publish","type":"page","link":"https:\/\/pego.teknetservice.com\/es\/aplicaciones\/datalogger-es\/","title":{"rendered":"Datalogger"},"content":{"rendered":"<div>PEGO SRL<\/div>\n<div>Datalogger<\/div>\n<div>\n<p style=\"text-align: right;\">Controladores y cuadros el\u00e9ctricos con funci\u00f3n de registrador de datos para registrar las temperaturas y alarmas de las c\u00e1maras<\/p>\n<\/div>\n<div><div class=\"pg_app_container\"><div class=\"pg_app_post_type uk-margin-large-bottom\"><span class=\"uk-h3\">Cuadros Electricos<\/span><br\/><span class=\"uk-heading-small uk-margin-bottom pg_app_parent\">Serie PLUS EXPERT<\/span><div class=\"uk-grid uk-margin-medium-bottom uk-margin-small-top\"><div class=\"uk-width-1-3@m uk-width-1-2@s uk-margin-bottom\"><a href=\"https:\/\/pego.teknetservice.com\/es\/productos\/cuadros-electricos\/serie-plus-expert\/plusr-200-expert\/\">\n                        <div class=\"pg_child_product_thumbnail\"><img loading=\"lazy\" decoding=\"async\" width=\"300\" height=\"275\" src=\"https:\/\/pego.teknetservice.com\/wp-content\/uploads\/2024\/08\/Pego-PLUSR-200-EXPERT-DATALOGGER-300x275.png\" class=\"attachment-medium size-medium wp-post-image\" alt=\"Datalogger\" srcset=\"https:\/\/pego.teknetservice.com\/wp-content\/uploads\/2024\/08\/Pego-PLUSR-200-EXPERT-DATALOGGER-300x275.png 300w, https:\/\/pego.teknetservice.com\/wp-content\/uploads\/2024\/08\/Pego-PLUSR-200-EXPERT-DATALOGGER-1024x939.png 1024w, https:\/\/pego.teknetservice.com\/wp-content\/uploads\/2024\/08\/Pego-PLUSR-200-EXPERT-DATALOGGER-768x704.png 768w, https:\/\/pego.teknetservice.com\/wp-content\/uploads\/2024\/08\/Pego-PLUSR-200-EXPERT-DATALOGGER.png 1178w\" sizes=\"(max-width: 300px) 100vw, 300px\" \/><\/div>\n                    <\/a><a href=\"https:\/\/pego.teknetservice.com\/es\/productos\/cuadros-electricos\/serie-plus-expert\/plusr-200-expert\/\" class=\"pg_prod_title\">PLUSR 200 EXPERT<\/a><p class=\"pg_child_product_intro\">Cuadro de control para la gesti\u00f3n completa de celdas frigor\u00edficas con compresor monof\u00e1sico hasta 2 HP y funci\u00f3n Datalogger...<\/p><a class=\"el-content uk-button uk-button-primary\" href=\"https:\/\/pego.teknetservice.com\/es\/productos\/cuadros-electricos\/serie-plus-expert\/plusr-200-expert\/\" uk-scroll=\"\">Saber m\u00e1s<\/a><\/div><div class=\"uk-width-1-3@m uk-width-1-2@s uk-margin-bottom\"><a href=\"https:\/\/pego.teknetservice.com\/es\/productos\/cuadros-electricos\/serie-plus-expert\/plusr-300-expert-u-vd\/\">\n                        <div class=\"pg_child_product_thumbnail\"><img loading=\"lazy\" decoding=\"async\" width=\"300\" height=\"287\" src=\"https:\/\/pego.teknetservice.com\/wp-content\/uploads\/2024\/08\/Pego-PLUSR-300-EXPERT-U-VD-DATALOGGER-300x287.png\" class=\"attachment-medium size-medium wp-post-image\" alt=\"Datalogger\" srcset=\"https:\/\/pego.teknetservice.com\/wp-content\/uploads\/2024\/08\/Pego-PLUSR-300-EXPERT-U-VD-DATALOGGER-300x287.png 300w, https:\/\/pego.teknetservice.com\/wp-content\/uploads\/2024\/08\/Pego-PLUSR-300-EXPERT-U-VD-DATALOGGER-1024x979.png 1024w, https:\/\/pego.teknetservice.com\/wp-content\/uploads\/2024\/08\/Pego-PLUSR-300-EXPERT-U-VD-DATALOGGER-768x734.png 768w, https:\/\/pego.teknetservice.com\/wp-content\/uploads\/2024\/08\/Pego-PLUSR-300-EXPERT-U-VD-DATALOGGER.png 1130w\" sizes=\"(max-width: 300px) 100vw, 300px\" \/><\/div>\n                    <\/a><a href=\"https:\/\/pego.teknetservice.com\/es\/productos\/cuadros-electricos\/serie-plus-expert\/plusr-300-expert-u-vd\/\" class=\"pg_prod_title\">PLUSR 300 EXPERT U VD<\/a><p class=\"pg_child_product_intro\">L\u00ednea de cuadros de potencia y control con funci\u00f3n datalogger dedicados a la gesti\u00f3n de una sola unidad de evaporaci\u00f3n trif\u00e1sica en donde los servicios se combinan a una central frigor\u00edfica...\r\n\r\n<\/p><a class=\"el-content uk-button uk-button-primary\" href=\"https:\/\/pego.teknetservice.com\/es\/productos\/cuadros-electricos\/serie-plus-expert\/plusr-300-expert-u-vd\/\" uk-scroll=\"\">Saber m\u00e1s<\/a><\/div><div class=\"uk-width-1-3@m uk-width-1-2@s uk-margin-bottom\"><a href=\"https:\/\/pego.teknetservice.com\/es\/productos\/cuadros-electricos\/serie-plus-expert\/plusr-300-expert-vd\/\">\n                        <div class=\"pg_child_product_thumbnail\"><img loading=\"lazy\" decoding=\"async\" width=\"300\" height=\"287\" src=\"https:\/\/pego.teknetservice.com\/wp-content\/uploads\/2024\/08\/Pego-PLUSR-300-EXPERT-DATALOGGER-300x287.png\" class=\"attachment-medium size-medium wp-post-image\" alt=\"Datalogger\" srcset=\"https:\/\/pego.teknetservice.com\/wp-content\/uploads\/2024\/08\/Pego-PLUSR-300-EXPERT-DATALOGGER-300x287.png 300w, https:\/\/pego.teknetservice.com\/wp-content\/uploads\/2024\/08\/Pego-PLUSR-300-EXPERT-DATALOGGER-1024x979.png 1024w, https:\/\/pego.teknetservice.com\/wp-content\/uploads\/2024\/08\/Pego-PLUSR-300-EXPERT-DATALOGGER-768x734.png 768w, https:\/\/pego.teknetservice.com\/wp-content\/uploads\/2024\/08\/Pego-PLUSR-300-EXPERT-DATALOGGER.png 1130w\" sizes=\"(max-width: 300px) 100vw, 300px\" \/><\/div>\n                    <\/a><a href=\"https:\/\/pego.teknetservice.com\/es\/productos\/cuadros-electricos\/serie-plus-expert\/plusr-300-expert-vd\/\" class=\"pg_prod_title\">PLUSR 300 EXPERT VD<\/a><p class=\"pg_child_product_intro\">Cuadro de control para la gesti\u00f3n completa de celdas frigor\u00edficas con compresor trif\u00e1sico hasta 7,5 HP y funci\u00f3n Datalogger...\r\n\r\n<\/p><a class=\"el-content uk-button uk-button-primary\" href=\"https:\/\/pego.teknetservice.com\/es\/productos\/cuadros-electricos\/serie-plus-expert\/plusr-300-expert-vd\/\" uk-scroll=\"\">Saber m\u00e1s<\/a><\/div><div class=\"uk-width-1-3@m uk-width-1-2@s uk-margin-bottom\"><a href=\"https:\/\/pego.teknetservice.com\/es\/productos\/cuadros-electricos\/serie-plus-expert\/plusr-expert-dl3\/\">\n                        <div class=\"pg_child_product_thumbnail\"><img loading=\"lazy\" decoding=\"async\" width=\"300\" height=\"275\" src=\"https:\/\/pego.teknetservice.com\/wp-content\/uploads\/2024\/08\/Pego-PLUSR-EXPERT-DL3-DATALOGGER-300x275.png\" class=\"attachment-medium size-medium wp-post-image\" alt=\"Datalogger\" srcset=\"https:\/\/pego.teknetservice.com\/wp-content\/uploads\/2024\/08\/Pego-PLUSR-EXPERT-DL3-DATALOGGER-300x275.png 300w, https:\/\/pego.teknetservice.com\/wp-content\/uploads\/2024\/08\/Pego-PLUSR-EXPERT-DL3-DATALOGGER-1024x939.png 1024w, https:\/\/pego.teknetservice.com\/wp-content\/uploads\/2024\/08\/Pego-PLUSR-EXPERT-DL3-DATALOGGER-768x704.png 768w, https:\/\/pego.teknetservice.com\/wp-content\/uploads\/2024\/08\/Pego-PLUSR-EXPERT-DL3-DATALOGGER.png 1178w\" sizes=\"(max-width: 300px) 100vw, 300px\" \/><\/div>\n                    <\/a><a href=\"https:\/\/pego.teknetservice.com\/es\/productos\/cuadros-electricos\/serie-plus-expert\/plusr-expert-dl3\/\" class=\"pg_prod_title\">PLUSR EXPERT DL3<\/a><p class=\"pg_child_product_intro\">Registrador de temperatura con tres canales, para cada uno de los cuales se puede monitorear y memorizar, a intervalos regulares, la temperatura, el estado de una entrada digital y las alarmas que han intervenido.\r\n\r\n<\/p><a class=\"el-content uk-button uk-button-primary\" href=\"https:\/\/pego.teknetservice.com\/es\/productos\/cuadros-electricos\/serie-plus-expert\/plusr-expert-dl3\/\" uk-scroll=\"\">Saber m\u00e1s<\/a><\/div><div class=\"uk-width-1-3@m uk-width-1-2@s uk-margin-bottom\"><a href=\"https:\/\/pego.teknetservice.com\/es\/productos\/cuadros-electricos\/serie-plus-expert\/plusr-expert-dl8\/\">\n                        <div class=\"pg_child_product_thumbnail\"><img loading=\"lazy\" decoding=\"async\" width=\"300\" height=\"275\" src=\"https:\/\/pego.teknetservice.com\/wp-content\/uploads\/2024\/08\/Pego-PLUSR-EXPERT-DL8-DATALOGGER-300x275.png\" class=\"attachment-medium size-medium wp-post-image\" alt=\"Datalogger\" srcset=\"https:\/\/pego.teknetservice.com\/wp-content\/uploads\/2024\/08\/Pego-PLUSR-EXPERT-DL8-DATALOGGER-300x275.png 300w, https:\/\/pego.teknetservice.com\/wp-content\/uploads\/2024\/08\/Pego-PLUSR-EXPERT-DL8-DATALOGGER-1024x939.png 1024w, https:\/\/pego.teknetservice.com\/wp-content\/uploads\/2024\/08\/Pego-PLUSR-EXPERT-DL8-DATALOGGER-768x704.png 768w, https:\/\/pego.teknetservice.com\/wp-content\/uploads\/2024\/08\/Pego-PLUSR-EXPERT-DL8-DATALOGGER.png 1178w\" sizes=\"(max-width: 300px) 100vw, 300px\" \/><\/div>\n                    <\/a><a href=\"https:\/\/pego.teknetservice.com\/es\/productos\/cuadros-electricos\/serie-plus-expert\/plusr-expert-dl8\/\" class=\"pg_prod_title\">PLUSR EXPERT DL8<\/a><p class=\"pg_child_product_intro\">Registrador de temperatura con ocho canales, para cada uno de los cuales se puede monitorear y memorizar, a intervalos regulares, la temperatura y las alarmas que han intervenido.\r\n\r\n<\/p><a class=\"el-content uk-button uk-button-primary\" href=\"https:\/\/pego.teknetservice.com\/es\/productos\/cuadros-electricos\/serie-plus-expert\/plusr-expert-dl8\/\" uk-scroll=\"\">Saber m\u00e1s<\/a><\/div><\/div><\/div><\/div><\/div>\n<p><!--more--><br \/>\n<!-- {\"type\":\"layout\",\"children\":[{\"type\":\"section\",\"props\":{\"header_transparent\":true,\"header_transparent_text_color\":\"light\",\"height\":\"viewport\",\"height_viewport\":80,\"image\":\"wp-content\\\/uploads\\\/2024\\\/08\\\/datalogger.jpg\",\"image_position\":\"center-center\",\"image_size\":\"cover\",\"style\":\"default\",\"title_breakpoint\":\"xl\",\"title_position\":\"top-left\",\"title_rotation\":\"left\",\"vertical_align\":\"middle\",\"width\":\"default\"},\"children\":[{\"type\":\"row\",\"children\":[{\"type\":\"column\",\"props\":{\"image_position\":\"center-center\",\"position_sticky_breakpoint\":\"m\"}}]}]},{\"type\":\"section\",\"props\":{\"css\":\".el-section > .uk-container{\\n\\tmargin-top:-150px;\\n    background-color:#fff;\\n    padding-top:50px;\\n    padding-bottom:50px;\\n}\",\"image_position\":\"center-center\",\"padding\":\"none\",\"style\":\"muted\",\"title_breakpoint\":\"xl\",\"title_position\":\"top-left\",\"title_rotation\":\"left\",\"vertical_align\":\"middle\",\"width\":\"xlarge\"},\"children\":[{\"type\":\"row\",\"props\":{\"layout\":\"1-2,1-2\"},\"children\":[{\"type\":\"column\",\"props\":{\"image_position\":\"center-center\",\"position_sticky_breakpoint\":\"m\",\"width_medium\":\"1-2\"},\"children\":[{\"type\":\"headline\",\"props\":{\"content\":\"PEGO SRL\",\"margin_remove_bottom\":true,\"title_element\":\"div\",\"title_style\":\"text-lead\"}},{\"type\":\"headline\",\"props\":{\"content\":\"Datalogger\",\"margin_remove_top\":true,\"title_element\":\"div\",\"title_style\":\"heading-medium\"}}]},{\"type\":\"column\",\"props\":{\"image_position\":\"center-center\",\"position_sticky_breakpoint\":\"m\",\"vertical_align\":\"middle\",\"width_medium\":\"1-2\"},\"children\":[{\"type\":\"text\",\"props\":{\"column_breakpoint\":\"m\",\"content\":\"\n\n<p style=\\\"text-align: right;\\\">Controladores y cuadros el\\u00e9ctricos con funci\\u00f3n de registrador de datos para registrar las temperaturas y alarmas de las c\\u00e1maras<\\\/p>\",\"margin\":\"default\"}}]}]}]},{\"type\":\"section\",\"props\":{\"image_position\":\"center-center\",\"style\":\"default\",\"title_breakpoint\":\"xl\",\"title_position\":\"top-left\",\"title_rotation\":\"left\",\"vertical_align\":\"middle\",\"width\":\"xlarge\"},\"children\":[{\"type\":\"row\",\"children\":[{\"type\":\"column\",\"props\":{\"image_position\":\"center-center\",\"position_sticky_breakpoint\":\"m\"},\"children\":[{\"type\":\"text\",\"props\":{\"column_breakpoint\":\"m\",\"content\":\"[pg_single_application]\",\"margin\":\"default\"}}]}]}]}],\"version\":\"1.0.0\"} --><\/p>\n","protected":false},"excerpt":{"rendered":"<p>PEGO SRL Datalogger Controladores y cuadros el\u00e9ctricos con funci\u00f3n de registrador de datos para registrar las temperaturas y alarmas de las c\u00e1maras<\/p>\n","protected":false},"author":1,"featured_media":9598,"parent":13703,"menu_order":0,"comment_status":"closed","ping_status":"closed","template":"","meta":{"_acf_changed":false,"footnotes":""},"class_list":["post-13793","page","type-page","status-publish","has-post-thumbnail","hentry"],"acf":[],"_links":{"self":[{"href":"https:\/\/pego.teknetservice.com\/es\/wp-json\/wp\/v2\/pages\/13793","targetHints":{"allow":["GET"]}}],"collection":[{"href":"https:\/\/pego.teknetservice.com\/es\/wp-json\/wp\/v2\/pages"}],"about":[{"href":"https:\/\/pego.teknetservice.com\/es\/wp-json\/wp\/v2\/types\/page"}],"author":[{"embeddable":true,"href":"https:\/\/pego.teknetservice.com\/es\/wp-json\/wp\/v2\/users\/1"}],"replies":[{"embeddable":true,"href":"https:\/\/pego.teknetservice.com\/es\/wp-json\/wp\/v2\/comments?post=13793"}],"version-history":[{"count":2,"href":"https:\/\/pego.teknetservice.com\/es\/wp-json\/wp\/v2\/pages\/13793\/revisions"}],"predecessor-version":[{"id":16550,"href":"https:\/\/pego.teknetservice.com\/es\/wp-json\/wp\/v2\/pages\/13793\/revisions\/16550"}],"up":[{"embeddable":true,"href":"https:\/\/pego.teknetservice.com\/es\/wp-json\/wp\/v2\/pages\/13703"}],"wp:featuredmedia":[{"embeddable":true,"href":"https:\/\/pego.teknetservice.com\/es\/wp-json\/wp\/v2\/media\/9598"}],"wp:attachment":[{"href":"https:\/\/pego.teknetservice.com\/es\/wp-json\/wp\/v2\/media?parent=13793"}],"curies":[{"name":"wp","href":"https:\/\/api.w.org\/{rel}","templated":true}]}}