{"id":13800,"date":"2024-08-28T13:49:01","date_gmt":"2024-08-28T13:49:01","guid":{"rendered":"https:\/\/www.pego.it\/aplicaciones\/doble-sistema-de-seguridad\/"},"modified":"2024-09-27T12:59:53","modified_gmt":"2024-09-27T12:59:53","slug":"doble-sistema-de-seguridad","status":"publish","type":"page","link":"https:\/\/pego.teknetservice.com\/es\/aplicaciones\/doble-sistema-de-seguridad\/","title":{"rendered":"Doble sistema de seguridad"},"content":{"rendered":"<div>PEGO SRL<\/div>\n<div>Doble sistema de seguridad<\/div>\n<div>\n<p>Controladores y cuadros el\u00e9ctricos para la gesti\u00f3n completa de la c\u00e1mara frigor\u00edfica equipada con doble instalaci\u00f3n y doble sonda de seguridad. Posibilidad de gestionar hasta dos compresores y dos evaporadores trabajando con llamada rotatoria o con doble punto de ajuste.<\/p>\n<\/div>\n<div><div class=\"pg_app_container\"><div class=\"pg_app_post_type uk-margin-large-bottom\"><span class=\"uk-h3\">Electr\u00f3nica<\/span><br\/><span class=\"uk-heading-small uk-margin-bottom pg_app_parent\">Serie PLUS100<\/span><div class=\"uk-grid uk-margin-medium-bottom uk-margin-small-top\"><div class=\"uk-width-1-3@m uk-width-1-2@s uk-margin-bottom\"><a href=\"https:\/\/pego.teknetservice.com\/es\/productos\/electronica-modular\/serie-plus100\/plus100-2plt\/\">\n                        <div class=\"pg_child_product_thumbnail\"><img loading=\"lazy\" decoding=\"async\" width=\"300\" height=\"296\" src=\"https:\/\/pego.teknetservice.com\/wp-content\/uploads\/2024\/07\/Pego-PLUS100-2PLT-Perspective-300x296.png\" class=\"attachment-medium size-medium wp-post-image\" alt=\"Doble sistema de seguridad\" srcset=\"https:\/\/pego.teknetservice.com\/wp-content\/uploads\/2024\/07\/Pego-PLUS100-2PLT-Perspective-300x296.png 300w, https:\/\/pego.teknetservice.com\/wp-content\/uploads\/2024\/07\/Pego-PLUS100-2PLT-Perspective-1024x1011.png 1024w, https:\/\/pego.teknetservice.com\/wp-content\/uploads\/2024\/07\/Pego-PLUS100-2PLT-Perspective-768x758.png 768w, https:\/\/pego.teknetservice.com\/wp-content\/uploads\/2024\/07\/Pego-PLUS100-2PLT-Perspective.png 1094w\" sizes=\"(max-width: 300px) 100vw, 300px\" \/><\/div>\n                    <\/a><a href=\"https:\/\/pego.teknetservice.com\/es\/productos\/electronica-modular\/serie-plus100\/plus100-2plt\/\" class=\"pg_prod_title\">PLUS100 2PLT<\/a><p class=\"pg_child_product_intro\">Control electr\u00f3nico para la gesti\u00f3n de la doble instalaci\u00f3n. Se pueden administrar hasta dos compresores y dos evaporadores trabajando con llamada de rotaci\u00f3n...<\/p><a class=\"el-content uk-button uk-button-primary\" href=\"https:\/\/pego.teknetservice.com\/es\/productos\/electronica-modular\/serie-plus100\/plus100-2plt\/\" uk-scroll=\"\">Saber m\u00e1s<\/a><\/div><\/div><span class=\"uk-heading-small uk-margin-bottom pg_app_parent\">Serie VISION<\/span><div class=\"uk-grid uk-margin-medium-bottom uk-margin-small-top\"><div class=\"uk-width-1-3@m uk-width-1-2@s uk-margin-bottom\"><a href=\"https:\/\/pego.teknetservice.com\/es\/productos\/electronica-modular\/serie-vision\/vision-2plt\/\">\n                        <div class=\"pg_child_product_thumbnail\"><img loading=\"lazy\" decoding=\"async\" width=\"300\" height=\"224\" src=\"https:\/\/pego.teknetservice.com\/wp-content\/uploads\/2024\/07\/Pego-VISION-2PLT100N-Master-Perspective-300x224.png\" class=\"attachment-medium size-medium wp-post-image\" alt=\"Doble sistema de seguridad\" srcset=\"https:\/\/pego.teknetservice.com\/wp-content\/uploads\/2024\/07\/Pego-VISION-2PLT100N-Master-Perspective-300x224.png 300w, https:\/\/pego.teknetservice.com\/wp-content\/uploads\/2024\/07\/Pego-VISION-2PLT100N-Master-Perspective-1024x765.png 1024w, https:\/\/pego.teknetservice.com\/wp-content\/uploads\/2024\/07\/Pego-VISION-2PLT100N-Master-Perspective-768x574.png 768w, https:\/\/pego.teknetservice.com\/wp-content\/uploads\/2024\/07\/Pego-VISION-2PLT100N-Master-Perspective.png 1445w\" sizes=\"(max-width: 300px) 100vw, 300px\" \/><\/div>\n                    <\/a><a href=\"https:\/\/pego.teknetservice.com\/es\/productos\/electronica-modular\/serie-vision\/vision-2plt\/\" class=\"pg_prod_title\">VISION 2PLT<\/a><p class=\"pg_child_product_intro\">Control electr\u00f3nico para la gesti\u00f3n de la doble instalaci\u00f3n con la posibilidad de insertar una sonda secundaria para garantizar el funcionamiento adecuado del sistema en caso de fallo de la sonda principal.<\/p><a class=\"el-content uk-button uk-button-primary\" href=\"https:\/\/pego.teknetservice.com\/es\/productos\/electronica-modular\/serie-vision\/vision-2plt\/\" uk-scroll=\"\">Saber m\u00e1s<\/a><\/div><\/div><\/div><div class=\"pg_app_post_type uk-margin-large-bottom\"><span class=\"uk-h3\">Cuadros Electricos<\/span><br\/><span class=\"uk-heading-small uk-margin-bottom pg_app_parent\">Serie PLUS<\/span><div class=\"uk-grid uk-margin-medium-bottom uk-margin-small-top\"><div class=\"uk-width-1-3@m uk-width-1-2@s uk-margin-bottom\"><a href=\"https:\/\/pego.teknetservice.com\/es\/productos\/cuadros-electricos\/serie-plus\/plus200-2plt\/\">\n                        <div class=\"pg_child_product_thumbnail\"><img loading=\"lazy\" decoding=\"async\" width=\"270\" height=\"300\" src=\"https:\/\/pego.teknetservice.com\/wp-content\/uploads\/2024\/07\/Pego-PLUS-200-2PLT-270x300.png\" class=\"attachment-medium size-medium wp-post-image\" alt=\"Doble sistema de seguridad\" srcset=\"https:\/\/pego.teknetservice.com\/wp-content\/uploads\/2024\/07\/Pego-PLUS-200-2PLT-270x300.png 270w, https:\/\/pego.teknetservice.com\/wp-content\/uploads\/2024\/07\/Pego-PLUS-200-2PLT-922x1024.png 922w, https:\/\/pego.teknetservice.com\/wp-content\/uploads\/2024\/07\/Pego-PLUS-200-2PLT-768x853.png 768w, https:\/\/pego.teknetservice.com\/wp-content\/uploads\/2024\/07\/Pego-PLUS-200-2PLT.png 972w\" sizes=\"(max-width: 270px) 100vw, 270px\" \/><\/div>\n                    <\/a><a href=\"https:\/\/pego.teknetservice.com\/es\/productos\/cuadros-electricos\/serie-plus\/plus200-2plt\/\" class=\"pg_prod_title\">PLUS200\u00a02PLT<\/a><p class=\"pg_child_product_intro\">Control electr\u00f3nico para la gesti\u00f3n de la doble instalaci\u00f3n. Se pueden administrar hasta dos compresores y dos evaporadores trabajando con llamada de rotaci\u00f3n...<\/p><a class=\"el-content uk-button uk-button-primary\" href=\"https:\/\/pego.teknetservice.com\/es\/productos\/cuadros-electricos\/serie-plus\/plus200-2plt\/\" uk-scroll=\"\">Saber m\u00e1s<\/a><\/div><\/div><\/div><\/div><\/div>\n<p><!--more--><br \/>\n<!-- {\"type\":\"layout\",\"children\":[{\"type\":\"section\",\"props\":{\"header_transparent\":true,\"header_transparent_text_color\":\"light\",\"height\":\"viewport\",\"height_viewport\":80,\"image\":\"wp-content\\\/uploads\\\/2024\\\/08\\\/doppio-impianto-di-sicurezza-2.jpg\",\"image_position\":\"center-center\",\"image_size\":\"cover\",\"style\":\"default\",\"title_breakpoint\":\"xl\",\"title_position\":\"top-left\",\"title_rotation\":\"left\",\"vertical_align\":\"middle\",\"width\":\"default\"},\"children\":[{\"type\":\"row\",\"children\":[{\"type\":\"column\",\"props\":{\"image_position\":\"center-center\",\"position_sticky_breakpoint\":\"m\"}}]}]},{\"type\":\"section\",\"props\":{\"css\":\".el-section > .uk-container{\\n\\tmargin-top:-150px;\\n    background-color:#fff;\\n    padding-top:50px;\\n    padding-bottom:50px;\\n}\",\"image_position\":\"center-center\",\"padding\":\"none\",\"style\":\"muted\",\"title_breakpoint\":\"xl\",\"title_position\":\"top-left\",\"title_rotation\":\"left\",\"vertical_align\":\"middle\",\"width\":\"xlarge\"},\"children\":[{\"type\":\"row\",\"props\":{\"layout\":\"1-2,1-2\"},\"children\":[{\"type\":\"column\",\"props\":{\"image_position\":\"center-center\",\"position_sticky_breakpoint\":\"m\",\"width_medium\":\"1-2\"},\"children\":[{\"type\":\"headline\",\"props\":{\"content\":\"PEGO SRL\",\"margin_remove_bottom\":true,\"title_element\":\"div\",\"title_style\":\"text-lead\"}},{\"type\":\"headline\",\"props\":{\"content\":\"Doble sistema de seguridad\",\"margin_remove_top\":true,\"title_element\":\"div\",\"title_style\":\"heading-medium\"}}]},{\"type\":\"column\",\"props\":{\"image_position\":\"center-center\",\"position_sticky_breakpoint\":\"m\",\"vertical_align\":\"middle\",\"width_medium\":\"1-2\"},\"children\":[{\"type\":\"text\",\"props\":{\"column_breakpoint\":\"m\",\"content\":\"\n\n<p>Controladores y cuadros el\\u00e9ctricos para la gesti\\u00f3n completa de la c\\u00e1mara frigor\\u00edfica equipada con doble instalaci\\u00f3n y doble sonda de seguridad. Posibilidad de gestionar hasta dos compresores y dos evaporadores trabajando con llamada rotatoria o con doble punto de ajuste.<\\\/p>\",\"margin\":\"default\"}}]}]}]},{\"type\":\"section\",\"props\":{\"image_position\":\"center-center\",\"style\":\"default\",\"title_breakpoint\":\"xl\",\"title_position\":\"top-left\",\"title_rotation\":\"left\",\"vertical_align\":\"middle\",\"width\":\"xlarge\"},\"children\":[{\"type\":\"row\",\"children\":[{\"type\":\"column\",\"props\":{\"image_position\":\"center-center\",\"position_sticky_breakpoint\":\"m\"},\"children\":[{\"type\":\"text\",\"props\":{\"column_breakpoint\":\"m\",\"content\":\"[pg_single_application]\",\"margin\":\"default\"}}]}]}]}],\"version\":\"1.0.0\"} --><\/p>\n","protected":false},"excerpt":{"rendered":"<p>PEGO SRL Doble sistema de seguridad Controladores y cuadros el\u00e9ctricos para la gesti\u00f3n completa de la c\u00e1mara frigor\u00edfica equipada con doble instalaci\u00f3n y doble sonda de seguridad. Posibilidad de gestionar hasta dos compresores y dos evaporadores trabajando con llamada rotatoria o con doble punto de ajuste.<\/p>\n","protected":false},"author":1,"featured_media":9668,"parent":13703,"menu_order":0,"comment_status":"closed","ping_status":"closed","template":"","meta":{"_acf_changed":false,"footnotes":""},"class_list":["post-13800","page","type-page","status-publish","has-post-thumbnail","hentry"],"acf":[],"_links":{"self":[{"href":"https:\/\/pego.teknetservice.com\/es\/wp-json\/wp\/v2\/pages\/13800","targetHints":{"allow":["GET"]}}],"collection":[{"href":"https:\/\/pego.teknetservice.com\/es\/wp-json\/wp\/v2\/pages"}],"about":[{"href":"https:\/\/pego.teknetservice.com\/es\/wp-json\/wp\/v2\/types\/page"}],"author":[{"embeddable":true,"href":"https:\/\/pego.teknetservice.com\/es\/wp-json\/wp\/v2\/users\/1"}],"replies":[{"embeddable":true,"href":"https:\/\/pego.teknetservice.com\/es\/wp-json\/wp\/v2\/comments?post=13800"}],"version-history":[{"count":2,"href":"https:\/\/pego.teknetservice.com\/es\/wp-json\/wp\/v2\/pages\/13800\/revisions"}],"predecessor-version":[{"id":16551,"href":"https:\/\/pego.teknetservice.com\/es\/wp-json\/wp\/v2\/pages\/13800\/revisions\/16551"}],"up":[{"embeddable":true,"href":"https:\/\/pego.teknetservice.com\/es\/wp-json\/wp\/v2\/pages\/13703"}],"wp:featuredmedia":[{"embeddable":true,"href":"https:\/\/pego.teknetservice.com\/es\/wp-json\/wp\/v2\/media\/9668"}],"wp:attachment":[{"href":"https:\/\/pego.teknetservice.com\/es\/wp-json\/wp\/v2\/media?parent=13800"}],"curies":[{"name":"wp","href":"https:\/\/api.w.org\/{rel}","templated":true}]}}