{"id":13835,"date":"2024-08-28T13:37:54","date_gmt":"2024-08-28T13:37:54","guid":{"rendered":"https:\/\/www.pego.it\/aplicaciones\/gestion-de-la-velocidad-de-los-ventiladores\/"},"modified":"2024-09-27T12:54:39","modified_gmt":"2024-09-27T12:54:39","slug":"gestion-de-la-velocidad-de-los-ventiladores","status":"publish","type":"page","link":"https:\/\/pego.teknetservice.com\/es\/aplicaciones\/gestion-de-la-velocidad-de-los-ventiladores\/","title":{"rendered":"Gesti\u00f2n de la velocidad de los ventiladores"},"content":{"rendered":"<div>PEGO SRL<\/div>\n<div>Gesti\u00f2n de la velocidad de los ventiladores<\/div>\n<div>Productos para la gesti\u00f3n optimizada de los ventiladores del condensador y de los ventiladores monof\u00e1sicos hasta 8A<\/div>\n<div><div class=\"pg_app_container\"><div class=\"pg_app_post_type uk-margin-large-bottom\"><span class=\"uk-h3\">Electr\u00f3nica<\/span><br\/><span class=\"uk-heading-small uk-margin-bottom pg_app_parent\">Serie DIN NANO<\/span><div class=\"uk-grid uk-margin-medium-bottom uk-margin-small-top\"><div class=\"uk-width-1-3@m uk-width-1-2@s uk-margin-bottom\"><a href=\"https:\/\/pego.teknetservice.com\/es\/productos\/electronica-modular\/serie-din-nano\/din-nano-fsc\/\">\n                        <div class=\"pg_child_product_thumbnail\"><img loading=\"lazy\" decoding=\"async\" width=\"274\" height=\"300\" src=\"https:\/\/pego.teknetservice.com\/wp-content\/uploads\/2024\/07\/Pego-DIN-NANO-FSC-Perspective-274x300.png\" class=\"attachment-medium size-medium wp-post-image\" alt=\"Gesti\u00f2n de la velocidad de los ventiladores\" srcset=\"https:\/\/pego.teknetservice.com\/wp-content\/uploads\/2024\/07\/Pego-DIN-NANO-FSC-Perspective-274x300.png 274w, https:\/\/pego.teknetservice.com\/wp-content\/uploads\/2024\/07\/Pego-DIN-NANO-FSC-Perspective-934x1024.png 934w, https:\/\/pego.teknetservice.com\/wp-content\/uploads\/2024\/07\/Pego-DIN-NANO-FSC-Perspective-768x842.png 768w, https:\/\/pego.teknetservice.com\/wp-content\/uploads\/2024\/07\/Pego-DIN-NANO-FSC-Perspective.png 985w\" sizes=\"(max-width: 274px) 100vw, 274px\" \/><\/div>\n                    <\/a><a href=\"https:\/\/pego.teknetservice.com\/es\/productos\/electronica-modular\/serie-din-nano\/din-nano-fsc\/\" class=\"pg_prod_title\">DIN NANO FSC<\/a><p class=\"pg_child_product_intro\">El DIN NANO FSC es un regulador electr\u00f3nico en barra DIN para la gesti\u00f3n optimizada de los ventiladores del condensador.<\/p><a class=\"el-content uk-button uk-button-primary\" href=\"https:\/\/pego.teknetservice.com\/es\/productos\/electronica-modular\/serie-din-nano\/din-nano-fsc\/\" uk-scroll=\"\">Saber m\u00e1s<\/a><\/div><div class=\"uk-width-1-3@m uk-width-1-2@s uk-margin-bottom\"><a href=\"https:\/\/pego.teknetservice.com\/es\/productos\/electronica-modular\/serie-din-nano\/din-spm\/\">\n                        <div class=\"pg_child_product_thumbnail\"><img loading=\"lazy\" decoding=\"async\" width=\"227\" height=\"300\" src=\"https:\/\/pego.teknetservice.com\/wp-content\/uploads\/2024\/07\/Pego-DIN-SPM-227x300.png\" class=\"attachment-medium size-medium wp-post-image\" alt=\"Gesti\u00f2n de la velocidad de los ventiladores\" srcset=\"https:\/\/pego.teknetservice.com\/wp-content\/uploads\/2024\/07\/Pego-DIN-SPM-227x300.png 227w, https:\/\/pego.teknetservice.com\/wp-content\/uploads\/2024\/07\/Pego-DIN-SPM-774x1024.png 774w, https:\/\/pego.teknetservice.com\/wp-content\/uploads\/2024\/07\/Pego-DIN-SPM-768x1016.png 768w, https:\/\/pego.teknetservice.com\/wp-content\/uploads\/2024\/07\/Pego-DIN-SPM.png 816w\" sizes=\"(max-width: 227px) 100vw, 227px\" \/><\/div>\n                    <\/a><a href=\"https:\/\/pego.teknetservice.com\/es\/productos\/electronica-modular\/serie-din-nano\/din-spm\/\" class=\"pg_prod_title\">DIN SPM<\/a><p class=\"pg_child_product_intro\">El regulador SPM es un m\u00f3dulo que puede gestionarse desde control DIN NANO FSC y que permite variar la velocidad de los ventiladores monofase hasta 8A.<\/p><a class=\"el-content uk-button uk-button-primary\" href=\"https:\/\/pego.teknetservice.com\/es\/productos\/electronica-modular\/serie-din-nano\/din-spm\/\" uk-scroll=\"\">Saber m\u00e1s<\/a><\/div><\/div><\/div><\/div><\/div>\n<p><!--more--><br \/>\n<!-- {\"type\":\"layout\",\"children\":[{\"type\":\"section\",\"props\":{\"header_transparent\":true,\"header_transparent_text_color\":\"light\",\"height\":\"viewport\",\"height_viewport\":80,\"image\":\"wp-content\\\/uploads\\\/2024\\\/08\\\/velocita-ventole.jpg\",\"image_position\":\"center-center\",\"image_size\":\"cover\",\"style\":\"default\",\"title_breakpoint\":\"xl\",\"title_position\":\"top-left\",\"title_rotation\":\"left\",\"vertical_align\":\"middle\",\"width\":\"default\"},\"children\":[{\"type\":\"row\",\"children\":[{\"type\":\"column\",\"props\":{\"image_position\":\"center-center\",\"position_sticky_breakpoint\":\"m\"}}]}]},{\"type\":\"section\",\"props\":{\"css\":\".el-section > .uk-container{\\n\\tmargin-top:-150px;\\n    background-color:#fff;\\n    padding-top:50px;\\n    padding-bottom:50px;\\n}\",\"image_position\":\"center-center\",\"padding\":\"none\",\"style\":\"muted\",\"title_breakpoint\":\"xl\",\"title_position\":\"top-left\",\"title_rotation\":\"left\",\"vertical_align\":\"middle\",\"width\":\"xlarge\"},\"children\":[{\"type\":\"row\",\"props\":{\"layout\":\"1-2,1-2\"},\"children\":[{\"type\":\"column\",\"props\":{\"image_position\":\"center-center\",\"position_sticky_breakpoint\":\"m\",\"width_medium\":\"1-2\"},\"children\":[{\"type\":\"headline\",\"props\":{\"content\":\"PEGO SRL\",\"margin_remove_bottom\":true,\"title_element\":\"div\",\"title_style\":\"text-lead\"}},{\"type\":\"headline\",\"props\":{\"content\":\"Gesti\\u00f2n de la velocidad de los ventiladores\",\"margin_remove_top\":true,\"title_element\":\"div\",\"title_style\":\"heading-medium\"}}]},{\"type\":\"column\",\"props\":{\"image_position\":\"center-center\",\"position_sticky_breakpoint\":\"m\",\"vertical_align\":\"middle\",\"width_medium\":\"1-2\"},\"children\":[{\"type\":\"text\",\"props\":{\"column_breakpoint\":\"m\",\"content\":\"Productos para la gesti\\u00f3n optimizada de los ventiladores del condensador y de los ventiladores monof\\u00e1sicos hasta 8A\",\"margin\":\"default\"}}]}]}]},{\"type\":\"section\",\"props\":{\"image_position\":\"center-center\",\"style\":\"default\",\"title_breakpoint\":\"xl\",\"title_position\":\"top-left\",\"title_rotation\":\"left\",\"vertical_align\":\"middle\",\"width\":\"xlarge\"},\"children\":[{\"type\":\"row\",\"children\":[{\"type\":\"column\",\"props\":{\"image_position\":\"center-center\",\"position_sticky_breakpoint\":\"m\"},\"children\":[{\"type\":\"text\",\"props\":{\"column_breakpoint\":\"m\",\"content\":\"[pg_single_application]\",\"margin\":\"default\"}}]}]}]}],\"version\":\"1.0.0\"} --><\/p>\n","protected":false},"excerpt":{"rendered":"<p>PEGO SRL Gesti\u00f2n de la velocidad de los ventiladores Productos para la gesti\u00f3n optimizada de los ventiladores del condensador y de los ventiladores monof\u00e1sicos hasta 8A<\/p>\n","protected":false},"author":1,"featured_media":9627,"parent":13703,"menu_order":0,"comment_status":"closed","ping_status":"closed","template":"","meta":{"_acf_changed":false,"footnotes":""},"class_list":["post-13835","page","type-page","status-publish","has-post-thumbnail","hentry"],"acf":[],"_links":{"self":[{"href":"https:\/\/pego.teknetservice.com\/es\/wp-json\/wp\/v2\/pages\/13835","targetHints":{"allow":["GET"]}}],"collection":[{"href":"https:\/\/pego.teknetservice.com\/es\/wp-json\/wp\/v2\/pages"}],"about":[{"href":"https:\/\/pego.teknetservice.com\/es\/wp-json\/wp\/v2\/types\/page"}],"author":[{"embeddable":true,"href":"https:\/\/pego.teknetservice.com\/es\/wp-json\/wp\/v2\/users\/1"}],"replies":[{"embeddable":true,"href":"https:\/\/pego.teknetservice.com\/es\/wp-json\/wp\/v2\/comments?post=13835"}],"version-history":[{"count":2,"href":"https:\/\/pego.teknetservice.com\/es\/wp-json\/wp\/v2\/pages\/13835\/revisions"}],"predecessor-version":[{"id":16543,"href":"https:\/\/pego.teknetservice.com\/es\/wp-json\/wp\/v2\/pages\/13835\/revisions\/16543"}],"up":[{"embeddable":true,"href":"https:\/\/pego.teknetservice.com\/es\/wp-json\/wp\/v2\/pages\/13703"}],"wp:featuredmedia":[{"embeddable":true,"href":"https:\/\/pego.teknetservice.com\/es\/wp-json\/wp\/v2\/media\/9627"}],"wp:attachment":[{"href":"https:\/\/pego.teknetservice.com\/es\/wp-json\/wp\/v2\/media?parent=13835"}],"curies":[{"name":"wp","href":"https:\/\/api.w.org\/{rel}","templated":true}]}}