{"id":13849,"date":"2024-08-28T14:23:04","date_gmt":"2024-08-28T14:23:04","guid":{"rendered":"https:\/\/www.pego.it\/aplicaciones\/iluminacion\/"},"modified":"2024-09-27T12:55:34","modified_gmt":"2024-09-27T12:55:34","slug":"iluminacion","status":"publish","type":"page","link":"https:\/\/pego.teknetservice.com\/es\/aplicaciones\/iluminacion\/","title":{"rendered":"Iluminaci\u00f3n"},"content":{"rendered":"<div>PEGO SRL<\/div>\n<div>Iluminaci\u00f3n<\/div>\n<div>\n<p style=\"text-align: right;\">Los productos para la iluminaci\u00f3n de c\u00e1maras frigor\u00edficas ahorran energ\u00eda gracias al uso de tecnolog\u00eda LED, y su dise\u00f1o moderno y estilizado garantiza que ocupen poco espacio.<\/p>\n<\/div>\n<div><div class=\"pg_app_container\"><div class=\"pg_app_post_type uk-margin-large-bottom\"><span class=\"uk-h3\">Iluminaci\u00f3n<\/span><br\/><div class=\"uk-grid uk-margin-medium-bottom uk-margin-small-top\"><div class=\"uk-width-1-3@m uk-width-1-2@s uk-margin-bottom\"><a href=\"https:\/\/pego.teknetservice.com\/es\/productos\/iluminacion\/expert-led\/\">\n                        <div class=\"pg_child_product_thumbnail\"><img loading=\"lazy\" decoding=\"async\" width=\"300\" height=\"282\" src=\"https:\/\/pego.teknetservice.com\/wp-content\/uploads\/2024\/06\/expert_led30-300x282.png\" class=\"attachment-medium size-medium wp-post-image\" alt=\"Iluminaci\u00f3n\" srcset=\"https:\/\/pego.teknetservice.com\/wp-content\/uploads\/2024\/06\/expert_led30-300x282.png 300w, https:\/\/pego.teknetservice.com\/wp-content\/uploads\/2024\/06\/expert_led30-768x722.png 768w, https:\/\/pego.teknetservice.com\/wp-content\/uploads\/2024\/06\/expert_led30.png 852w\" sizes=\"(max-width: 300px) 100vw, 300px\" \/><\/div>\n                    <\/a><a href=\"https:\/\/pego.teknetservice.com\/es\/productos\/iluminacion\/expert-led\/\" class=\"pg_prod_title\">EXPERT\u00a0LED<\/a><p class=\"pg_child_product_intro\">La l\u00e1mpara de techo EXPERT LED es la soluci\u00f3n perfecta para iluminar su c\u00e1mara frigor\u00edfica. La misma permite ahorrar energ\u00eda gracias al uso de la tecnolog\u00eda LED, adem\u00e1s su dise\u00f1o fino y moderno garantiza un espacio de ocupaci\u00f3n m\u00ednimo.<\/p><a class=\"el-content uk-button uk-button-primary\" href=\"https:\/\/pego.teknetservice.com\/es\/productos\/iluminacion\/expert-led\/\" uk-scroll=\"\">Saber m\u00e1s<\/a><\/div><div class=\"uk-width-1-3@m uk-width-1-2@s uk-margin-bottom\"><a href=\"https:\/\/pego.teknetservice.com\/es\/productos\/iluminacion\/expert-led-lv\/\">\n                        <div class=\"pg_child_product_thumbnail\"><img loading=\"lazy\" decoding=\"async\" width=\"300\" height=\"282\" src=\"https:\/\/pego.teknetservice.com\/wp-content\/uploads\/2024\/06\/expert_led30-300x282.png\" class=\"attachment-medium size-medium wp-post-image\" alt=\"Iluminaci\u00f3n\" srcset=\"https:\/\/pego.teknetservice.com\/wp-content\/uploads\/2024\/06\/expert_led30-300x282.png 300w, https:\/\/pego.teknetservice.com\/wp-content\/uploads\/2024\/06\/expert_led30-768x722.png 768w, https:\/\/pego.teknetservice.com\/wp-content\/uploads\/2024\/06\/expert_led30.png 852w\" sizes=\"(max-width: 300px) 100vw, 300px\" \/><\/div>\n                    <\/a><a href=\"https:\/\/pego.teknetservice.com\/es\/productos\/iluminacion\/expert-led-lv\/\" class=\"pg_prod_title\">EXPERT\u00a0LED\u00a0LV<\/a><p class=\"pg_child_product_intro\">La l\u00e1mpara de techo EXPERT LED LV es la soluci\u00f3n perfecta para iluminar su c\u00e1mara frigor\u00edfica. La misma permite ahorrar energ\u00eda gracias al uso de la tecnolog\u00eda LED, adem\u00e1s su dise\u00f1o fino y moderno garantiza un espacio de ocupaci\u00f3n m\u00ednimo.<\/p><a class=\"el-content uk-button uk-button-primary\" href=\"https:\/\/pego.teknetservice.com\/es\/productos\/iluminacion\/expert-led-lv\/\" uk-scroll=\"\">Saber m\u00e1s<\/a><\/div><div class=\"uk-width-1-3@m uk-width-1-2@s uk-margin-bottom\"><a href=\"https:\/\/pego.teknetservice.com\/es\/productos\/iluminacion\/expert-led-meat\/\">\n                        <div class=\"pg_child_product_thumbnail\"><img loading=\"lazy\" decoding=\"async\" width=\"300\" height=\"282\" src=\"https:\/\/pego.teknetservice.com\/wp-content\/uploads\/2024\/06\/expert_led30-300x282.png\" class=\"attachment-medium size-medium wp-post-image\" alt=\"Iluminaci\u00f3n\" srcset=\"https:\/\/pego.teknetservice.com\/wp-content\/uploads\/2024\/06\/expert_led30-300x282.png 300w, https:\/\/pego.teknetservice.com\/wp-content\/uploads\/2024\/06\/expert_led30-768x722.png 768w, https:\/\/pego.teknetservice.com\/wp-content\/uploads\/2024\/06\/expert_led30.png 852w\" sizes=\"(max-width: 300px) 100vw, 300px\" \/><\/div>\n                    <\/a><a href=\"https:\/\/pego.teknetservice.com\/es\/productos\/iluminacion\/expert-led-meat\/\" class=\"pg_prod_title\">EXPERT\u00a0LED\u00a0MEAT<\/a><p class=\"pg_child_product_intro\">La l\u00e1mpara de techo EXPERT LED MEAT es la mejor soluci\u00f3n para iluminar la carne en ambiente refrigerado. El color rosa de la luz exalta de manera ideal el aspecto de la carne.\r\nEXPERT LED MEAT permite ahorrar energ\u00eda gracias al uso de la tecnolog\u00eda LED, adem\u00e1s su dise\u00f1o fino y moderno garantiza un espacio de ocupaci\u00f3n m\u00ednimo.<\/p><a class=\"el-content uk-button uk-button-primary\" href=\"https:\/\/pego.teknetservice.com\/es\/productos\/iluminacion\/expert-led-meat\/\" uk-scroll=\"\">Saber m\u00e1s<\/a><\/div><\/div><\/div><\/div><\/div>\n<p><!--more--><br \/>\n<!-- {\"type\":\"layout\",\"children\":[{\"type\":\"section\",\"props\":{\"header_transparent\":true,\"header_transparent_text_color\":\"light\",\"height\":\"viewport\",\"height_viewport\":80,\"image\":\"wp-content\\\/uploads\\\/2024\\\/08\\\/illuminazione-2.jpg\",\"image_position\":\"center-center\",\"image_size\":\"cover\",\"style\":\"default\",\"title_breakpoint\":\"xl\",\"title_position\":\"top-left\",\"title_rotation\":\"left\",\"vertical_align\":\"middle\",\"width\":\"default\"},\"children\":[{\"type\":\"row\",\"children\":[{\"type\":\"column\",\"props\":{\"image_position\":\"center-center\",\"position_sticky_breakpoint\":\"m\"}}]}]},{\"type\":\"section\",\"props\":{\"css\":\".el-section > .uk-container{\\n\\tmargin-top:-150px;\\n    background-color:#fff;\\n    padding-top:50px;\\n    padding-bottom:50px;\\n}\",\"image_position\":\"center-center\",\"padding\":\"none\",\"style\":\"muted\",\"title_breakpoint\":\"xl\",\"title_position\":\"top-left\",\"title_rotation\":\"left\",\"vertical_align\":\"middle\",\"width\":\"xlarge\"},\"children\":[{\"type\":\"row\",\"props\":{\"layout\":\"1-2,1-2\"},\"children\":[{\"type\":\"column\",\"props\":{\"image_position\":\"center-center\",\"position_sticky_breakpoint\":\"m\",\"width_medium\":\"1-2\"},\"children\":[{\"type\":\"headline\",\"props\":{\"content\":\"PEGO SRL\",\"margin_remove_bottom\":true,\"title_element\":\"div\",\"title_style\":\"text-lead\"}},{\"type\":\"headline\",\"props\":{\"content\":\"Iluminaci\\u00f3n\",\"margin_remove_top\":true,\"title_element\":\"div\",\"title_style\":\"heading-medium\"}}]},{\"type\":\"column\",\"props\":{\"image_position\":\"center-center\",\"position_sticky_breakpoint\":\"m\",\"vertical_align\":\"middle\",\"width_medium\":\"1-2\"},\"children\":[{\"type\":\"text\",\"props\":{\"column_breakpoint\":\"m\",\"content\":\"\n\n<p style=\\\"text-align: right;\\\">Los productos para la iluminaci\\u00f3n de c\\u00e1maras frigor\\u00edficas ahorran energ\\u00eda gracias al uso de tecnolog\\u00eda LED, y su dise\\u00f1o moderno y estilizado garantiza que ocupen poco espacio.<\\\/p>\",\"margin\":\"default\"}}]}]}]},{\"type\":\"section\",\"props\":{\"image_position\":\"center-center\",\"style\":\"default\",\"title_breakpoint\":\"xl\",\"title_position\":\"top-left\",\"title_rotation\":\"left\",\"vertical_align\":\"middle\",\"width\":\"xlarge\"},\"children\":[{\"type\":\"row\",\"children\":[{\"type\":\"column\",\"props\":{\"image_position\":\"center-center\",\"position_sticky_breakpoint\":\"m\"},\"children\":[{\"type\":\"text\",\"props\":{\"column_breakpoint\":\"m\",\"content\":\"[pg_single_application]\",\"margin\":\"default\"}}]}]}]}],\"version\":\"1.0.0\"} --><\/p>\n","protected":false},"excerpt":{"rendered":"<p>PEGO SRL Iluminaci\u00f3n Los productos para la iluminaci\u00f3n de c\u00e1maras frigor\u00edficas ahorran energ\u00eda gracias al uso de tecnolog\u00eda LED, y su dise\u00f1o moderno y estilizado garantiza que ocupen poco espacio.<\/p>\n","protected":false},"author":1,"featured_media":9774,"parent":13703,"menu_order":0,"comment_status":"closed","ping_status":"closed","template":"","meta":{"_acf_changed":false,"footnotes":""},"class_list":["post-13849","page","type-page","status-publish","has-post-thumbnail","hentry"],"acf":[],"_links":{"self":[{"href":"https:\/\/pego.teknetservice.com\/es\/wp-json\/wp\/v2\/pages\/13849","targetHints":{"allow":["GET"]}}],"collection":[{"href":"https:\/\/pego.teknetservice.com\/es\/wp-json\/wp\/v2\/pages"}],"about":[{"href":"https:\/\/pego.teknetservice.com\/es\/wp-json\/wp\/v2\/types\/page"}],"author":[{"embeddable":true,"href":"https:\/\/pego.teknetservice.com\/es\/wp-json\/wp\/v2\/users\/1"}],"replies":[{"embeddable":true,"href":"https:\/\/pego.teknetservice.com\/es\/wp-json\/wp\/v2\/comments?post=13849"}],"version-history":[{"count":2,"href":"https:\/\/pego.teknetservice.com\/es\/wp-json\/wp\/v2\/pages\/13849\/revisions"}],"predecessor-version":[{"id":16545,"href":"https:\/\/pego.teknetservice.com\/es\/wp-json\/wp\/v2\/pages\/13849\/revisions\/16545"}],"up":[{"embeddable":true,"href":"https:\/\/pego.teknetservice.com\/es\/wp-json\/wp\/v2\/pages\/13703"}],"wp:featuredmedia":[{"embeddable":true,"href":"https:\/\/pego.teknetservice.com\/es\/wp-json\/wp\/v2\/media\/9774"}],"wp:attachment":[{"href":"https:\/\/pego.teknetservice.com\/es\/wp-json\/wp\/v2\/media?parent=13849"}],"curies":[{"name":"wp","href":"https:\/\/api.w.org\/{rel}","templated":true}]}}