{"id":13863,"date":"2024-08-28T14:01:30","date_gmt":"2024-08-28T14:01:30","guid":{"rendered":"https:\/\/www.pego.it\/aplicaciones\/almacenamiento\/"},"modified":"2024-09-27T13:01:35","modified_gmt":"2024-09-27T13:01:35","slug":"almacenamiento","status":"publish","type":"page","link":"https:\/\/pego.teknetservice.com\/es\/aplicaciones\/almacenamiento\/","title":{"rendered":"Almacenamiento"},"content":{"rendered":"<div>PEGO SRL<\/div>\n<div>Almacenamiento<\/div>\n<div>\n<p><strong>Cuadros el\u00e9ctricos y controladores dedicados a la gesti\u00f3n de la temperatura y la humedad.<\/strong> Estos productos permiten la gesti\u00f3n de la temperatura y la humedad en entornos de curado, conservaci\u00f3n, germinaci\u00f3n y procesos industriales gracias a la posibilidad de crear programas autom\u00e1ticos o dejando al usuario la gesti\u00f3n manual de la temperatura y la humedad.<\/p>\n<\/div>\n<div><div class=\"pg_app_container\"><div class=\"pg_app_post_type uk-margin-large-bottom\"><span class=\"uk-h3\">Cuadros Electricos<\/span><br\/><span class=\"uk-heading-small uk-margin-bottom pg_app_parent\">Serie PLUS<\/span><div class=\"uk-grid uk-margin-medium-bottom uk-margin-small-top\"><div class=\"uk-width-1-3@m uk-width-1-2@s uk-margin-bottom\"><a href=\"https:\/\/pego.teknetservice.com\/es\/productos\/cuadros-electricos\/serie-plus\/plus-1000-thr\/\">\n                        <div class=\"pg_child_product_thumbnail\"><img loading=\"lazy\" decoding=\"async\" width=\"198\" height=\"300\" src=\"https:\/\/pego.teknetservice.com\/wp-content\/uploads\/2024\/07\/Pego-PLUS-1000-THR-1-198x300.png\" class=\"attachment-medium size-medium wp-post-image\" alt=\"Almacenamiento\" srcset=\"https:\/\/pego.teknetservice.com\/wp-content\/uploads\/2024\/07\/Pego-PLUS-1000-THR-1-198x300.png 198w, https:\/\/pego.teknetservice.com\/wp-content\/uploads\/2024\/07\/Pego-PLUS-1000-THR-1-674x1024.png 674w, https:\/\/pego.teknetservice.com\/wp-content\/uploads\/2024\/07\/Pego-PLUS-1000-THR-1.png 711w\" sizes=\"(max-width: 198px) 100vw, 198px\" \/><\/div>\n                    <\/a><a href=\"https:\/\/pego.teknetservice.com\/es\/productos\/cuadros-electricos\/serie-plus\/plus-1000-thr\/\" class=\"pg_prod_title\">PLUS 1000\u00a0THR<\/a><p class=\"pg_child_product_intro\">Quadro elettrico trifase con controllo della temperatura e dell'umidit\u00e0 completo delle funzioni tipiche della stagionatura. Flessibilit\u00e0 nella programmazione...<\/p><a class=\"el-content uk-button uk-button-primary\" href=\"https:\/\/pego.teknetservice.com\/es\/productos\/cuadros-electricos\/serie-plus\/plus-1000-thr\/\" uk-scroll=\"\">Saber m\u00e1s<\/a><\/div><\/div><span class=\"uk-heading-small uk-margin-bottom pg_app_parent\">Serie PLUS EXPERT<\/span><div class=\"uk-grid uk-margin-medium-bottom uk-margin-small-top\"><div class=\"uk-width-1-3@m uk-width-1-2@s uk-margin-bottom\"><a href=\"https:\/\/pego.teknetservice.com\/es\/productos\/cuadros-electricos\/serie-plus-expert\/plus-200-expert-thr\/\">\n                        <div class=\"pg_child_product_thumbnail\"><img loading=\"lazy\" decoding=\"async\" width=\"300\" height=\"275\" src=\"https:\/\/pego.teknetservice.com\/wp-content\/uploads\/2024\/08\/Pego-PLUS-200-EXPERT-THR-300x275.png\" class=\"attachment-medium size-medium wp-post-image\" alt=\"Almacenamiento\" srcset=\"https:\/\/pego.teknetservice.com\/wp-content\/uploads\/2024\/08\/Pego-PLUS-200-EXPERT-THR-300x275.png 300w, https:\/\/pego.teknetservice.com\/wp-content\/uploads\/2024\/08\/Pego-PLUS-200-EXPERT-THR-1024x939.png 1024w, https:\/\/pego.teknetservice.com\/wp-content\/uploads\/2024\/08\/Pego-PLUS-200-EXPERT-THR-768x704.png 768w, https:\/\/pego.teknetservice.com\/wp-content\/uploads\/2024\/08\/Pego-PLUS-200-EXPERT-THR.png 1178w\" sizes=\"(max-width: 300px) 100vw, 300px\" \/><\/div>\n                    <\/a><a href=\"https:\/\/pego.teknetservice.com\/es\/productos\/cuadros-electricos\/serie-plus-expert\/plus-200-expert-thr\/\" class=\"pg_prod_title\">PLUS 200 EXPERT THR<\/a><p class=\"pg_child_product_intro\">Cuadro el\u00e9ctrico monof\u00e1sico para la gesti\u00f3n de temperatura y humedad con compresor monof\u00e1sico hasta 2 HP y resistencias el\u00e9ctricas para calor.\r\n\r\n<\/p><a class=\"el-content uk-button uk-button-primary\" href=\"https:\/\/pego.teknetservice.com\/es\/productos\/cuadros-electricos\/serie-plus-expert\/plus-200-expert-thr\/\" uk-scroll=\"\">Saber m\u00e1s<\/a><\/div><div class=\"uk-width-1-3@m uk-width-1-2@s uk-margin-bottom\"><a href=\"https:\/\/pego.teknetservice.com\/es\/productos\/cuadros-electricos\/serie-plus-expert\/plus-300-expert-u-thr\/\">\n                        <div class=\"pg_child_product_thumbnail\"><img loading=\"lazy\" decoding=\"async\" width=\"300\" height=\"287\" src=\"https:\/\/pego.teknetservice.com\/wp-content\/uploads\/2024\/08\/Pego-PLUS-300-EXPERT-U-THR-300x287.png\" class=\"attachment-medium size-medium wp-post-image\" alt=\"Almacenamiento\" srcset=\"https:\/\/pego.teknetservice.com\/wp-content\/uploads\/2024\/08\/Pego-PLUS-300-EXPERT-U-THR-300x287.png 300w, https:\/\/pego.teknetservice.com\/wp-content\/uploads\/2024\/08\/Pego-PLUS-300-EXPERT-U-THR-1024x979.png 1024w, https:\/\/pego.teknetservice.com\/wp-content\/uploads\/2024\/08\/Pego-PLUS-300-EXPERT-U-THR-768x734.png 768w, https:\/\/pego.teknetservice.com\/wp-content\/uploads\/2024\/08\/Pego-PLUS-300-EXPERT-U-THR.png 1130w\" sizes=\"(max-width: 300px) 100vw, 300px\" \/><\/div>\n                    <\/a><a href=\"https:\/\/pego.teknetservice.com\/es\/productos\/cuadros-electricos\/serie-plus-expert\/plus-300-expert-u-thr\/\" class=\"pg_prod_title\">PLUS 300 EXPERT U THR<\/a><p class=\"pg_child_product_intro\">Cuadro el\u00e9ctrico trif\u00e1sico para la gesti\u00f3n de temperatura y humedad espec\u00edfico para la unidad evaporadora \u00fanicamente con resistencias el\u00e9ctricas para el calor para combinar con una central frigor\u00edfica...\r\n\r\n<\/p><a class=\"el-content uk-button uk-button-primary\" href=\"https:\/\/pego.teknetservice.com\/es\/productos\/cuadros-electricos\/serie-plus-expert\/plus-300-expert-u-thr\/\" uk-scroll=\"\">Saber m\u00e1s<\/a><\/div><\/div><\/div><div class=\"pg_app_post_type uk-margin-large-bottom\"><span class=\"uk-h3\">Electr\u00f3nica<\/span><br\/><span class=\"uk-heading-small uk-margin-bottom pg_app_parent\">Serie PLUS100<\/span><div class=\"uk-grid uk-margin-medium-bottom uk-margin-small-top\"><div class=\"uk-width-1-3@m uk-width-1-2@s uk-margin-bottom\"><a href=\"https:\/\/pego.teknetservice.com\/es\/productos\/electronica-modular\/serie-plus100\/plus100-thr\/\">\n                        <div class=\"pg_child_product_thumbnail\"><img loading=\"lazy\" decoding=\"async\" width=\"300\" height=\"197\" src=\"https:\/\/pego.teknetservice.com\/wp-content\/uploads\/2024\/07\/Pego-PLUS100-THR-THR100N-Master-Perspective-300x197.png\" class=\"attachment-medium size-medium wp-post-image\" alt=\"Almacenamiento\" srcset=\"https:\/\/pego.teknetservice.com\/wp-content\/uploads\/2024\/07\/Pego-PLUS100-THR-THR100N-Master-Perspective-300x197.png 300w, https:\/\/pego.teknetservice.com\/wp-content\/uploads\/2024\/07\/Pego-PLUS100-THR-THR100N-Master-Perspective-1024x672.png 1024w, https:\/\/pego.teknetservice.com\/wp-content\/uploads\/2024\/07\/Pego-PLUS100-THR-THR100N-Master-Perspective-768x504.png 768w, https:\/\/pego.teknetservice.com\/wp-content\/uploads\/2024\/07\/Pego-PLUS100-THR-THR100N-Master-Perspective-1536x1008.png 1536w, https:\/\/pego.teknetservice.com\/wp-content\/uploads\/2024\/07\/Pego-PLUS100-THR-THR100N-Master-Perspective.png 1646w\" sizes=\"(max-width: 300px) 100vw, 300px\" \/><\/div>\n                    <\/a><a href=\"https:\/\/pego.teknetservice.com\/es\/productos\/electronica-modular\/serie-plus100\/plus100-thr\/\" class=\"pg_prod_title\">PLUS100 THR<\/a><p class=\"pg_child_product_intro\">Control electr\u00f3nico para gestionar la temperatura y la humedad de las funciones t\u00edpicas del almacenamiento.\r\nFlexibilidad en la programaci\u00f3n que lo hace adecuado...<\/p><a class=\"el-content uk-button uk-button-primary\" href=\"https:\/\/pego.teknetservice.com\/es\/productos\/electronica-modular\/serie-plus100\/plus100-thr\/\" uk-scroll=\"\">Saber m\u00e1s<\/a><\/div><\/div><span class=\"uk-heading-small uk-margin-bottom pg_app_parent\">Serie VISION<\/span><div class=\"uk-grid uk-margin-medium-bottom uk-margin-small-top\"><div class=\"uk-width-1-3@m uk-width-1-2@s uk-margin-bottom\"><a href=\"https:\/\/pego.teknetservice.com\/es\/productos\/electronica-modular\/serie-vision\/vision-thr\/\">\n                        <div class=\"pg_child_product_thumbnail\"><img loading=\"lazy\" decoding=\"async\" width=\"300\" height=\"224\" src=\"https:\/\/pego.teknetservice.com\/wp-content\/uploads\/2024\/07\/Pego-VISION-THR100N-Master-Perspective-300x224.png\" class=\"attachment-medium size-medium wp-post-image\" alt=\"Almacenamiento\" srcset=\"https:\/\/pego.teknetservice.com\/wp-content\/uploads\/2024\/07\/Pego-VISION-THR100N-Master-Perspective-300x224.png 300w, https:\/\/pego.teknetservice.com\/wp-content\/uploads\/2024\/07\/Pego-VISION-THR100N-Master-Perspective-1024x765.png 1024w, https:\/\/pego.teknetservice.com\/wp-content\/uploads\/2024\/07\/Pego-VISION-THR100N-Master-Perspective-768x574.png 768w, https:\/\/pego.teknetservice.com\/wp-content\/uploads\/2024\/07\/Pego-VISION-THR100N-Master-Perspective.png 1445w\" sizes=\"(max-width: 300px) 100vw, 300px\" \/><\/div>\n                    <\/a><a href=\"https:\/\/pego.teknetservice.com\/es\/productos\/electronica-modular\/serie-vision\/vision-thr\/\" class=\"pg_prod_title\">VISION THR<\/a><p class=\"pg_child_product_intro\">Control electr\u00f3nico para gestionar la temperatura y la humedad de las funciones t\u00edpicas del almacenamiento.\r\nFlexibilidad en la programaci\u00f3n que lo hace adecuado...<\/p><a class=\"el-content uk-button uk-button-primary\" href=\"https:\/\/pego.teknetservice.com\/es\/productos\/electronica-modular\/serie-vision\/vision-thr\/\" uk-scroll=\"\">Saber m\u00e1s<\/a><\/div><\/div><span class=\"uk-heading-small uk-margin-bottom pg_app_parent\">Serie VISION TOUCH<\/span><div class=\"uk-grid uk-margin-medium-bottom uk-margin-small-top\"><div class=\"uk-width-1-3@m uk-width-1-2@s uk-margin-bottom\"><a href=\"https:\/\/pego.teknetservice.com\/es\/productos\/electronica-modular\/serie-vision-touch\/vision-touch-thr\/\">\n                        <div class=\"pg_child_product_thumbnail\"><img loading=\"lazy\" decoding=\"async\" width=\"300\" height=\"211\" src=\"https:\/\/pego.teknetservice.com\/wp-content\/uploads\/2024\/07\/Pego-VISION-TOUCH-THR-300x211.png\" class=\"attachment-medium size-medium wp-post-image\" alt=\"Almacenamiento\" srcset=\"https:\/\/pego.teknetservice.com\/wp-content\/uploads\/2024\/07\/Pego-VISION-TOUCH-THR-300x211.png 300w, https:\/\/pego.teknetservice.com\/wp-content\/uploads\/2024\/07\/Pego-VISION-TOUCH-THR-1024x719.png 1024w, https:\/\/pego.teknetservice.com\/wp-content\/uploads\/2024\/07\/Pego-VISION-TOUCH-THR-768x539.png 768w, https:\/\/pego.teknetservice.com\/wp-content\/uploads\/2024\/07\/Pego-VISION-TOUCH-THR-1536x1079.png 1536w, https:\/\/pego.teknetservice.com\/wp-content\/uploads\/2024\/07\/Pego-VISION-TOUCH-THR.png 1538w\" sizes=\"(max-width: 300px) 100vw, 300px\" \/><\/div>\n                    <\/a><a href=\"https:\/\/pego.teknetservice.com\/es\/productos\/electronica-modular\/serie-vision-touch\/vision-touch-thr\/\" class=\"pg_prod_title\">VISION TOUCH THR<\/a><p class=\"pg_child_product_intro\">Control electr\u00f3nico con pantalla t\u00e1ctil capacitiva  para gestionar temperatura y humedad dotado de todas las funciones para el curado.<\/p><a class=\"el-content uk-button uk-button-primary\" href=\"https:\/\/pego.teknetservice.com\/es\/productos\/electronica-modular\/serie-vision-touch\/vision-touch-thr\/\" uk-scroll=\"\">Saber m\u00e1s<\/a><\/div><\/div><\/div><\/div><\/div>\n<p><!--more--><br \/>\n<!-- {\"type\":\"layout\",\"children\":[{\"type\":\"section\",\"props\":{\"header_transparent\":true,\"header_transparent_text_color\":\"light\",\"height\":\"viewport\",\"height_viewport\":80,\"image\":\"wp-content\\\/uploads\\\/2024\\\/08\\\/stagionatura.jpg\",\"image_position\":\"center-center\",\"image_size\":\"cover\",\"style\":\"default\",\"title_breakpoint\":\"xl\",\"title_position\":\"top-left\",\"title_rotation\":\"left\",\"vertical_align\":\"middle\",\"width\":\"default\"},\"children\":[{\"type\":\"row\",\"children\":[{\"type\":\"column\",\"props\":{\"image_position\":\"center-center\",\"position_sticky_breakpoint\":\"m\"}}]}]},{\"type\":\"section\",\"props\":{\"css\":\".el-section > .uk-container{\\n\\tmargin-top:-150px;\\n    background-color:#fff;\\n    padding-top:50px;\\n    padding-bottom:50px;\\n}\",\"image_position\":\"center-center\",\"padding\":\"none\",\"style\":\"muted\",\"title_breakpoint\":\"xl\",\"title_position\":\"top-left\",\"title_rotation\":\"left\",\"vertical_align\":\"middle\",\"width\":\"xlarge\"},\"children\":[{\"type\":\"row\",\"props\":{\"layout\":\"1-2,1-2\"},\"children\":[{\"type\":\"column\",\"props\":{\"image_position\":\"center-center\",\"position_sticky_breakpoint\":\"m\",\"width_medium\":\"1-2\"},\"children\":[{\"type\":\"headline\",\"props\":{\"content\":\"PEGO SRL\",\"margin_remove_bottom\":true,\"title_element\":\"div\",\"title_style\":\"text-lead\"}},{\"type\":\"headline\",\"props\":{\"content\":\"Almacenamiento\",\"margin_remove_top\":true,\"title_element\":\"div\",\"title_style\":\"heading-medium\"}}]},{\"type\":\"column\",\"props\":{\"image_position\":\"center-center\",\"position_sticky_breakpoint\":\"m\",\"vertical_align\":\"middle\",\"width_medium\":\"1-2\"},\"children\":[{\"type\":\"text\",\"props\":{\"column_breakpoint\":\"m\",\"content\":\"\n\n<p><strong>Cuadros el\\u00e9ctricos y controladores dedicados a la gesti\\u00f3n de la temperatura y la humedad.<\\\/strong> Estos productos permiten la gesti\\u00f3n de la temperatura y la humedad en entornos de curado, conservaci\\u00f3n, germinaci\\u00f3n y procesos industriales gracias a la posibilidad de crear programas autom\\u00e1ticos o dejando al usuario la gesti\\u00f3n manual de la temperatura y la humedad.<\\\/p>\",\"margin\":\"default\"}}]}]}]},{\"type\":\"section\",\"props\":{\"image_position\":\"center-center\",\"style\":\"default\",\"title_breakpoint\":\"xl\",\"title_position\":\"top-left\",\"title_rotation\":\"left\",\"vertical_align\":\"middle\",\"width\":\"xlarge\"},\"children\":[{\"type\":\"row\",\"children\":[{\"type\":\"column\",\"props\":{\"image_position\":\"center-center\",\"position_sticky_breakpoint\":\"m\"},\"children\":[{\"type\":\"text\",\"props\":{\"column_breakpoint\":\"m\",\"content\":\"[pg_single_application]\",\"margin\":\"default\"}}]}]}]}],\"version\":\"1.0.0\"} --><\/p>\n","protected":false},"excerpt":{"rendered":"<p>PEGO SRL Almacenamiento Cuadros el\u00e9ctricos y controladores dedicados a la gesti\u00f3n de la temperatura y la humedad. Estos productos permiten la gesti\u00f3n de la temperatura y la humedad en entornos de curado, conservaci\u00f3n, germinaci\u00f3n y procesos industriales gracias a la posibilidad de crear programas autom\u00e1ticos o dejando al usuario la gesti\u00f3n manual de la temperatura [&hellip;]<\/p>\n","protected":false},"author":1,"featured_media":9702,"parent":13703,"menu_order":0,"comment_status":"closed","ping_status":"closed","template":"","meta":{"_acf_changed":false,"footnotes":""},"class_list":["post-13863","page","type-page","status-publish","has-post-thumbnail","hentry"],"acf":[],"_links":{"self":[{"href":"https:\/\/pego.teknetservice.com\/es\/wp-json\/wp\/v2\/pages\/13863","targetHints":{"allow":["GET"]}}],"collection":[{"href":"https:\/\/pego.teknetservice.com\/es\/wp-json\/wp\/v2\/pages"}],"about":[{"href":"https:\/\/pego.teknetservice.com\/es\/wp-json\/wp\/v2\/types\/page"}],"author":[{"embeddable":true,"href":"https:\/\/pego.teknetservice.com\/es\/wp-json\/wp\/v2\/users\/1"}],"replies":[{"embeddable":true,"href":"https:\/\/pego.teknetservice.com\/es\/wp-json\/wp\/v2\/comments?post=13863"}],"version-history":[{"count":2,"href":"https:\/\/pego.teknetservice.com\/es\/wp-json\/wp\/v2\/pages\/13863\/revisions"}],"predecessor-version":[{"id":16555,"href":"https:\/\/pego.teknetservice.com\/es\/wp-json\/wp\/v2\/pages\/13863\/revisions\/16555"}],"up":[{"embeddable":true,"href":"https:\/\/pego.teknetservice.com\/es\/wp-json\/wp\/v2\/pages\/13703"}],"wp:featuredmedia":[{"embeddable":true,"href":"https:\/\/pego.teknetservice.com\/es\/wp-json\/wp\/v2\/media\/9702"}],"wp:attachment":[{"href":"https:\/\/pego.teknetservice.com\/es\/wp-json\/wp\/v2\/media?parent=13863"}],"curies":[{"name":"wp","href":"https:\/\/api.w.org\/{rel}","templated":true}]}}