{"id":13877,"date":"2024-08-28T13:28:48","date_gmt":"2024-08-28T13:28:48","guid":{"rendered":"https:\/\/www.pego.it\/aplicaciones\/supervision-y-alarmas\/"},"modified":"2024-09-27T13:00:57","modified_gmt":"2024-09-27T13:00:57","slug":"supervision-y-alarmas","status":"publish","type":"page","link":"https:\/\/pego.teknetservice.com\/es\/aplicaciones\/supervision-y-alarmas\/","title":{"rendered":"Supervisi\u00f2n y alarmas"},"content":{"rendered":"<div>PEGO SRL<\/div>\n<div>Supervisi\u00f2n y alarmas\n<\/div>\n<div>\n<p style=\"text-align: right;\">PEGO ofrece varios servicios para la supervisi\u00f3n y gesti\u00f3n de las alarmas de la c\u00e1mara frigor\u00edfica, como el ECP APE 03, que permite a una persona atrapada dentro de la c\u00e1mara activar una se\u00f1al de alarma y el sistema de supervisi\u00f3n y monitorizaci\u00f3n TeleNET<\/p>\n<\/div>\n<div><div class=\"pg_app_container\"><div class=\"pg_app_post_type uk-margin-large-bottom\"><span class=\"uk-h3\">Supervisi\u00f3n<\/span><br\/><div class=\"uk-grid uk-margin-medium-bottom uk-margin-small-top\"><div class=\"uk-width-1-3@m uk-width-1-2@s uk-margin-bottom\"><a href=\"https:\/\/pego.teknetservice.com\/es\/productos\/supervision\/expert-gsm\/\">\n                        <div class=\"pg_child_product_thumbnail\"><img loading=\"lazy\" decoding=\"async\" width=\"284\" height=\"300\" src=\"https:\/\/pego.teknetservice.com\/wp-content\/uploads\/2024\/07\/Pego-EXPERT-GSM-284x300.png\" class=\"attachment-medium size-medium wp-post-image\" alt=\"Supervisi\u00f2n y alarmas\" srcset=\"https:\/\/pego.teknetservice.com\/wp-content\/uploads\/2024\/07\/Pego-EXPERT-GSM-284x300.png 284w, https:\/\/pego.teknetservice.com\/wp-content\/uploads\/2024\/07\/Pego-EXPERT-GSM-968x1024.png 968w, https:\/\/pego.teknetservice.com\/wp-content\/uploads\/2024\/07\/Pego-EXPERT-GSM-768x812.png 768w, https:\/\/pego.teknetservice.com\/wp-content\/uploads\/2024\/07\/Pego-EXPERT-GSM.png 1021w\" sizes=\"(max-width: 284px) 100vw, 284px\" \/><\/div>\n                    <\/a><a href=\"https:\/\/pego.teknetservice.com\/es\/productos\/supervision\/expert-gsm\/\" class=\"pg_prod_title\">EXPERT GSM<\/a><p class=\"pg_child_product_intro\">EXPERT GSM es el m\u00f3dulo que env\u00eda una llamada telef\u00f3nica de alarma para se\u00f1alar la anomal\u00eda de la c\u00e1mara frigor\u00edfica. Puede recibir todas las alarmas de la c\u00e1mara y se\u00f1alar tambi\u00e9n la falta de tensi\u00f3n.<\/p><a class=\"el-content uk-button uk-button-primary\" href=\"https:\/\/pego.teknetservice.com\/es\/productos\/supervision\/expert-gsm\/\" uk-scroll=\"\">Saber m\u00e1s<\/a><\/div><div class=\"uk-width-1-3@m uk-width-1-2@s uk-margin-bottom\"><a href=\"https:\/\/pego.teknetservice.com\/es\/productos\/supervision\/telenet-web\/\">\n                        <div class=\"pg_child_product_thumbnail\"><img loading=\"lazy\" decoding=\"async\" width=\"251\" height=\"300\" src=\"https:\/\/pego.teknetservice.com\/wp-content\/uploads\/2024\/06\/TELENET-BOX-251x300.png\" class=\"attachment-medium size-medium wp-post-image\" alt=\"Supervisi\u00f2n y alarmas\" srcset=\"https:\/\/pego.teknetservice.com\/wp-content\/uploads\/2024\/06\/TELENET-BOX-251x300.png 251w, https:\/\/pego.teknetservice.com\/wp-content\/uploads\/2024\/06\/TELENET-BOX.png 539w\" sizes=\"(max-width: 251px) 100vw, 251px\" \/><\/div>\n                    <\/a><a href=\"https:\/\/pego.teknetservice.com\/es\/productos\/supervision\/telenet-web\/\" class=\"pg_prod_title\">TeleNET WEB<\/a><p class=\"pg_child_product_intro\">TeleNET es una aplicaci\u00f3n que permite monitorear y supervisar instalaciones de refrigeraci\u00f3n y acondicionamiento controladas por instrumentaci\u00f3n electr\u00f3nica Pego.<\/p><a class=\"el-content uk-button uk-button-primary\" href=\"https:\/\/pego.teknetservice.com\/es\/productos\/supervision\/telenet-web\/\" uk-scroll=\"\">Saber m\u00e1s<\/a><\/div><div class=\"uk-width-1-3@m uk-width-1-2@s uk-margin-bottom\"><a href=\"https:\/\/pego.teknetservice.com\/es\/productos\/supervision\/twm3-io\/\">\n                        <div class=\"pg_child_product_thumbnail\"><img loading=\"lazy\" decoding=\"async\" width=\"247\" height=\"300\" src=\"https:\/\/pego.teknetservice.com\/wp-content\/uploads\/2024\/07\/Pego-TWM3-IO-247x300.png\" class=\"attachment-medium size-medium wp-post-image\" alt=\"Supervisi\u00f2n y alarmas\" srcset=\"https:\/\/pego.teknetservice.com\/wp-content\/uploads\/2024\/07\/Pego-TWM3-IO-247x300.png 247w, https:\/\/pego.teknetservice.com\/wp-content\/uploads\/2024\/07\/Pego-TWM3-IO-844x1024.png 844w, https:\/\/pego.teknetservice.com\/wp-content\/uploads\/2024\/07\/Pego-TWM3-IO-768x932.png 768w, https:\/\/pego.teknetservice.com\/wp-content\/uploads\/2024\/07\/Pego-TWM3-IO.png 890w\" sizes=\"(max-width: 247px) 100vw, 247px\" \/><\/div>\n                    <\/a><a href=\"https:\/\/pego.teknetservice.com\/es\/productos\/supervision\/twm3-io\/\" class=\"pg_prod_title\">TWM3 IO<\/a><p class=\"pg_child_product_intro\">M\u00f3dulo de adquisici\u00f3n con 3 entradas digitales y una salida con rel\u00e9 para conectar en una red de supervisi\u00f3n TeleNET o con protocolo Modbus-RTU.<\/p><a class=\"el-content uk-button uk-button-primary\" href=\"https:\/\/pego.teknetservice.com\/es\/productos\/supervision\/twm3-io\/\" uk-scroll=\"\">Saber m\u00e1s<\/a><\/div><div class=\"uk-width-1-3@m uk-width-1-2@s uk-margin-bottom\"><a href=\"https:\/\/pego.teknetservice.com\/es\/productos\/supervision\/twm3-t-p-ur\/\">\n                        <div class=\"pg_child_product_thumbnail\"><img loading=\"lazy\" decoding=\"async\" width=\"247\" height=\"300\" src=\"https:\/\/pego.teknetservice.com\/wp-content\/uploads\/2024\/07\/Pego-TWM3-T-P-UR-247x300.png\" class=\"attachment-medium size-medium wp-post-image\" alt=\"Supervisi\u00f2n y alarmas\" srcset=\"https:\/\/pego.teknetservice.com\/wp-content\/uploads\/2024\/07\/Pego-TWM3-T-P-UR-247x300.png 247w, https:\/\/pego.teknetservice.com\/wp-content\/uploads\/2024\/07\/Pego-TWM3-T-P-UR-844x1024.png 844w, https:\/\/pego.teknetservice.com\/wp-content\/uploads\/2024\/07\/Pego-TWM3-T-P-UR-768x932.png 768w, https:\/\/pego.teknetservice.com\/wp-content\/uploads\/2024\/07\/Pego-TWM3-T-P-UR.png 890w\" sizes=\"(max-width: 247px) 100vw, 247px\" \/><\/div>\n                    <\/a><a href=\"https:\/\/pego.teknetservice.com\/es\/productos\/supervision\/twm3-t-p-ur\/\" class=\"pg_prod_title\">TWM3 T P UR<\/a><p class=\"pg_child_product_intro\">M\u00f3dulo de adquisici\u00f3n con 3 canales anal\u00f3gicos para la detecci\u00f3n de temperatura, presi\u00f3n o humedad relativa para conectar en una red de supervisi\u00f3n TeleNET o con protocolo Modbus-RTU.<\/p><a class=\"el-content uk-button uk-button-primary\" href=\"https:\/\/pego.teknetservice.com\/es\/productos\/supervision\/twm3-t-p-ur\/\" uk-scroll=\"\">Saber m\u00e1s<\/a><\/div><\/div><\/div><div class=\"pg_app_post_type uk-margin-large-bottom\"><span class=\"uk-h3\">Accesorios<\/span><br\/><div class=\"uk-grid uk-margin-medium-bottom uk-margin-small-top\"><div class=\"uk-width-1-3@m uk-width-1-2@s uk-margin-bottom\"><a href=\"https:\/\/pego.teknetservice.com\/es\/productos\/accesorios\/expert-gsm\/\">\n                        <div class=\"pg_child_product_thumbnail\"><img loading=\"lazy\" decoding=\"async\" width=\"284\" height=\"300\" src=\"https:\/\/pego.teknetservice.com\/wp-content\/uploads\/2024\/07\/Pego-EXPERT-GSM-284x300.png\" class=\"attachment-medium size-medium wp-post-image\" alt=\"Supervisi\u00f2n y alarmas\" srcset=\"https:\/\/pego.teknetservice.com\/wp-content\/uploads\/2024\/07\/Pego-EXPERT-GSM-284x300.png 284w, https:\/\/pego.teknetservice.com\/wp-content\/uploads\/2024\/07\/Pego-EXPERT-GSM-968x1024.png 968w, https:\/\/pego.teknetservice.com\/wp-content\/uploads\/2024\/07\/Pego-EXPERT-GSM-768x812.png 768w, https:\/\/pego.teknetservice.com\/wp-content\/uploads\/2024\/07\/Pego-EXPERT-GSM.png 1021w\" sizes=\"(max-width: 284px) 100vw, 284px\" \/><\/div>\n                    <\/a><a href=\"https:\/\/pego.teknetservice.com\/es\/productos\/accesorios\/expert-gsm\/\" class=\"pg_prod_title\">EXPERT GSM<\/a><p class=\"pg_child_product_intro\">EXPERT GSM es el m\u00f3dulo que env\u00eda una llamada telef\u00f3nica de alarma para se\u00f1alar la anomal\u00eda de la c\u00e1mara frigor\u00edfica. Puede recibir todas las alarmas de la c\u00e1mara y se\u00f1alar tambi\u00e9n la falta de tensi\u00f3n.<\/p><a class=\"el-content uk-button uk-button-primary\" href=\"https:\/\/pego.teknetservice.com\/es\/productos\/accesorios\/expert-gsm\/\" uk-scroll=\"\">Saber m\u00e1s<\/a><\/div><\/div><\/div><\/div><\/div>\n<p><!--more--><br \/>\n<!-- {\"type\":\"layout\",\"children\":[{\"type\":\"section\",\"props\":{\"header_transparent\":true,\"header_transparent_text_color\":\"light\",\"height\":\"viewport\",\"height_viewport\":80,\"image\":\"wp-content\\\/uploads\\\/2024\\\/08\\\/allarmi.jpg\",\"image_position\":\"center-center\",\"image_size\":\"cover\",\"style\":\"default\",\"title_breakpoint\":\"xl\",\"title_position\":\"top-left\",\"title_rotation\":\"left\",\"vertical_align\":\"middle\",\"width\":\"default\"},\"children\":[{\"type\":\"row\",\"children\":[{\"type\":\"column\",\"props\":{\"image_position\":\"center-center\",\"position_sticky_breakpoint\":\"m\"}}]}]},{\"type\":\"section\",\"props\":{\"css\":\".el-section > .uk-container{\\n\\tmargin-top:-150px;\\n    background-color:#fff;\\n    padding-top:50px;\\n    padding-bottom:50px;\\n}\",\"image_position\":\"center-center\",\"padding\":\"none\",\"style\":\"muted\",\"title_breakpoint\":\"xl\",\"title_position\":\"top-left\",\"title_rotation\":\"left\",\"vertical_align\":\"middle\",\"width\":\"xlarge\"},\"children\":[{\"type\":\"row\",\"props\":{\"layout\":\"1-2,1-2\"},\"children\":[{\"type\":\"column\",\"props\":{\"image_position\":\"center-center\",\"position_sticky_breakpoint\":\"m\",\"width_medium\":\"1-2\"},\"children\":[{\"type\":\"headline\",\"props\":{\"content\":\"PEGO SRL\",\"margin_remove_bottom\":true,\"title_element\":\"div\",\"title_style\":\"text-lead\"}},{\"type\":\"headline\",\"props\":{\"content\":\"Supervisi\\u00f2n y alarmas\\n\",\"margin_remove_top\":true,\"title_element\":\"div\",\"title_style\":\"heading-medium\"}}]},{\"type\":\"column\",\"props\":{\"image_position\":\"center-center\",\"position_sticky_breakpoint\":\"m\",\"vertical_align\":\"middle\",\"width_medium\":\"1-2\"},\"children\":[{\"type\":\"text\",\"props\":{\"column_breakpoint\":\"m\",\"content\":\"\n\n<p style=\\\"text-align: right;\\\">PEGO ofrece varios servicios para la supervisi\\u00f3n y gesti\\u00f3n de las alarmas de la c\\u00e1mara frigor\\u00edfica, como el ECP APE 03, que permite a una persona atrapada dentro de la c\\u00e1mara activar una se\\u00f1al de alarma y el sistema de supervisi\\u00f3n y monitorizaci\\u00f3n TeleNET<\\\/p>\",\"margin\":\"default\"}}]}]}]},{\"type\":\"section\",\"props\":{\"image_position\":\"center-center\",\"style\":\"default\",\"title_breakpoint\":\"xl\",\"title_position\":\"top-left\",\"title_rotation\":\"left\",\"vertical_align\":\"middle\",\"width\":\"xlarge\"},\"children\":[{\"type\":\"row\",\"children\":[{\"type\":\"column\",\"props\":{\"image_position\":\"center-center\",\"position_sticky_breakpoint\":\"m\"},\"children\":[{\"type\":\"text\",\"props\":{\"column_breakpoint\":\"m\",\"content\":\"[pg_single_application]\",\"margin\":\"default\"}}]}]}]}],\"version\":\"1.0.0\"} --><\/p>\n","protected":false},"excerpt":{"rendered":"<p>PEGO SRL Supervisi\u00f2n y alarmas PEGO ofrece varios servicios para la supervisi\u00f3n y gesti\u00f3n de las alarmas de la c\u00e1mara frigor\u00edfica, como el ECP APE 03, que permite a una persona atrapada dentro de la c\u00e1mara activar una se\u00f1al de alarma y el sistema de supervisi\u00f3n y monitorizaci\u00f3n TeleNET<\/p>\n","protected":false},"author":1,"featured_media":9612,"parent":13703,"menu_order":0,"comment_status":"closed","ping_status":"closed","template":"","meta":{"_acf_changed":false,"footnotes":""},"class_list":["post-13877","page","type-page","status-publish","has-post-thumbnail","hentry"],"acf":[],"_links":{"self":[{"href":"https:\/\/pego.teknetservice.com\/es\/wp-json\/wp\/v2\/pages\/13877","targetHints":{"allow":["GET"]}}],"collection":[{"href":"https:\/\/pego.teknetservice.com\/es\/wp-json\/wp\/v2\/pages"}],"about":[{"href":"https:\/\/pego.teknetservice.com\/es\/wp-json\/wp\/v2\/types\/page"}],"author":[{"embeddable":true,"href":"https:\/\/pego.teknetservice.com\/es\/wp-json\/wp\/v2\/users\/1"}],"replies":[{"embeddable":true,"href":"https:\/\/pego.teknetservice.com\/es\/wp-json\/wp\/v2\/comments?post=13877"}],"version-history":[{"count":2,"href":"https:\/\/pego.teknetservice.com\/es\/wp-json\/wp\/v2\/pages\/13877\/revisions"}],"predecessor-version":[{"id":16554,"href":"https:\/\/pego.teknetservice.com\/es\/wp-json\/wp\/v2\/pages\/13877\/revisions\/16554"}],"up":[{"embeddable":true,"href":"https:\/\/pego.teknetservice.com\/es\/wp-json\/wp\/v2\/pages\/13703"}],"wp:featuredmedia":[{"embeddable":true,"href":"https:\/\/pego.teknetservice.com\/es\/wp-json\/wp\/v2\/media\/9612"}],"wp:attachment":[{"href":"https:\/\/pego.teknetservice.com\/es\/wp-json\/wp\/v2\/media?parent=13877"}],"curies":[{"name":"wp","href":"https:\/\/api.w.org\/{rel}","templated":true}]}}