{"id":13909,"date":"2024-08-28T12:23:55","date_gmt":"2024-08-28T12:23:55","guid":{"rendered":"https:\/\/www.pego.it\/aplicaciones\/unidades-motocondensantes\/"},"modified":"2024-09-27T12:57:40","modified_gmt":"2024-09-27T12:57:40","slug":"unidades-motocondensantes","status":"publish","type":"page","link":"https:\/\/pego.teknetservice.com\/es\/aplicaciones\/unidades-motocondensantes\/","title":{"rendered":"Unidades motocondensantes"},"content":{"rendered":"<div>PEGO SRL<\/div>\n<div>Unidades motocondensantes<\/div>\n<div>\n<p style=\"text-align: right;\">Soluciones sencillas y compactas para la gesti\u00f3n de la unidad motocondensadora con gesti\u00f3n directa del compresor, los ventiladores del condensador y todas las protecciones el\u00e9ctricas previstas. La llamada al compresor puede provenir de un presostato, termostato o contacto limpio<\/p>\n<\/div>\n<div><div class=\"pg_app_container\"><div class=\"pg_app_post_type uk-margin-large-bottom\"><span class=\"uk-h3\">Cuadros Electricos<\/span><br\/><span class=\"uk-heading-small uk-margin-bottom pg_app_parent\">Serie ECP<\/span><div class=\"uk-grid uk-margin-medium-bottom uk-margin-small-top\"><div class=\"uk-width-1-3@m uk-width-1-2@s uk-margin-bottom\"><a href=\"https:\/\/pego.teknetservice.com\/es\/productos\/cuadros-electricos\/serie-ecp\/ecp-04-ecp-04-m\/\">\n                        <div class=\"pg_child_product_thumbnail\"><img loading=\"lazy\" decoding=\"async\" width=\"215\" height=\"300\" src=\"https:\/\/pego.teknetservice.com\/wp-content\/uploads\/2024\/07\/Pego-ECP-04-M-215x300.png\" class=\"attachment-medium size-medium wp-post-image\" alt=\"Unidades motocondensantes\" srcset=\"https:\/\/pego.teknetservice.com\/wp-content\/uploads\/2024\/07\/Pego-ECP-04-M-215x300.png 215w, https:\/\/pego.teknetservice.com\/wp-content\/uploads\/2024\/07\/Pego-ECP-04-M-733x1024.png 733w, https:\/\/pego.teknetservice.com\/wp-content\/uploads\/2024\/07\/Pego-ECP-04-M-768x1073.png 768w, https:\/\/pego.teknetservice.com\/wp-content\/uploads\/2024\/07\/Pego-ECP-04-M.png 773w\" sizes=\"(max-width: 215px) 100vw, 215px\" \/><\/div>\n                    <\/a><a href=\"https:\/\/pego.teknetservice.com\/es\/productos\/cuadros-electricos\/serie-ecp\/ecp-04-ecp-04-m\/\" class=\"pg_prod_title\">ECP\u00a004 \/\u00a0ECP\u00a004 M<\/a><p class=\"pg_child_product_intro\">Soluci\u00f3n simple y compacta para la gesti\u00f3n de la unidad motocondensadora monof\u00e1sica hasta 2 HP y trif\u00e1sica hasta 3 HP. La llamada puede provenir...<\/p><a class=\"el-content uk-button uk-button-primary\" href=\"https:\/\/pego.teknetservice.com\/es\/productos\/cuadros-electricos\/serie-ecp\/ecp-04-ecp-04-m\/\" uk-scroll=\"\">Saber m\u00e1s<\/a><\/div><div class=\"uk-width-1-3@m uk-width-1-2@s uk-margin-bottom\"><a href=\"https:\/\/pego.teknetservice.com\/es\/productos\/cuadros-electricos\/serie-ecp\/ecp-07-ecp-10\/\">\n                        <div class=\"pg_child_product_thumbnail\"><img loading=\"lazy\" decoding=\"async\" width=\"222\" height=\"300\" src=\"https:\/\/pego.teknetservice.com\/wp-content\/uploads\/2024\/07\/Pego-ECP-07-222x300.png\" class=\"attachment-medium size-medium wp-post-image\" alt=\"Unidades motocondensantes\" srcset=\"https:\/\/pego.teknetservice.com\/wp-content\/uploads\/2024\/07\/Pego-ECP-07-222x300.png 222w, https:\/\/pego.teknetservice.com\/wp-content\/uploads\/2024\/07\/Pego-ECP-07-757x1024.png 757w, https:\/\/pego.teknetservice.com\/wp-content\/uploads\/2024\/07\/Pego-ECP-07-768x1039.png 768w, https:\/\/pego.teknetservice.com\/wp-content\/uploads\/2024\/07\/Pego-ECP-07.png 798w\" sizes=\"(max-width: 222px) 100vw, 222px\" \/><\/div>\n                    <\/a><a href=\"https:\/\/pego.teknetservice.com\/es\/productos\/cuadros-electricos\/serie-ecp\/ecp-07-ecp-10\/\" class=\"pg_prod_title\">ECP\u00a007 \/\u00a0ECP\u00a010<\/a><p class=\"pg_child_product_intro\">Soluci\u00f3n simple y compacta para la gesti\u00f3n de la unidad motocondensadora trif\u00e1sica hasta 10 HP. La llamada puede provenir del presostato (parada del compresor en pump-down), del termostato o del contacto limpio.<\/p><a class=\"el-content uk-button uk-button-primary\" href=\"https:\/\/pego.teknetservice.com\/es\/productos\/cuadros-electricos\/serie-ecp\/ecp-07-ecp-10\/\" uk-scroll=\"\">Saber m\u00e1s<\/a><\/div><div class=\"uk-width-1-3@m uk-width-1-2@s uk-margin-bottom\"><a href=\"https:\/\/pego.teknetservice.com\/es\/productos\/cuadros-electricos\/serie-ecp\/ecp-15\/\">\n                        <div class=\"pg_child_product_thumbnail\"><img loading=\"lazy\" decoding=\"async\" width=\"198\" height=\"300\" src=\"https:\/\/pego.teknetservice.com\/wp-content\/uploads\/2024\/07\/Pego-ECP-15-198x300.png\" class=\"attachment-medium size-medium wp-post-image\" alt=\"Unidades motocondensantes\" srcset=\"https:\/\/pego.teknetservice.com\/wp-content\/uploads\/2024\/07\/Pego-ECP-15-198x300.png 198w, https:\/\/pego.teknetservice.com\/wp-content\/uploads\/2024\/07\/Pego-ECP-15-674x1024.png 674w, https:\/\/pego.teknetservice.com\/wp-content\/uploads\/2024\/07\/Pego-ECP-15.png 711w\" sizes=\"(max-width: 198px) 100vw, 198px\" \/><\/div>\n                    <\/a><a href=\"https:\/\/pego.teknetservice.com\/es\/productos\/cuadros-electricos\/serie-ecp\/ecp-15\/\" class=\"pg_prod_title\">ECP 15<\/a><p class=\"pg_child_product_intro\">Soluzione semplice e compatta per la gestione dell'unit\u00e0 motocondensante trifase fino a 15 HP. La chiamata pu\u00f2 avvenire da pressostato (fermata compressore in pump-down), da termostato o da contatto pulito.<\/p><a class=\"el-content uk-button uk-button-primary\" href=\"https:\/\/pego.teknetservice.com\/es\/productos\/cuadros-electricos\/serie-ecp\/ecp-15\/\" uk-scroll=\"\">Saber m\u00e1s<\/a><\/div><div class=\"uk-width-1-3@m uk-width-1-2@s uk-margin-bottom\"><a href=\"https:\/\/pego.teknetservice.com\/es\/productos\/cuadros-electricos\/serie-ecp\/ecp-20\/\">\n                        <div class=\"pg_child_product_thumbnail\"><img loading=\"lazy\" decoding=\"async\" width=\"198\" height=\"300\" src=\"https:\/\/pego.teknetservice.com\/wp-content\/uploads\/2024\/07\/Pego-ECP-20-1-198x300.png\" class=\"attachment-medium size-medium wp-post-image\" alt=\"Unidades motocondensantes\" srcset=\"https:\/\/pego.teknetservice.com\/wp-content\/uploads\/2024\/07\/Pego-ECP-20-1-198x300.png 198w, https:\/\/pego.teknetservice.com\/wp-content\/uploads\/2024\/07\/Pego-ECP-20-1-674x1024.png 674w, https:\/\/pego.teknetservice.com\/wp-content\/uploads\/2024\/07\/Pego-ECP-20-1.png 711w\" sizes=\"(max-width: 198px) 100vw, 198px\" \/><\/div>\n                    <\/a><a href=\"https:\/\/pego.teknetservice.com\/es\/productos\/cuadros-electricos\/serie-ecp\/ecp-20\/\" class=\"pg_prod_title\">ECP 20<\/a><p class=\"pg_child_product_intro\">Soluci\u00f3n simple y compacta para la gesti\u00f3n de la unidad motocondensadora trif\u00e1sica hasta 20 HP. La llamada puede provenir del presostato (parada del compresor en pump-down), del termostato o del contacto limpio.<\/p><a class=\"el-content uk-button uk-button-primary\" href=\"https:\/\/pego.teknetservice.com\/es\/productos\/cuadros-electricos\/serie-ecp\/ecp-20\/\" uk-scroll=\"\">Saber m\u00e1s<\/a><\/div><div class=\"uk-width-1-3@m uk-width-1-2@s uk-margin-bottom\"><a href=\"https:\/\/pego.teknetservice.com\/es\/productos\/cuadros-electricos\/serie-ecp\/ecp-30\/\">\n                        <div class=\"pg_child_product_thumbnail\"><img loading=\"lazy\" decoding=\"async\" width=\"193\" height=\"300\" src=\"https:\/\/pego.teknetservice.com\/wp-content\/uploads\/2024\/07\/Pego-ECP-30-193x300.png\" class=\"attachment-medium size-medium wp-post-image\" alt=\"Unidades motocondensantes\" srcset=\"https:\/\/pego.teknetservice.com\/wp-content\/uploads\/2024\/07\/Pego-ECP-30-193x300.png 193w, https:\/\/pego.teknetservice.com\/wp-content\/uploads\/2024\/07\/Pego-ECP-30-658x1024.png 658w, https:\/\/pego.teknetservice.com\/wp-content\/uploads\/2024\/07\/Pego-ECP-30.png 694w\" sizes=\"(max-width: 193px) 100vw, 193px\" \/><\/div>\n                    <\/a><a href=\"https:\/\/pego.teknetservice.com\/es\/productos\/cuadros-electricos\/serie-ecp\/ecp-30\/\" class=\"pg_prod_title\">ECP 30<\/a><p class=\"pg_child_product_intro\">Soluci\u00f3n simple y compacta para la gesti\u00f3n de la unidad motocondensadora trif\u00e1sica hasta 30 HP. La llamada puede provenir del presostato (parada del compresor en pump-down), del termostato o del contacto limpio.\r\n\r\nDisponible versi\u00f3n con compresor PWS.<\/p><a class=\"el-content uk-button uk-button-primary\" href=\"https:\/\/pego.teknetservice.com\/es\/productos\/cuadros-electricos\/serie-ecp\/ecp-30\/\" uk-scroll=\"\">Saber m\u00e1s<\/a><\/div><\/div><\/div><\/div><\/div>\n<p><!--more--><br \/>\n<!-- {\"type\":\"layout\",\"children\":[{\"type\":\"section\",\"props\":{\"header_transparent\":true,\"header_transparent_text_color\":\"light\",\"height\":\"viewport\",\"height_viewport\":80,\"image\":\"wp-content\\\/uploads\\\/2024\\\/08\\\/motocondensanti.jpg\",\"image_position\":\"center-center\",\"image_size\":\"cover\",\"style\":\"default\",\"title_breakpoint\":\"xl\",\"title_position\":\"top-left\",\"title_rotation\":\"left\",\"vertical_align\":\"middle\",\"width\":\"default\"},\"children\":[{\"type\":\"row\",\"children\":[{\"type\":\"column\",\"props\":{\"image_position\":\"center-center\",\"position_sticky_breakpoint\":\"m\"}}]}]},{\"type\":\"section\",\"props\":{\"css\":\".el-section > .uk-container{\\n\\tmargin-top:-150px;\\n    background-color:#fff;\\n    padding-top:50px;\\n    padding-bottom:50px;\\n}\",\"image_position\":\"center-center\",\"padding\":\"none\",\"style\":\"muted\",\"title_breakpoint\":\"xl\",\"title_position\":\"top-left\",\"title_rotation\":\"left\",\"vertical_align\":\"middle\",\"width\":\"xlarge\"},\"children\":[{\"type\":\"row\",\"props\":{\"layout\":\"1-2,1-2\"},\"children\":[{\"type\":\"column\",\"props\":{\"image_position\":\"center-center\",\"position_sticky_breakpoint\":\"m\",\"width_medium\":\"1-2\"},\"children\":[{\"type\":\"headline\",\"props\":{\"content\":\"PEGO SRL\",\"margin_remove_bottom\":true,\"title_element\":\"div\",\"title_style\":\"text-lead\"}},{\"type\":\"headline\",\"props\":{\"content\":\"Unidades motocondensantes\",\"margin_remove_top\":true,\"title_element\":\"div\",\"title_style\":\"heading-small\"}}]},{\"type\":\"column\",\"props\":{\"image_position\":\"center-center\",\"position_sticky_breakpoint\":\"m\",\"vertical_align\":\"middle\",\"width_medium\":\"1-2\"},\"children\":[{\"type\":\"text\",\"props\":{\"column_breakpoint\":\"m\",\"content\":\"\n\n<p style=\\\"text-align: right;\\\">Soluciones sencillas y compactas para la gesti\\u00f3n de la unidad motocondensadora con gesti\\u00f3n directa del compresor, los ventiladores del condensador y todas las protecciones el\\u00e9ctricas previstas. La llamada al compresor puede provenir de un presostato, termostato o contacto limpio<\\\/p>\",\"margin\":\"default\"}}]}]}]},{\"type\":\"section\",\"props\":{\"image_position\":\"center-center\",\"style\":\"default\",\"title_breakpoint\":\"xl\",\"title_position\":\"top-left\",\"title_rotation\":\"left\",\"vertical_align\":\"middle\",\"width\":\"xlarge\"},\"children\":[{\"type\":\"row\",\"children\":[{\"type\":\"column\",\"props\":{\"image_position\":\"center-center\",\"position_sticky_breakpoint\":\"m\"},\"children\":[{\"type\":\"text\",\"props\":{\"column_breakpoint\":\"m\",\"content\":\"[pg_single_application]\",\"margin\":\"default\"}}]}]}]}],\"version\":\"1.0.0\"} --><\/p>\n","protected":false},"excerpt":{"rendered":"<p>PEGO SRL Unidades motocondensantes Soluciones sencillas y compactas para la gesti\u00f3n de la unidad motocondensadora con gesti\u00f3n directa del compresor, los ventiladores del condensador y todas las protecciones el\u00e9ctricas previstas. La llamada al compresor puede provenir de un presostato, termostato o contacto limpio<\/p>\n","protected":false},"author":1,"featured_media":9532,"parent":13703,"menu_order":0,"comment_status":"closed","ping_status":"closed","template":"","meta":{"_acf_changed":false,"footnotes":""},"class_list":["post-13909","page","type-page","status-publish","has-post-thumbnail","hentry"],"acf":[],"_links":{"self":[{"href":"https:\/\/pego.teknetservice.com\/es\/wp-json\/wp\/v2\/pages\/13909","targetHints":{"allow":["GET"]}}],"collection":[{"href":"https:\/\/pego.teknetservice.com\/es\/wp-json\/wp\/v2\/pages"}],"about":[{"href":"https:\/\/pego.teknetservice.com\/es\/wp-json\/wp\/v2\/types\/page"}],"author":[{"embeddable":true,"href":"https:\/\/pego.teknetservice.com\/es\/wp-json\/wp\/v2\/users\/1"}],"replies":[{"embeddable":true,"href":"https:\/\/pego.teknetservice.com\/es\/wp-json\/wp\/v2\/comments?post=13909"}],"version-history":[{"count":2,"href":"https:\/\/pego.teknetservice.com\/es\/wp-json\/wp\/v2\/pages\/13909\/revisions"}],"predecessor-version":[{"id":16549,"href":"https:\/\/pego.teknetservice.com\/es\/wp-json\/wp\/v2\/pages\/13909\/revisions\/16549"}],"up":[{"embeddable":true,"href":"https:\/\/pego.teknetservice.com\/es\/wp-json\/wp\/v2\/pages\/13703"}],"wp:featuredmedia":[{"embeddable":true,"href":"https:\/\/pego.teknetservice.com\/es\/wp-json\/wp\/v2\/media\/9532"}],"wp:attachment":[{"href":"https:\/\/pego.teknetservice.com\/es\/wp-json\/wp\/v2\/media?parent=13909"}],"curies":[{"name":"wp","href":"https:\/\/api.w.org\/{rel}","templated":true}]}}