{"id":13927,"date":"2024-08-28T14:20:33","date_gmt":"2024-08-28T14:20:33","guid":{"rendered":"https:\/\/www.pego.it\/aplicaciones\/wellness\/"},"modified":"2024-09-27T12:53:29","modified_gmt":"2024-09-27T12:53:29","slug":"wellness-es","status":"publish","type":"page","link":"https:\/\/pego.teknetservice.com\/es\/aplicaciones\/wellness-es\/","title":{"rendered":"Wellness"},"content":{"rendered":"<div>PEGO SRL<\/div>\n<div>Wellness<\/div>\n<div>\n<p style=\"text-align: right;\">Productos para la gesti\u00f3n de saunas y ba\u00f1os turcos.<\/p>\n<\/div>\n<div><div class=\"pg_app_container\"><div class=\"pg_app_post_type uk-margin-large-bottom\"><span class=\"uk-h3\">Electr\u00f3nica<\/span><br\/><span class=\"uk-heading-small uk-margin-bottom pg_app_parent\">Serie VISION TOUCH<\/span><div class=\"uk-grid uk-margin-medium-bottom uk-margin-small-top\"><div class=\"uk-width-1-3@m uk-width-1-2@s uk-margin-bottom\"><a href=\"https:\/\/pego.teknetservice.com\/es\/productos\/electronica-modular\/serie-vision-touch\/vision-touch-wellness\/\">\n                        <div class=\"pg_child_product_thumbnail\"><img loading=\"lazy\" decoding=\"async\" width=\"263\" height=\"300\" src=\"https:\/\/pego.teknetservice.com\/wp-content\/uploads\/2024\/07\/Pego-VISION-TOUCH-WELLNESS-Sch-01-263x300.png\" class=\"attachment-medium size-medium wp-post-image\" alt=\"Wellness\" srcset=\"https:\/\/pego.teknetservice.com\/wp-content\/uploads\/2024\/07\/Pego-VISION-TOUCH-WELLNESS-Sch-01-263x300.png 263w, https:\/\/pego.teknetservice.com\/wp-content\/uploads\/2024\/07\/Pego-VISION-TOUCH-WELLNESS-Sch-01-896x1024.png 896w, https:\/\/pego.teknetservice.com\/wp-content\/uploads\/2024\/07\/Pego-VISION-TOUCH-WELLNESS-Sch-01-768x878.png 768w, https:\/\/pego.teknetservice.com\/wp-content\/uploads\/2024\/07\/Pego-VISION-TOUCH-WELLNESS-Sch-01.png 945w\" sizes=\"(max-width: 263px) 100vw, 263px\" \/><\/div>\n                    <\/a><a href=\"https:\/\/pego.teknetservice.com\/es\/productos\/electronica-modular\/serie-vision-touch\/vision-touch-wellness\/\" class=\"pg_prod_title\">VISION TOUCH WELLNESS<\/a><p class=\"pg_child_product_intro\">Control electr\u00f3nico con pantalla t\u00e1ctil capacitiva para la gesti\u00f3n de saunas, saunas con humedad y ba\u00f1os turcos.<\/p><a class=\"el-content uk-button uk-button-primary\" href=\"https:\/\/pego.teknetservice.com\/es\/productos\/electronica-modular\/serie-vision-touch\/vision-touch-wellness\/\" uk-scroll=\"\">Saber m\u00e1s<\/a><\/div><\/div><\/div><\/div><\/div>\n<p><!--more--><br \/>\n<!-- {\"type\":\"layout\",\"children\":[{\"type\":\"section\",\"props\":{\"header_transparent\":true,\"header_transparent_text_color\":\"light\",\"height\":\"viewport\",\"height_viewport\":80,\"image\":\"wp-content\\\/uploads\\\/2024\\\/08\\\/welness.jpg\",\"image_position\":\"center-center\",\"image_size\":\"cover\",\"style\":\"default\",\"title_breakpoint\":\"xl\",\"title_position\":\"top-left\",\"title_rotation\":\"left\",\"vertical_align\":\"middle\",\"width\":\"default\"},\"children\":[{\"type\":\"row\",\"children\":[{\"type\":\"column\",\"props\":{\"image_position\":\"center-center\",\"position_sticky_breakpoint\":\"m\"}}]}]},{\"type\":\"section\",\"props\":{\"css\":\".el-section > .uk-container{\\n\\tmargin-top:-150px;\\n    background-color:#fff;\\n    padding-top:50px;\\n    padding-bottom:50px;\\n}\",\"image_position\":\"center-center\",\"padding\":\"none\",\"style\":\"muted\",\"title_breakpoint\":\"xl\",\"title_position\":\"top-left\",\"title_rotation\":\"left\",\"vertical_align\":\"middle\",\"width\":\"xlarge\"},\"children\":[{\"type\":\"row\",\"props\":{\"layout\":\"1-2,1-2\"},\"children\":[{\"type\":\"column\",\"props\":{\"image_position\":\"center-center\",\"position_sticky_breakpoint\":\"m\",\"width_medium\":\"1-2\"},\"children\":[{\"type\":\"headline\",\"props\":{\"content\":\"PEGO SRL\",\"margin_remove_bottom\":true,\"title_element\":\"div\",\"title_style\":\"text-lead\"}},{\"type\":\"headline\",\"props\":{\"content\":\"Wellness\",\"margin_remove_top\":true,\"title_element\":\"div\",\"title_style\":\"heading-medium\"}}]},{\"type\":\"column\",\"props\":{\"image_position\":\"center-center\",\"position_sticky_breakpoint\":\"m\",\"vertical_align\":\"middle\",\"width_medium\":\"1-2\"},\"children\":[{\"type\":\"text\",\"props\":{\"column_breakpoint\":\"m\",\"content\":\"\n\n<p style=\\\"text-align: right;\\\">Productos para la gesti\\u00f3n de saunas y ba\\u00f1os turcos.<\\\/p>\",\"margin\":\"default\"}}]}]}]},{\"type\":\"section\",\"props\":{\"image_position\":\"center-center\",\"style\":\"default\",\"title_breakpoint\":\"xl\",\"title_position\":\"top-left\",\"title_rotation\":\"left\",\"vertical_align\":\"middle\",\"width\":\"xlarge\"},\"children\":[{\"type\":\"row\",\"children\":[{\"type\":\"column\",\"props\":{\"image_position\":\"center-center\",\"position_sticky_breakpoint\":\"m\"},\"children\":[{\"type\":\"text\",\"props\":{\"column_breakpoint\":\"m\",\"content\":\"[pg_single_application]\",\"margin\":\"default\"}}]}]}]}],\"version\":\"1.0.0\"} --><\/p>\n","protected":false},"excerpt":{"rendered":"<p>PEGO SRL Wellness Productos para la gesti\u00f3n de saunas y ba\u00f1os turcos.<\/p>\n","protected":false},"author":1,"featured_media":9749,"parent":13703,"menu_order":0,"comment_status":"closed","ping_status":"closed","template":"","meta":{"_acf_changed":false,"footnotes":""},"class_list":["post-13927","page","type-page","status-publish","has-post-thumbnail","hentry"],"acf":[],"_links":{"self":[{"href":"https:\/\/pego.teknetservice.com\/es\/wp-json\/wp\/v2\/pages\/13927","targetHints":{"allow":["GET"]}}],"collection":[{"href":"https:\/\/pego.teknetservice.com\/es\/wp-json\/wp\/v2\/pages"}],"about":[{"href":"https:\/\/pego.teknetservice.com\/es\/wp-json\/wp\/v2\/types\/page"}],"author":[{"embeddable":true,"href":"https:\/\/pego.teknetservice.com\/es\/wp-json\/wp\/v2\/users\/1"}],"replies":[{"embeddable":true,"href":"https:\/\/pego.teknetservice.com\/es\/wp-json\/wp\/v2\/comments?post=13927"}],"version-history":[{"count":2,"href":"https:\/\/pego.teknetservice.com\/es\/wp-json\/wp\/v2\/pages\/13927\/revisions"}],"predecessor-version":[{"id":16541,"href":"https:\/\/pego.teknetservice.com\/es\/wp-json\/wp\/v2\/pages\/13927\/revisions\/16541"}],"up":[{"embeddable":true,"href":"https:\/\/pego.teknetservice.com\/es\/wp-json\/wp\/v2\/pages\/13703"}],"wp:featuredmedia":[{"embeddable":true,"href":"https:\/\/pego.teknetservice.com\/es\/wp-json\/wp\/v2\/media\/9749"}],"wp:attachment":[{"href":"https:\/\/pego.teknetservice.com\/es\/wp-json\/wp\/v2\/media?parent=13927"}],"curies":[{"name":"wp","href":"https:\/\/api.w.org\/{rel}","templated":true}]}}