{"id":14014,"date":"2024-08-21T09:35:58","date_gmt":"2024-08-21T09:35:58","guid":{"rendered":"https:\/\/www.pego.it\/download\/"},"modified":"2025-11-14T06:58:58","modified_gmt":"2025-11-14T06:58:58","slug":"download","status":"publish","type":"page","link":"https:\/\/pego.teknetservice.com\/es\/download\/","title":{"rendered":"Download"},"content":{"rendered":"<div>PEGO SRL<\/div>\n<div>Descargar<\/div>\n<div>\n<p style=\"text-align: right;\"><strong>PEGO ofrece diversos materiales descargables, como el cat\u00e1logo general<\/strong>, el software de supervisi\u00f3n y monitorizaci\u00f3n, los manuales t\u00e9cnicos de los productos y el programa de asistencia remota.<\/p>\n<\/div>\n<div>Descargar<\/div>\n<div>Descargar material PEGO<\/div>\n<div>Desde el cat\u00e1logo hasta los archivos ejecutables, todo lo que necesita para entrar en el mundo pego y sacar el m\u00e1ximo partido a nuestros productos.<\/div>\n<div>\n<p>Mantente al d\u00eda del mundo PEGO, desc\u00e1rgate nuestro nuevo cat\u00e1logo, cada a\u00f1o lo actualizamos con todos los productos innovadores que fabricamos.<\/p>\n<p><strong>Catalogo de productos PEGO<\/strong>.<\/p>\n<p>Una vez elegido tu producto y adquirido aqu\u00ed encontrar\u00e1s todos los programas necesarios para la teleasistencia, as\u00ed como las diferentes actualizaciones necesarias.<\/p>\n<\/div>\n<p><img decoding=\"async\" src=\"\/wp-content\/uploads\/2024\/08\/download-2.jpg\" alt=\"Download\"><\/p>\n<ul>\n<li>\n<p>        <img decoding=\"async\" src=\"\/wp-content\/uploads\/2024\/10\/cat_2025.jpg\" alt=\"Download\"><\/p>\n<div>Cat\u00e0logo General 2025<\/div>\n<div>\n<p>Controles para sistemas de refrigeraci\u00f3n<\/p>\n<\/div>\n<p><a href=\"\/wp-content\/uploads\/2024\/10\/ES-PEGO-2025.pdf\"><\/a><\/p>\n<\/li>\n<li>\n<p>        <img decoding=\"async\" src=\"\/wp-content\/uploads\/2024\/08\/img_bro_ex_kit.png\" alt=\"Download\"><\/p>\n<div>Smart Expansion Kit<\/div>\n<div>La soluci\u00f3n integrada para el control de expansi\u00f3n de 0 a 80 kW\n<\/div>\n<p><a href=\"\/wp-content\/uploads\/download\/PEGO_Expansion_kit_brochure_ITA.pdf\"><\/a><\/p>\n<\/li>\n<li>\n<p>        <img decoding=\"async\" src=\"\/wp-content\/uploads\/2024\/08\/telenet-sd.jpg\" alt=\"Download\"><\/p>\n<div>Asistencia remota Telenet<\/div>\n<div>Descargue la aplicaci\u00f3n de conexi\u00f3n remota para obtener ayuda\n<\/div>\n<p><a href=\"\/wp-content\/uploads\/download\/PEGO_QS.exe\"><\/a><\/p>\n<\/li>\n<li>\n<p>        <img decoding=\"async\" src=\"\/wp-content\/uploads\/2024\/08\/telenet-sd.jpg\" alt=\"Download\"><\/p>\n<div>Telenet Software<\/div>\n<div>Sistema de supervisi\u00f3n y seguimiento\n<\/div>\n<p><a href=\"\/wp-content\/uploads\/download\/TeleNET_2025.zip\"><\/a><\/p>\n<\/li>\n<li>\n<p>        <img decoding=\"async\" src=\"\/wp-content\/uploads\/2024\/08\/telenet-sd.jpg\" alt=\"Download\"><\/p>\n<div>Telenet Updater<\/div>\n<div>Descarga la \u00faltima actualizaci\u00f3n de TeleNET\n<\/div>\n<p><a href=\"\/wp-content\/uploads\/download\/TeleNet_Datalogger_2021.01.02.exe\"><\/a><\/p>\n<\/li>\n<li>\n<p>        <img decoding=\"async\" src=\"\/wp-content\/uploads\/2024\/08\/download1.jpg\" alt=\"Download\"><\/p>\n<div>Telenet Datalogger<\/div>\n<div>Versi\u00f3n de TeleNET para ver las grabaciones del Datalogger\n<\/div>\n<p><a href=\"\/wp-content\/uploads\/download\/TeleNET_2025.zip\"><\/a><\/p>\n<\/li>\n<li>\n<p>        <img decoding=\"async\" src=\"\/wp-content\/uploads\/2024\/08\/telenet-sd.jpg\" alt=\"Download\"><\/p>\n<div>Telenet Driver USB<\/div>\n<div>CDM v2.12.36 (Windows)<\/div>\n<p><a href=\"\/wp-content\/uploads\/download\/CDM21236_Setup.exe\"><\/a><\/p>\n<\/li>\n<li>\n<p>        <img decoding=\"async\" src=\"\/wp-content\/uploads\/2024\/08\/telenet-sd.jpg\" alt=\"Download\"><\/p>\n<div>Web Services<\/div>\n<div>Paquete WEB para TeleNET\n<\/div>\n<p><a href=\"\/wp-content\/uploads\/download\/TeleNetWEB_2020.03.01.exe\"><\/a><\/p>\n<\/li>\n<li>\n<p>        <img decoding=\"async\" src=\"\/wp-content\/uploads\/2024\/08\/pego_logoappDatalog.png\" alt=\"Download\"><\/p>\n<div>Download App (Datalogger)<\/div>\n<div>Pego PLUSR<\/div>\n<p><a href=\"https:\/\/play.google.com\/store\/apps\/details?id=pegodatalogger.datalogger\"><\/a><\/p>\n<\/li>\n<li>\n<p>        <img decoding=\"async\" src=\"\/wp-content\/uploads\/2024\/08\/nector_manual.jpg\" alt=\"Download\"><\/p>\n<div>Descargar Manuales<\/div>\n<div>Descarga de manuales y documentaci\u00f3n t\u00e9cnica de productos PEGO\t<\/div>\n<p><a href=\"https:\/\/www.pego.it\/es\/manuales\/\"><\/a><\/p>\n<\/li>\n<\/ul>\n<p><!--more--><br \/>\n<!-- {\"type\":\"layout\",\"children\":[{\"type\":\"section\",\"props\":{\"header_transparent\":true,\"header_transparent_text_color\":\"light\",\"height\":\"viewport\",\"height_viewport\":80,\"image\":\"wp-content\\\/uploads\\\/2024\\\/08\\\/download.png\",\"image_position\":\"center-center\",\"image_size\":\"cover\",\"style\":\"default\",\"title_breakpoint\":\"xl\",\"title_position\":\"top-left\",\"title_rotation\":\"left\",\"vertical_align\":\"middle\",\"width\":\"default\"},\"children\":[{\"type\":\"row\",\"children\":[{\"type\":\"column\",\"props\":{\"image_position\":\"center-center\",\"position_sticky_breakpoint\":\"m\"}}]}]},{\"type\":\"section\",\"props\":{\"css\":\".el-section > .uk-container{\\n\\tmargin-top:-150px;\\n    background-color:#fff;\\n    padding-top:50px;\\n    padding-bottom:50px;\\n}\",\"image_position\":\"center-center\",\"padding\":\"none\",\"style\":\"muted\",\"title_breakpoint\":\"xl\",\"title_position\":\"top-left\",\"title_rotation\":\"left\",\"vertical_align\":\"middle\",\"width\":\"xlarge\"},\"children\":[{\"type\":\"row\",\"props\":{\"layout\":\"1-2,1-2\"},\"children\":[{\"type\":\"column\",\"props\":{\"image_position\":\"center-center\",\"position_sticky_breakpoint\":\"m\",\"width_medium\":\"1-2\"},\"children\":[{\"type\":\"headline\",\"props\":{\"content\":\"PEGO SRL\",\"margin_remove_bottom\":true,\"title_element\":\"div\",\"title_style\":\"text-lead\"}},{\"type\":\"headline\",\"props\":{\"content\":\"Descargar\",\"margin_remove_top\":true,\"title_element\":\"div\",\"title_style\":\"heading-large\"}}]},{\"type\":\"column\",\"props\":{\"image_position\":\"center-center\",\"position_sticky_breakpoint\":\"m\",\"vertical_align\":\"middle\",\"width_medium\":\"1-2\"},\"children\":[{\"type\":\"text\",\"props\":{\"column_breakpoint\":\"m\",\"content\":\"\n\n<p style=\\\"text-align: right;\\\"><strong>PEGO ofrece diversos materiales descargables, como el cat\\u00e1logo general<\\\/strong>, el software de supervisi\\u00f3n y monitorizaci\\u00f3n, los manuales t\\u00e9cnicos de los productos y el programa de asistencia remota.<\\\/p>\",\"margin\":\"default\",\"text_align\":\"right\",\"text_align_breakpoint\":\"s\"}}]}]}]},{\"type\":\"section\",\"props\":{\"image_position\":\"center-center\",\"padding\":\"large\",\"style\":\"muted\",\"title_breakpoint\":\"xl\",\"title_position\":\"top-left\",\"title_rotation\":\"left\",\"vertical_align\":\"middle\",\"width\":\"xlarge\"},\"children\":[{\"type\":\"row\",\"props\":{\"layout\":\"1-2,1-2\"},\"children\":[{\"type\":\"column\",\"props\":{\"image_position\":\"center-center\",\"position_sticky_breakpoint\":\"m\",\"width_medium\":\"1-2\"},\"children\":[{\"type\":\"headline\",\"props\":{\"content\":\"Descargar\",\"margin_remove_bottom\":true,\"title_element\":\"div\",\"title_style\":\"text-lead\"}},{\"type\":\"headline\",\"props\":{\"content\":\"Descargar material PEGO\",\"margin_remove_top\":true,\"title_element\":\"div\",\"title_style\":\"h1\"}},{\"type\":\"headline\",\"props\":{\"content\":\"Desde el cat\\u00e1logo hasta los archivos ejecutables, todo lo que necesita para entrar en el mundo pego y sacar el m\\u00e1ximo partido a nuestros productos.\",\"margin_remove_bottom\":true,\"title_element\":\"div\",\"title_style\":\"text-lead\"}},{\"type\":\"text\",\"props\":{\"column_breakpoint\":\"m\",\"content\":\"\n\n<p>Mantente al d\\u00eda del mundo PEGO, desc\\u00e1rgate nuestro nuevo cat\\u00e1logo, cada a\\u00f1o lo actualizamos con todos los productos innovadores que fabricamos.<\\\/p> \n\n<p><strong>Catalogo de productos PEGO<\\\/strong>.\\n\n\n<p>Una vez elegido tu producto y adquirido aqu\\u00ed encontrar\\u00e1s todos los programas necesarios para la teleasistencia, as\\u00ed como las diferentes actualizaciones necesarias.<\\\/p>\",\"margin\":\"default\"}}]},{\"type\":\"column\",\"props\":{\"image_position\":\"center-center\",\"position_sticky_breakpoint\":\"m\",\"width_medium\":\"1-2\"},\"children\":[{\"type\":\"image\",\"props\":{\"class\":\"about-img-1 dark\",\"image\":\"wp-content\\\/uploads\\\/2024\\\/08\\\/download-2.jpg\",\"image_height\":400,\"image_svg_color\":\"emphasis\",\"image_width\":520,\"margin\":\"default\",\"text_align\":\"center\"}}]}]}]},{\"type\":\"section\",\"props\":{\"class\":\"download-white\",\"image_position\":\"center-center\",\"padding_remove_top\":true,\"style\":\"default\",\"title_breakpoint\":\"xl\",\"title_position\":\"top-left\",\"title_rotation\":\"left\",\"vertical_align\":\"middle\",\"width\":\"default\"},\"children\":[{\"type\":\"row\",\"children\":[{\"type\":\"column\",\"props\":{\"image_position\":\"center-center\",\"position_sticky_breakpoint\":\"m\"},\"children\":[{\"type\":\"grid\",\"props\":{\"content_column_breakpoint\":\"m\",\"filter_align\":\"left\",\"filter_all\":true,\"filter_grid_breakpoint\":\"m\",\"filter_grid_width\":\"auto\",\"filter_position\":\"top\",\"filter_style\":\"tab\",\"grid_default\":\"1\",\"grid_medium\":\"3\",\"grid_small\":\"2\",\"icon_width\":80,\"image_align\":\"top\",\"image_grid_breakpoint\":\"m\",\"image_grid_width\":\"1-2\",\"image_height\":\"400\",\"image_link\":true,\"image_loading\":false,\"image_svg_color\":\"emphasis\",\"image_width\":\"400\",\"item_animation\":true,\"lightbox_bg_close\":true,\"link_style\":\"link-text\",\"link_text\":\"\",\"margin\":\"default\",\"meta_align\":\"below-title\",\"meta_element\":\"div\",\"meta_style\":\"text-meta\",\"show_content\":true,\"show_hover_image\":true,\"show_hover_video\":true,\"show_image\":true,\"show_link\":true,\"show_meta\":true,\"show_title\":true,\"show_video\":true,\"title_align\":\"top\",\"title_element\":\"div\",\"title_grid_breakpoint\":\"m\",\"title_grid_width\":\"1-2\",\"title_hover_style\":\"reset\",\"title_link\":true,\"title_style\":\"h3\"},\"children\":[{\"type\":\"grid_item\",\"props\":{\"content\":\"\n\n<p>Controles para sistemas de refrigeraci\\u00f3n<\\\/p>\",\"image\":\"wp-content\\\/uploads\\\/2024\\\/10\\\/cat_2025.jpg\",\"link\":\"wp-content\\\/uploads\\\/2024\\\/10\\\/ES-PEGO-2025.pdf\",\"title\":\"Cat\\u00e0logo General 2025\"}},{\"type\":\"grid_item\",\"props\":{\"content\":\"La soluci\\u00f3n integrada para el control de expansi\\u00f3n de 0 a 80 kW\\n\",\"image\":\"wp-content\\\/uploads\\\/2024\\\/08\\\/img_bro_ex_kit.png\",\"link\":\"\\\/wp-content\\\/uploads\\\/download\\\/PEGO_Expansion_kit_brochure_ITA.pdf\",\"title\":\"Smart Expansion Kit\"}},{\"type\":\"grid_item\",\"props\":{\"content\":\"Descargue la aplicaci\\u00f3n de conexi\\u00f3n remota para obtener ayuda\\n\",\"image\":\"wp-content\\\/uploads\\\/2024\\\/08\\\/telenet-sd.jpg\",\"link\":\"\\\/wp-content\\\/uploads\\\/download\\\/PEGO_QS.exe\",\"title\":\"Asistencia remota Telenet\"}},{\"type\":\"grid_item\",\"props\":{\"content\":\"Sistema de supervisi\\u00f3n y seguimiento\\n\",\"image\":\"wp-content\\\/uploads\\\/2024\\\/08\\\/telenet-sd.jpg\",\"link\":\"\\\/wp-content\\\/uploads\\\/download\\\/TeleNET_2025.zip\",\"title\":\"Telenet Software\"}},{\"type\":\"grid_item\",\"props\":{\"content\":\"Descarga la \\u00faltima actualizaci\\u00f3n de TeleNET\\n\",\"image\":\"wp-content\\\/uploads\\\/2024\\\/08\\\/telenet-sd.jpg\",\"link\":\"\\\/wp-content\\\/uploads\\\/download\\\/TeleNet_Datalogger_2021.01.02.exe\",\"title\":\"Telenet Updater\"}},{\"type\":\"grid_item\",\"props\":{\"content\":\"Versi\\u00f3n de TeleNET para ver las grabaciones del Datalogger\\n\",\"image\":\"wp-content\\\/uploads\\\/2024\\\/08\\\/download1.jpg\",\"link\":\"\\\/wp-content\\\/uploads\\\/download\\\/TeleNET_2025.zip\",\"title\":\"Telenet Datalogger\"}},{\"type\":\"grid_item\",\"props\":{\"content\":\"CDM v2.12.36 (Windows)\",\"image\":\"wp-content\\\/uploads\\\/2024\\\/08\\\/telenet-sd.jpg\",\"link\":\"\\\/wp-content\\\/uploads\\\/download\\\/CDM21236_Setup.exe\",\"title\":\"Telenet Driver USB\"}},{\"type\":\"grid_item\",\"props\":{\"content\":\"Paquete WEB para TeleNET\\n\",\"image\":\"wp-content\\\/uploads\\\/2024\\\/08\\\/telenet-sd.jpg\",\"link\":\"\\\/wp-content\\\/uploads\\\/download\\\/TeleNetWEB_2020.03.01.exe\",\"title\":\"Web Services\"}},{\"type\":\"grid_item\",\"props\":{\"content\":\"Pego PLUSR\",\"image\":\"wp-content\\\/uploads\\\/2024\\\/08\\\/pego_logoappDatalog.png\",\"link\":\"https:\\\/\\\/play.google.com\\\/store\\\/apps\\\/details?id=pegodatalogger.datalogger\",\"title\":\"Download App (Datalogger)\"}},{\"type\":\"grid_item\",\"props\":{\"content\":\"Descarga de manuales y documentaci\\u00f3n t\\u00e9cnica de productos PEGO\\t\",\"image\":\"wp-content\\\/uploads\\\/2024\\\/08\\\/nector_manual.jpg\",\"link\":\"\\\/es\\\/manuales\\\/\",\"title\":\"Descargar Manuales\"}}]}]}]}]}],\"version\":\"1.0.0\"} --><\/p>\n","protected":false},"excerpt":{"rendered":"<p>PEGO SRL Descargar PEGO ofrece diversos materiales descargables, como el cat\u00e1logo general, el software de supervisi\u00f3n y monitorizaci\u00f3n, los manuales t\u00e9cnicos de los productos y el programa de asistencia remota. Descargar Descargar material PEGO Desde el cat\u00e1logo hasta los archivos ejecutables, todo lo que necesita para entrar en el mundo pego y sacar el m\u00e1ximo [&hellip;]<\/p>\n","protected":false},"author":1,"featured_media":0,"parent":0,"menu_order":0,"comment_status":"closed","ping_status":"closed","template":"","meta":{"_acf_changed":false,"footnotes":""},"class_list":["post-14014","page","type-page","status-publish","hentry"],"acf":[],"_links":{"self":[{"href":"https:\/\/pego.teknetservice.com\/es\/wp-json\/wp\/v2\/pages\/14014","targetHints":{"allow":["GET"]}}],"collection":[{"href":"https:\/\/pego.teknetservice.com\/es\/wp-json\/wp\/v2\/pages"}],"about":[{"href":"https:\/\/pego.teknetservice.com\/es\/wp-json\/wp\/v2\/types\/page"}],"author":[{"embeddable":true,"href":"https:\/\/pego.teknetservice.com\/es\/wp-json\/wp\/v2\/users\/1"}],"replies":[{"embeddable":true,"href":"https:\/\/pego.teknetservice.com\/es\/wp-json\/wp\/v2\/comments?post=14014"}],"version-history":[{"count":17,"href":"https:\/\/pego.teknetservice.com\/es\/wp-json\/wp\/v2\/pages\/14014\/revisions"}],"predecessor-version":[{"id":18614,"href":"https:\/\/pego.teknetservice.com\/es\/wp-json\/wp\/v2\/pages\/14014\/revisions\/18614"}],"wp:attachment":[{"href":"https:\/\/pego.teknetservice.com\/es\/wp-json\/wp\/v2\/media?parent=14014"}],"curies":[{"name":"wp","href":"https:\/\/api.w.org\/{rel}","templated":true}]}}