{"id":5228,"date":"2019-07-25T10:30:43","date_gmt":"2019-07-25T10:30:43","guid":{"rendered":"https:\/\/www.pego.it\/home\/"},"modified":"2025-11-05T10:12:54","modified_gmt":"2025-11-05T10:12:54","slug":"home","status":"publish","type":"page","link":"https:\/\/pego.teknetservice.com\/es\/","title":{"rendered":"Home"},"content":{"rendered":"<ul>\n<li>\n<p>        <video src=\"\/wp-content\/uploads\/2025\/11\/VIDEO_SPOT_SITO.mp4\"><\/video><\/p>\n<h3>APE GLD<\/h3>\n<p>PEGO SRL<\/p>\n<div>\n<p>Seguridad total en c\u00e1mara frigor\u00edfica: APE GLD detecta fugas de gas y se\u00f1ala personas atrapadas. Protecci\u00f3n inteligente y fiable, conforme a la normativa UNI EN 378.<\/p>\n<\/div>\n<p><a href=\"\/es\/productos\/accesorios\/ape-gld\/\">Ver el producto<\/a><\/p>\n<\/li>\n<li>\n<p>        <img decoding=\"async\" src=\"\/wp-content\/uploads\/2024\/10\/HOMEPAGE-PRODOTTI-STANDARD2.png\" alt=\"Home\"><\/p>\n<h3>Cuadros est\u00e1ndar<\/h3>\n<p>PEGO SRL<\/p>\n<div>\n<p>PEGO est\u00e1 especializada en el campo de la refrigeraci\u00f3n y el aire acondicionado y ofrece una amplia gama de productos, adecuados para todo tipo de aplicaciones.<\/p>\n<\/div>\n<\/li>\n<li>\n<p>        <img decoding=\"async\" src=\"\/wp-content\/uploads\/2024\/10\/HOMEPAGE-QUADRI-SPECIALI-3.png\" alt=\"Home\"><\/p>\n<h3>Cuadros especiales<\/h3>\n<p>PEGO SRL<\/p>\n<div>PEGO est\u00e1 disponible para el dise\u00f1o y la producci\u00f3n de cuadros el\u00e9ctricos especiales, incluso \u00fanicos, creados para adaptarse a cada solicitud espec\u00edfica del cliente y satisfacer las necesidades de ingenier\u00eda de la planta.<\/div>\n<\/li>\n<li>\n<p>        <img decoding=\"async\" src=\"\/wp-content\/uploads\/2024\/10\/HOMEPAGE-HUMIDIFIERS-1.png\" alt=\"Home\"><\/p>\n<h3>Humidificadores<\/h3>\n<p>PEGO SRL<\/p>\n<div>\n<p>Los humidificadores PEGO utilizan la tecnolog\u00eda de electrodos sumergidos para producir vapor.<\/p>\n<\/div>\n<\/li>\n<\/ul>\n<p><img decoding=\"async\" src=\"\/wp-content\/uploads\/2024\/10\/foto_entrata.jpg\" alt=\"Home\"><\/p>\n<div>La empresa<\/div>\n<div>Cuadros el\u00e9ctricos para <br \/>instalaciones frigor\u00edficas<\/div>\n<div><strong>Dise\u00f1o y fabricaci\u00f3n de cuadros el\u00e9ctricos y controles electr\u00f3nicos para la refrigeraci\u00f3n comercial e industrial y para la climatizaci\u00f3n del aire. Producci\u00f3n de HUMIDIFICADORES de electrodos sumergidos.<\/strong><\/div>\n<p><p>\n        <a href=\"https:\/\/www.pego.it\/es\/empresa\/\">Saber m\u00e1s<\/a>\n    <\/p>\n<\/p>\n<div>PEGO SRL<\/div>\n<div>Explora las categor\u00edas de productos<\/div>\n<div>\n<p><strong>PEGO est\u00e1 especializada en el campo de la refrigeraci\u00f3n y el aire acondicionado y ofrece una amplia gama de productos, adecuados para todo tipo de aplicacion<\/strong>es. La producci\u00f3n de cuadros tanto est\u00e1ndar como personalizados permite satisfacer todas las necesidades espec\u00edficas del cliente. La amplia gama de electr\u00f3nica de control dedicada al control de la c\u00e1mara refrigerada, el curado, el abatimiento, la fermentaci\u00f3n controlada, el enfriador y el sistema de monitorizaci\u00f3n TeleNET permiten controlar todas sus unidades.<\/p>\n<\/div>\n<ul>\n<li>\n<p>        <img decoding=\"async\" src=\"\/wp-content\/uploads\/2024\/08\/termostati-1.png\" alt=\"Home\"><\/p>\n<h3>Termostatos<\/h3>\n<p><a href=\"\/es\/productos\/termostatos\/\"><\/a><\/p>\n<\/li>\n<li>\n<p>        <img decoding=\"async\" src=\"\/wp-content\/uploads\/2024\/08\/elettronica-modulare-8.png\" alt=\"Home\"><\/p>\n<h3>Electr\u00f3nica Modular<\/h3>\n<p><a href=\"\/es\/productos\/electronica-modular\/\"><\/a><\/p>\n<\/li>\n<li>\n<p>        <img decoding=\"async\" src=\"\/wp-content\/uploads\/2024\/10\/quadri.png\" alt=\"Home\"><\/p>\n<h3>Cuadros El\u00e9ctricos<\/h3>\n<p><a href=\"\/es\/productos\/cuadros-electricos\/\"><\/a><\/p>\n<\/li>\n<li>\n<p>        <img decoding=\"async\" src=\"\/wp-content\/uploads\/2024\/08\/home-nector.png\" alt=\"Home\"><\/p>\n<h3>Nector<\/h3>\n<p><a href=\"\/es\/productos\/paneles-de-control\/\"><\/a><\/p>\n<\/li>\n<li>\n<p>        <img decoding=\"async\" src=\"\/wp-content\/uploads\/2024\/10\/telenet.png\" alt=\"Home\"><\/p>\n<h3>Supervisi\u00f3n<\/h3>\n<p><a href=\"\/es\/productos\/supervision\/\"><\/a><\/p>\n<\/li>\n<li>\n<p>        <img decoding=\"async\" src=\"\/wp-content\/uploads\/2024\/08\/accessori.png\" alt=\"Home\"><\/p>\n<h3>Accesorios<\/h3>\n<p><a href=\"\/es\/productos\/accesorios\/\"><\/a><\/p>\n<\/li>\n<li>\n<p>        <img decoding=\"async\" src=\"\/wp-content\/uploads\/2024\/08\/illuminazione.png\" alt=\"Home\"><\/p>\n<h3>Iluminaci\u00f3n<\/h3>\n<p><a href=\"\/es\/productos\/Iluminacion\/\"><\/a><\/p>\n<\/li>\n<li>\n<p>        <img decoding=\"async\" src=\"\/wp-content\/uploads\/2024\/10\/umidificatori.png\" alt=\"Home\"><\/p>\n<h3>Humidificadores<\/h3>\n<p><a href=\"\/es\/productos\/humidificadores\/\"><\/a><\/p>\n<\/li>\n<\/ul>\n<p><img decoding=\"async\" src=\"\/wp-content\/uploads\/2024\/08\/nector-7.png\" alt=\"Home\"><\/p>\n<div>Nector<\/div>\n<div>\n<div >Descubre un nuevo <\/div>\n<div>tipo de control<\/div>\n<div class=\"uk-flex uk-flex-middle\">\n\t<span>con<\/span> <img decoding=\"async\" src=\"\/wp-content\/uploads\/2024\/05\/nector.png\" style=\"width:300px; padding-left:10px;padding-top:10px\" alt=\"Home\" \/>\n<\/div>\n<\/div>\n<div>Cuadro de control para la gesti\u00f3n completa de c\u00e9lulas frigor\u00edficas con compresor monof\u00e1sico de hasta 2 CV con funci\u00f3n Datalogger y conectividad integrada.<\/div>\n<p><p>\n        <a href=\"https:\/\/nector.pego.it\/?lang=es\">Descubre la web de Nector<\/a>\n    <\/p>\n<\/p>\n<p><!--more--><br \/>\n<!-- {\"type\":\"layout\",\"children\":[{\"type\":\"section\",\"props\":{\"class\":\"newslider\",\"header_transparent\":true,\"header_transparent_noplaceholder\":true,\"header_transparent_text_color\":\"light\",\"height\":\"viewport\",\"height_viewport\":96,\"image_position\":\"center-center\",\"padding_remove_bottom\":true,\"padding_remove_top\":true,\"style\":\"default\",\"title_breakpoint\":\"xl\",\"title_position\":\"top-left\",\"title_rotation\":\"left\",\"vertical_align\":\"middle\",\"width\":\"\"},\"children\":[{\"type\":\"row\",\"children\":[{\"type\":\"column\",\"props\":{\"image_position\":\"center-center\",\"position_sticky_breakpoint\":\"m\"},\"children\":[{\"type\":\"panel-slider\",\"props\":{\"content_align\":true,\"content_column_breakpoint\":\"m\",\"css\":\"@media screen and (min-width:768px){\\n    .el-image{\\n        max-width:95%;\\n        margin-top: 10%;\\n    }\\n   video.el-image{\\n        max-width:100%\\n    }\\n}\",\"icon_width\":80,\"image_align\":\"left\",\"image_grid_breakpoint\":\"m\",\"image_grid_width\":\"3-5\",\"image_svg_color\":\"emphasis\",\"image_vertical_align\":true,\"link_style\":\"default\",\"link_text\":\"Read more\",\"margin\":\"default\",\"meta_align\":\"above-title\",\"meta_element\":\"div\",\"meta_style\":\"text-lead\",\"nav\":\"dotnav\",\"nav_align\":\"center\",\"nav_breakpoint\":\"s\",\"panel_match\":true,\"show_content\":true,\"show_hover_image\":true,\"show_hover_video\":true,\"show_image\":true,\"show_link\":true,\"show_meta\":true,\"show_title\":true,\"show_video\":true,\"slidenav\":\"outside\",\"slidenav_breakpoint\":\"xl\",\"slidenav_margin\":\"medium\",\"slidenav_outside_breakpoint\":\"xl\",\"slider_autoplay\":true,\"slider_autoplay_interval\":\"20\",\"slider_autoplay_pause\":false,\"slider_gap\":\"default\",\"slider_width\":\"fixed\",\"slider_width_default\":\"1-1\",\"slider_width_medium\":\"1-1\",\"title_align\":\"top\",\"title_element\":\"h3\",\"title_grid_breakpoint\":\"m\",\"title_grid_width\":\"1-2\",\"title_hover_style\":\"reset\",\"title_style\":\"heading-small\"},\"children\":[{\"type\":\"panel-slider_item\",\"props\":{\"content\":\"\n\n<p>Seguridad total en c\\u00e1mara frigor\\u00edfica: APE GLD detecta fugas de gas y se\\u00f1ala personas atrapadas. Protecci\\u00f3n inteligente y fiable, conforme a la normativa UNI EN 378.<\\\/p>\",\"image\":\"\",\"link\":\"\\\/es\\\/productos\\\/accesorios\\\/ape-gld\\\/\",\"link_text\":\"Ver el producto\",\"meta\":\"PEGO SRL\",\"title\":\"APE GLD\",\"video\":\"\\\/wp-content\\\/uploads\\\/2025\\\/11\\\/VIDEO_SPOT_SITO.mp4\"}},{\"type\":\"panel-slider_item\",\"props\":{\"content\":\"\n\n<p>PEGO est\\u00e1 especializada en el campo de la refrigeraci\\u00f3n y el aire acondicionado y ofrece una amplia gama de productos, adecuados para todo tipo de aplicaciones.<\\\/p>\",\"image\":\"wp-content\\\/uploads\\\/2024\\\/10\\\/HOMEPAGE-PRODOTTI-STANDARD2.png\",\"meta\":\"PEGO SRL\",\"title\":\"Cuadros est\\u00e1ndar\"}},{\"type\":\"panel-slider_item\",\"props\":{\"content\":\"PEGO est\\u00e1 disponible para el dise\\u00f1o y la producci\\u00f3n de cuadros el\\u00e9ctricos especiales, incluso \\u00fanicos, creados para adaptarse a cada solicitud espec\\u00edfica del cliente y satisfacer las necesidades de ingenier\\u00eda de la planta.\",\"image\":\"wp-content\\\/uploads\\\/2024\\\/10\\\/HOMEPAGE-QUADRI-SPECIALI-3.png\",\"meta\":\"PEGO SRL\",\"title\":\"Cuadros especiales\"}},{\"type\":\"panel-slider_item\",\"props\":{\"content\":\"\n\n<p>Los humidificadores PEGO utilizan la tecnolog\\u00eda de electrodos sumergidos para producir vapor.<\\\/p>\",\"image\":\"wp-content\\\/uploads\\\/2024\\\/10\\\/HOMEPAGE-HUMIDIFIERS-1.png\",\"meta\":\"PEGO SRL\",\"title\":\"Humidificadores\"}}]}]}]}],\"name\":\"Panel Slider - EN\"},{\"type\":\"section\",\"props\":{\"class\":\"position-relative padding-top-mobile\",\"image_position\":\"center-center\",\"padding\":\"large\",\"style\":\"muted\",\"title_breakpoint\":\"xl\",\"title_position\":\"top-left\",\"title_rotation\":\"left\",\"vertical_align\":\"middle\",\"width\":\"large\"},\"children\":[{\"type\":\"row\",\"props\":{\"layout\":\"1-3,2-3\"},\"children\":[{\"type\":\"column\",\"props\":{\"image_position\":\"center-center\",\"position_sticky_breakpoint\":\"m\",\"width_medium\":\"1-3\"},\"children\":[{\"type\":\"image\",\"props\":{\"class\":\"electrical-boards\",\"image\":\"wp-content\\\/uploads\\\/2024\\\/10\\\/foto_entrata.jpg\",\"image_svg_color\":\"emphasis\",\"margin\":\"default\"}}]},{\"type\":\"column\",\"props\":{\"image_position\":\"center-center\",\"position_sticky_breakpoint\":\"m\",\"vertical_align\":\"middle\",\"width_medium\":\"2-3\"},\"children\":[{\"type\":\"headline\",\"props\":{\"content\":\"La empresa\",\"position\":\"relative\",\"title_element\":\"div\",\"title_style\":\"text-lead\"}},{\"type\":\"headline\",\"props\":{\"content\":\"Cuadros el\\u00e9ctricos para <br \\\/>instalaciones frigor\\u00edficas\",\"margin_remove_top\":true,\"position\":\"relative\",\"title_element\":\"div\",\"title_style\":\"heading-small\"}},{\"type\":\"text\",\"props\":{\"column_breakpoint\":\"m\",\"content\":\"<strong>Dise\\u00f1o y fabricaci\\u00f3n de cuadros el\\u00e9ctricos y controles electr\\u00f3nicos para la refrigeraci\\u00f3n comercial e industrial y para la climatizaci\\u00f3n del aire. Producci\\u00f3n de HUMIDIFICADORES de electrodos sumergidos.<\\\/strong>\",\"margin\":\"default\",\"text_align\":\"justify\"}},{\"type\":\"button\",\"props\":{\"grid_column_gap\":\"small\",\"grid_row_gap\":\"small\",\"margin\":\"default\",\"position\":\"relative\"},\"children\":[{\"type\":\"button_item\",\"props\":{\"button_style\":\"primary\",\"content\":\"Saber m\\u00e1s\",\"dialog_layout\":\"modal\",\"dialog_offcanvas_flip\":true,\"icon_align\":\"left\",\"link\":\"\\\/es\\\/empresa\\\/\"}}]}]}]}]},{\"type\":\"section\",\"props\":{\"image_position\":\"center-center\",\"style\":\"default\",\"title_breakpoint\":\"xl\",\"title_position\":\"top-left\",\"title_rotation\":\"left\",\"vertical_align\":\"middle\",\"width\":\"large\"},\"children\":[{\"type\":\"row\",\"props\":{\"column_gap\":\"large\",\"layout\":\"1-3,2-3\"},\"children\":[{\"type\":\"column\",\"props\":{\"image_position\":\"center-center\",\"position_sticky_breakpoint\":\"m\",\"width_medium\":\"1-3\"},\"children\":[{\"type\":\"headline\",\"props\":{\"content\":\"PEGO SRL\",\"margin_remove_bottom\":true,\"title_element\":\"div\",\"title_style\":\"text-lead\"}},{\"type\":\"headline\",\"props\":{\"content\":\"Explora las categor\\u00edas de productos\",\"margin_remove_top\":true,\"title_element\":\"div\",\"title_style\":\"h1\"}},{\"type\":\"text\",\"props\":{\"column_breakpoint\":\"m\",\"content\":\"\n\n<p><strong>PEGO est\\u00e1 especializada en el campo de la refrigeraci\\u00f3n y el aire acondicionado y ofrece una amplia gama de productos, adecuados para todo tipo de aplicacion<\\\/strong>es. La producci\\u00f3n de cuadros tanto est\\u00e1ndar como personalizados permite satisfacer todas las necesidades espec\\u00edficas del cliente. La amplia gama de electr\\u00f3nica de control dedicada al control de la c\\u00e1mara refrigerada, el curado, el abatimiento, la fermentaci\\u00f3n controlada, el enfriador y el sistema de monitorizaci\\u00f3n TeleNET permiten controlar todas sus unidades.<\\\/p>\",\"margin\":\"default\",\"text_align\":\"justify\"}}]},{\"type\":\"column\",\"props\":{\"image_position\":\"center-center\",\"position_sticky_breakpoint\":\"m\",\"vertical_align\":\"middle\",\"width_medium\":\"2-3\"},\"children\":[{\"type\":\"panel-slider\",\"props\":{\"class\":\"homeslideprod\",\"content_column_breakpoint\":\"m\",\"icon_width\":80,\"image_align\":\"top\",\"image_grid_breakpoint\":\"m\",\"image_grid_width\":\"1-2\",\"image_link\":true,\"image_svg_color\":\"emphasis\",\"link_style\":\"text\",\"link_text\":\"\",\"margin\":\"default\",\"meta_align\":\"below-title\",\"meta_element\":\"div\",\"meta_style\":\"text-meta\",\"nav\":\"\",\"nav_align\":\"center\",\"nav_breakpoint\":\"s\",\"panel_match\":true,\"show_content\":true,\"show_hover_image\":true,\"show_hover_video\":true,\"show_image\":true,\"show_link\":true,\"show_meta\":true,\"show_title\":true,\"show_video\":true,\"slidenav\":\"outside\",\"slidenav_breakpoint\":\"xl\",\"slidenav_margin\":\"medium\",\"slidenav_outside_breakpoint\":\"xl\",\"slider_autoplay\":true,\"slider_autoplay_interval\":\"4\",\"slider_autoplay_pause\":false,\"slider_gap\":\"small\",\"slider_width\":\"fixed\",\"slider_width_default\":\"1-1\",\"slider_width_medium\":\"4-5\",\"slider_width_small\":\"1-2\",\"title_align\":\"top\",\"title_element\":\"h3\",\"title_grid_breakpoint\":\"m\",\"title_grid_width\":\"1-2\",\"title_hover_style\":\"reset\",\"title_link\":true},\"children\":[{\"type\":\"panel-slider_item\",\"props\":{\"image\":\"wp-content\\\/uploads\\\/2024\\\/08\\\/termostati-1.png\",\"link\":\"\\\/es\\\/productos\\\/termostatos\\\/\",\"title\":\"Termostatos\"}},{\"type\":\"panel-slider_item\",\"props\":{\"image\":\"wp-content\\\/uploads\\\/2024\\\/08\\\/elettronica-modulare-8.png\",\"link\":\"\\\/es\\\/productos\\\/electronica-modular\\\/\",\"title\":\"Electr\\u00f3nica Modular\"}},{\"type\":\"panel-slider_item\",\"props\":{\"image\":\"wp-content\\\/uploads\\\/2024\\\/10\\\/quadri.png\",\"link\":\"\\\/es\\\/productos\\\/cuadros-electricos\\\/\",\"title\":\"Cuadros El\\u00e9ctricos\"}},{\"type\":\"panel-slider_item\",\"props\":{\"image\":\"wp-content\\\/uploads\\\/2024\\\/08\\\/home-nector.png\",\"link\":\"\\\/es\\\/productos\\\/paneles-de-control\\\/\",\"title\":\"Nector\"}},{\"type\":\"panel-slider_item\",\"props\":{\"image\":\"wp-content\\\/uploads\\\/2024\\\/10\\\/telenet.png\",\"link\":\"\\\/es\\\/productos\\\/supervision\\\/\",\"title\":\"Supervisi\\u00f3n\"}},{\"type\":\"panel-slider_item\",\"props\":{\"image\":\"wp-content\\\/uploads\\\/2024\\\/08\\\/accessori.png\",\"link\":\"\\\/es\\\/productos\\\/accesorios\\\/\",\"title\":\"Accesorios\"}},{\"type\":\"panel-slider_item\",\"props\":{\"image\":\"wp-content\\\/uploads\\\/2024\\\/08\\\/illuminazione.png\",\"link\":\"\\\/es\\\/productos\\\/Iluminacion\\\/\",\"title\":\"Iluminaci\\u00f3n\"}},{\"type\":\"panel-slider_item\",\"props\":{\"image\":\"wp-content\\\/uploads\\\/2024\\\/10\\\/umidificatori.png\",\"link\":\"\\\/es\\\/productos\\\/humidificadores\\\/\",\"title\":\"Humidificadores\"}}]}]}]}],\"name\":\"Prodotti\"},{\"type\":\"section\",\"props\":{\"class\":\"homeconfig\",\"css\":\".uk-text-large{\\n\\tfont-weight:100;\\n}\",\"image_position\":\"center-center\",\"style\":\"primary\",\"title_breakpoint\":\"xl\",\"title_position\":\"top-left\",\"title_rotation\":\"left\",\"vertical_align\":\"middle\",\"width\":\"default\"},\"children\":[{\"type\":\"row\",\"children\":[{\"type\":\"column\",\"props\":{\"image_position\":\"center-center\",\"position_sticky_breakpoint\":\"m\"},\"children\":[{\"type\":\"module_position\",\"props\":{\"breakpoint\":\"m\",\"content\":\"pego-configurator\",\"layout\":\"stack\"}}]}]}]},{\"type\":\"section\",\"props\":{\"class\":\"uk-tek-muted\",\"image_position\":\"center-center\",\"style\":\"muted\",\"title_breakpoint\":\"xl\",\"title_position\":\"top-left\",\"title_rotation\":\"left\",\"vertical_align\":\"middle\",\"width\":\"large\"},\"children\":[{\"type\":\"row\",\"props\":{\"layout\":\"2-5,3-5\"},\"children\":[{\"type\":\"column\",\"props\":{\"class\":\"nector-home\",\"image_position\":\"center-center\",\"position_sticky_breakpoint\":\"m\",\"width_medium\":\"2-5\",\"width_small\":\"1-2\"},\"children\":[{\"type\":\"image\",\"props\":{\"css\":\".el-image{\\n\\twidth:80%;\\n}\\n\",\"image\":\"wp-content\\\/uploads\\\/2024\\\/08\\\/nector-7.png\",\"image_svg_color\":\"emphasis\",\"margin\":\"default\"}}]},{\"type\":\"column\",\"props\":{\"class\":\"margin-top-mobile-120\",\"image_position\":\"center-center\",\"position_sticky_breakpoint\":\"m\",\"width_medium\":\"3-5\",\"width_small\":\"1-2\"},\"children\":[{\"type\":\"headline\",\"props\":{\"content\":\"Nector\",\"position\":\"relative\",\"title_element\":\"div\",\"title_style\":\"text-lead\"}},{\"type\":\"headline\",\"props\":{\"content\":\"\n\n<div >Descubre un nuevo <\\\/div>\\n\n\n<div>tipo de control<\\\/div>\\n\n\n<div class=\\\"uk-flex uk-flex-middle\\\">\\n\\t<span>con<\\\/span> <img src=\\\"\\\/wp-content\\\/uploads\\\/2024\\\/05\\\/nector.png\\\" style=\\\"width:300px; padding-left:10px;padding-top:10px\\\" alt=\\\"\\\" \\\/>\\n<\\\/div>\",\"margin_remove_top\":true,\"position\":\"relative\",\"text_align\":\"left\",\"title_element\":\"div\",\"title_style\":\"heading-small\"}},{\"type\":\"text\",\"props\":{\"column_breakpoint\":\"m\",\"content\":\"Cuadro de control para la gesti\\u00f3n completa de c\\u00e9lulas frigor\\u00edficas con compresor monof\\u00e1sico de hasta 2 CV con funci\\u00f3n Datalogger y conectividad integrada.\",\"margin\":\"default\"}},{\"type\":\"button\",\"props\":{\"grid_column_gap\":\"small\",\"grid_row_gap\":\"small\",\"margin\":\"large\",\"margin_remove_top\":true,\"position\":\"relative\",\"text_align\":\"left\"},\"children\":[{\"type\":\"button_item\",\"props\":{\"button_style\":\"primary\",\"content\":\"Descubre la web de Nector\",\"dialog_layout\":\"modal\",\"dialog_offcanvas_flip\":true,\"icon_align\":\"left\",\"link\":\"https:\\\/\\\/nector.pego.it\\\/?lang=es\",\"link_target\":\"blank\"}}]}]}]}]}],\"version\":\"1.0.0\"} --><\/p>\n","protected":false},"excerpt":{"rendered":"<p>APE GLD PEGO SRL Seguridad total en c\u00e1mara frigor\u00edfica: APE GLD detecta fugas de gas y se\u00f1ala personas atrapadas. Protecci\u00f3n inteligente y fiable, conforme a la normativa UNI EN 378. Ver el producto Cuadros est\u00e1ndar PEGO SRL PEGO est\u00e1 especializada en el campo de la refrigeraci\u00f3n y el aire acondicionado y ofrece una amplia gama [&hellip;]<\/p>\n","protected":false},"author":1,"featured_media":0,"parent":0,"menu_order":3,"comment_status":"open","ping_status":"open","template":"","meta":{"_acf_changed":false,"footnotes":""},"class_list":["post-5228","page","type-page","status-publish","hentry"],"acf":[],"_links":{"self":[{"href":"https:\/\/pego.teknetservice.com\/es\/wp-json\/wp\/v2\/pages\/5228","targetHints":{"allow":["GET"]}}],"collection":[{"href":"https:\/\/pego.teknetservice.com\/es\/wp-json\/wp\/v2\/pages"}],"about":[{"href":"https:\/\/pego.teknetservice.com\/es\/wp-json\/wp\/v2\/types\/page"}],"author":[{"embeddable":true,"href":"https:\/\/pego.teknetservice.com\/es\/wp-json\/wp\/v2\/users\/1"}],"replies":[{"embeddable":true,"href":"https:\/\/pego.teknetservice.com\/es\/wp-json\/wp\/v2\/comments?post=5228"}],"version-history":[{"count":33,"href":"https:\/\/pego.teknetservice.com\/es\/wp-json\/wp\/v2\/pages\/5228\/revisions"}],"predecessor-version":[{"id":18588,"href":"https:\/\/pego.teknetservice.com\/es\/wp-json\/wp\/v2\/pages\/5228\/revisions\/18588"}],"wp:attachment":[{"href":"https:\/\/pego.teknetservice.com\/es\/wp-json\/wp\/v2\/media?parent=5228"}],"curies":[{"name":"wp","href":"https:\/\/api.w.org\/{rel}","templated":true}]}}