{"id":5245,"date":"2024-05-09T12:03:33","date_gmt":"2024-05-09T12:03:33","guid":{"rendered":"https:\/\/www.pego.it\/prodotti\/"},"modified":"2024-10-03T15:40:49","modified_gmt":"2024-10-03T15:40:49","slug":"productos","status":"publish","type":"page","link":"https:\/\/pego.teknetservice.com\/es\/productos\/","title":{"rendered":"Productos"},"content":{"rendered":"<ul>\n<li>\n<div>\n<div class=\"uk-text-lead uk-position-relative\" data-id=\"page#0-0-0-0\" data-element=\"\">PEGO SRL<\/div>\n<div class=\"uk-heading-small uk-position-relative uk-margin-remove-top uk-width-xlarge maxwidth400\" data-id=\"page#0-0-0-1\" data-element=\"\">Explora las categor\u00edas de productos<\/div>\n<div style=\"text-align: justify;\" class=\"maxwidth400\">\n<p>PEGO est\u00e1 especializada en el campo de la refrigeraci\u00f3n y el aire acondicionado y ofrece una amplia gama de productos, adecuados para todo tipo de aplicaciones. La producci\u00f3n de cuadros tanto est\u00e1ndar como personalizados permite satisfacer todas las necesidades espec\u00edficas del cliente. La amplia gama de electr\u00f3nica de control dedicada al control de la c\u00e1mara refrigerada, el curado, el abatimiento, la fermentaci\u00f3n controlada, el enfriador y el sistema de monitorizaci\u00f3n TeleNET permiten controlar todas sus unidades.<\/p>\n<\/div>\n<\/div>\n<p><a href=\"\/prodotti\/termostati\"><\/a><\/p>\n<\/li>\n<li>\n<p><img decoding=\"async\" src=\"\/wp-content\/uploads\/2024\/08\/termostati-1.png\" alt=\"Productos\"><\/p>\n<h3>Termostatos<\/h3>\n<p><a href=\"\/es\/productos\/termostatos\/\"><\/a><\/p>\n<\/li>\n<li>\n<p><img decoding=\"async\" src=\"\/wp-content\/uploads\/2024\/08\/elettronica-modulare-8.png\" alt=\"Productos\"><\/p>\n<h3>Electr\u00f3nica Modular<\/h3>\n<p><a href=\"\/es\/productos\/electronica-modular\/\"><\/a><\/p>\n<\/li>\n<li>\n<p><img decoding=\"async\" src=\"\/wp-content\/uploads\/2024\/10\/quadri.png\" alt=\"Productos\"><\/p>\n<h3>Cuadros El\u00e9ctricos<\/h3>\n<p><a href=\"\/es\/productos\/cuadros-electricos\/\"><\/a><\/p>\n<\/li>\n<li>\n<p><img decoding=\"async\" src=\"\/wp-content\/uploads\/2024\/08\/nector-2.png\" alt=\"Productos\"><\/p>\n<h3>Nector<\/h3>\n<p><a href=\"\/es\/productos\/paneles-de-control\/\"><\/a><\/p>\n<\/li>\n<li>\n<p><img decoding=\"async\" src=\"\/wp-content\/uploads\/2024\/10\/telenet.png\" alt=\"Productos\"><\/p>\n<h3>Supervisi\u00f3n<\/h3>\n<p><a href=\"\/es\/productos\/supervision\/\"><\/a><\/p>\n<\/li>\n<li>\n<p><img decoding=\"async\" src=\"\/wp-content\/uploads\/2024\/08\/accessori.png\" alt=\"Productos\"><\/p>\n<h3>Accesorios<\/h3>\n<p><a href=\"\/es\/productos\/accesorios\/\"><\/a><\/p>\n<\/li>\n<li>\n<p><img decoding=\"async\" src=\"\/wp-content\/uploads\/2024\/08\/illuminazione.png\" alt=\"Productos\"><\/p>\n<h3>Iluminaci\u00f3n<\/h3>\n<p><a href=\"\/es\/productos\/Iluminacion\/\"><\/a><\/p>\n<\/li>\n<li>\n<p><img decoding=\"async\" src=\"\/wp-content\/uploads\/2024\/10\/umidificatori.png\" alt=\"Productos\"><\/p>\n<h3>Humidificadores<\/h3>\n<p><a href=\"\/es\/productos\/humidificadores\/\"><\/a><\/p>\n<\/li>\n<\/ul>\n<p><!--more--><br \/>\n<!-- {\"type\":\"layout\",\"children\":[{\"type\":\"section\",\"props\":{\"image_position\":\"center-center\",\"style\":\"default\",\"title_breakpoint\":\"xl\",\"title_position\":\"top-left\",\"title_rotation\":\"left\",\"vertical_align\":\"middle\",\"width\":\"xlarge\"},\"children\":[{\"type\":\"row\",\"children\":[{\"type\":\"column\",\"props\":{\"image_position\":\"center-center\",\"position_sticky_breakpoint\":\"m\"},\"children\":[{\"type\":\"grid\",\"props\":{\"class\":\"grid-products\",\"content_column_breakpoint\":\"m\",\"filter_align\":\"left\",\"filter_all\":true,\"filter_grid_breakpoint\":\"m\",\"filter_grid_width\":\"auto\",\"filter_position\":\"top\",\"filter_style\":\"tab\",\"grid_default\":\"1\",\"grid_medium\":\"3\",\"grid_small\":\"2\",\"icon_width\":80,\"image_align\":\"top\",\"image_grid_breakpoint\":\"m\",\"image_grid_width\":\"1-2\",\"image_link\":true,\"image_svg_color\":\"emphasis\",\"item_animation\":true,\"link_style\":\"link-text\",\"link_text\":\"\",\"margin\":\"default\",\"meta_align\":\"below-title\",\"meta_element\":\"div\",\"meta_style\":\"text-meta\",\"show_content\":true,\"show_image\":true,\"show_link\":true,\"show_meta\":true,\"show_title\":true,\"title_align\":\"top\",\"title_element\":\"h3\",\"title_grid_breakpoint\":\"m\",\"title_grid_width\":\"1-2\",\"title_hover_style\":\"reset\",\"title_link\":true,\"title_margin\":\"remove\"},\"children\":[{\"type\":\"grid_item\",\"props\":{\"content\":\"\n\n<div class=\\\"uk-text-lead uk-position-relative\\\" data-id=\\\"page#0-0-0-0\\\" data-element=\\\"\\\">PEGO SRL<\\\/div>\\n\n\n<div class=\\\"uk-heading-small uk-position-relative uk-margin-remove-top uk-width-xlarge maxwidth400\\\" data-id=\\\"page#0-0-0-1\\\" data-element=\\\"\\\">Explora las categor\\u00edas de productos<\\\/div>\\n\n\n<div style=\\\"text-align: justify;\\\" class=\\\"maxwidth400\\\">\\n\n\n<p>PEGO est\\u00e1 especializada en el campo de la refrigeraci\\u00f3n y el aire acondicionado y ofrece una amplia gama de productos, adecuados para todo tipo de aplicaciones. La producci\\u00f3n de cuadros tanto est\\u00e1ndar como personalizados permite satisfacer todas las necesidades espec\\u00edficas del cliente. La amplia gama de electr\\u00f3nica de control dedicada al control de la c\\u00e1mara refrigerada, el curado, el abatimiento, la fermentaci\\u00f3n controlada, el enfriador y el sistema de monitorizaci\\u00f3n TeleNET permiten controlar todas sus unidades.<\\\/p>\\n<\\\/div>\",\"image\":\"\",\"link\":\"\\\/prodotti\\\/termostati\",\"meta\":\"\",\"title\":\"\"}},{\"type\":\"grid_item\",\"props\":{\"image\":\"wp-content\\\/uploads\\\/2024\\\/08\\\/termostati-1.png\",\"link\":\"\\\/es\\\/productos\\\/termostatos\\\/\",\"title\":\"Termostatos\"}},{\"type\":\"grid_item\",\"props\":{\"image\":\"wp-content\\\/uploads\\\/2024\\\/08\\\/elettronica-modulare-8.png\",\"link\":\"\\\/es\\\/productos\\\/electronica-modular\\\/\",\"title\":\"Electr\\u00f3nica Modular\"}},{\"type\":\"grid_item\",\"props\":{\"image\":\"wp-content\\\/uploads\\\/2024\\\/10\\\/quadri.png\",\"link\":\"\\\/es\\\/productos\\\/cuadros-electricos\\\/\",\"title\":\"Cuadros El\\u00e9ctricos\"}},{\"type\":\"grid_item\",\"props\":{\"image\":\"wp-content\\\/uploads\\\/2024\\\/08\\\/nector-2.png\",\"link\":\"\\\/es\\\/productos\\\/paneles-de-control\\\/\",\"title\":\"Nector\"}},{\"type\":\"grid_item\",\"props\":{\"image\":\"wp-content\\\/uploads\\\/2024\\\/10\\\/telenet.png\",\"link\":\"\\\/es\\\/productos\\\/supervision\\\/\",\"title\":\"Supervisi\\u00f3n\"}},{\"type\":\"grid_item\",\"props\":{\"image\":\"wp-content\\\/uploads\\\/2024\\\/08\\\/accessori.png\",\"link\":\"\\\/es\\\/productos\\\/accesorios\\\/\",\"title\":\"Accesorios\"}},{\"type\":\"grid_item\",\"props\":{\"image\":\"wp-content\\\/uploads\\\/2024\\\/08\\\/illuminazione.png\",\"link\":\"\\\/es\\\/productos\\\/Iluminacion\\\/\",\"title\":\"Iluminaci\\u00f3n\"}},{\"type\":\"grid_item\",\"props\":{\"image\":\"wp-content\\\/uploads\\\/2024\\\/10\\\/umidificatori.png\",\"link\":\"\\\/es\\\/productos\\\/humidificadores\\\/\",\"title\":\"Humidificadores\"}}]}]}]}]},{\"type\":\"section\",\"props\":{\"image_position\":\"center-center\",\"padding_remove_top\":false,\"style\":\"muted\",\"title_breakpoint\":\"xl\",\"title_position\":\"top-left\",\"title_rotation\":\"left\",\"vertical_align\":\"middle\",\"width\":\"default\"},\"children\":[{\"type\":\"row\",\"children\":[{\"type\":\"column\",\"props\":{\"image_position\":\"center-center\",\"position_sticky_breakpoint\":\"m\"},\"children\":[{\"type\":\"module_position\",\"props\":{\"breakpoint\":\"m\",\"content\":\"pego-configurator\",\"layout\":\"stack\"}}]}]}]}],\"version\":\"1.0.0\"} --><\/p>\n","protected":false},"excerpt":{"rendered":"<p>PEGO SRL Explora las categor\u00edas de productos PEGO est\u00e1 especializada en el campo de la refrigeraci\u00f3n y el aire acondicionado y ofrece una amplia gama de productos, adecuados para todo tipo de aplicaciones. La producci\u00f3n de cuadros tanto est\u00e1ndar como personalizados permite satisfacer todas las necesidades espec\u00edficas del cliente. La amplia gama de electr\u00f3nica de [&hellip;]<\/p>\n","protected":false},"author":1,"featured_media":0,"parent":0,"menu_order":0,"comment_status":"closed","ping_status":"closed","template":"","meta":{"_acf_changed":false,"footnotes":""},"class_list":["post-5245","page","type-page","status-publish","hentry"],"acf":[],"_links":{"self":[{"href":"https:\/\/pego.teknetservice.com\/es\/wp-json\/wp\/v2\/pages\/5245","targetHints":{"allow":["GET"]}}],"collection":[{"href":"https:\/\/pego.teknetservice.com\/es\/wp-json\/wp\/v2\/pages"}],"about":[{"href":"https:\/\/pego.teknetservice.com\/es\/wp-json\/wp\/v2\/types\/page"}],"author":[{"embeddable":true,"href":"https:\/\/pego.teknetservice.com\/es\/wp-json\/wp\/v2\/users\/1"}],"replies":[{"embeddable":true,"href":"https:\/\/pego.teknetservice.com\/es\/wp-json\/wp\/v2\/comments?post=5245"}],"version-history":[{"count":6,"href":"https:\/\/pego.teknetservice.com\/es\/wp-json\/wp\/v2\/pages\/5245\/revisions"}],"predecessor-version":[{"id":16903,"href":"https:\/\/pego.teknetservice.com\/es\/wp-json\/wp\/v2\/pages\/5245\/revisions\/16903"}],"wp:attachment":[{"href":"https:\/\/pego.teknetservice.com\/es\/wp-json\/wp\/v2\/media?parent=5245"}],"curies":[{"name":"wp","href":"https:\/\/api.w.org\/{rel}","templated":true}]}}