{"id":13081,"date":"2024-09-12T12:44:28","date_gmt":"2024-09-12T12:44:28","guid":{"rendered":"https:\/\/www.pego.it\/notes-legales\/"},"modified":"2024-09-12T12:44:28","modified_gmt":"2024-09-12T12:44:28","slug":"notes-legales","status":"publish","type":"page","link":"https:\/\/pego.teknetservice.com\/fr\/notes-legales\/","title":{"rendered":"Notes L\u00e9gales"},"content":{"rendered":"<div>\n<p><strong>COPYRIGHT<\/strong><\/p>\n<p>E&rsquo; severamente vietata la riproduzione, anche parziale, delle pagine e dei contenuti di questo sito. Tutto il materiale (a titolo esemplificativo, le banche di dati, le immagini statiche e in movimento, i disegni, le guide, le newsletter) contenuto all&rsquo;interno del presente Sito Web \u00e8 protetto dalla normativa italiana in materia di diritto d&rsquo;autore e dalla normativa comunitaria e internazionale applicabile sulla base dei rinvii formali o materiali effettuati dal nostro ordinamento ovvero sulla base delle convenzioni e degli accordi internazionali ratificati dall&rsquo;Italia. L&rsquo;utente del presente Sito Web si impegna al rispetto della normativa posta a tutela degli autori e delle opere protette, nonch\u00e9 al rispetto di ogni altro diritto connesso e non arrecher\u00e0 alcun pregiudizio a noi di PEGO S.r.l. e ai legittimi titolari dei diritti d&rsquo;autore sulle singole opere contenute nel presente Sito Web.<\/p>\n<hr width=\"153\" size=\"1\" \/>\n<p><strong>CONDIZIONI D&rsquo;USO<br \/><\/strong><\/p>\n<p><strong>1. Accettazione delle Condizioni d&rsquo;Uso<\/strong><\/p>\n<p>Accedendo o utilizzando il presente Sito Web, l&rsquo;utente accetta di essere vincolato dalle Condizioni d\u2019Uso, da tutti i termini e le condizioni ivi contenute o citate o da termini o condizioni aggiuntive che siano previste nel presente Sito Web. In caso di mancata accettazione di tutte le suddette condizioni, l&rsquo;utente NON \u00e8 autorizzato ad accedere e a utilizzare il Sito Web.<\/p>\n<p><strong>2. Modifica delle condizioni d&rsquo;uso<\/strong><\/p>\n<p>PEGO S.r.l. si riserva il diritto di modificare le presenti Condizioni d&rsquo;Uso in qualsiasi momento: le Condizioni d\u2019Uso cos\u00ec come modificate saranno applicabili dal momento della pubblicazione. Se l&rsquo;utente continua ad accedere o a utilizzare il Sito Web dopo tale pubblicazione, si presume che l\u2019utente abbia accettato \u00a0tali modifiche. Si consiglia all\u2019utente di \u00a0verificare regolarmente le condizioni applicabili.<\/p>\n<p>PEGO S.r.l.<span>\u00a0<\/span><span lang=\"IT\">si riserva il diritto di provvedere, in qualsiasi momento e senza necessit\u00e0 di preavviso, a eliminare o apportare modifiche o aggiornamenti al Sito Web e ai relativi Contenuti.<span>\u00a0<\/span><\/span>PEGO S.r.l.<span>\u00a0<\/span><span lang=\"IT\">si riserva il diritto, in qualsiasi momento, con effetti immediati, senza necessit\u00e0 di preavviso, a propria esclusiva discrezione e per qualunque motivo, di \u00a0limitare, rifiutare o interrompere, del tutto o in parte, l&rsquo;accesso al Sito Web, o a parte di esso, da parte di qualsiasi utente.<\/span><\/p>\n<p><strong>3. Responsabilit\u00e0<\/strong><\/p>\n<p>PEGO S.r.l. non si assume alcun impegno in merito a quanto segue: che il Sito Web corrisponda alle esigenze dell&rsquo;utente, che il Sito Web funzioni in modo continuo, tempestivo, sicuro e senza errori, o che i risultati che siano ottenuti mediante l\u2019uso del Sito Web (compresi le informazioni e i materiali nel presente Sito Web) siano corretti, completi, accurati e che corrispondano in altro modo alle esigenze dell&rsquo;utente.<\/p>\n<p>PEGO S.r.l. non si assume alcuna responsabilit\u00e0 in merito a eventuali interruzioni od omissioni riguardanti i servizi Internet, di rete o di hosting e non garantiscono che il Sito Web, i servizi che ne determinano la disponibilit\u00e0 o l\u2019invio delle comunicazioni elettroniche da parte di PEGO S.r.l. siano esenti da virus o altri elementi dannosi.<\/p>\n<p>Il download o le altre operazioni, effettuate mediante questo Sito Web, di qualsiasi materiale avviene a discrezione e a rischio dell\u2019utente. L\u2019utente \u00a0si assume l&rsquo;esclusiva responsabilit\u00e0 di eventuali danni al suo sistema informatico o perdite di dati provocate dai contenuti scaricati.<\/p>\n<p><strong>4. Registrazione<\/strong><\/p>\n<p>\u00c8 possibile che, al fine di consentire l\u2019accesso a determinate aree del Sito Web e utilizzare determinate funzioni o elementi del Sito Web, all&rsquo;utente venga richiesto di registrarsi: tale registrazione \u00e8 gratuita.<\/p>\n<p>All&rsquo;atto della registrazione, l&rsquo;utente dovr\u00e0 scegliere un solo nome utente o \u00ab\u00a0nick\u00a0\u00bb e password e fornire un solo indirizzo e-mail, valido, in uso e verificabile. Non \u00e8 consentita la presenza di nomi utente e indirizzi e-mail identici, se il nome o l\u2019indirizzo inseriti dall\u2019utente siano gi\u00e0 stati utilizzati , l&rsquo;utente verr\u00e0 invitato a sceglierne altri. PEGO S.r.l. invier\u00e0 all&rsquo;utente una e-mail di conferma con i dati di registrazione: in caso di mancato recapito, per qualsiasi motivo, di tale informazione, l&rsquo;accesso o l&rsquo;utilizzo di aree, funzioni o elementi, per cui sia necessaria detta registrazione, possono essere negati o interrotti. L&rsquo;utente \u00e8 tenuto ad aggiornare tempestivamente la registrazione, perch\u00e9 sia accurata e attuale. L\u2019utente si assume inoltre l&rsquo;esclusiva responsabilit\u00e0 di garantire la riservatezza della propria password.<\/p>\n<p><strong>5. Chiusura del Sito Web<\/strong><\/p>\n<p>PEGO S.r.l. si riserva il diritto esclusivo di chiudere in tutto o in parte il Sito Web, in qualsiasi momento, per qualsiasi motivo e senza alcun preavviso o necessit\u00e0 di autorizzazione. PEGO S.r.l. non assume alcuna responsabilit\u00e0 per la memorizzazione o eliminazione di qualsiasi Contenuto pubblicato sul Sito Web.<\/p>\n<p><strong>6<\/strong><strong>. Prodotti PEGO<\/strong><\/p>\n<p>Il Sito Web pu\u00f2 contenere riferimenti a specifici prodotti PEGO e servizi che possono risultare non (immediatamente) disponibili in un determinato paese. Tali riferimenti non implicano o garantiscono la disponibilit\u00e0, in qualsiasi momento, di tali prodotti o servizi in un determinato paese.<\/p>\n<p><strong>7. Contenuti e<span>\u00a0<\/span><\/strong><strong>Lingua<\/strong><\/p>\n<p><span>Le informazioni contenute in questo\u00a0<\/span>Sito Web<span>\u00a0<\/span><span>possono contenere inesattezze tecniche o errori tipografici.<\/span><br \/>Il presente Sito Web \u00e8 stato redatto in italiano e tradotto in altre lingue. In caso di discordanza o di incongruenza tra il testo italiano e le traduzioni, prevarr\u00e0 il testo italiano.<\/p>\n<p><strong>Ultimo aggiornamento<\/strong>: Luglio 2024<\/p>\n<\/div>\n<p><!--more--><br \/>\n<!-- {\"type\":\"layout\",\"children\":[{\"type\":\"section\",\"props\":{\"image_position\":\"center-center\",\"style\":\"default\",\"title_breakpoint\":\"xl\",\"title_position\":\"top-left\",\"title_rotation\":\"left\",\"vertical_align\":\"middle\",\"width\":\"default\"},\"children\":[{\"type\":\"row\",\"children\":[{\"type\":\"column\",\"props\":{\"image_position\":\"center-center\",\"position_sticky_breakpoint\":\"m\"},\"children\":[{\"type\":\"text\",\"props\":{\"column_breakpoint\":\"m\",\"content\":\"\n\n<p><strong>COPYRIGHT<\\\/strong><\\\/p>\\n\n\n<p>E' severamente vietata la riproduzione, anche parziale, delle pagine e dei contenuti di questo sito. Tutto il materiale (a titolo esemplificativo, le banche di dati, le immagini statiche e in movimento, i disegni, le guide, le newsletter) contenuto all'interno del presente Sito Web \\u00e8 protetto dalla normativa italiana in materia di diritto d'autore e dalla normativa comunitaria e internazionale applicabile sulla base dei rinvii formali o materiali effettuati dal nostro ordinamento ovvero sulla base delle convenzioni e degli accordi internazionali ratificati dall'Italia. L'utente del presente Sito Web si impegna al rispetto della normativa posta a tutela degli autori e delle opere protette, nonch\\u00e9 al rispetto di ogni altro diritto connesso e non arrecher\\u00e0 alcun pregiudizio a noi di PEGO S.r.l. e ai legittimi titolari dei diritti d'autore sulle singole opere contenute nel presente Sito Web.<br \\\/><br \\\/><\\\/p>\\n\n\n<hr width=\\\"153\\\" size=\\\"1\\\" \\\/>\\n\n\n<p><strong>CONDIZIONI D'USO<br \\\/><\\\/strong><\\\/p>\\n\n\n<p><strong>1. Accettazione delle Condizioni d'Uso<\\\/strong><\\\/p>\\n\n\n<p>Accedendo o utilizzando il presente Sito Web, l'utente accetta di essere vincolato dalle Condizioni d\\u2019Uso, da tutti i termini e le condizioni ivi contenute o citate o da termini o condizioni aggiuntive che siano previste nel presente Sito Web. In caso di mancata accettazione di tutte le suddette condizioni, l'utente NON \\u00e8 autorizzato ad accedere e a utilizzare il Sito Web.<\\\/p>\\n\n\n<p><strong>2. Modifica delle condizioni d'uso<\\\/strong><\\\/p>\\n\n\n<p>PEGO S.r.l. si riserva il diritto di modificare le presenti Condizioni d'Uso in qualsiasi momento: le Condizioni d\\u2019Uso cos\\u00ec come modificate saranno applicabili dal momento della pubblicazione. Se l'utente continua ad accedere o a utilizzare il Sito Web dopo tale pubblicazione, si presume che l\\u2019utente abbia accettato \\u00a0tali modifiche. Si consiglia all\\u2019utente di \\u00a0verificare regolarmente le condizioni applicabili.<\\\/p>\\n\n\n<p>PEGO S.r.l.<span>\\u00a0<\\\/span><span lang=\\\"IT\\\">si riserva il diritto di provvedere, in qualsiasi momento e senza necessit\\u00e0 di preavviso, a eliminare o apportare modifiche o aggiornamenti al Sito Web e ai relativi Contenuti.<span>\\u00a0<\\\/span><\\\/span>PEGO S.r.l.<span>\\u00a0<\\\/span><span lang=\\\"IT\\\">si riserva il diritto, in qualsiasi momento, con effetti immediati, senza necessit\\u00e0 di preavviso, a propria esclusiva discrezione e per qualunque motivo, di \\u00a0limitare, rifiutare o interrompere, del tutto o in parte, l'accesso al Sito Web, o a parte di esso, da parte di qualsiasi utente.<\\\/span><\\\/p>\\n\n\n<p><strong>3. Responsabilit\\u00e0<\\\/strong><\\\/p>\\n\n\n<p>PEGO S.r.l. non si assume alcun impegno in merito a quanto segue: che il Sito Web corrisponda alle esigenze dell'utente, che il Sito Web funzioni in modo continuo, tempestivo, sicuro e senza errori, o che i risultati che siano ottenuti mediante l\\u2019uso del Sito Web (compresi le informazioni e i materiali nel presente Sito Web) siano corretti, completi, accurati e che corrispondano in altro modo alle esigenze dell'utente.<\\\/p>\\n\n\n<p>PEGO S.r.l. non si assume alcuna responsabilit\\u00e0 in merito a eventuali interruzioni od omissioni riguardanti i servizi Internet, di rete o di hosting e non garantiscono che il Sito Web, i servizi che ne determinano la disponibilit\\u00e0 o l\\u2019invio delle comunicazioni elettroniche da parte di PEGO S.r.l. siano esenti da virus o altri elementi dannosi.<\\\/p>\\n\n\n<p>Il download o le altre operazioni, effettuate mediante questo Sito Web, di qualsiasi materiale avviene a discrezione e a rischio dell\\u2019utente. L\\u2019utente \\u00a0si assume l'esclusiva responsabilit\\u00e0 di eventuali danni al suo sistema informatico o perdite di dati provocate dai contenuti scaricati.<\\\/p>\\n\n\n<p><strong>4. Registrazione<\\\/strong><\\\/p>\\n\n\n<p>\\u00c8 possibile che, al fine di consentire l\\u2019accesso a determinate aree del Sito Web e utilizzare determinate funzioni o elementi del Sito Web, all'utente venga richiesto di registrarsi: tale registrazione \\u00e8 gratuita.<\\\/p>\\n\n\n<p>All'atto della registrazione, l'utente dovr\\u00e0 scegliere un solo nome utente o \\\"nick\\\" e password e fornire un solo indirizzo e-mail, valido, in uso e verificabile. Non \\u00e8 consentita la presenza di nomi utente e indirizzi e-mail identici, se il nome o l\\u2019indirizzo inseriti dall\\u2019utente siano gi\\u00e0 stati utilizzati , l'utente verr\\u00e0 invitato a sceglierne altri. PEGO S.r.l. invier\\u00e0 all'utente una e-mail di conferma con i dati di registrazione: in caso di mancato recapito, per qualsiasi motivo, di tale informazione, l'accesso o l'utilizzo di aree, funzioni o elementi, per cui sia necessaria detta registrazione, possono essere negati o interrotti. L'utente \\u00e8 tenuto ad aggiornare tempestivamente la registrazione, perch\\u00e9 sia accurata e attuale. L\\u2019utente si assume inoltre l'esclusiva responsabilit\\u00e0 di garantire la riservatezza della propria password.<\\\/p>\\n\n\n<p><strong>5. Chiusura del Sito Web<\\\/strong><\\\/p>\\n\n\n<p>PEGO S.r.l. si riserva il diritto esclusivo di chiudere in tutto o in parte il Sito Web, in qualsiasi momento, per qualsiasi motivo e senza alcun preavviso o necessit\\u00e0 di autorizzazione. PEGO S.r.l. non assume alcuna responsabilit\\u00e0 per la memorizzazione o eliminazione di qualsiasi Contenuto pubblicato sul Sito Web.<\\\/p>\\n\n\n<p><strong>6<\\\/strong><strong>. Prodotti PEGO<\\\/strong><\\\/p>\\n\n\n<p>Il Sito Web pu\\u00f2 contenere riferimenti a specifici prodotti PEGO e servizi che possono risultare non (immediatamente) disponibili in un determinato paese. Tali riferimenti non implicano o garantiscono la disponibilit\\u00e0, in qualsiasi momento, di tali prodotti o servizi in un determinato paese.<\\\/p>\\n\n\n<p><strong>7. Contenuti e<span>\\u00a0<\\\/span><\\\/strong><strong>Lingua<\\\/strong><br \\\/><br \\\/><span>Le informazioni contenute in questo\\u00a0<\\\/span>Sito Web<span>\\u00a0<\\\/span><span>possono contenere inesattezze tecniche o errori tipografici.<\\\/span><br \\\/>Il presente Sito Web \\u00e8 stato redatto in italiano e tradotto in altre lingue. In caso di discordanza o di incongruenza tra il testo italiano e le traduzioni, prevarr\\u00e0 il testo italiano.<\\\/p>\\n\n\n<p><strong>Ultimo aggiornamento<\\\/strong>: Luglio 2024<\\\/p>\",\"margin\":\"default\"}}]}]}]}],\"version\":\"1.0.0\"} --><\/p>\n","protected":false},"excerpt":{"rendered":"<p>COPYRIGHT E&rsquo; severamente vietata la riproduzione, anche parziale, delle pagine e dei contenuti di questo sito. Tutto il materiale (a titolo esemplificativo, le banche di dati, le immagini statiche e in movimento, i disegni, le guide, le newsletter) contenuto all&rsquo;interno del presente Sito Web \u00e8 protetto dalla normativa italiana in materia di diritto d&rsquo;autore e [&hellip;]<\/p>\n","protected":false},"author":1,"featured_media":0,"parent":0,"menu_order":0,"comment_status":"closed","ping_status":"closed","template":"","meta":{"_acf_changed":false,"footnotes":""},"class_list":["post-13081","page","type-page","status-publish","hentry"],"acf":[],"_links":{"self":[{"href":"https:\/\/pego.teknetservice.com\/fr\/wp-json\/wp\/v2\/pages\/13081","targetHints":{"allow":["GET"]}}],"collection":[{"href":"https:\/\/pego.teknetservice.com\/fr\/wp-json\/wp\/v2\/pages"}],"about":[{"href":"https:\/\/pego.teknetservice.com\/fr\/wp-json\/wp\/v2\/types\/page"}],"author":[{"embeddable":true,"href":"https:\/\/pego.teknetservice.com\/fr\/wp-json\/wp\/v2\/users\/1"}],"replies":[{"embeddable":true,"href":"https:\/\/pego.teknetservice.com\/fr\/wp-json\/wp\/v2\/comments?post=13081"}],"version-history":[{"count":0,"href":"https:\/\/pego.teknetservice.com\/fr\/wp-json\/wp\/v2\/pages\/13081\/revisions"}],"wp:attachment":[{"href":"https:\/\/pego.teknetservice.com\/fr\/wp-json\/wp\/v2\/media?parent=13081"}],"curies":[{"name":"wp","href":"https:\/\/api.w.org\/{rel}","templated":true}]}}