{"id":13131,"date":"2024-08-19T12:16:38","date_gmt":"2024-08-19T12:16:38","guid":{"rendered":"https:\/\/www.pego.it\/enterprise\/"},"modified":"2025-03-19T10:24:56","modified_gmt":"2025-03-19T10:24:56","slug":"enterprise","status":"publish","type":"page","link":"https:\/\/pego.teknetservice.com\/fr\/enterprise\/","title":{"rendered":"Enterprise"},"content":{"rendered":"<div>PEGO SRL<\/div>\n<div>Enterprise<\/div>\n<div>\n<p><strong>Conception et production de tableaux \u00e9lectriques et de commandes \u00e9lectroniques pour la r\u00e9frig\u00e9ration<\/strong> commerciale et industrielle et pour la climatisation. <br \/>Production d&rsquo;HUMIDIFICATEURS \u00e0 \u00e9lectrodes immerg\u00e9es.<\/p>\n<\/div>\n<div>Qui nous sommes<\/div>\n<div>Tableaux \u00e9lectriques pour installations frigorifiques<\/div>\n<div>Fond\u00e9e en 1997, PEGO s&rsquo;est affirm\u00e9e au fil des ans comme une entreprise leader dans la conception et la production de tableaux \u00e9lectriques pour la r\u00e9frig\u00e9ration et la climatisation.<\/div>\n<div>\n<p>En plus d&rsquo;une tr\u00e8s large gamme de produits dans le catalogue, PEGO s&rsquo;occupe \u00e9galement de la conception et de la r\u00e9alisation de tableaux hors normes fabriqu\u00e9s en fonction des besoins sp\u00e9cifiques du client.<\/p>\n<p>Gr\u00e2ce \u00e0 sa longue exp\u00e9rience dans le secteur, PEGO a \u00e9galement con\u00e7u et fabriqu\u00e9 une s\u00e9rie de contr\u00f4les \u00e9lectroniques sp\u00e9cifiques pour les applications de r\u00e9frig\u00e9ration et caract\u00e9ris\u00e9s par leur simplicit\u00e9 de programmation et d&rsquo;utilisation. Parall\u00e8lement, PEGO s&rsquo;est sp\u00e9cialis\u00e9e dans la conception et la production d&rsquo;humidificateurs \u00e0 vapeur \u00e0 \u00e9lectrodes immerg\u00e9es, reconnus pour la qualit\u00e9 des mat\u00e9riaux utilis\u00e9s et de la conception.<\/p>\n<p>La gamme d&rsquo;humidificateurs est adapt\u00e9e \u00e0 de nombreuses applications telles que : installations industrielles, bureaux, installations civiles, centres d&rsquo;appel, h\u00f4tels, mus\u00e9es, biblioth\u00e8ques, installations technologiques ou m\u00e9dicales, industrie du tabac, industrie alimentaire, s\u00e9chage, industrie du bois, papeteries, industrie de l&rsquo;imprimerie et wellness. Le haut niveau de professionnalisme des services techniques de PEGO se traduit par une r\u00e9ponse rapide aux clients, tant au niveau de la conception du produit et de l&rsquo;\u00e9tablissement du devis que du service apr\u00e8s-vente.<\/p>\n<p>L&rsquo;un des points forts de PEGO est l&rsquo;assistance technique t\u00e9l\u00e9phonique permanente fournie non seulement aux distributeurs et aux fabricants, mais aussi directement aux installateurs pour tous les probl\u00e8mes d&rsquo;application qui peuvent \u00eatre rencontr\u00e9s sur le terrain. L&rsquo;objectif de PEGO est de concevoir et de fabriquer des produits de plus en plus avanc\u00e9s technologiquement et fiables pour satisfaire pleinement ses clients.<\/p>\n<\/div>\n<p><img decoding=\"async\" src=\"\/wp-content\/uploads\/2024\/10\/foto_01.jpg\" alt=\"Enterprise\"><br \/>\n<img decoding=\"async\" src=\"\/wp-content\/uploads\/2024\/10\/home_pego.jpg\" alt=\"Enterprise\"><\/p>\n<ul>\n<li>\n<p>        <img decoding=\"async\" src=\"\/wp-content\/uploads\/2024\/10\/foto_03.jpg\" alt=\"Enterprise\"><\/p>\n<\/li>\n<li>\n<p>        <img decoding=\"async\" src=\"\/wp-content\/uploads\/2024\/10\/foto_11.jpg\" alt=\"Enterprise\"><\/p>\n<\/li>\n<li>\n<p>        <img decoding=\"async\" src=\"\/wp-content\/uploads\/2024\/10\/foto_12.jpg\" alt=\"Enterprise\"><\/p>\n<\/li>\n<li>\n<p>        <img decoding=\"async\" src=\"\/wp-content\/uploads\/2024\/10\/foto_07.jpg\" alt=\"Enterprise\"><\/p>\n<\/li>\n<li>\n<p>        <img decoding=\"async\" src=\"\/wp-content\/uploads\/2024\/10\/foto_08.jpg\" alt=\"Enterprise\"><\/p>\n<\/li>\n<li>\n<p>        <img decoding=\"async\" src=\"\/wp-content\/uploads\/2024\/10\/foto_09.jpg\" alt=\"Enterprise\"><\/p>\n<\/li>\n<li>\n<p>        <img decoding=\"async\" src=\"\/wp-content\/uploads\/2024\/10\/foto_10.jpg\" alt=\"Enterprise\"><\/p>\n<\/li>\n<\/ul>\n<p><a href=\"\/wp-content\/uploads\/2025\/03\/Certificato-TUV-ISO-9001.pdf\"><img decoding=\"async\" src=\"\/wp-content\/uploads\/2025\/03\/iso.png\" alt=\"Enterprise\"><\/a><\/p>\n<div>Qualit\u00e9 certifi\u00e9e<\/div>\n<div>Nous garantissons<br \/>vos r\u00e9sultat<\/div>\n<div>L&rsquo;exp\u00e9rience m\u00fbrie en r\u00e9alisant des tableaux \u00e9lectriques en tout genre dans le secteur de la r\u00e9frig\u00e9ration est notre meilleure r\u00e9f\u00e9rence et garantie. Tous nos produits sont r\u00e9alis\u00e9s en utilisant des mat\u00e9riaux et des appareils de la meilleure qualit\u00e9, et les proc\u00e9d\u00e9s de production sont constamment v\u00e9rifi\u00e9s conform\u00e9ment aux directives CEE et normes de r\u00e9f\u00e9rence relatives actuellement en vigueur.<\/p>\n<p>Si aucun de nos produits de s\u00e9rie n\u2019est en mesure de r\u00e9pondre \u00e0 vos exigences, notre bureau technique sera \u00e0 votre disposition pour toute consultation, de la conception de Tableaux et appareils \u00e9lectroniques, \u00e0 la r\u00e9alisation de syst\u00e8mes de supervision et monitorage assist\u00e9s par ordinateur.<\/p><\/div>\n<p><!--more--><br \/>\n<!-- {\"type\":\"layout\",\"children\":[{\"type\":\"section\",\"props\":{\"header_transparent\":true,\"header_transparent_text_color\":\"light\",\"height\":\"viewport\",\"height_viewport\":80,\"image\":\"wp-content\\\/uploads\\\/2024\\\/10\\\/pego_azienda.jpg\",\"image_position\":\"center-center\",\"image_size\":\"cover\",\"style\":\"default\",\"title_breakpoint\":\"xl\",\"title_position\":\"top-left\",\"title_rotation\":\"left\",\"vertical_align\":\"middle\",\"width\":\"default\"},\"children\":[{\"type\":\"row\",\"children\":[{\"type\":\"column\",\"props\":{\"image_position\":\"center-center\",\"position_sticky_breakpoint\":\"m\"}}]}]},{\"type\":\"section\",\"props\":{\"css\":\".el-section > .uk-container{\\n\\tmargin-top:-150px;\\n    background-color:#fff;\\n    padding-top:50px;\\n    padding-bottom:50px;\\n}\",\"image_position\":\"center-center\",\"padding\":\"none\",\"style\":\"muted\",\"title_breakpoint\":\"xl\",\"title_position\":\"top-left\",\"title_rotation\":\"left\",\"vertical_align\":\"middle\",\"width\":\"large\"},\"children\":[{\"type\":\"row\",\"props\":{\"layout\":\"1-2,1-2\"},\"children\":[{\"type\":\"column\",\"props\":{\"image_position\":\"center-center\",\"position_sticky_breakpoint\":\"m\",\"width_medium\":\"1-2\"},\"children\":[{\"type\":\"headline\",\"props\":{\"content\":\"PEGO SRL\",\"margin_remove_bottom\":true,\"title_element\":\"div\",\"title_style\":\"text-lead\"}},{\"type\":\"headline\",\"props\":{\"content\":\"Enterprise\",\"margin_remove_top\":true,\"title_element\":\"div\",\"title_style\":\"heading-large\"}}]},{\"type\":\"column\",\"props\":{\"image_position\":\"center-center\",\"position_sticky_breakpoint\":\"m\",\"vertical_align\":\"middle\",\"width_medium\":\"1-2\"},\"children\":[{\"type\":\"text\",\"props\":{\"column_breakpoint\":\"m\",\"content\":\"\n\n<p><strong>Conception et production de tableaux \\u00e9lectriques et de commandes \\u00e9lectroniques pour la r\\u00e9frig\\u00e9ration<\\\/strong> commerciale et industrielle et pour la climatisation. <br\\\/>Production d'HUMIDIFICATEURS \\u00e0 \\u00e9lectrodes immerg\\u00e9es.<\\\/p>\",\"margin\":\"default\",\"text_align\":\"right\",\"text_align_breakpoint\":\"s\"}}]}]}]},{\"type\":\"section\",\"props\":{\"image_position\":\"center-center\",\"padding\":\"large\",\"style\":\"muted\",\"title_breakpoint\":\"xl\",\"title_position\":\"top-left\",\"title_rotation\":\"left\",\"vertical_align\":\"middle\",\"width\":\"large\"},\"children\":[{\"type\":\"row\",\"props\":{\"layout\":\"1-2,1-2\"},\"children\":[{\"type\":\"column\",\"props\":{\"image_position\":\"center-center\",\"position_sticky_breakpoint\":\"m\",\"width_medium\":\"1-2\"},\"children\":[{\"type\":\"headline\",\"props\":{\"content\":\"Qui nous sommes\",\"margin_remove_bottom\":true,\"title_element\":\"div\",\"title_style\":\"text-lead\"}},{\"type\":\"headline\",\"props\":{\"content\":\"Tableaux \\u00e9lectriques pour installations frigorifiques\",\"margin_remove_top\":true,\"title_element\":\"div\",\"title_style\":\"h1\"}},{\"type\":\"headline\",\"props\":{\"content\":\"Fond\\u00e9e en 1997, PEGO s'est affirm\\u00e9e au fil des ans comme une entreprise leader dans la conception et la production de tableaux \\u00e9lectriques pour la r\\u00e9frig\\u00e9ration et la climatisation.\",\"margin_remove_bottom\":true,\"title_element\":\"div\",\"title_style\":\"text-lead\"}},{\"type\":\"text\",\"props\":{\"column_breakpoint\":\"m\",\"content\":\"\n\n<p>En plus d'une tr\\u00e8s large gamme de produits dans le catalogue, PEGO s'occupe \\u00e9galement de la conception et de la r\\u00e9alisation de tableaux hors normes fabriqu\\u00e9s en fonction des besoins sp\\u00e9cifiques du client.<\\\/p>\\n\n\n<p>Gr\\u00e2ce \\u00e0 sa longue exp\\u00e9rience dans le secteur, PEGO a \\u00e9galement con\\u00e7u et fabriqu\\u00e9 une s\\u00e9rie de contr\\u00f4les \\u00e9lectroniques sp\\u00e9cifiques pour les applications de r\\u00e9frig\\u00e9ration et caract\\u00e9ris\\u00e9s par leur simplicit\\u00e9 de programmation et d'utilisation. Parall\\u00e8lement, PEGO s'est sp\\u00e9cialis\\u00e9e dans la conception et la production d'humidificateurs \\u00e0 vapeur \\u00e0 \\u00e9lectrodes immerg\\u00e9es, reconnus pour la qualit\\u00e9 des mat\\u00e9riaux utilis\\u00e9s et de la conception.<\\\/p>\\n\n\n<p>La gamme d'humidificateurs est adapt\\u00e9e \\u00e0 de nombreuses applications telles que : installations industrielles, bureaux, installations civiles, centres d'appel, h\\u00f4tels, mus\\u00e9es, biblioth\\u00e8ques, installations technologiques ou m\\u00e9dicales, industrie du tabac, industrie alimentaire, s\\u00e9chage, industrie du bois, papeteries, industrie de l'imprimerie et wellness. Le haut niveau de professionnalisme des services techniques de PEGO se traduit par une r\\u00e9ponse rapide aux clients, tant au niveau de la conception du produit et de l'\\u00e9tablissement du devis que du service apr\\u00e8s-vente.<\\\/p>\\n\n\n<p>L'un des points forts de PEGO est l'assistance technique t\\u00e9l\\u00e9phonique permanente fournie non seulement aux distributeurs et aux fabricants, mais aussi directement aux installateurs pour tous les probl\\u00e8mes d'application qui peuvent \\u00eatre rencontr\\u00e9s sur le terrain. L'objectif de PEGO est de concevoir et de fabriquer des produits de plus en plus avanc\\u00e9s technologiquement et fiables pour satisfaire pleinement ses clients.<\\\/p>\",\"margin\":\"default\"}}]},{\"type\":\"column\",\"props\":{\"image_position\":\"center-center\",\"position_sticky_breakpoint\":\"m\",\"width_medium\":\"1-2\"},\"children\":[{\"type\":\"image\",\"props\":{\"class\":\"about-img-1\",\"image\":\"wp-content\\\/uploads\\\/2024\\\/10\\\/foto_01.jpg\",\"image_height\":400,\"image_svg_color\":\"emphasis\",\"image_width\":520,\"margin\":\"default\",\"text_align\":\"center\",\"visibility\":\"m\"}},{\"type\":\"image\",\"props\":{\"class\":\"about-img-2\",\"image\":\"wp-content\\\/uploads\\\/2024\\\/10\\\/home_pego.jpg\",\"image_height\":400,\"image_svg_color\":\"emphasis\",\"image_width\":390,\"margin\":\"default\",\"visibility\":\"m\"}},{\"type\":\"slideshow\",\"props\":{\"image_height\":400,\"image_width\":520,\"link_style\":\"default\",\"link_text\":\"Read more\",\"margin\":\"large\",\"meta_align\":\"below-title\",\"meta_element\":\"div\",\"meta_style\":\"text-meta\",\"nav\":\"dotnav\",\"nav_align\":\"center\",\"nav_breakpoint\":\"s\",\"nav_position\":\"bottom-center\",\"nav_position_margin\":\"medium\",\"overlay_animation\":\"parallax\",\"overlay_position\":\"center-left\",\"show_content\":true,\"show_link\":true,\"show_meta\":true,\"show_thumbnail\":true,\"show_title\":true,\"slidenav\":\"\",\"slidenav_breakpoint\":\"s\",\"slidenav_margin\":\"medium\",\"slidenav_outside_breakpoint\":\"xl\",\"slideshow_autoplay\":true,\"slideshow_autoplay_interval\":\"3\",\"slideshow_autoplay_pause\":false,\"slideshow_min_height\":\"400\",\"slideshow_parallax\":false,\"thumbnav_height\":\"75\",\"thumbnav_svg_color\":\"emphasis\",\"thumbnav_width\":\"100\",\"title_element\":\"h3\"},\"children\":[{\"type\":\"slideshow_item\",\"props\":{\"image\":\"wp-content\\\/uploads\\\/2024\\\/10\\\/foto_03.jpg\",\"title\":\"\"}},{\"type\":\"slideshow_item\",\"props\":{\"image\":\"wp-content\\\/uploads\\\/2024\\\/10\\\/foto_11.jpg\",\"title\":\"\"}},{\"type\":\"slideshow_item\",\"props\":{\"image\":\"wp-content\\\/uploads\\\/2024\\\/10\\\/foto_12.jpg\",\"title\":\"\"}},{\"type\":\"slideshow_item\",\"props\":{\"image\":\"wp-content\\\/uploads\\\/2024\\\/10\\\/foto_07.jpg\",\"title\":\"\"}},{\"type\":\"slideshow_item\",\"props\":{\"image\":\"wp-content\\\/uploads\\\/2024\\\/10\\\/foto_08.jpg\",\"title\":\"\"}},{\"type\":\"slideshow_item\",\"props\":{\"image\":\"wp-content\\\/uploads\\\/2024\\\/10\\\/foto_09.jpg\",\"title\":\"\"}},{\"type\":\"slideshow_item\",\"props\":{\"image\":\"wp-content\\\/uploads\\\/2024\\\/10\\\/foto_10.jpg\",\"title\":\"\"}}]}]}]}]},{\"type\":\"section\",\"props\":{\"class\":\"company-last\",\"image_position\":\"center-center\",\"padding_remove_bottom\":true,\"padding_remove_top\":true,\"style\":\"muted\",\"title_breakpoint\":\"xl\",\"title_position\":\"top-left\",\"title_rotation\":\"left\",\"vertical_align\":\"middle\",\"width\":\"large\"},\"children\":[{\"type\":\"row\",\"props\":{\"layout\":\"1-3,2-3\"},\"children\":[{\"type\":\"column\",\"props\":{\"image_position\":\"center-center\",\"position_sticky_breakpoint\":\"m\",\"vertical_align\":\"middle\",\"width_medium\":\"1-3\",\"width_small\":\"1-3\"},\"children\":[{\"type\":\"image\",\"props\":{\"image\":\"wp-content\\\/uploads\\\/2025\\\/03\\\/iso.png\",\"image_svg_color\":\"emphasis\",\"link\":\"wp-content\\\/uploads\\\/2025\\\/03\\\/Certificato-TUV-ISO-9001.pdf\",\"margin\":\"default\",\"text_align\":\"center\"}}]},{\"type\":\"column\",\"props\":{\"image_position\":\"center-center\",\"position_sticky_breakpoint\":\"m\",\"width_medium\":\"2-3\",\"width_small\":\"2-3\"},\"children\":[{\"type\":\"headline\",\"props\":{\"content\":\"Qualit\\u00e9 certifi\\u00e9e\",\"margin_remove_bottom\":true,\"position\":\"relative\",\"title_element\":\"div\",\"title_style\":\"text-lead\"}},{\"type\":\"headline\",\"props\":{\"content\":\"Nous garantissons<br \\\/>vos r\\u00e9sultat\",\"margin_remove_top\":true,\"position\":\"relative\",\"title_element\":\"div\",\"title_style\":\"h1\"}},{\"type\":\"text\",\"props\":{\"column_breakpoint\":\"m\",\"content\":\"L'exp\\u00e9rience m\\u00fbrie en r\\u00e9alisant des tableaux \\u00e9lectriques en tout genre dans le secteur de la r\\u00e9frig\\u00e9ration est notre meilleure r\\u00e9f\\u00e9rence et garantie. Tous nos produits sont r\\u00e9alis\\u00e9s en utilisant des mat\\u00e9riaux et des appareils de la meilleure qualit\\u00e9, et les proc\\u00e9d\\u00e9s de production sont constamment v\\u00e9rifi\\u00e9s conform\\u00e9ment aux directives CEE et normes de r\\u00e9f\\u00e9rence relatives actuellement en vigueur.\\n\\nSi aucun de nos produits de s\\u00e9rie n\\u2019est en mesure de r\\u00e9pondre \\u00e0 vos exigences, notre bureau technique sera \\u00e0 votre disposition pour toute consultation, de la conception de Tableaux et appareils \\u00e9lectroniques, \\u00e0 la r\\u00e9alisation de syst\\u00e8mes de supervision et monitorage assist\\u00e9s par ordinateur.\",\"margin\":\"default\"}}]}]}]},{\"type\":\"section\",\"props\":{\"height\":\"pixels\",\"height_viewport\":50,\"image_position\":\"center-center\",\"style\":\"muted\",\"title_breakpoint\":\"xl\",\"title_position\":\"top-left\",\"title_rotation\":\"left\",\"vertical_align\":\"middle\",\"width\":\"default\"},\"children\":[{\"type\":\"row\",\"children\":[{\"type\":\"column\",\"props\":{\"image_position\":\"center-center\",\"position_sticky_breakpoint\":\"m\"}}]}]}],\"version\":\"1.0.0\"} --><\/p>\n","protected":false},"excerpt":{"rendered":"<p>PEGO SRL Enterprise Conception et production de tableaux \u00e9lectriques et de commandes \u00e9lectroniques pour la r\u00e9frig\u00e9ration commerciale et industrielle et pour la climatisation. Production d&rsquo;HUMIDIFICATEURS \u00e0 \u00e9lectrodes immerg\u00e9es. Qui nous sommes Tableaux \u00e9lectriques pour installations frigorifiques Fond\u00e9e en 1997, PEGO s&rsquo;est affirm\u00e9e au fil des ans comme une entreprise leader dans la conception et la [&hellip;]<\/p>\n","protected":false},"author":1,"featured_media":0,"parent":0,"menu_order":0,"comment_status":"closed","ping_status":"closed","template":"","meta":{"_acf_changed":false,"footnotes":""},"class_list":["post-13131","page","type-page","status-publish","hentry"],"acf":[],"_links":{"self":[{"href":"https:\/\/pego.teknetservice.com\/fr\/wp-json\/wp\/v2\/pages\/13131","targetHints":{"allow":["GET"]}}],"collection":[{"href":"https:\/\/pego.teknetservice.com\/fr\/wp-json\/wp\/v2\/pages"}],"about":[{"href":"https:\/\/pego.teknetservice.com\/fr\/wp-json\/wp\/v2\/types\/page"}],"author":[{"embeddable":true,"href":"https:\/\/pego.teknetservice.com\/fr\/wp-json\/wp\/v2\/users\/1"}],"replies":[{"embeddable":true,"href":"https:\/\/pego.teknetservice.com\/fr\/wp-json\/wp\/v2\/comments?post=13131"}],"version-history":[{"count":8,"href":"https:\/\/pego.teknetservice.com\/fr\/wp-json\/wp\/v2\/pages\/13131\/revisions"}],"predecessor-version":[{"id":17944,"href":"https:\/\/pego.teknetservice.com\/fr\/wp-json\/wp\/v2\/pages\/13131\/revisions\/17944"}],"wp:attachment":[{"href":"https:\/\/pego.teknetservice.com\/fr\/wp-json\/wp\/v2\/media?parent=13131"}],"curies":[{"name":"wp","href":"https:\/\/api.w.org\/{rel}","templated":true}]}}