{"id":13701,"date":"2024-08-28T09:03:05","date_gmt":"2024-08-28T09:03:05","guid":{"rendered":"https:\/\/www.pego.it\/applications\/"},"modified":"2024-10-02T07:54:58","modified_gmt":"2024-10-02T07:54:58","slug":"applications","status":"publish","type":"page","link":"https:\/\/pego.teknetservice.com\/fr\/applications\/","title":{"rendered":"Applications"},"content":{"rendered":"<div>PEGO SRL<\/div>\n<div>Applications<\/div>\n<div><div class=\"uk-grid\"><div class=\"uk-width-1-3@m uk-width-1-2@s uk-margin-medium-bottom\"><div class=\"pg_app_page\" style=\"background-image:url('https:\/\/pego.teknetservice.com\/wp-content\/uploads\/2024\/08\/speciali-1.jpg')\"><span class=\"uk-h3 pg_text_uppercase uk-light\"><a href=\"https:\/\/pego.teknetservice.com\/fr\/applications\/applications-speciales\/\">Applications Sp\u00e9ciales<\/a><\/span><\/div><\/div><div class=\"uk-width-1-3@m uk-width-1-2@s uk-margin-medium-bottom\"><div class=\"pg_app_page\" style=\"background-image:url('https:\/\/pego.teknetservice.com\/wp-content\/uploads\/2024\/08\/celle-refrigerate-2.jpg')\"><span class=\"uk-h3 pg_text_uppercase uk-light\"><a href=\"https:\/\/pego.teknetservice.com\/fr\/applications\/cellules-de-refroidissement\/\">Cellules de refroidissement<\/a><\/span><\/div><\/div><div class=\"uk-width-1-3@m uk-width-1-2@s uk-margin-medium-bottom\"><div class=\"pg_app_page\" style=\"background-image:url('https:\/\/pego.teknetservice.com\/wp-content\/uploads\/2024\/08\/centrale-frigorifera-1.jpg')\"><span class=\"uk-h3 pg_text_uppercase uk-light\"><a href=\"https:\/\/pego.teknetservice.com\/fr\/applications\/centrale-frigorifique-et-chiller\/\">Centrale frigorifique et chiller<\/a><\/span><\/div><\/div><div class=\"uk-width-1-3@m uk-width-1-2@s uk-margin-medium-bottom\"><div class=\"pg_app_page\" style=\"background-image:url('https:\/\/pego.teknetservice.com\/wp-content\/uploads\/2024\/08\/banchi-2.jpg')\"><span class=\"uk-h3 pg_text_uppercase uk-light\"><a href=\"https:\/\/pego.teknetservice.com\/fr\/applications\/comptoirs-et-vitrines-refrigerees\/\">Comptoirs et vitrines r\u00e9frig\u00e9r\u00e9es<\/a><\/span><\/div><\/div><div class=\"uk-width-1-3@m uk-width-1-2@s uk-margin-medium-bottom\"><div class=\"pg_app_page\" style=\"background-image:url('https:\/\/pego.teknetservice.com\/wp-content\/uploads\/2024\/08\/datalogger-1.jpg')\"><span class=\"uk-h3 pg_text_uppercase uk-light\"><a href=\"https:\/\/pego.teknetservice.com\/fr\/applications\/datalogger-fr\/\">Datalogger<\/a><\/span><\/div><\/div><div class=\"uk-width-1-3@m uk-width-1-2@s uk-margin-medium-bottom\"><div class=\"pg_app_page\" style=\"background-image:url('https:\/\/pego.teknetservice.com\/wp-content\/uploads\/2024\/08\/doppio-impianto-di-sicurezza-1.jpg')\"><span class=\"uk-h3 pg_text_uppercase uk-light\"><a href=\"https:\/\/pego.teknetservice.com\/fr\/applications\/doubles-installations-de-securite\/\">Doubles installations de s\u00e9curit\u00e9<\/a><\/span><\/div><\/div><div class=\"uk-width-1-3@m uk-width-1-2@s uk-margin-medium-bottom\"><div class=\"pg_app_page\" style=\"background-image:url('https:\/\/pego.teknetservice.com\/wp-content\/uploads\/2024\/08\/illuminazione-3.jpg')\"><span class=\"uk-h3 pg_text_uppercase uk-light\"><a href=\"https:\/\/pego.teknetservice.com\/fr\/applications\/eclairage\/\">\u00c9clairage<\/a><\/span><\/div><\/div><div class=\"uk-width-1-3@m uk-width-1-2@s uk-margin-medium-bottom\"><div class=\"pg_app_page\" style=\"background-image:url('https:\/\/pego.teknetservice.com\/wp-content\/uploads\/2024\/08\/velocita-ventole-1.jpg')\"><span class=\"uk-h3 pg_text_uppercase uk-light\"><a href=\"https:\/\/pego.teknetservice.com\/fr\/applications\/gestion-de-la-vitesse-des-ventilateurs\/\">Gestion de la vitesse des ventilateurs<\/a><\/span><\/div><\/div><div class=\"uk-width-1-3@m uk-width-1-2@s uk-margin-medium-bottom\"><div class=\"pg_app_page\" style=\"background-image:url('https:\/\/pego.teknetservice.com\/wp-content\/uploads\/2024\/08\/stagionatura-1.jpg')\"><span class=\"uk-h3 pg_text_uppercase uk-light\"><a href=\"https:\/\/pego.teknetservice.com\/fr\/applications\/maturation\/\">Maturation<\/a><\/span><\/div><\/div><div class=\"uk-width-1-3@m uk-width-1-2@s uk-margin-medium-bottom\"><div class=\"pg_app_page\" style=\"background-image:url('https:\/\/pego.teknetservice.com\/wp-content\/uploads\/2024\/08\/fermo-lievitazione-1.jpg')\"><span class=\"uk-h3 pg_text_uppercase uk-light\"><a href=\"https:\/\/pego.teknetservice.com\/fr\/applications\/ralentissement-du-levage\/\">Ralentissement du levage<\/a><\/span><\/div><\/div><div class=\"uk-width-1-3@m uk-width-1-2@s uk-margin-medium-bottom\"><div class=\"pg_app_page\" style=\"background-image:url('https:\/\/pego.teknetservice.com\/wp-content\/uploads\/2024\/08\/allarmi-1.jpg')\"><span class=\"uk-h3 pg_text_uppercase uk-light\"><a href=\"https:\/\/pego.teknetservice.com\/fr\/applications\/supervision-et-alarmes\/\">Supervision et alarmes<\/a><\/span><\/div><\/div><div class=\"uk-width-1-3@m uk-width-1-2@s uk-margin-medium-bottom\"><div class=\"pg_app_page\" style=\"background-image:url('https:\/\/pego.teknetservice.com\/wp-content\/uploads\/2024\/08\/abbattitore-1.jpg')\"><span class=\"uk-h3 pg_text_uppercase uk-light\"><a href=\"https:\/\/pego.teknetservice.com\/fr\/applications\/surgelateurs\/\">Surg\u00e9lateurs<\/a><\/span><\/div><\/div><div class=\"uk-width-1-3@m uk-width-1-2@s uk-margin-medium-bottom\"><div class=\"pg_app_page\" style=\"background-image:url('https:\/\/pego.teknetservice.com\/wp-content\/uploads\/2024\/08\/unita-evaporanti-1.jpg')\"><span class=\"uk-h3 pg_text_uppercase uk-light\"><a href=\"https:\/\/pego.teknetservice.com\/fr\/applications\/unite-devaporation\/\">Unit\u00e9 d&rsquo;\u00e9vaporation<\/a><\/span><\/div><\/div><div class=\"uk-width-1-3@m uk-width-1-2@s uk-margin-medium-bottom\"><div class=\"pg_app_page\" style=\"background-image:url('https:\/\/pego.teknetservice.com\/wp-content\/uploads\/2024\/08\/motocondensanti-1.jpg')\"><span class=\"uk-h3 pg_text_uppercase uk-light\"><a href=\"https:\/\/pego.teknetservice.com\/fr\/applications\/unite-de-condensation\/\">Unit\u00e9 de condensation<\/a><\/span><\/div><\/div><div class=\"uk-width-1-3@m uk-width-1-2@s uk-margin-medium-bottom\"><div class=\"pg_app_page\" style=\"background-image:url('https:\/\/pego.teknetservice.com\/wp-content\/uploads\/2024\/08\/wellness.jpg')\"><span class=\"uk-h3 pg_text_uppercase uk-light\"><a href=\"https:\/\/pego.teknetservice.com\/fr\/applications\/wellness-fr\/\">Wellness<\/a><\/span><\/div><\/div><\/div><\/div>\n<p><!--more--><br \/>\n<!-- {\"type\":\"layout\",\"children\":[{\"type\":\"section\",\"props\":{\"header_transparent\":true,\"header_transparent_text_color\":\"light\",\"height\":\"viewport\",\"height_viewport\":80,\"image\":\"wp-content\\\/uploads\\\/2024\\\/10\\\/pego.jpg\",\"image_position\":\"center-center\",\"image_size\":\"cover\",\"style\":\"default\",\"title_breakpoint\":\"xl\",\"title_position\":\"top-left\",\"title_rotation\":\"left\",\"vertical_align\":\"middle\",\"width\":\"default\"},\"children\":[{\"type\":\"row\",\"children\":[{\"type\":\"column\",\"props\":{\"image_position\":\"center-center\",\"position_sticky_breakpoint\":\"m\"}}]}]},{\"type\":\"section\",\"props\":{\"css\":\".el-section > .uk-container{\\n\\tmargin-top:-150px;\\n    background-color:#fff;\\n    padding-top:50px;\\n    padding-bottom:50px;\\n}\",\"image_position\":\"center-center\",\"padding\":\"none\",\"style\":\"muted\",\"title_breakpoint\":\"xl\",\"title_position\":\"top-left\",\"title_rotation\":\"left\",\"vertical_align\":\"middle\",\"width\":\"xlarge\"},\"children\":[{\"type\":\"row\",\"props\":{\"layout\":\"1-2,1-2\"},\"children\":[{\"type\":\"column\",\"props\":{\"image_position\":\"center-center\",\"position_sticky_breakpoint\":\"m\",\"width_medium\":\"1-2\"},\"children\":[{\"type\":\"headline\",\"props\":{\"content\":\"PEGO SRL\",\"margin_remove_bottom\":true,\"title_element\":\"div\",\"title_style\":\"text-lead\"}},{\"type\":\"headline\",\"props\":{\"content\":\"Applications\",\"margin_remove_top\":true,\"title_element\":\"div\",\"title_style\":\"heading-large\"}}]},{\"type\":\"column\",\"props\":{\"image_position\":\"center-center\",\"position_sticky_breakpoint\":\"m\",\"vertical_align\":\"middle\",\"width_medium\":\"1-2\"}}]}]},{\"type\":\"section\",\"props\":{\"image_position\":\"center-center\",\"style\":\"default\",\"title_breakpoint\":\"xl\",\"title_position\":\"top-left\",\"title_rotation\":\"left\",\"vertical_align\":\"middle\",\"width\":\"xlarge\"},\"children\":[{\"type\":\"row\",\"children\":[{\"type\":\"column\",\"props\":{\"image_position\":\"center-center\",\"position_sticky_breakpoint\":\"m\"},\"children\":[{\"type\":\"text\",\"props\":{\"column_breakpoint\":\"m\",\"content\":\"[pg_applications]\",\"margin\":\"default\"}}]}]}]}],\"version\":\"1.0.0\"} --><\/p>\n","protected":false},"excerpt":{"rendered":"<p>PEGO SRL Applications<\/p>\n","protected":false},"author":1,"featured_media":0,"parent":0,"menu_order":0,"comment_status":"closed","ping_status":"closed","template":"","meta":{"_acf_changed":false,"footnotes":""},"class_list":["post-13701","page","type-page","status-publish","hentry"],"acf":[],"_links":{"self":[{"href":"https:\/\/pego.teknetservice.com\/fr\/wp-json\/wp\/v2\/pages\/13701","targetHints":{"allow":["GET"]}}],"collection":[{"href":"https:\/\/pego.teknetservice.com\/fr\/wp-json\/wp\/v2\/pages"}],"about":[{"href":"https:\/\/pego.teknetservice.com\/fr\/wp-json\/wp\/v2\/types\/page"}],"author":[{"embeddable":true,"href":"https:\/\/pego.teknetservice.com\/fr\/wp-json\/wp\/v2\/users\/1"}],"replies":[{"embeddable":true,"href":"https:\/\/pego.teknetservice.com\/fr\/wp-json\/wp\/v2\/comments?post=13701"}],"version-history":[{"count":3,"href":"https:\/\/pego.teknetservice.com\/fr\/wp-json\/wp\/v2\/pages\/13701\/revisions"}],"predecessor-version":[{"id":16702,"href":"https:\/\/pego.teknetservice.com\/fr\/wp-json\/wp\/v2\/pages\/13701\/revisions\/16702"}],"wp:attachment":[{"href":"https:\/\/pego.teknetservice.com\/fr\/wp-json\/wp\/v2\/media?parent=13701"}],"curies":[{"name":"wp","href":"https:\/\/api.w.org\/{rel}","templated":true}]}}