{"id":13718,"date":"2024-08-28T14:36:54","date_gmt":"2024-08-28T14:36:54","guid":{"rendered":"https:\/\/www.pego.it\/applications\/applications-speciales\/"},"modified":"2024-09-27T09:23:03","modified_gmt":"2024-09-27T09:23:03","slug":"applications-speciales","status":"publish","type":"page","link":"https:\/\/pego.teknetservice.com\/fr\/applications\/applications-speciales\/","title":{"rendered":"Applications Sp\u00e9ciales"},"content":{"rendered":"<div>PEGO SRL<\/div>\n<div>Applications Sp\u00e9ciales<\/div>\n<div>\n<p style=\"text-align: right;\">Produits pour la gestion d&rsquo;applications sp\u00e9ciales<\/p>\n<\/div>\n<div><div class=\"pg_app_container\"><div class=\"pg_app_post_type uk-margin-large-bottom\"><span class=\"uk-h3\">Termostato<\/span><br\/><div class=\"uk-grid uk-margin-medium-bottom uk-margin-small-top\"><div class=\"uk-width-1-3@m uk-width-1-2@s uk-margin-bottom\"><a href=\"https:\/\/pego.teknetservice.com\/fr\/produits\/thermostats\/expert-nano-2zn\/\">\n                        <div class=\"pg_child_product_thumbnail\"><img loading=\"lazy\" decoding=\"async\" width=\"300\" height=\"180\" src=\"https:\/\/pego.teknetservice.com\/wp-content\/uploads\/2024\/05\/Pego-EXPERT-NANO-2ZN-300x180.png\" class=\"attachment-medium size-medium wp-post-image\" alt=\"Applications Sp\u00e9ciales\" srcset=\"https:\/\/pego.teknetservice.com\/wp-content\/uploads\/2024\/05\/Pego-EXPERT-NANO-2ZN-300x180.png 300w, https:\/\/pego.teknetservice.com\/wp-content\/uploads\/2024\/05\/Pego-EXPERT-NANO-2ZN-768x460.png 768w, https:\/\/pego.teknetservice.com\/wp-content\/uploads\/2024\/05\/Pego-EXPERT-NANO-2ZN.png 850w\" sizes=\"(max-width: 300px) 100vw, 300px\" \/><\/div>\n                    <\/a><a href=\"https:\/\/pego.teknetservice.com\/fr\/produits\/thermostats\/expert-nano-2zn\/\" class=\"pg_prod_title\">EXPERT NANO 2ZN<\/a><p class=\"pg_child_product_intro\">Thermor\u00e9gulateur \u00e9lectronique \u00e0 2 relais pour l\u2019appel de chauffage\/refroidissement ou humidification\/d\u00e9shumidification dans la zone neutre ou pour la gestion du double point de consigne de l\u2019appel de chauffage\/humidification ou de refroidissement\/ d\u00e9shumidification avec 2 sorties distinctes.<\/p><a class=\"el-content uk-button uk-button-primary\" href=\"https:\/\/pego.teknetservice.com\/fr\/produits\/thermostats\/expert-nano-2zn\/\" uk-scroll=\"\">En savoir plus<\/a><\/div><div class=\"uk-width-1-3@m uk-width-1-2@s uk-margin-bottom\"><a href=\"https:\/\/pego.teknetservice.com\/fr\/produits\/thermostats\/expert-nano-milk\/\">\n                        <div class=\"pg_child_product_thumbnail\"><img loading=\"lazy\" decoding=\"async\" width=\"300\" height=\"180\" src=\"https:\/\/pego.teknetservice.com\/wp-content\/uploads\/2024\/05\/Pego-EXPERT-NANO-MILK-300x180.png\" class=\"attachment-medium size-medium wp-post-image\" alt=\"Applications Sp\u00e9ciales\" srcset=\"https:\/\/pego.teknetservice.com\/wp-content\/uploads\/2024\/05\/Pego-EXPERT-NANO-MILK-300x180.png 300w, https:\/\/pego.teknetservice.com\/wp-content\/uploads\/2024\/05\/Pego-EXPERT-NANO-MILK-768x460.png 768w, https:\/\/pego.teknetservice.com\/wp-content\/uploads\/2024\/05\/Pego-EXPERT-NANO-MILK.png 850w\" sizes=\"(max-width: 300px) 100vw, 300px\" \/><\/div>\n                    <\/a><a href=\"https:\/\/pego.teknetservice.com\/fr\/produits\/thermostats\/expert-nano-milk\/\" class=\"pg_prod_title\">EXPERT NANO MILK<\/a><p class=\"pg_child_product_intro\">L'EXPERT NANO MILK est un r\u00e9gulateur \u00e9lectronique \u00e0 microprocesseur adapt\u00e9 aux applications de conservation et de r\u00e9frig\u00e9ration du lait.<\/p><a class=\"el-content uk-button uk-button-primary\" href=\"https:\/\/pego.teknetservice.com\/fr\/produits\/thermostats\/expert-nano-milk\/\" uk-scroll=\"\">En savoir plus<\/a><\/div><\/div><\/div><\/div><\/div>\n<p><!--more--><br \/>\n<!-- {\"type\":\"layout\",\"children\":[{\"type\":\"section\",\"props\":{\"header_transparent\":true,\"header_transparent_text_color\":\"light\",\"height\":\"viewport\",\"height_viewport\":80,\"image\":\"wp-content\\\/uploads\\\/2024\\\/08\\\/speciali.jpg\",\"image_position\":\"center-center\",\"image_size\":\"cover\",\"style\":\"default\",\"title_breakpoint\":\"xl\",\"title_position\":\"top-left\",\"title_rotation\":\"left\",\"vertical_align\":\"middle\",\"width\":\"default\"},\"children\":[{\"type\":\"row\",\"children\":[{\"type\":\"column\",\"props\":{\"image_position\":\"center-center\",\"position_sticky_breakpoint\":\"m\"}}]}]},{\"type\":\"section\",\"props\":{\"css\":\".el-section > .uk-container{\\n\\tmargin-top:-150px;\\n    background-color:#fff;\\n    padding-top:50px;\\n    padding-bottom:50px;\\n}\",\"image_position\":\"center-center\",\"padding\":\"none\",\"style\":\"muted\",\"title_breakpoint\":\"xl\",\"title_position\":\"top-left\",\"title_rotation\":\"left\",\"vertical_align\":\"middle\",\"width\":\"xlarge\"},\"children\":[{\"type\":\"row\",\"props\":{\"layout\":\"1-2,1-2\"},\"children\":[{\"type\":\"column\",\"props\":{\"image_position\":\"center-center\",\"position_sticky_breakpoint\":\"m\",\"width_medium\":\"1-2\"},\"children\":[{\"type\":\"headline\",\"props\":{\"content\":\"PEGO SRL\",\"margin_remove_bottom\":true,\"title_element\":\"div\",\"title_style\":\"text-lead\"}},{\"type\":\"headline\",\"props\":{\"content\":\"Applications Sp\\u00e9ciales\",\"margin_remove_top\":true,\"title_element\":\"div\",\"title_style\":\"heading-medium\"}}]},{\"type\":\"column\",\"props\":{\"image_position\":\"center-center\",\"position_sticky_breakpoint\":\"m\",\"vertical_align\":\"middle\",\"width_medium\":\"1-2\"},\"children\":[{\"type\":\"text\",\"props\":{\"column_breakpoint\":\"m\",\"content\":\"\n\n<p style=\\\"text-align: right;\\\">Produits pour la gestion d'applications sp\\u00e9ciales<\\\/p>\",\"margin\":\"default\"}}]}]}]},{\"type\":\"section\",\"props\":{\"image_position\":\"center-center\",\"style\":\"default\",\"title_breakpoint\":\"xl\",\"title_position\":\"top-left\",\"title_rotation\":\"left\",\"vertical_align\":\"middle\",\"width\":\"xlarge\"},\"children\":[{\"type\":\"row\",\"children\":[{\"type\":\"column\",\"props\":{\"image_position\":\"center-center\",\"position_sticky_breakpoint\":\"m\"},\"children\":[{\"type\":\"text\",\"props\":{\"column_breakpoint\":\"m\",\"content\":\"[pg_single_application]\",\"margin\":\"default\"}}]}]}]}],\"version\":\"1.0.0\"} --><\/p>\n","protected":false},"excerpt":{"rendered":"<p>PEGO SRL Applications Sp\u00e9ciales Produits pour la gestion d&rsquo;applications sp\u00e9ciales<\/p>\n","protected":false},"author":1,"featured_media":9789,"parent":13701,"menu_order":0,"comment_status":"closed","ping_status":"closed","template":"","meta":{"_acf_changed":false,"footnotes":""},"class_list":["post-13718","page","type-page","status-publish","has-post-thumbnail","hentry"],"acf":[],"_links":{"self":[{"href":"https:\/\/pego.teknetservice.com\/fr\/wp-json\/wp\/v2\/pages\/13718","targetHints":{"allow":["GET"]}}],"collection":[{"href":"https:\/\/pego.teknetservice.com\/fr\/wp-json\/wp\/v2\/pages"}],"about":[{"href":"https:\/\/pego.teknetservice.com\/fr\/wp-json\/wp\/v2\/types\/page"}],"author":[{"embeddable":true,"href":"https:\/\/pego.teknetservice.com\/fr\/wp-json\/wp\/v2\/users\/1"}],"replies":[{"embeddable":true,"href":"https:\/\/pego.teknetservice.com\/fr\/wp-json\/wp\/v2\/comments?post=13718"}],"version-history":[{"count":2,"href":"https:\/\/pego.teknetservice.com\/fr\/wp-json\/wp\/v2\/pages\/13718\/revisions"}],"predecessor-version":[{"id":16516,"href":"https:\/\/pego.teknetservice.com\/fr\/wp-json\/wp\/v2\/pages\/13718\/revisions\/16516"}],"up":[{"embeddable":true,"href":"https:\/\/pego.teknetservice.com\/fr\/wp-json\/wp\/v2\/pages\/13701"}],"wp:featuredmedia":[{"embeddable":true,"href":"https:\/\/pego.teknetservice.com\/fr\/wp-json\/wp\/v2\/media\/9789"}],"wp:attachment":[{"href":"https:\/\/pego.teknetservice.com\/fr\/wp-json\/wp\/v2\/media?parent=13718"}],"curies":[{"name":"wp","href":"https:\/\/api.w.org\/{rel}","templated":true}]}}