{"id":13737,"date":"2024-08-28T13:05:51","date_gmt":"2024-08-28T13:05:51","guid":{"rendered":"https:\/\/www.pego.it\/applications\/comptoirs-et-vitrines-refrigerees\/"},"modified":"2024-09-27T09:25:15","modified_gmt":"2024-09-27T09:25:15","slug":"comptoirs-et-vitrines-refrigerees","status":"publish","type":"page","link":"https:\/\/pego.teknetservice.com\/fr\/applications\/comptoirs-et-vitrines-refrigerees\/","title":{"rendered":"Comptoirs et vitrines r\u00e9frig\u00e9r\u00e9es"},"content":{"rendered":"<div>PEGO SRL<\/div>\n<div>Comptoirs et vitrines r\u00e9frig\u00e9r\u00e9es<\/div>\n<div>\n<p style=\"text-align: right;\">Produits et accessoires pour comptoirs et armoires r\u00e9frig\u00e9r\u00e9s<\/p>\n<\/div>\n<div><div class=\"pg_app_container\"><div class=\"pg_app_post_type uk-margin-large-bottom\"><span class=\"uk-h3\">Electronique<\/span><br\/><span class=\"uk-heading-small uk-margin-bottom pg_app_parent\">S\u00e9rie DIN NANO<\/span><div class=\"uk-grid uk-margin-medium-bottom uk-margin-small-top\"><div class=\"uk-width-1-3@m uk-width-1-2@s uk-margin-bottom\"><a href=\"https:\/\/pego.teknetservice.com\/fr\/produits\/electronique-modulaire\/serie-din-nano\/din-nano-4ck\/\">\n                        <div class=\"pg_child_product_thumbnail\"><img loading=\"lazy\" decoding=\"async\" width=\"274\" height=\"300\" src=\"https:\/\/pego.teknetservice.com\/wp-content\/uploads\/2024\/05\/Pego-DIN-NANO-4CK-Perspective-274x300.png\" class=\"attachment-medium size-medium wp-post-image\" alt=\"Comptoirs et vitrines r\u00e9frig\u00e9r\u00e9es\" srcset=\"https:\/\/pego.teknetservice.com\/wp-content\/uploads\/2024\/05\/Pego-DIN-NANO-4CK-Perspective-274x300.png 274w, https:\/\/pego.teknetservice.com\/wp-content\/uploads\/2024\/05\/Pego-DIN-NANO-4CK-Perspective-934x1024.png 934w, https:\/\/pego.teknetservice.com\/wp-content\/uploads\/2024\/05\/Pego-DIN-NANO-4CK-Perspective-768x842.png 768w, https:\/\/pego.teknetservice.com\/wp-content\/uploads\/2024\/05\/Pego-DIN-NANO-4CK-Perspective.png 985w\" sizes=\"(max-width: 274px) 100vw, 274px\" \/><\/div>\n                    <\/a><a href=\"https:\/\/pego.teknetservice.com\/fr\/produits\/electronique-modulaire\/serie-din-nano\/din-nano-4ck\/\" class=\"pg_prod_title\">DIN NANO 4CK<\/a><p class=\"pg_child_product_intro\">Le DIN NANO 4CK est un r\u00e9gulateur \u00e9lectronique \u00e0 4 relais sur rail DIN appropri\u00e9 pour la gestion des comptoirs frigorifiques, des vitrines et des unit\u00e9s frigorifiques statiques ou ventil\u00e9es...<\/p><a class=\"el-content uk-button uk-button-primary\" href=\"https:\/\/pego.teknetservice.com\/fr\/produits\/electronique-modulaire\/serie-din-nano\/din-nano-4ck\/\" uk-scroll=\"\">En savoir plus<\/a><\/div><div class=\"uk-width-1-3@m uk-width-1-2@s uk-margin-bottom\"><a href=\"https:\/\/pego.teknetservice.com\/fr\/produits\/electronique-modulaire\/serie-din-nano\/din-nano-5ck\/\">\n                        <div class=\"pg_child_product_thumbnail\"><img loading=\"lazy\" decoding=\"async\" width=\"274\" height=\"300\" src=\"https:\/\/pego.teknetservice.com\/wp-content\/uploads\/2024\/07\/Pego-DIN-NANO-5CK-Perspective-274x300.png\" class=\"attachment-medium size-medium wp-post-image\" alt=\"Comptoirs et vitrines r\u00e9frig\u00e9r\u00e9es\" srcset=\"https:\/\/pego.teknetservice.com\/wp-content\/uploads\/2024\/07\/Pego-DIN-NANO-5CK-Perspective-274x300.png 274w, https:\/\/pego.teknetservice.com\/wp-content\/uploads\/2024\/07\/Pego-DIN-NANO-5CK-Perspective-934x1024.png 934w, https:\/\/pego.teknetservice.com\/wp-content\/uploads\/2024\/07\/Pego-DIN-NANO-5CK-Perspective-768x842.png 768w, https:\/\/pego.teknetservice.com\/wp-content\/uploads\/2024\/07\/Pego-DIN-NANO-5CK-Perspective.png 985w\" sizes=\"(max-width: 274px) 100vw, 274px\" \/><\/div>\n                    <\/a><a href=\"https:\/\/pego.teknetservice.com\/fr\/produits\/electronique-modulaire\/serie-din-nano\/din-nano-5ck\/\" class=\"pg_prod_title\">DIN\u00a0NANO 5CK<\/a><p class=\"pg_child_product_intro\">Le DIN NANO 5CK est un r\u00e9gulateur \u00e9lectronique \u00e0 5 relais sur rail DIN appropri\u00e9 pour la gestion des comptoirs frigorifiques, des vitrines et des unit\u00e9s frigorifiques statiques ou ventil\u00e9es...<\/p><a class=\"el-content uk-button uk-button-primary\" href=\"https:\/\/pego.teknetservice.com\/fr\/produits\/electronique-modulaire\/serie-din-nano\/din-nano-5ck\/\" uk-scroll=\"\">En savoir plus<\/a><\/div><\/div><span class=\"uk-heading-small uk-margin-bottom pg_app_parent\">S\u00e9rie NEXUS<\/span><div class=\"uk-grid uk-margin-medium-bottom uk-margin-small-top\"><div class=\"uk-width-1-3@m uk-width-1-2@s uk-margin-bottom\"><a href=\"https:\/\/pego.teknetservice.com\/fr\/produits\/electronique-modulaire\/serie-nexus\/nexus-p20\/\">\n                        <div class=\"pg_child_product_thumbnail\"><img loading=\"lazy\" decoding=\"async\" width=\"300\" height=\"300\" src=\"https:\/\/pego.teknetservice.com\/wp-content\/uploads\/2024\/05\/NEXUSP20_prsp-300x300.png\" class=\"attachment-medium size-medium wp-post-image\" alt=\"Comptoirs et vitrines r\u00e9frig\u00e9r\u00e9es\" srcset=\"https:\/\/pego.teknetservice.com\/wp-content\/uploads\/2024\/05\/NEXUSP20_prsp-300x300.png 300w, https:\/\/pego.teknetservice.com\/wp-content\/uploads\/2024\/05\/NEXUSP20_prsp-150x150.png 150w, https:\/\/pego.teknetservice.com\/wp-content\/uploads\/2024\/05\/NEXUSP20_prsp-768x768.png 768w, https:\/\/pego.teknetservice.com\/wp-content\/uploads\/2024\/05\/NEXUSP20_prsp.png 800w\" sizes=\"(max-width: 300px) 100vw, 300px\" \/><\/div>\n                    <\/a><a href=\"https:\/\/pego.teknetservice.com\/fr\/produits\/electronique-modulaire\/serie-nexus\/nexus-p20\/\" class=\"pg_prod_title\">NEXUS\u00a0P20<\/a><p class=\"pg_child_product_intro\">R\u00e9gulateur \u00e9lectronique pour la commande du d\u00e9tendeur \u00e9lectronique ON \/ OFF avec bobine 230\/110\/24 VAC ou 24 VDC, avec fonctions de connectivit\u00e9 int\u00e9gr\u00e9es via l'application MyPego.<\/p><a class=\"el-content uk-button uk-button-primary\" href=\"https:\/\/pego.teknetservice.com\/fr\/produits\/electronique-modulaire\/serie-nexus\/nexus-p20\/\" uk-scroll=\"\">En savoir plus<\/a><\/div><div class=\"uk-width-1-3@m uk-width-1-2@s uk-margin-bottom\"><a href=\"https:\/\/pego.teknetservice.com\/fr\/produits\/electronique-modulaire\/serie-nexus\/nexus-s27\/\">\n                        <div class=\"pg_child_product_thumbnail\"><img loading=\"lazy\" decoding=\"async\" width=\"300\" height=\"300\" src=\"https:\/\/pego.teknetservice.com\/wp-content\/uploads\/2024\/05\/NEXUSP20_prsp-300x300.png\" class=\"attachment-medium size-medium wp-post-image\" alt=\"Comptoirs et vitrines r\u00e9frig\u00e9r\u00e9es\" srcset=\"https:\/\/pego.teknetservice.com\/wp-content\/uploads\/2024\/05\/NEXUSP20_prsp-300x300.png 300w, https:\/\/pego.teknetservice.com\/wp-content\/uploads\/2024\/05\/NEXUSP20_prsp-150x150.png 150w, https:\/\/pego.teknetservice.com\/wp-content\/uploads\/2024\/05\/NEXUSP20_prsp-768x768.png 768w, https:\/\/pego.teknetservice.com\/wp-content\/uploads\/2024\/05\/NEXUSP20_prsp.png 800w\" sizes=\"(max-width: 300px) 100vw, 300px\" \/><\/div>\n                    <\/a><a href=\"https:\/\/pego.teknetservice.com\/fr\/produits\/electronique-modulaire\/serie-nexus\/nexus-s27\/\" class=\"pg_prod_title\">NEXUS\u00a0S27<\/a><p class=\"pg_child_product_intro\">R\u00e9gulateur \u00e9lectronique pour la commande du d\u00e9tendeur \u00e9lectronique motoris\u00e9, avec fonctions de connectivit\u00e9 int\u00e9gr\u00e9es via l'application MyPego<\/p><a class=\"el-content uk-button uk-button-primary\" href=\"https:\/\/pego.teknetservice.com\/fr\/produits\/electronique-modulaire\/serie-nexus\/nexus-s27\/\" uk-scroll=\"\">En savoir plus<\/a><\/div><\/div><span class=\"uk-heading-small uk-margin-bottom pg_app_parent\">S\u00e9rie PEV<\/span><div class=\"uk-grid uk-margin-medium-bottom uk-margin-small-top\"><div class=\"uk-width-1-3@m uk-width-1-2@s uk-margin-bottom\"><a href=\"https:\/\/pego.teknetservice.com\/fr\/produits\/electronique-modulaire\/serie-pev\/pev-p20\/\">\n                        <div class=\"pg_child_product_thumbnail\"><img loading=\"lazy\" decoding=\"async\" width=\"274\" height=\"300\" src=\"https:\/\/pego.teknetservice.com\/wp-content\/uploads\/2024\/05\/Pego-PEV-PULSE-Perspective-274x300.png\" class=\"attachment-medium size-medium wp-post-image\" alt=\"Comptoirs et vitrines r\u00e9frig\u00e9r\u00e9es\" srcset=\"https:\/\/pego.teknetservice.com\/wp-content\/uploads\/2024\/05\/Pego-PEV-PULSE-Perspective-274x300.png 274w, https:\/\/pego.teknetservice.com\/wp-content\/uploads\/2024\/05\/Pego-PEV-PULSE-Perspective-768x842.png 768w, https:\/\/pego.teknetservice.com\/wp-content\/uploads\/2024\/05\/Pego-PEV-PULSE-Perspective.png 800w\" sizes=\"(max-width: 274px) 100vw, 274px\" \/><\/div>\n                    <\/a><a href=\"https:\/\/pego.teknetservice.com\/fr\/produits\/electronique-modulaire\/serie-pev\/pev-p20\/\" class=\"pg_prod_title\">PEV\u00a0P20<\/a><p class=\"pg_child_product_intro\">R\u00e9gulateur \u00e9lectronique pour la commande du d\u00e9tendeur \u00e9lectronique ON \/ OFF avec bobine 230\/110\/24 VAC ou 24 VDC. Il peut \u00eatre configur\u00e9 avec un \u00e9cran \u00e0 distance ou un \u00e9cran int\u00e9gr\u00e9.<\/p><a class=\"el-content uk-button uk-button-primary\" href=\"https:\/\/pego.teknetservice.com\/fr\/produits\/electronique-modulaire\/serie-pev\/pev-p20\/\" uk-scroll=\"\">En savoir plus<\/a><\/div><div class=\"uk-width-1-3@m uk-width-1-2@s uk-margin-bottom\"><a href=\"https:\/\/pego.teknetservice.com\/fr\/produits\/electronique-modulaire\/serie-pev\/pev-s27\/\">\n                        <div class=\"pg_child_product_thumbnail\"><img loading=\"lazy\" decoding=\"async\" width=\"300\" height=\"283\" src=\"https:\/\/pego.teknetservice.com\/wp-content\/uploads\/2024\/05\/elettronica-modulare-300x283.png\" class=\"attachment-medium size-medium wp-post-image\" alt=\"Comptoirs et vitrines r\u00e9frig\u00e9r\u00e9es\" srcset=\"https:\/\/pego.teknetservice.com\/wp-content\/uploads\/2024\/05\/elettronica-modulare-300x283.png 300w, https:\/\/pego.teknetservice.com\/wp-content\/uploads\/2024\/05\/elettronica-modulare.png 733w\" sizes=\"(max-width: 300px) 100vw, 300px\" \/><\/div>\n                    <\/a><a href=\"https:\/\/pego.teknetservice.com\/fr\/produits\/electronique-modulaire\/serie-pev\/pev-s27\/\" class=\"pg_prod_title\">PEV\u00a0S27<\/a><p class=\"pg_child_product_intro\">R\u00e9gulateur \u00e9lectronique pour la commande du d\u00e9tendeur \u00e9lectronique motoris\u00e9. Il peut \u00eatre configur\u00e9 avec un \u00e9cran \u00e0 distance ou un \u00e9cran int\u00e9gr\u00e9.<\/p><a class=\"el-content uk-button uk-button-primary\" href=\"https:\/\/pego.teknetservice.com\/fr\/produits\/electronique-modulaire\/serie-pev\/pev-s27\/\" uk-scroll=\"\">En savoir plus<\/a><\/div><\/div><\/div><div class=\"pg_app_post_type uk-margin-large-bottom\"><span class=\"uk-h3\">Termostato<\/span><br\/><div class=\"uk-grid uk-margin-medium-bottom uk-margin-small-top\"><div class=\"uk-width-1-3@m uk-width-1-2@s uk-margin-bottom\"><a href=\"https:\/\/pego.teknetservice.com\/fr\/produits\/thermostats\/expert-nano-1lt\/\">\n                        <div class=\"pg_child_product_thumbnail\"><img loading=\"lazy\" decoding=\"async\" width=\"300\" height=\"180\" src=\"https:\/\/pego.teknetservice.com\/wp-content\/uploads\/2024\/05\/expert-nano-1lt-300x180.png\" class=\"attachment-medium size-medium wp-post-image\" alt=\"Comptoirs et vitrines r\u00e9frig\u00e9r\u00e9es\" srcset=\"https:\/\/pego.teknetservice.com\/wp-content\/uploads\/2024\/05\/expert-nano-1lt-300x180.png 300w, https:\/\/pego.teknetservice.com\/wp-content\/uploads\/2024\/05\/expert-nano-1lt-768x460.png 768w, https:\/\/pego.teknetservice.com\/wp-content\/uploads\/2024\/05\/expert-nano-1lt.png 800w\" sizes=\"(max-width: 300px) 100vw, 300px\" \/><\/div>\n                    <\/a><a href=\"https:\/\/pego.teknetservice.com\/fr\/produits\/thermostats\/expert-nano-1lt\/\" class=\"pg_prod_title\">EXPERT NANO 1LT<\/a><p class=\"pg_child_product_intro\">Est un thermor\u00e9gulateur \u00e9lectronique \u00e0 1 relais avec microprocesseur adapt\u00e9 \u00e0 la gestion d\u2019unit\u00e9s frigorifiques statiques fonctionnant \u00e0 temp\u00e9rature normale et avec la possibilit\u00e9 de d\u00e9givrage par arr\u00eat (arr\u00eat du compresseur).<\/p><a class=\"el-content uk-button uk-button-primary\" href=\"https:\/\/pego.teknetservice.com\/fr\/produits\/thermostats\/expert-nano-1lt\/\" uk-scroll=\"\">En savoir plus<\/a><\/div><div class=\"uk-width-1-3@m uk-width-1-2@s uk-margin-bottom\"><a href=\"https:\/\/pego.teknetservice.com\/fr\/produits\/thermostats\/expert-nano-3cf\/\">\n                        <div class=\"pg_child_product_thumbnail\"><img loading=\"lazy\" decoding=\"async\" width=\"300\" height=\"180\" src=\"https:\/\/pego.teknetservice.com\/wp-content\/uploads\/2024\/05\/Pego-EXPERT-NANO-3CF-300x180.png\" class=\"attachment-medium size-medium wp-post-image\" alt=\"Comptoirs et vitrines r\u00e9frig\u00e9r\u00e9es\" srcset=\"https:\/\/pego.teknetservice.com\/wp-content\/uploads\/2024\/05\/Pego-EXPERT-NANO-3CF-300x180.png 300w, https:\/\/pego.teknetservice.com\/wp-content\/uploads\/2024\/05\/Pego-EXPERT-NANO-3CF-768x460.png 768w, https:\/\/pego.teknetservice.com\/wp-content\/uploads\/2024\/05\/Pego-EXPERT-NANO-3CF.png 850w\" sizes=\"(max-width: 300px) 100vw, 300px\" \/><\/div>\n                    <\/a><a href=\"https:\/\/pego.teknetservice.com\/fr\/produits\/thermostats\/expert-nano-3cf\/\" class=\"pg_prod_title\">EXPERT NANO 3CF<\/a><p class=\"pg_child_product_intro\">L\u2019EXPERT NANO 3CF est un thermor\u00e9gulateur \u00e9lectronique \u00e0 3 relais adapt\u00e9 \u00e0 la gestion de comptoirs, vitrines et unit\u00e9s frigorifiques statiques ou ventil\u00e9es, avec d\u00e9givrage par arr\u00eat ou \u00e9lectrique.<\/p><a class=\"el-content uk-button uk-button-primary\" href=\"https:\/\/pego.teknetservice.com\/fr\/produits\/thermostats\/expert-nano-3cf\/\" uk-scroll=\"\">En savoir plus<\/a><\/div><div class=\"uk-width-1-3@m uk-width-1-2@s uk-margin-bottom\"><a href=\"https:\/\/pego.teknetservice.com\/fr\/produits\/thermostats\/expert-nano-4ck\/\">\n                        <div class=\"pg_child_product_thumbnail\"><img loading=\"lazy\" decoding=\"async\" width=\"300\" height=\"180\" src=\"https:\/\/pego.teknetservice.com\/wp-content\/uploads\/2024\/05\/Pego-EXPERT-NANO-4CK-300x180.png\" class=\"attachment-medium size-medium wp-post-image\" alt=\"Comptoirs et vitrines r\u00e9frig\u00e9r\u00e9es\" srcset=\"https:\/\/pego.teknetservice.com\/wp-content\/uploads\/2024\/05\/Pego-EXPERT-NANO-4CK-300x180.png 300w, https:\/\/pego.teknetservice.com\/wp-content\/uploads\/2024\/05\/Pego-EXPERT-NANO-4CK-768x460.png 768w, https:\/\/pego.teknetservice.com\/wp-content\/uploads\/2024\/05\/Pego-EXPERT-NANO-4CK.png 850w\" sizes=\"(max-width: 300px) 100vw, 300px\" \/><\/div>\n                    <\/a><a href=\"https:\/\/pego.teknetservice.com\/fr\/produits\/thermostats\/expert-nano-4ck\/\" class=\"pg_prod_title\">EXPERT NANO 4CK<\/a><p class=\"pg_child_product_intro\">L\u2019EXPERT NANO 4CK est un thermor\u00e9gulateur \u00e9lectronique \u00e0 4 relais, adapt\u00e9 pour g\u00e9rer les comptoirs frigorifiques, les vitrines et les unit\u00e9s frigorifiques statiques ou ventil\u00e9es, avec d\u00e9givrage par arr\u00eat ou \u00e9lectrique avec horloge int\u00e9gr\u00e9e (RTC).<\/p><a class=\"el-content uk-button uk-button-primary\" href=\"https:\/\/pego.teknetservice.com\/fr\/produits\/thermostats\/expert-nano-4ck\/\" uk-scroll=\"\">En savoir plus<\/a><\/div><\/div><\/div><\/div><\/div>\n<p><!--more--><br \/>\n<!-- {\"type\":\"layout\",\"children\":[{\"type\":\"section\",\"props\":{\"header_transparent\":true,\"header_transparent_text_color\":\"light\",\"height\":\"viewport\",\"height_viewport\":80,\"image\":\"wp-content\\\/uploads\\\/2024\\\/08\\\/banchi-1.jpg\",\"image_position\":\"center-center\",\"image_size\":\"cover\",\"style\":\"default\",\"title_breakpoint\":\"xl\",\"title_position\":\"top-left\",\"title_rotation\":\"left\",\"vertical_align\":\"middle\",\"width\":\"default\"},\"children\":[{\"type\":\"row\",\"children\":[{\"type\":\"column\",\"props\":{\"image_position\":\"center-center\",\"position_sticky_breakpoint\":\"m\"}}]}]},{\"type\":\"section\",\"props\":{\"css\":\".el-section > .uk-container{\\n\\tmargin-top:-150px;\\n    background-color:#fff;\\n    padding-top:50px;\\n    padding-bottom:50px;\\n}\",\"image_position\":\"center-center\",\"padding\":\"none\",\"style\":\"muted\",\"title_breakpoint\":\"xl\",\"title_position\":\"top-left\",\"title_rotation\":\"left\",\"vertical_align\":\"middle\",\"width\":\"xlarge\"},\"children\":[{\"type\":\"row\",\"props\":{\"layout\":\"1-2,1-2\"},\"children\":[{\"type\":\"column\",\"props\":{\"image_position\":\"center-center\",\"position_sticky_breakpoint\":\"m\",\"width_medium\":\"1-2\"},\"children\":[{\"type\":\"headline\",\"props\":{\"content\":\"PEGO SRL\",\"margin_remove_bottom\":true,\"title_element\":\"div\",\"title_style\":\"text-lead\"}},{\"type\":\"headline\",\"props\":{\"content\":\"Comptoirs et vitrines r\\u00e9frig\\u00e9r\\u00e9es\",\"margin_remove_top\":true,\"title_element\":\"div\",\"title_style\":\"heading-medium\"}}]},{\"type\":\"column\",\"props\":{\"image_position\":\"center-center\",\"position_sticky_breakpoint\":\"m\",\"vertical_align\":\"middle\",\"width_medium\":\"1-2\"},\"children\":[{\"type\":\"text\",\"props\":{\"column_breakpoint\":\"m\",\"content\":\"\n\n<p style=\\\"text-align: right;\\\">Produits et accessoires pour comptoirs et armoires r\\u00e9frig\\u00e9r\\u00e9s<\\\/p>\",\"margin\":\"default\"}}]}]}]},{\"type\":\"section\",\"props\":{\"image_position\":\"center-center\",\"style\":\"default\",\"title_breakpoint\":\"xl\",\"title_position\":\"top-left\",\"title_rotation\":\"left\",\"vertical_align\":\"middle\",\"width\":\"xlarge\"},\"children\":[{\"type\":\"row\",\"children\":[{\"type\":\"column\",\"props\":{\"image_position\":\"center-center\",\"position_sticky_breakpoint\":\"m\"},\"children\":[{\"type\":\"text\",\"props\":{\"column_breakpoint\":\"m\",\"content\":\"[pg_single_application]\",\"margin\":\"default\"}}]}]}]}],\"version\":\"1.0.0\"} --><\/p>\n","protected":false},"excerpt":{"rendered":"<p>PEGO SRL Comptoirs et vitrines r\u00e9frig\u00e9r\u00e9es Produits et accessoires pour comptoirs et armoires r\u00e9frig\u00e9r\u00e9s<\/p>\n","protected":false},"author":1,"featured_media":9580,"parent":13701,"menu_order":0,"comment_status":"closed","ping_status":"closed","template":"","meta":{"_acf_changed":false,"footnotes":""},"class_list":["post-13737","page","type-page","status-publish","has-post-thumbnail","hentry"],"acf":[],"_links":{"self":[{"href":"https:\/\/pego.teknetservice.com\/fr\/wp-json\/wp\/v2\/pages\/13737","targetHints":{"allow":["GET"]}}],"collection":[{"href":"https:\/\/pego.teknetservice.com\/fr\/wp-json\/wp\/v2\/pages"}],"about":[{"href":"https:\/\/pego.teknetservice.com\/fr\/wp-json\/wp\/v2\/types\/page"}],"author":[{"embeddable":true,"href":"https:\/\/pego.teknetservice.com\/fr\/wp-json\/wp\/v2\/users\/1"}],"replies":[{"embeddable":true,"href":"https:\/\/pego.teknetservice.com\/fr\/wp-json\/wp\/v2\/comments?post=13737"}],"version-history":[{"count":2,"href":"https:\/\/pego.teknetservice.com\/fr\/wp-json\/wp\/v2\/pages\/13737\/revisions"}],"predecessor-version":[{"id":16520,"href":"https:\/\/pego.teknetservice.com\/fr\/wp-json\/wp\/v2\/pages\/13737\/revisions\/16520"}],"up":[{"embeddable":true,"href":"https:\/\/pego.teknetservice.com\/fr\/wp-json\/wp\/v2\/pages\/13701"}],"wp:featuredmedia":[{"embeddable":true,"href":"https:\/\/pego.teknetservice.com\/fr\/wp-json\/wp\/v2\/media\/9580"}],"wp:attachment":[{"href":"https:\/\/pego.teknetservice.com\/fr\/wp-json\/wp\/v2\/media?parent=13737"}],"curies":[{"name":"wp","href":"https:\/\/api.w.org\/{rel}","templated":true}]}}