{"id":13791,"date":"2024-08-28T13:22:46","date_gmt":"2024-08-28T13:22:46","guid":{"rendered":"https:\/\/www.pego.it\/applications\/datalogger\/"},"modified":"2024-09-27T09:27:09","modified_gmt":"2024-09-27T09:27:09","slug":"datalogger-fr","status":"publish","type":"page","link":"https:\/\/pego.teknetservice.com\/fr\/applications\/datalogger-fr\/","title":{"rendered":"Datalogger"},"content":{"rendered":"<div>PEGO SRL<\/div>\n<div>Datalogger<\/div>\n<div>\n<p style=\"text-align: right;\">Contr\u00f4leurs et tableaux \u00e9lectriques \u00e9quip\u00e9s d&rsquo;enregistreurs de donn\u00e9es pour enregistrer les temp\u00e9ratures et les alarmes de la cellule<\/p>\n<\/div>\n<div><div class=\"pg_app_container\"><div class=\"pg_app_post_type uk-margin-large-bottom\"><span class=\"uk-h3\">Tableaux Electriques<\/span><br\/><span class=\"uk-heading-small uk-margin-bottom pg_app_parent\">S\u00e9rie PLUS EXPERT<\/span><div class=\"uk-grid uk-margin-medium-bottom uk-margin-small-top\"><div class=\"uk-width-1-3@m uk-width-1-2@s uk-margin-bottom\"><a href=\"https:\/\/pego.teknetservice.com\/fr\/produits\/tableaux-electriques\/serie-plus-expert\/plusr-200-expert\/\">\n                        <div class=\"pg_child_product_thumbnail\"><img loading=\"lazy\" decoding=\"async\" width=\"300\" height=\"275\" src=\"https:\/\/pego.teknetservice.com\/wp-content\/uploads\/2024\/08\/Pego-PLUSR-200-EXPERT-DATALOGGER-300x275.png\" class=\"attachment-medium size-medium wp-post-image\" alt=\"Datalogger\" srcset=\"https:\/\/pego.teknetservice.com\/wp-content\/uploads\/2024\/08\/Pego-PLUSR-200-EXPERT-DATALOGGER-300x275.png 300w, https:\/\/pego.teknetservice.com\/wp-content\/uploads\/2024\/08\/Pego-PLUSR-200-EXPERT-DATALOGGER-1024x939.png 1024w, https:\/\/pego.teknetservice.com\/wp-content\/uploads\/2024\/08\/Pego-PLUSR-200-EXPERT-DATALOGGER-768x704.png 768w, https:\/\/pego.teknetservice.com\/wp-content\/uploads\/2024\/08\/Pego-PLUSR-200-EXPERT-DATALOGGER.png 1178w\" sizes=\"(max-width: 300px) 100vw, 300px\" \/><\/div>\n                    <\/a><a href=\"https:\/\/pego.teknetservice.com\/fr\/produits\/tableaux-electriques\/serie-plus-expert\/plusr-200-expert\/\" class=\"pg_prod_title\">PLUSR 200 EXPERT<\/a><p class=\"pg_child_product_intro\">Tableau de contr\u00f4le pour la gestion compl\u00e8te des cellules r\u00e9frig\u00e9r\u00e9es avec compresseur monophas\u00e9 2 HP et fonction Datalogger. Large \u00e9cran \u00e0 cristaux liquides r\u00e9tro-\u00e9clair\u00e9...\r\n\r\n<\/p><a class=\"el-content uk-button uk-button-primary\" href=\"https:\/\/pego.teknetservice.com\/fr\/produits\/tableaux-electriques\/serie-plus-expert\/plusr-200-expert\/\" uk-scroll=\"\">En savoir plus<\/a><\/div><div class=\"uk-width-1-3@m uk-width-1-2@s uk-margin-bottom\"><a href=\"https:\/\/pego.teknetservice.com\/fr\/produits\/tableaux-electriques\/serie-plus-expert\/plusr-300-expert-u-vd\/\">\n                        <div class=\"pg_child_product_thumbnail\"><img loading=\"lazy\" decoding=\"async\" width=\"300\" height=\"287\" src=\"https:\/\/pego.teknetservice.com\/wp-content\/uploads\/2024\/08\/Pego-PLUSR-300-EXPERT-U-VD-DATALOGGER-300x287.png\" class=\"attachment-medium size-medium wp-post-image\" alt=\"Datalogger\" srcset=\"https:\/\/pego.teknetservice.com\/wp-content\/uploads\/2024\/08\/Pego-PLUSR-300-EXPERT-U-VD-DATALOGGER-300x287.png 300w, https:\/\/pego.teknetservice.com\/wp-content\/uploads\/2024\/08\/Pego-PLUSR-300-EXPERT-U-VD-DATALOGGER-1024x979.png 1024w, https:\/\/pego.teknetservice.com\/wp-content\/uploads\/2024\/08\/Pego-PLUSR-300-EXPERT-U-VD-DATALOGGER-768x734.png 768w, https:\/\/pego.teknetservice.com\/wp-content\/uploads\/2024\/08\/Pego-PLUSR-300-EXPERT-U-VD-DATALOGGER.png 1130w\" sizes=\"(max-width: 300px) 100vw, 300px\" \/><\/div>\n                    <\/a><a href=\"https:\/\/pego.teknetservice.com\/fr\/produits\/tableaux-electriques\/serie-plus-expert\/plusr-300-expert-u-vd\/\" class=\"pg_prod_title\">PLUSR 300 EXPERT U VD<\/a><p class=\"pg_child_product_intro\">Ligne de panneau de puissance et contr\u00f4le avec fonction datalogger d\u00e9di\u00e9 uniquement \u00e0 la gestion de l'unit\u00e9 d'\u00e9vaporation triphas\u00e9e o\u00f9 les applications sont reli\u00e9es \u00e0 une centrale frigorifique...\r\n\r\n<\/p><a class=\"el-content uk-button uk-button-primary\" href=\"https:\/\/pego.teknetservice.com\/fr\/produits\/tableaux-electriques\/serie-plus-expert\/plusr-300-expert-u-vd\/\" uk-scroll=\"\">En savoir plus<\/a><\/div><div class=\"uk-width-1-3@m uk-width-1-2@s uk-margin-bottom\"><a href=\"https:\/\/pego.teknetservice.com\/fr\/produits\/tableaux-electriques\/serie-plus-expert\/plusr-300-expert-vd\/\">\n                        <div class=\"pg_child_product_thumbnail\"><img loading=\"lazy\" decoding=\"async\" width=\"300\" height=\"287\" src=\"https:\/\/pego.teknetservice.com\/wp-content\/uploads\/2024\/08\/Pego-PLUSR-300-EXPERT-DATALOGGER-300x287.png\" class=\"attachment-medium size-medium wp-post-image\" alt=\"Datalogger\" srcset=\"https:\/\/pego.teknetservice.com\/wp-content\/uploads\/2024\/08\/Pego-PLUSR-300-EXPERT-DATALOGGER-300x287.png 300w, https:\/\/pego.teknetservice.com\/wp-content\/uploads\/2024\/08\/Pego-PLUSR-300-EXPERT-DATALOGGER-1024x979.png 1024w, https:\/\/pego.teknetservice.com\/wp-content\/uploads\/2024\/08\/Pego-PLUSR-300-EXPERT-DATALOGGER-768x734.png 768w, https:\/\/pego.teknetservice.com\/wp-content\/uploads\/2024\/08\/Pego-PLUSR-300-EXPERT-DATALOGGER.png 1130w\" sizes=\"(max-width: 300px) 100vw, 300px\" \/><\/div>\n                    <\/a><a href=\"https:\/\/pego.teknetservice.com\/fr\/produits\/tableaux-electriques\/serie-plus-expert\/plusr-300-expert-vd\/\" class=\"pg_prod_title\">PLUSR 300 EXPERT VD<\/a><p class=\"pg_child_product_intro\">Tableau de contr\u00f4le pour la gestion compl\u00e8te des cellules r\u00e9frig\u00e9r\u00e9es avec compresseur triphas\u00e9 7,5 HP et fonction Datalogger. Un large \u00e9cran \u00e0 cristaux liquides r\u00e9tro-\u00e9clair\u00e9...\r\n\r\n<\/p><a class=\"el-content uk-button uk-button-primary\" href=\"https:\/\/pego.teknetservice.com\/fr\/produits\/tableaux-electriques\/serie-plus-expert\/plusr-300-expert-vd\/\" uk-scroll=\"\">En savoir plus<\/a><\/div><div class=\"uk-width-1-3@m uk-width-1-2@s uk-margin-bottom\"><a href=\"https:\/\/pego.teknetservice.com\/fr\/produits\/tableaux-electriques\/serie-plus-expert\/plusr-expert-dl3\/\">\n                        <div class=\"pg_child_product_thumbnail\"><img loading=\"lazy\" decoding=\"async\" width=\"300\" height=\"275\" src=\"https:\/\/pego.teknetservice.com\/wp-content\/uploads\/2024\/08\/Pego-PLUSR-EXPERT-DL3-DATALOGGER-300x275.png\" class=\"attachment-medium size-medium wp-post-image\" alt=\"Datalogger\" srcset=\"https:\/\/pego.teknetservice.com\/wp-content\/uploads\/2024\/08\/Pego-PLUSR-EXPERT-DL3-DATALOGGER-300x275.png 300w, https:\/\/pego.teknetservice.com\/wp-content\/uploads\/2024\/08\/Pego-PLUSR-EXPERT-DL3-DATALOGGER-1024x939.png 1024w, https:\/\/pego.teknetservice.com\/wp-content\/uploads\/2024\/08\/Pego-PLUSR-EXPERT-DL3-DATALOGGER-768x704.png 768w, https:\/\/pego.teknetservice.com\/wp-content\/uploads\/2024\/08\/Pego-PLUSR-EXPERT-DL3-DATALOGGER.png 1178w\" sizes=\"(max-width: 300px) 100vw, 300px\" \/><\/div>\n                    <\/a><a href=\"https:\/\/pego.teknetservice.com\/fr\/produits\/tableaux-electriques\/serie-plus-expert\/plusr-expert-dl3\/\" class=\"pg_prod_title\">PLUSR EXPERT DL3<\/a><p class=\"pg_child_product_intro\">Enregistreur de temp\u00e9rature \u00e0 trois canaux, dont on peut contr\u00f4ler et enregistrer pour chacun, \u00e0 intervalles r\u00e9guliers, la temp\u00e9rature, l'\u00e9tat d'1 entr\u00e9e digitale et les alarmes intervenues.\r\n\r\n<\/p><a class=\"el-content uk-button uk-button-primary\" href=\"https:\/\/pego.teknetservice.com\/fr\/produits\/tableaux-electriques\/serie-plus-expert\/plusr-expert-dl3\/\" uk-scroll=\"\">En savoir plus<\/a><\/div><div class=\"uk-width-1-3@m uk-width-1-2@s uk-margin-bottom\"><a href=\"https:\/\/pego.teknetservice.com\/fr\/produits\/tableaux-electriques\/serie-plus-expert\/plusr-expert-dl8\/\">\n                        <div class=\"pg_child_product_thumbnail\"><img loading=\"lazy\" decoding=\"async\" width=\"300\" height=\"275\" src=\"https:\/\/pego.teknetservice.com\/wp-content\/uploads\/2024\/08\/Pego-PLUSR-EXPERT-DL8-DATALOGGER-300x275.png\" class=\"attachment-medium size-medium wp-post-image\" alt=\"Datalogger\" srcset=\"https:\/\/pego.teknetservice.com\/wp-content\/uploads\/2024\/08\/Pego-PLUSR-EXPERT-DL8-DATALOGGER-300x275.png 300w, https:\/\/pego.teknetservice.com\/wp-content\/uploads\/2024\/08\/Pego-PLUSR-EXPERT-DL8-DATALOGGER-1024x939.png 1024w, https:\/\/pego.teknetservice.com\/wp-content\/uploads\/2024\/08\/Pego-PLUSR-EXPERT-DL8-DATALOGGER-768x704.png 768w, https:\/\/pego.teknetservice.com\/wp-content\/uploads\/2024\/08\/Pego-PLUSR-EXPERT-DL8-DATALOGGER.png 1178w\" sizes=\"(max-width: 300px) 100vw, 300px\" \/><\/div>\n                    <\/a><a href=\"https:\/\/pego.teknetservice.com\/fr\/produits\/tableaux-electriques\/serie-plus-expert\/plusr-expert-dl8\/\" class=\"pg_prod_title\">PLUSR EXPERT DL8<\/a><p class=\"pg_child_product_intro\">Enregistreur de temp\u00e9rature \u00e0 huit canaux, dont on peut contr\u00f4ler et enregistrer pour chacun, \u00e0 intervalles r\u00e9guliers, la temp\u00e9rature et les alarmes intervenues.\r\n\r\n<\/p><a class=\"el-content uk-button uk-button-primary\" href=\"https:\/\/pego.teknetservice.com\/fr\/produits\/tableaux-electriques\/serie-plus-expert\/plusr-expert-dl8\/\" uk-scroll=\"\">En savoir plus<\/a><\/div><\/div><\/div><\/div><\/div>\n<p><!--more--><br \/>\n<!-- {\"type\":\"layout\",\"children\":[{\"type\":\"section\",\"props\":{\"header_transparent\":true,\"header_transparent_text_color\":\"light\",\"height\":\"viewport\",\"height_viewport\":80,\"image\":\"wp-content\\\/uploads\\\/2024\\\/08\\\/datalogger.jpg\",\"image_position\":\"center-center\",\"image_size\":\"cover\",\"style\":\"default\",\"title_breakpoint\":\"xl\",\"title_position\":\"top-left\",\"title_rotation\":\"left\",\"vertical_align\":\"middle\",\"width\":\"default\"},\"children\":[{\"type\":\"row\",\"children\":[{\"type\":\"column\",\"props\":{\"image_position\":\"center-center\",\"position_sticky_breakpoint\":\"m\"}}]}]},{\"type\":\"section\",\"props\":{\"css\":\".el-section > .uk-container{\\n\\tmargin-top:-150px;\\n    background-color:#fff;\\n    padding-top:50px;\\n    padding-bottom:50px;\\n}\",\"image_position\":\"center-center\",\"padding\":\"none\",\"style\":\"muted\",\"title_breakpoint\":\"xl\",\"title_position\":\"top-left\",\"title_rotation\":\"left\",\"vertical_align\":\"middle\",\"width\":\"xlarge\"},\"children\":[{\"type\":\"row\",\"props\":{\"layout\":\"1-2,1-2\"},\"children\":[{\"type\":\"column\",\"props\":{\"image_position\":\"center-center\",\"position_sticky_breakpoint\":\"m\",\"width_medium\":\"1-2\"},\"children\":[{\"type\":\"headline\",\"props\":{\"content\":\"PEGO SRL\",\"margin_remove_bottom\":true,\"title_element\":\"div\",\"title_style\":\"text-lead\"}},{\"type\":\"headline\",\"props\":{\"content\":\"Datalogger\",\"margin_remove_top\":true,\"title_element\":\"div\",\"title_style\":\"heading-medium\"}}]},{\"type\":\"column\",\"props\":{\"image_position\":\"center-center\",\"position_sticky_breakpoint\":\"m\",\"vertical_align\":\"middle\",\"width_medium\":\"1-2\"},\"children\":[{\"type\":\"text\",\"props\":{\"column_breakpoint\":\"m\",\"content\":\"\n\n<p style=\\\"text-align: right;\\\">Contr\\u00f4leurs et tableaux \\u00e9lectriques \\u00e9quip\\u00e9s d'enregistreurs de donn\\u00e9es pour enregistrer les temp\\u00e9ratures et les alarmes de la cellule<\\\/p>\",\"margin\":\"default\"}}]}]}]},{\"type\":\"section\",\"props\":{\"image_position\":\"center-center\",\"style\":\"default\",\"title_breakpoint\":\"xl\",\"title_position\":\"top-left\",\"title_rotation\":\"left\",\"vertical_align\":\"middle\",\"width\":\"xlarge\"},\"children\":[{\"type\":\"row\",\"children\":[{\"type\":\"column\",\"props\":{\"image_position\":\"center-center\",\"position_sticky_breakpoint\":\"m\"},\"children\":[{\"type\":\"text\",\"props\":{\"column_breakpoint\":\"m\",\"content\":\"[pg_single_application]\",\"margin\":\"default\"}}]}]}]}],\"version\":\"1.0.0\"} --><\/p>\n","protected":false},"excerpt":{"rendered":"<p>PEGO SRL Datalogger Contr\u00f4leurs et tableaux \u00e9lectriques \u00e9quip\u00e9s d&rsquo;enregistreurs de donn\u00e9es pour enregistrer les temp\u00e9ratures et les alarmes de la cellule<\/p>\n","protected":false},"author":1,"featured_media":9596,"parent":13701,"menu_order":0,"comment_status":"closed","ping_status":"closed","template":"","meta":{"_acf_changed":false,"footnotes":""},"class_list":["post-13791","page","type-page","status-publish","has-post-thumbnail","hentry"],"acf":[],"_links":{"self":[{"href":"https:\/\/pego.teknetservice.com\/fr\/wp-json\/wp\/v2\/pages\/13791","targetHints":{"allow":["GET"]}}],"collection":[{"href":"https:\/\/pego.teknetservice.com\/fr\/wp-json\/wp\/v2\/pages"}],"about":[{"href":"https:\/\/pego.teknetservice.com\/fr\/wp-json\/wp\/v2\/types\/page"}],"author":[{"embeddable":true,"href":"https:\/\/pego.teknetservice.com\/fr\/wp-json\/wp\/v2\/users\/1"}],"replies":[{"embeddable":true,"href":"https:\/\/pego.teknetservice.com\/fr\/wp-json\/wp\/v2\/comments?post=13791"}],"version-history":[{"count":2,"href":"https:\/\/pego.teknetservice.com\/fr\/wp-json\/wp\/v2\/pages\/13791\/revisions"}],"predecessor-version":[{"id":16524,"href":"https:\/\/pego.teknetservice.com\/fr\/wp-json\/wp\/v2\/pages\/13791\/revisions\/16524"}],"up":[{"embeddable":true,"href":"https:\/\/pego.teknetservice.com\/fr\/wp-json\/wp\/v2\/pages\/13701"}],"wp:featuredmedia":[{"embeddable":true,"href":"https:\/\/pego.teknetservice.com\/fr\/wp-json\/wp\/v2\/media\/9596"}],"wp:attachment":[{"href":"https:\/\/pego.teknetservice.com\/fr\/wp-json\/wp\/v2\/media?parent=13791"}],"curies":[{"name":"wp","href":"https:\/\/api.w.org\/{rel}","templated":true}]}}