{"id":13797,"date":"2024-08-28T13:49:01","date_gmt":"2024-08-28T13:49:01","guid":{"rendered":"https:\/\/www.pego.it\/applications\/doubles-installations-de-securite\/"},"modified":"2024-09-27T09:27:29","modified_gmt":"2024-09-27T09:27:29","slug":"doubles-installations-de-securite","status":"publish","type":"page","link":"https:\/\/pego.teknetservice.com\/fr\/applications\/doubles-installations-de-securite\/","title":{"rendered":"Doubles installations de s\u00e9curit\u00e9"},"content":{"rendered":"<div>PEGO SRL<\/div>\n<div>Doubles installations de s\u00e9curit\u00e9<\/div>\n<div>\n<p style=\"text-align: right;\">Contr\u00f4leurs et tableaux \u00e9lectriques pour la gestion compl\u00e8te de la chambre froide \u00e9quip\u00e9e d&rsquo;un double syst\u00e8me et d&rsquo;une double sonde de s\u00e9curit\u00e9. Possibilit\u00e9 de g\u00e9rer jusqu&rsquo;\u00e0 deux compresseurs et deux \u00e9vaporateurs fonctionnant en rotation ou \u00e0 double point de consigne.<\/p>\n<\/div>\n<div><div class=\"pg_app_container\"><div class=\"pg_app_post_type uk-margin-large-bottom\"><span class=\"uk-h3\">Electronique<\/span><br\/><span class=\"uk-heading-small uk-margin-bottom pg_app_parent\">S\u00e9rie PLUS100<\/span><div class=\"uk-grid uk-margin-medium-bottom uk-margin-small-top\"><div class=\"uk-width-1-3@m uk-width-1-2@s uk-margin-bottom\"><a href=\"https:\/\/pego.teknetservice.com\/fr\/produits\/electronique-modulaire\/serie-plus100\/plus100-2plt\/\">\n                        <div class=\"pg_child_product_thumbnail\"><img loading=\"lazy\" decoding=\"async\" width=\"300\" height=\"296\" src=\"https:\/\/pego.teknetservice.com\/wp-content\/uploads\/2024\/07\/Pego-PLUS100-2PLT-Perspective-300x296.png\" class=\"attachment-medium size-medium wp-post-image\" alt=\"Doubles installations de s\u00e9curit\u00e9\" srcset=\"https:\/\/pego.teknetservice.com\/wp-content\/uploads\/2024\/07\/Pego-PLUS100-2PLT-Perspective-300x296.png 300w, https:\/\/pego.teknetservice.com\/wp-content\/uploads\/2024\/07\/Pego-PLUS100-2PLT-Perspective-1024x1011.png 1024w, https:\/\/pego.teknetservice.com\/wp-content\/uploads\/2024\/07\/Pego-PLUS100-2PLT-Perspective-768x758.png 768w, https:\/\/pego.teknetservice.com\/wp-content\/uploads\/2024\/07\/Pego-PLUS100-2PLT-Perspective.png 1094w\" sizes=\"(max-width: 300px) 100vw, 300px\" \/><\/div>\n                    <\/a><a href=\"https:\/\/pego.teknetservice.com\/fr\/produits\/electronique-modulaire\/serie-plus100\/plus100-2plt\/\" class=\"pg_prod_title\">PLUS100 2PLT<\/a><p class=\"pg_child_product_intro\">Contr\u00f4le \u00e9lectronique pour la gestion de la double installation. Il est en mesure de g\u00e9rer deux compresseurs et deux \u00e9vaporateurs au maximum en travaillant avec un appel \u00e0 rotation...<\/p><a class=\"el-content uk-button uk-button-primary\" href=\"https:\/\/pego.teknetservice.com\/fr\/produits\/electronique-modulaire\/serie-plus100\/plus100-2plt\/\" uk-scroll=\"\">En savoir plus<\/a><\/div><\/div><span class=\"uk-heading-small uk-margin-bottom pg_app_parent\">S\u00e9rie VISION<\/span><div class=\"uk-grid uk-margin-medium-bottom uk-margin-small-top\"><div class=\"uk-width-1-3@m uk-width-1-2@s uk-margin-bottom\"><a href=\"https:\/\/pego.teknetservice.com\/fr\/produits\/electronique-modulaire\/serie-vision\/vision-2plt\/\">\n                        <div class=\"pg_child_product_thumbnail\"><img loading=\"lazy\" decoding=\"async\" width=\"300\" height=\"224\" src=\"https:\/\/pego.teknetservice.com\/wp-content\/uploads\/2024\/07\/Pego-VISION-2PLT100N-Master-Perspective-300x224.png\" class=\"attachment-medium size-medium wp-post-image\" alt=\"Doubles installations de s\u00e9curit\u00e9\" srcset=\"https:\/\/pego.teknetservice.com\/wp-content\/uploads\/2024\/07\/Pego-VISION-2PLT100N-Master-Perspective-300x224.png 300w, https:\/\/pego.teknetservice.com\/wp-content\/uploads\/2024\/07\/Pego-VISION-2PLT100N-Master-Perspective-1024x765.png 1024w, https:\/\/pego.teknetservice.com\/wp-content\/uploads\/2024\/07\/Pego-VISION-2PLT100N-Master-Perspective-768x574.png 768w, https:\/\/pego.teknetservice.com\/wp-content\/uploads\/2024\/07\/Pego-VISION-2PLT100N-Master-Perspective.png 1445w\" sizes=\"(max-width: 300px) 100vw, 300px\" \/><\/div>\n                    <\/a><a href=\"https:\/\/pego.teknetservice.com\/fr\/produits\/electronique-modulaire\/serie-vision\/vision-2plt\/\" class=\"pg_prod_title\">VISION 2PLT<\/a><p class=\"pg_child_product_intro\">Contr\u00f4le \u00e9lectronique pour la gestion de la double installation avec la possibilit\u00e9 d'ins\u00e9rer la sonde secondaire pour assurer le bon fonctionnement du syst\u00e8me en cas de d\u00e9faillance de la sonde principale.<\/p><a class=\"el-content uk-button uk-button-primary\" href=\"https:\/\/pego.teknetservice.com\/fr\/produits\/electronique-modulaire\/serie-vision\/vision-2plt\/\" uk-scroll=\"\">En savoir plus<\/a><\/div><\/div><\/div><div class=\"pg_app_post_type uk-margin-large-bottom\"><span class=\"uk-h3\">Tableaux Electriques<\/span><br\/><span class=\"uk-heading-small uk-margin-bottom pg_app_parent\">S\u00e9rie PLUS<\/span><div class=\"uk-grid uk-margin-medium-bottom uk-margin-small-top\"><div class=\"uk-width-1-3@m uk-width-1-2@s uk-margin-bottom\"><a href=\"https:\/\/pego.teknetservice.com\/fr\/produits\/tableaux-electriques\/serie-plus\/plus200-2plt\/\">\n                        <div class=\"pg_child_product_thumbnail\"><img loading=\"lazy\" decoding=\"async\" width=\"270\" height=\"300\" src=\"https:\/\/pego.teknetservice.com\/wp-content\/uploads\/2024\/07\/Pego-PLUS-200-2PLT-270x300.png\" class=\"attachment-medium size-medium wp-post-image\" alt=\"Doubles installations de s\u00e9curit\u00e9\" srcset=\"https:\/\/pego.teknetservice.com\/wp-content\/uploads\/2024\/07\/Pego-PLUS-200-2PLT-270x300.png 270w, https:\/\/pego.teknetservice.com\/wp-content\/uploads\/2024\/07\/Pego-PLUS-200-2PLT-922x1024.png 922w, https:\/\/pego.teknetservice.com\/wp-content\/uploads\/2024\/07\/Pego-PLUS-200-2PLT-768x853.png 768w, https:\/\/pego.teknetservice.com\/wp-content\/uploads\/2024\/07\/Pego-PLUS-200-2PLT.png 972w\" sizes=\"(max-width: 270px) 100vw, 270px\" \/><\/div>\n                    <\/a><a href=\"https:\/\/pego.teknetservice.com\/fr\/produits\/tableaux-electriques\/serie-plus\/plus200-2plt\/\" class=\"pg_prod_title\">PLUS200\u00a02PLT<\/a><p class=\"pg_child_product_intro\">Contr\u00f4le \u00e9lectronique pour la gestion de la double installation. Il est en mesure de g\u00e9rer deux compresseurs et deux \u00e9vaporateurs au maximum en travaillant avec un appel \u00e0 rotation...<\/p><a class=\"el-content uk-button uk-button-primary\" href=\"https:\/\/pego.teknetservice.com\/fr\/produits\/tableaux-electriques\/serie-plus\/plus200-2plt\/\" uk-scroll=\"\">En savoir plus<\/a><\/div><\/div><\/div><\/div><\/div>\n<p><!--more--><br \/>\n<!-- {\"type\":\"layout\",\"children\":[{\"type\":\"section\",\"props\":{\"header_transparent\":true,\"header_transparent_text_color\":\"light\",\"height\":\"viewport\",\"height_viewport\":80,\"image\":\"wp-content\\\/uploads\\\/2024\\\/08\\\/doppio-impianto-di-sicurezza-2.jpg\",\"image_position\":\"center-center\",\"image_size\":\"cover\",\"style\":\"default\",\"title_breakpoint\":\"xl\",\"title_position\":\"top-left\",\"title_rotation\":\"left\",\"vertical_align\":\"middle\",\"width\":\"default\"},\"children\":[{\"type\":\"row\",\"children\":[{\"type\":\"column\",\"props\":{\"image_position\":\"center-center\",\"position_sticky_breakpoint\":\"m\"}}]}]},{\"type\":\"section\",\"props\":{\"css\":\".el-section > .uk-container{\\n\\tmargin-top:-150px;\\n    background-color:#fff;\\n    padding-top:50px;\\n    padding-bottom:50px;\\n}\",\"image_position\":\"center-center\",\"padding\":\"none\",\"style\":\"muted\",\"title_breakpoint\":\"xl\",\"title_position\":\"top-left\",\"title_rotation\":\"left\",\"vertical_align\":\"middle\",\"width\":\"xlarge\"},\"children\":[{\"type\":\"row\",\"props\":{\"layout\":\"1-2,1-2\"},\"children\":[{\"type\":\"column\",\"props\":{\"image_position\":\"center-center\",\"position_sticky_breakpoint\":\"m\",\"width_medium\":\"1-2\"},\"children\":[{\"type\":\"headline\",\"props\":{\"content\":\"PEGO SRL\",\"margin_remove_bottom\":true,\"title_element\":\"div\",\"title_style\":\"text-lead\"}},{\"type\":\"headline\",\"props\":{\"content\":\"Doubles installations de s\\u00e9curit\\u00e9\",\"margin_remove_top\":true,\"title_element\":\"div\",\"title_style\":\"heading-medium\"}}]},{\"type\":\"column\",\"props\":{\"image_position\":\"center-center\",\"position_sticky_breakpoint\":\"m\",\"vertical_align\":\"middle\",\"width_medium\":\"1-2\"},\"children\":[{\"type\":\"text\",\"props\":{\"column_breakpoint\":\"m\",\"content\":\"\n\n<p style=\\\"text-align: right;\\\">Contr\\u00f4leurs et tableaux \\u00e9lectriques pour la gestion compl\\u00e8te de la chambre froide \\u00e9quip\\u00e9e d'un double syst\\u00e8me et d'une double sonde de s\\u00e9curit\\u00e9. Possibilit\\u00e9 de g\\u00e9rer jusqu'\\u00e0 deux compresseurs et deux \\u00e9vaporateurs fonctionnant en rotation ou \\u00e0 double point de consigne.<\\\/p>\",\"margin\":\"default\"}}]}]}]},{\"type\":\"section\",\"props\":{\"image_position\":\"center-center\",\"style\":\"default\",\"title_breakpoint\":\"xl\",\"title_position\":\"top-left\",\"title_rotation\":\"left\",\"vertical_align\":\"middle\",\"width\":\"xlarge\"},\"children\":[{\"type\":\"row\",\"children\":[{\"type\":\"column\",\"props\":{\"image_position\":\"center-center\",\"position_sticky_breakpoint\":\"m\"},\"children\":[{\"type\":\"text\",\"props\":{\"column_breakpoint\":\"m\",\"content\":\"[pg_single_application]\",\"margin\":\"default\"}}]}]}]}],\"version\":\"1.0.0\"} --><\/p>\n","protected":false},"excerpt":{"rendered":"<p>PEGO SRL Doubles installations de s\u00e9curit\u00e9 Contr\u00f4leurs et tableaux \u00e9lectriques pour la gestion compl\u00e8te de la chambre froide \u00e9quip\u00e9e d&rsquo;un double syst\u00e8me et d&rsquo;une double sonde de s\u00e9curit\u00e9. Possibilit\u00e9 de g\u00e9rer jusqu&rsquo;\u00e0 deux compresseurs et deux \u00e9vaporateurs fonctionnant en rotation ou \u00e0 double point de consigne.<\/p>\n","protected":false},"author":1,"featured_media":9666,"parent":13701,"menu_order":0,"comment_status":"closed","ping_status":"closed","template":"","meta":{"_acf_changed":false,"footnotes":""},"class_list":["post-13797","page","type-page","status-publish","has-post-thumbnail","hentry"],"acf":[],"_links":{"self":[{"href":"https:\/\/pego.teknetservice.com\/fr\/wp-json\/wp\/v2\/pages\/13797","targetHints":{"allow":["GET"]}}],"collection":[{"href":"https:\/\/pego.teknetservice.com\/fr\/wp-json\/wp\/v2\/pages"}],"about":[{"href":"https:\/\/pego.teknetservice.com\/fr\/wp-json\/wp\/v2\/types\/page"}],"author":[{"embeddable":true,"href":"https:\/\/pego.teknetservice.com\/fr\/wp-json\/wp\/v2\/users\/1"}],"replies":[{"embeddable":true,"href":"https:\/\/pego.teknetservice.com\/fr\/wp-json\/wp\/v2\/comments?post=13797"}],"version-history":[{"count":2,"href":"https:\/\/pego.teknetservice.com\/fr\/wp-json\/wp\/v2\/pages\/13797\/revisions"}],"predecessor-version":[{"id":16525,"href":"https:\/\/pego.teknetservice.com\/fr\/wp-json\/wp\/v2\/pages\/13797\/revisions\/16525"}],"up":[{"embeddable":true,"href":"https:\/\/pego.teknetservice.com\/fr\/wp-json\/wp\/v2\/pages\/13701"}],"wp:featuredmedia":[{"embeddable":true,"href":"https:\/\/pego.teknetservice.com\/fr\/wp-json\/wp\/v2\/media\/9666"}],"wp:attachment":[{"href":"https:\/\/pego.teknetservice.com\/fr\/wp-json\/wp\/v2\/media?parent=13797"}],"curies":[{"name":"wp","href":"https:\/\/api.w.org\/{rel}","templated":true}]}}