{"id":13810,"date":"2024-08-28T14:07:19","date_gmt":"2024-08-28T14:07:19","guid":{"rendered":"https:\/\/www.pego.it\/applications\/ralentissement-du-levage\/"},"modified":"2024-09-27T09:23:51","modified_gmt":"2024-09-27T09:23:51","slug":"ralentissement-du-levage","status":"publish","type":"page","link":"https:\/\/pego.teknetservice.com\/fr\/applications\/ralentissement-du-levage\/","title":{"rendered":"Ralentissement du levage"},"content":{"rendered":"<div>PEGO SRL<\/div>\n<div>Ralentissement du levage<\/div>\n<div>\n<p style=\"text-align: right;\">Produits d\u00e9di\u00e9s \u00e0 la gestion des cellules d&rsquo;arr\u00eat de levage<\/p>\n<\/div>\n<div><div class=\"pg_app_container\"><div class=\"pg_app_post_type uk-margin-large-bottom\"><span class=\"uk-h3\">Electronique<\/span><br\/><span class=\"uk-heading-small uk-margin-bottom pg_app_parent\">S\u00e9rie PLUS100<\/span><div class=\"uk-grid uk-margin-medium-bottom uk-margin-small-top\"><div class=\"uk-width-1-3@m uk-width-1-2@s uk-margin-bottom\"><a href=\"https:\/\/pego.teknetservice.com\/fr\/produits\/electronique-modulaire\/serie-plus100\/plus100-pan\/\">\n                        <div class=\"pg_child_product_thumbnail\"><img loading=\"lazy\" decoding=\"async\" width=\"300\" height=\"197\" src=\"https:\/\/pego.teknetservice.com\/wp-content\/uploads\/2024\/07\/Pego-PLUS100-PAN100MASTER-Perspective-300x197.png\" class=\"attachment-medium size-medium wp-post-image\" alt=\"Ralentissement du levage\" srcset=\"https:\/\/pego.teknetservice.com\/wp-content\/uploads\/2024\/07\/Pego-PLUS100-PAN100MASTER-Perspective-300x197.png 300w, https:\/\/pego.teknetservice.com\/wp-content\/uploads\/2024\/07\/Pego-PLUS100-PAN100MASTER-Perspective-1024x672.png 1024w, https:\/\/pego.teknetservice.com\/wp-content\/uploads\/2024\/07\/Pego-PLUS100-PAN100MASTER-Perspective-768x504.png 768w, https:\/\/pego.teknetservice.com\/wp-content\/uploads\/2024\/07\/Pego-PLUS100-PAN100MASTER-Perspective-1536x1008.png 1536w, https:\/\/pego.teknetservice.com\/wp-content\/uploads\/2024\/07\/Pego-PLUS100-PAN100MASTER-Perspective.png 1646w\" sizes=\"(max-width: 300px) 100vw, 300px\" \/><\/div>\n                    <\/a><a href=\"https:\/\/pego.teknetservice.com\/fr\/produits\/electronique-modulaire\/serie-plus100\/plus100-pan\/\" class=\"pg_prod_title\">PLUS100 PAN<\/a><p class=\"pg_child_product_intro\">Contr\u00f4le \u00e9lectronique d\u00e9di\u00e9 pour les cellules de ralentissement du levage.\r\nProgrammation des cycles de travail...<\/p><a class=\"el-content uk-button uk-button-primary\" href=\"https:\/\/pego.teknetservice.com\/fr\/produits\/electronique-modulaire\/serie-plus100\/plus100-pan\/\" uk-scroll=\"\">En savoir plus<\/a><\/div><\/div><span class=\"uk-heading-small uk-margin-bottom pg_app_parent\">S\u00e9rie VISION TOUCH<\/span><div class=\"uk-grid uk-margin-medium-bottom uk-margin-small-top\"><div class=\"uk-width-1-3@m uk-width-1-2@s uk-margin-bottom\"><a href=\"https:\/\/pego.teknetservice.com\/fr\/produits\/electronique-modulaire\/serie-vision-touch\/vision-touch-pan\/\">\n                        <div class=\"pg_child_product_thumbnail\"><img loading=\"lazy\" decoding=\"async\" width=\"300\" height=\"211\" src=\"https:\/\/pego.teknetservice.com\/wp-content\/uploads\/2024\/08\/Pego-VISION-TOUCH-PAN-Connections-300x211.png\" class=\"attachment-medium size-medium wp-post-image\" alt=\"Ralentissement du levage\" srcset=\"https:\/\/pego.teknetservice.com\/wp-content\/uploads\/2024\/08\/Pego-VISION-TOUCH-PAN-Connections-300x211.png 300w, https:\/\/pego.teknetservice.com\/wp-content\/uploads\/2024\/08\/Pego-VISION-TOUCH-PAN-Connections-768x539.png 768w, https:\/\/pego.teknetservice.com\/wp-content\/uploads\/2024\/08\/Pego-VISION-TOUCH-PAN-Connections.png 900w\" sizes=\"(max-width: 300px) 100vw, 300px\" \/><\/div>\n                    <\/a><a href=\"https:\/\/pego.teknetservice.com\/fr\/produits\/electronique-modulaire\/serie-vision-touch\/vision-touch-pan\/\" class=\"pg_prod_title\">VISION TOUCH PAN<\/a><p class=\"pg_child_product_intro\">Contr\u00f4le \u00e9lectronique tactile capacitif sp\u00e9cial pour les cellules de retardement de levage.<\/p><a class=\"el-content uk-button uk-button-primary\" href=\"https:\/\/pego.teknetservice.com\/fr\/produits\/electronique-modulaire\/serie-vision-touch\/vision-touch-pan\/\" uk-scroll=\"\">En savoir plus<\/a><\/div><\/div><\/div><\/div><\/div>\n<p><!--more--><br \/>\n<!-- {\"type\":\"layout\",\"children\":[{\"type\":\"section\",\"props\":{\"header_transparent\":true,\"header_transparent_text_color\":\"light\",\"height\":\"viewport\",\"height_viewport\":80,\"image\":\"wp-content\\\/uploads\\\/2024\\\/08\\\/fermo-lievitazione.jpg\",\"image_position\":\"center-center\",\"image_size\":\"cover\",\"style\":\"default\",\"title_breakpoint\":\"xl\",\"title_position\":\"top-left\",\"title_rotation\":\"left\",\"vertical_align\":\"middle\",\"width\":\"default\"},\"children\":[{\"type\":\"row\",\"children\":[{\"type\":\"column\",\"props\":{\"image_position\":\"center-center\",\"position_sticky_breakpoint\":\"m\"}}]}]},{\"type\":\"section\",\"props\":{\"css\":\".el-section > .uk-container{\\n\\tmargin-top:-150px;\\n    background-color:#fff;\\n    padding-top:50px;\\n    padding-bottom:50px;\\n}\",\"image_position\":\"center-center\",\"padding\":\"none\",\"style\":\"muted\",\"title_breakpoint\":\"xl\",\"title_position\":\"top-left\",\"title_rotation\":\"left\",\"vertical_align\":\"middle\",\"width\":\"xlarge\"},\"children\":[{\"type\":\"row\",\"props\":{\"layout\":\"1-2,1-2\"},\"children\":[{\"type\":\"column\",\"props\":{\"image_position\":\"center-center\",\"position_sticky_breakpoint\":\"m\",\"width_medium\":\"1-2\"},\"children\":[{\"type\":\"headline\",\"props\":{\"content\":\"PEGO SRL\",\"margin_remove_bottom\":true,\"title_element\":\"div\",\"title_style\":\"text-lead\"}},{\"type\":\"headline\",\"props\":{\"content\":\"Ralentissement du levage\",\"margin_remove_top\":true,\"title_element\":\"div\",\"title_style\":\"heading-medium\"}}]},{\"type\":\"column\",\"props\":{\"image_position\":\"center-center\",\"position_sticky_breakpoint\":\"m\",\"vertical_align\":\"middle\",\"width_medium\":\"1-2\"},\"children\":[{\"type\":\"text\",\"props\":{\"column_breakpoint\":\"m\",\"content\":\"\n\n<p style=\\\"text-align: right;\\\">Produits d\\u00e9di\\u00e9s \\u00e0 la gestion des cellules d'arr\\u00eat de levage<\\\/p>\",\"margin\":\"default\"}}]}]}]},{\"type\":\"section\",\"props\":{\"image_position\":\"center-center\",\"style\":\"default\",\"title_breakpoint\":\"xl\",\"title_position\":\"top-left\",\"title_rotation\":\"left\",\"vertical_align\":\"middle\",\"width\":\"xlarge\"},\"children\":[{\"type\":\"row\",\"children\":[{\"type\":\"column\",\"props\":{\"image_position\":\"center-center\",\"position_sticky_breakpoint\":\"m\"},\"children\":[{\"type\":\"text\",\"props\":{\"column_breakpoint\":\"m\",\"content\":\"[pg_single_application]\",\"margin\":\"default\"}}]}]}]}],\"version\":\"1.0.0\"} --><\/p>\n","protected":false},"excerpt":{"rendered":"<p>PEGO SRL Ralentissement du levage Produits d\u00e9di\u00e9s \u00e0 la gestion des cellules d&rsquo;arr\u00eat de levage<\/p>\n","protected":false},"author":1,"featured_media":9714,"parent":13701,"menu_order":0,"comment_status":"closed","ping_status":"closed","template":"","meta":{"_acf_changed":false,"footnotes":""},"class_list":["post-13810","page","type-page","status-publish","has-post-thumbnail","hentry"],"acf":[],"_links":{"self":[{"href":"https:\/\/pego.teknetservice.com\/fr\/wp-json\/wp\/v2\/pages\/13810","targetHints":{"allow":["GET"]}}],"collection":[{"href":"https:\/\/pego.teknetservice.com\/fr\/wp-json\/wp\/v2\/pages"}],"about":[{"href":"https:\/\/pego.teknetservice.com\/fr\/wp-json\/wp\/v2\/types\/page"}],"author":[{"embeddable":true,"href":"https:\/\/pego.teknetservice.com\/fr\/wp-json\/wp\/v2\/users\/1"}],"replies":[{"embeddable":true,"href":"https:\/\/pego.teknetservice.com\/fr\/wp-json\/wp\/v2\/comments?post=13810"}],"version-history":[{"count":2,"href":"https:\/\/pego.teknetservice.com\/fr\/wp-json\/wp\/v2\/pages\/13810\/revisions"}],"predecessor-version":[{"id":16518,"href":"https:\/\/pego.teknetservice.com\/fr\/wp-json\/wp\/v2\/pages\/13810\/revisions\/16518"}],"up":[{"embeddable":true,"href":"https:\/\/pego.teknetservice.com\/fr\/wp-json\/wp\/v2\/pages\/13701"}],"wp:featuredmedia":[{"embeddable":true,"href":"https:\/\/pego.teknetservice.com\/fr\/wp-json\/wp\/v2\/media\/9714"}],"wp:attachment":[{"href":"https:\/\/pego.teknetservice.com\/fr\/wp-json\/wp\/v2\/media?parent=13810"}],"curies":[{"name":"wp","href":"https:\/\/api.w.org\/{rel}","templated":true}]}}