{"id":13824,"date":"2024-08-28T13:37:54","date_gmt":"2024-08-28T13:37:54","guid":{"rendered":"https:\/\/www.pego.it\/applications\/gestion-de-la-vitesse-des-ventilateurs\/"},"modified":"2024-09-27T09:23:25","modified_gmt":"2024-09-27T09:23:25","slug":"gestion-de-la-vitesse-des-ventilateurs","status":"publish","type":"page","link":"https:\/\/pego.teknetservice.com\/fr\/applications\/gestion-de-la-vitesse-des-ventilateurs\/","title":{"rendered":"Gestion de la vitesse des ventilateurs"},"content":{"rendered":"<div>PEGO SRL<\/div>\n<div>Gestion de la vitesse des ventilateurs<\/div>\n<div>\n<p style=\"text-align: right;\">Produits pour la gestion optimis\u00e9e des ventilateurs du condenseur et des ventilateurs monophas\u00e9s jusqu\u2019\u00e0 8A<\/p>\n<\/div>\n<div><div class=\"pg_app_container\"><div class=\"pg_app_post_type uk-margin-large-bottom\"><span class=\"uk-h3\">Electronique<\/span><br\/><span class=\"uk-heading-small uk-margin-bottom pg_app_parent\">S\u00e9rie DIN NANO<\/span><div class=\"uk-grid uk-margin-medium-bottom uk-margin-small-top\"><div class=\"uk-width-1-3@m uk-width-1-2@s uk-margin-bottom\"><a href=\"https:\/\/pego.teknetservice.com\/fr\/produits\/electronique-modulaire\/serie-din-nano\/din-nano-fsc\/\">\n                        <div class=\"pg_child_product_thumbnail\"><img loading=\"lazy\" decoding=\"async\" width=\"274\" height=\"300\" src=\"https:\/\/pego.teknetservice.com\/wp-content\/uploads\/2024\/07\/Pego-DIN-NANO-FSC-Perspective-274x300.png\" class=\"attachment-medium size-medium wp-post-image\" alt=\"Gestion de la vitesse des ventilateurs\" srcset=\"https:\/\/pego.teknetservice.com\/wp-content\/uploads\/2024\/07\/Pego-DIN-NANO-FSC-Perspective-274x300.png 274w, https:\/\/pego.teknetservice.com\/wp-content\/uploads\/2024\/07\/Pego-DIN-NANO-FSC-Perspective-934x1024.png 934w, https:\/\/pego.teknetservice.com\/wp-content\/uploads\/2024\/07\/Pego-DIN-NANO-FSC-Perspective-768x842.png 768w, https:\/\/pego.teknetservice.com\/wp-content\/uploads\/2024\/07\/Pego-DIN-NANO-FSC-Perspective.png 985w\" sizes=\"(max-width: 274px) 100vw, 274px\" \/><\/div>\n                    <\/a><a href=\"https:\/\/pego.teknetservice.com\/fr\/produits\/electronique-modulaire\/serie-din-nano\/din-nano-fsc\/\" class=\"pg_prod_title\">DIN NANO FSC<\/a><p class=\"pg_child_product_intro\">Le DIN NANO FSC est un r\u00e9gulateur \u00e9lectronique de barre DIN pour la gestion optimis\u00e9e des ventilateurs du condensateur.<\/p><a class=\"el-content uk-button uk-button-primary\" href=\"https:\/\/pego.teknetservice.com\/fr\/produits\/electronique-modulaire\/serie-din-nano\/din-nano-fsc\/\" uk-scroll=\"\">En savoir plus<\/a><\/div><div class=\"uk-width-1-3@m uk-width-1-2@s uk-margin-bottom\"><a href=\"https:\/\/pego.teknetservice.com\/fr\/produits\/electronique-modulaire\/serie-din-nano\/din-spm\/\">\n                        <div class=\"pg_child_product_thumbnail\"><img loading=\"lazy\" decoding=\"async\" width=\"227\" height=\"300\" src=\"https:\/\/pego.teknetservice.com\/wp-content\/uploads\/2024\/07\/Pego-DIN-SPM-227x300.png\" class=\"attachment-medium size-medium wp-post-image\" alt=\"Gestion de la vitesse des ventilateurs\" srcset=\"https:\/\/pego.teknetservice.com\/wp-content\/uploads\/2024\/07\/Pego-DIN-SPM-227x300.png 227w, https:\/\/pego.teknetservice.com\/wp-content\/uploads\/2024\/07\/Pego-DIN-SPM-774x1024.png 774w, https:\/\/pego.teknetservice.com\/wp-content\/uploads\/2024\/07\/Pego-DIN-SPM-768x1016.png 768w, https:\/\/pego.teknetservice.com\/wp-content\/uploads\/2024\/07\/Pego-DIN-SPM.png 816w\" sizes=\"(max-width: 227px) 100vw, 227px\" \/><\/div>\n                    <\/a><a href=\"https:\/\/pego.teknetservice.com\/fr\/produits\/electronique-modulaire\/serie-din-nano\/din-spm\/\" class=\"pg_prod_title\">DIN SPM<\/a><p class=\"pg_child_product_intro\">Le r\u00e9gulateur SPM est un module qui peut \u00eatre command\u00e9 par le contr\u00f4le DIN NANO FSC et permet de varier la vitesse des ventilateurs monophas\u00e9s jusqu'\u00e0 8A.<\/p><a class=\"el-content uk-button uk-button-primary\" href=\"https:\/\/pego.teknetservice.com\/fr\/produits\/electronique-modulaire\/serie-din-nano\/din-spm\/\" uk-scroll=\"\">En savoir plus<\/a><\/div><\/div><\/div><\/div><\/div>\n<p><!--more--><br \/>\n<!-- {\"type\":\"layout\",\"children\":[{\"type\":\"section\",\"props\":{\"header_transparent\":true,\"header_transparent_text_color\":\"light\",\"height\":\"viewport\",\"height_viewport\":80,\"image\":\"wp-content\\\/uploads\\\/2024\\\/08\\\/velocita-ventole.jpg\",\"image_position\":\"center-center\",\"image_size\":\"cover\",\"style\":\"default\",\"title_breakpoint\":\"xl\",\"title_position\":\"top-left\",\"title_rotation\":\"left\",\"vertical_align\":\"middle\",\"width\":\"default\"},\"children\":[{\"type\":\"row\",\"children\":[{\"type\":\"column\",\"props\":{\"image_position\":\"center-center\",\"position_sticky_breakpoint\":\"m\"}}]}]},{\"type\":\"section\",\"props\":{\"css\":\".el-section > .uk-container{\\n\\tmargin-top:-150px;\\n    background-color:#fff;\\n    padding-top:50px;\\n    padding-bottom:50px;\\n}\",\"image_position\":\"center-center\",\"padding\":\"none\",\"style\":\"muted\",\"title_breakpoint\":\"xl\",\"title_position\":\"top-left\",\"title_rotation\":\"left\",\"vertical_align\":\"middle\",\"width\":\"xlarge\"},\"children\":[{\"type\":\"row\",\"props\":{\"layout\":\"1-2,1-2\"},\"children\":[{\"type\":\"column\",\"props\":{\"image_position\":\"center-center\",\"position_sticky_breakpoint\":\"m\",\"width_medium\":\"1-2\"},\"children\":[{\"type\":\"headline\",\"props\":{\"content\":\"PEGO SRL\",\"margin_remove_bottom\":true,\"title_element\":\"div\",\"title_style\":\"text-lead\"}},{\"type\":\"headline\",\"props\":{\"content\":\"Gestion de la vitesse des ventilateurs\",\"margin_remove_top\":true,\"title_element\":\"div\",\"title_style\":\"heading-medium\"}}]},{\"type\":\"column\",\"props\":{\"image_position\":\"center-center\",\"position_sticky_breakpoint\":\"m\",\"vertical_align\":\"middle\",\"width_medium\":\"1-2\"},\"children\":[{\"type\":\"text\",\"props\":{\"column_breakpoint\":\"m\",\"content\":\"\n\n<p style=\\\"text-align: right;\\\">Produits pour la gestion optimis\\u00e9e des ventilateurs du condenseur et des ventilateurs monophas\\u00e9s jusqu\\u2019\\u00e0 8A<\\\/p>\",\"margin\":\"default\"}}]}]}]},{\"type\":\"section\",\"props\":{\"image_position\":\"center-center\",\"style\":\"default\",\"title_breakpoint\":\"xl\",\"title_position\":\"top-left\",\"title_rotation\":\"left\",\"vertical_align\":\"middle\",\"width\":\"xlarge\"},\"children\":[{\"type\":\"row\",\"children\":[{\"type\":\"column\",\"props\":{\"image_position\":\"center-center\",\"position_sticky_breakpoint\":\"m\"},\"children\":[{\"type\":\"text\",\"props\":{\"column_breakpoint\":\"m\",\"content\":\"[pg_single_application]\",\"margin\":\"default\"}}]}]}]}],\"version\":\"1.0.0\"} --><\/p>\n","protected":false},"excerpt":{"rendered":"<p>PEGO SRL Gestion de la vitesse des ventilateurs Produits pour la gestion optimis\u00e9e des ventilateurs du condenseur et des ventilateurs monophas\u00e9s jusqu\u2019\u00e0 8A<\/p>\n","protected":false},"author":1,"featured_media":9625,"parent":13701,"menu_order":0,"comment_status":"closed","ping_status":"closed","template":"","meta":{"_acf_changed":false,"footnotes":""},"class_list":["post-13824","page","type-page","status-publish","has-post-thumbnail","hentry"],"acf":[],"_links":{"self":[{"href":"https:\/\/pego.teknetservice.com\/fr\/wp-json\/wp\/v2\/pages\/13824","targetHints":{"allow":["GET"]}}],"collection":[{"href":"https:\/\/pego.teknetservice.com\/fr\/wp-json\/wp\/v2\/pages"}],"about":[{"href":"https:\/\/pego.teknetservice.com\/fr\/wp-json\/wp\/v2\/types\/page"}],"author":[{"embeddable":true,"href":"https:\/\/pego.teknetservice.com\/fr\/wp-json\/wp\/v2\/users\/1"}],"replies":[{"embeddable":true,"href":"https:\/\/pego.teknetservice.com\/fr\/wp-json\/wp\/v2\/comments?post=13824"}],"version-history":[{"count":2,"href":"https:\/\/pego.teknetservice.com\/fr\/wp-json\/wp\/v2\/pages\/13824\/revisions"}],"predecessor-version":[{"id":16517,"href":"https:\/\/pego.teknetservice.com\/fr\/wp-json\/wp\/v2\/pages\/13824\/revisions\/16517"}],"up":[{"embeddable":true,"href":"https:\/\/pego.teknetservice.com\/fr\/wp-json\/wp\/v2\/pages\/13701"}],"wp:featuredmedia":[{"embeddable":true,"href":"https:\/\/pego.teknetservice.com\/fr\/wp-json\/wp\/v2\/media\/9625"}],"wp:attachment":[{"href":"https:\/\/pego.teknetservice.com\/fr\/wp-json\/wp\/v2\/media?parent=13824"}],"curies":[{"name":"wp","href":"https:\/\/api.w.org\/{rel}","templated":true}]}}