{"id":13845,"date":"2024-08-28T14:23:04","date_gmt":"2024-08-28T14:23:04","guid":{"rendered":"https:\/\/www.pego.it\/applications\/eclairage\/"},"modified":"2024-09-27T09:24:08","modified_gmt":"2024-09-27T09:24:08","slug":"eclairage","status":"publish","type":"page","link":"https:\/\/pego.teknetservice.com\/fr\/applications\/eclairage\/","title":{"rendered":"\u00c9clairage"},"content":{"rendered":"<div>PEGO SRL<\/div>\n<div>\u00c9clairage\n<\/div>\n<div>\n<p style=\"text-align: right;\">Produits pour l&rsquo;\u00e9clairage des chambres froides qui \u00e9conomisent de l&rsquo;\u00e9nergie gr\u00e2ce \u00e0 la technologie LED, et dont le design moderne et fin garantit un faible encombrement.<\/p>\n<\/div>\n<div><div class=\"pg_app_container\"><div class=\"pg_app_post_type uk-margin-large-bottom\"><span class=\"uk-h3\">\u00c9clairage<\/span><br\/><div class=\"uk-grid uk-margin-medium-bottom uk-margin-small-top\"><div class=\"uk-width-1-3@m uk-width-1-2@s uk-margin-bottom\"><a href=\"https:\/\/pego.teknetservice.com\/fr\/produits\/eclairage\/expert-led\/\">\n                        <div class=\"pg_child_product_thumbnail\"><img loading=\"lazy\" decoding=\"async\" width=\"300\" height=\"282\" src=\"https:\/\/pego.teknetservice.com\/wp-content\/uploads\/2024\/06\/expert_led30-300x282.png\" class=\"attachment-medium size-medium wp-post-image\" alt=\"\u00c9clairage\" srcset=\"https:\/\/pego.teknetservice.com\/wp-content\/uploads\/2024\/06\/expert_led30-300x282.png 300w, https:\/\/pego.teknetservice.com\/wp-content\/uploads\/2024\/06\/expert_led30-768x722.png 768w, https:\/\/pego.teknetservice.com\/wp-content\/uploads\/2024\/06\/expert_led30.png 852w\" sizes=\"(max-width: 300px) 100vw, 300px\" \/><\/div>\n                    <\/a><a href=\"https:\/\/pego.teknetservice.com\/fr\/produits\/eclairage\/expert-led\/\" class=\"pg_prod_title\">EXPERT\u00a0LED<\/a><p class=\"pg_child_product_intro\">Le plafonnier EXPERT LED est la solution id\u00e9ale pour l\u2019\u00e9clairage de votre chambre froide. Il permet d\u2019\u00e9conomiser de l\u2019\u00e9nergie en utilisant la technologie LED; en outre, son design moderne et plat garantit un faible encombrement.<\/p><a class=\"el-content uk-button uk-button-primary\" href=\"https:\/\/pego.teknetservice.com\/fr\/produits\/eclairage\/expert-led\/\" uk-scroll=\"\">En savoir plus<\/a><\/div><div class=\"uk-width-1-3@m uk-width-1-2@s uk-margin-bottom\"><a href=\"https:\/\/pego.teknetservice.com\/fr\/produits\/eclairage\/expert-led-emergency\/\">\n                        <div class=\"pg_child_product_thumbnail\"><img loading=\"lazy\" decoding=\"async\" width=\"300\" height=\"282\" src=\"https:\/\/pego.teknetservice.com\/wp-content\/uploads\/2024\/10\/emergency-300x282.png\" class=\"attachment-medium size-medium wp-post-image\" alt=\"\u00c9clairage\" srcset=\"https:\/\/pego.teknetservice.com\/wp-content\/uploads\/2024\/10\/emergency-300x282.png 300w, https:\/\/pego.teknetservice.com\/wp-content\/uploads\/2024\/10\/emergency-768x722.png 768w, https:\/\/pego.teknetservice.com\/wp-content\/uploads\/2024\/10\/emergency.png 852w\" sizes=\"(max-width: 300px) 100vw, 300px\" \/><\/div>\n                    <\/a><a href=\"https:\/\/pego.teknetservice.com\/fr\/produits\/eclairage\/expert-led-emergency\/\" class=\"pg_prod_title\">EXPERT\u00a0LED\u00a0EMERGENCY<\/a><p class=\"pg_child_product_intro\">EXPERT LED EMERGENCY est la solution id\u00e9ale pour l\u2019\u00e9clairage d\u2019urgence de votre cellule r\u00e9frig\u00e9r\u00e9e. L\u2019usage de la technologie LED, du diffuseur herm\u00e9tique en polycarbonate \u00e0 haute transparence et la gestion \u00e9lectronique attentive des consommations d\u2019\u00e9nergie garantissent les meilleures performances en termes de flux lumineux et de dur\u00e9 de la batterie.<\/p><a class=\"el-content uk-button uk-button-primary\" href=\"https:\/\/pego.teknetservice.com\/fr\/produits\/eclairage\/expert-led-emergency\/\" uk-scroll=\"\">En savoir plus<\/a><\/div><div class=\"uk-width-1-3@m uk-width-1-2@s uk-margin-bottom\"><a href=\"https:\/\/pego.teknetservice.com\/fr\/produits\/eclairage\/expert-led-lv\/\">\n                        <div class=\"pg_child_product_thumbnail\"><img loading=\"lazy\" decoding=\"async\" width=\"300\" height=\"282\" src=\"https:\/\/pego.teknetservice.com\/wp-content\/uploads\/2024\/06\/expert_led30-300x282.png\" class=\"attachment-medium size-medium wp-post-image\" alt=\"\u00c9clairage\" srcset=\"https:\/\/pego.teknetservice.com\/wp-content\/uploads\/2024\/06\/expert_led30-300x282.png 300w, https:\/\/pego.teknetservice.com\/wp-content\/uploads\/2024\/06\/expert_led30-768x722.png 768w, https:\/\/pego.teknetservice.com\/wp-content\/uploads\/2024\/06\/expert_led30.png 852w\" sizes=\"(max-width: 300px) 100vw, 300px\" \/><\/div>\n                    <\/a><a href=\"https:\/\/pego.teknetservice.com\/fr\/produits\/eclairage\/expert-led-lv\/\" class=\"pg_prod_title\">EXPERT\u00a0LED\u00a0LV<\/a><p class=\"pg_child_product_intro\">Le plafonnier EXPERT LED LV est la solution id\u00e9ale pour l\u2019\u00e9clairage de votre chambre froide. Il permet d\u2019\u00e9conomiser de l\u2019\u00e9nergie en utilisant la technologie LED; en outre, son design moderne et plat garantit un faible encombrement.<\/p><a class=\"el-content uk-button uk-button-primary\" href=\"https:\/\/pego.teknetservice.com\/fr\/produits\/eclairage\/expert-led-lv\/\" uk-scroll=\"\">En savoir plus<\/a><\/div><div class=\"uk-width-1-3@m uk-width-1-2@s uk-margin-bottom\"><a href=\"https:\/\/pego.teknetservice.com\/fr\/produits\/eclairage\/expert-led-meat\/\">\n                        <div class=\"pg_child_product_thumbnail\"><img loading=\"lazy\" decoding=\"async\" width=\"300\" height=\"282\" src=\"https:\/\/pego.teknetservice.com\/wp-content\/uploads\/2024\/06\/expert_led30-300x282.png\" class=\"attachment-medium size-medium wp-post-image\" alt=\"\u00c9clairage\" srcset=\"https:\/\/pego.teknetservice.com\/wp-content\/uploads\/2024\/06\/expert_led30-300x282.png 300w, https:\/\/pego.teknetservice.com\/wp-content\/uploads\/2024\/06\/expert_led30-768x722.png 768w, https:\/\/pego.teknetservice.com\/wp-content\/uploads\/2024\/06\/expert_led30.png 852w\" sizes=\"(max-width: 300px) 100vw, 300px\" \/><\/div>\n                    <\/a><a href=\"https:\/\/pego.teknetservice.com\/fr\/produits\/eclairage\/expert-led-meat\/\" class=\"pg_prod_title\">EXPERT\u00a0LED\u00a0MEAT<\/a><p class=\"pg_child_product_intro\">Le plafonnier EXPERT LED MEAT est la solution id\u00e9ale pour l\u2019\u00e9clairage de la viande expos\u00e9e en milieu r\u00e9frig\u00e9r\u00e9. La lumi\u00e8re rose exalte au mieux l\u2019apparition de la viande.\r\nEXPERT LED MEAT permet d\u2019\u00e9conomiser de l\u2019\u00e9nergie en utilisant la technologie LED; en outre, son design moderne et plat garantit un faible encombrement.<\/p><a class=\"el-content uk-button uk-button-primary\" href=\"https:\/\/pego.teknetservice.com\/fr\/produits\/eclairage\/expert-led-meat\/\" uk-scroll=\"\">En savoir plus<\/a><\/div><\/div><\/div><\/div><\/div>\n<p><!--more--><br \/>\n<!-- {\"type\":\"layout\",\"children\":[{\"type\":\"section\",\"props\":{\"header_transparent\":true,\"header_transparent_text_color\":\"light\",\"height\":\"viewport\",\"height_viewport\":80,\"image\":\"wp-content\\\/uploads\\\/2024\\\/08\\\/illuminazione-2.jpg\",\"image_position\":\"center-center\",\"image_size\":\"cover\",\"style\":\"default\",\"title_breakpoint\":\"xl\",\"title_position\":\"top-left\",\"title_rotation\":\"left\",\"vertical_align\":\"middle\",\"width\":\"default\"},\"children\":[{\"type\":\"row\",\"children\":[{\"type\":\"column\",\"props\":{\"image_position\":\"center-center\",\"position_sticky_breakpoint\":\"m\"}}]}]},{\"type\":\"section\",\"props\":{\"css\":\".el-section > .uk-container{\\n\\tmargin-top:-150px;\\n    background-color:#fff;\\n    padding-top:50px;\\n    padding-bottom:50px;\\n}\",\"image_position\":\"center-center\",\"padding\":\"none\",\"style\":\"muted\",\"title_breakpoint\":\"xl\",\"title_position\":\"top-left\",\"title_rotation\":\"left\",\"vertical_align\":\"middle\",\"width\":\"xlarge\"},\"children\":[{\"type\":\"row\",\"props\":{\"layout\":\"1-2,1-2\"},\"children\":[{\"type\":\"column\",\"props\":{\"image_position\":\"center-center\",\"position_sticky_breakpoint\":\"m\",\"width_medium\":\"1-2\"},\"children\":[{\"type\":\"headline\",\"props\":{\"content\":\"PEGO SRL\",\"margin_remove_bottom\":true,\"title_element\":\"div\",\"title_style\":\"text-lead\"}},{\"type\":\"headline\",\"props\":{\"content\":\"\\u00c9clairage\\n\",\"margin_remove_top\":true,\"title_element\":\"div\",\"title_style\":\"heading-medium\"}}]},{\"type\":\"column\",\"props\":{\"image_position\":\"center-center\",\"position_sticky_breakpoint\":\"m\",\"vertical_align\":\"middle\",\"width_medium\":\"1-2\"},\"children\":[{\"type\":\"text\",\"props\":{\"column_breakpoint\":\"m\",\"content\":\"\n\n<p style=\\\"text-align: right;\\\">Produits pour l'\\u00e9clairage des chambres froides qui \\u00e9conomisent de l'\\u00e9nergie gr\\u00e2ce \\u00e0 la technologie LED, et dont le design moderne et fin garantit un faible encombrement.<\\\/p>\",\"margin\":\"default\"}}]}]}]},{\"type\":\"section\",\"props\":{\"image_position\":\"center-center\",\"style\":\"default\",\"title_breakpoint\":\"xl\",\"title_position\":\"top-left\",\"title_rotation\":\"left\",\"vertical_align\":\"middle\",\"width\":\"xlarge\"},\"children\":[{\"type\":\"row\",\"children\":[{\"type\":\"column\",\"props\":{\"image_position\":\"center-center\",\"position_sticky_breakpoint\":\"m\"},\"children\":[{\"type\":\"text\",\"props\":{\"column_breakpoint\":\"m\",\"content\":\"[pg_single_application]\",\"margin\":\"default\"}}]}]}]}],\"version\":\"1.0.0\"} --><\/p>\n","protected":false},"excerpt":{"rendered":"<p>PEGO SRL \u00c9clairage Produits pour l&rsquo;\u00e9clairage des chambres froides qui \u00e9conomisent de l&rsquo;\u00e9nergie gr\u00e2ce \u00e0 la technologie LED, et dont le design moderne et fin garantit un faible encombrement.<\/p>\n","protected":false},"author":1,"featured_media":9772,"parent":13701,"menu_order":0,"comment_status":"closed","ping_status":"closed","template":"","meta":{"_acf_changed":false,"footnotes":""},"class_list":["post-13845","page","type-page","status-publish","has-post-thumbnail","hentry"],"acf":[],"_links":{"self":[{"href":"https:\/\/pego.teknetservice.com\/fr\/wp-json\/wp\/v2\/pages\/13845","targetHints":{"allow":["GET"]}}],"collection":[{"href":"https:\/\/pego.teknetservice.com\/fr\/wp-json\/wp\/v2\/pages"}],"about":[{"href":"https:\/\/pego.teknetservice.com\/fr\/wp-json\/wp\/v2\/types\/page"}],"author":[{"embeddable":true,"href":"https:\/\/pego.teknetservice.com\/fr\/wp-json\/wp\/v2\/users\/1"}],"replies":[{"embeddable":true,"href":"https:\/\/pego.teknetservice.com\/fr\/wp-json\/wp\/v2\/comments?post=13845"}],"version-history":[{"count":2,"href":"https:\/\/pego.teknetservice.com\/fr\/wp-json\/wp\/v2\/pages\/13845\/revisions"}],"predecessor-version":[{"id":16519,"href":"https:\/\/pego.teknetservice.com\/fr\/wp-json\/wp\/v2\/pages\/13845\/revisions\/16519"}],"up":[{"embeddable":true,"href":"https:\/\/pego.teknetservice.com\/fr\/wp-json\/wp\/v2\/pages\/13701"}],"wp:featuredmedia":[{"embeddable":true,"href":"https:\/\/pego.teknetservice.com\/fr\/wp-json\/wp\/v2\/media\/9772"}],"wp:attachment":[{"href":"https:\/\/pego.teknetservice.com\/fr\/wp-json\/wp\/v2\/media?parent=13845"}],"curies":[{"name":"wp","href":"https:\/\/api.w.org\/{rel}","templated":true}]}}