{"id":14010,"date":"2024-08-21T09:35:58","date_gmt":"2024-08-21T09:35:58","guid":{"rendered":"https:\/\/www.pego.it\/download\/"},"modified":"2025-11-14T06:58:39","modified_gmt":"2025-11-14T06:58:39","slug":"download","status":"publish","type":"page","link":"https:\/\/pego.teknetservice.com\/fr\/download\/","title":{"rendered":"Download"},"content":{"rendered":"<div>PEGO SRL<\/div>\n<div>T\u00e9l\u00e9charger<\/div>\n<div>\n<p style=\"text-align: right;\">PEGO propose diff\u00e9rents mat\u00e9riels t\u00e9l\u00e9chargeables, notamment le catalogue g\u00e9n\u00e9ral, le logiciel de supervision et de contr\u00f4le, les manuels techniques des produits et le programme de t\u00e9l\u00e9maintenance<\/p>\n<\/div>\n<div>T\u00e9l\u00e9charger<\/div>\n<div>T\u00e9l\u00e9charger le mat\u00e9riel PEGO<\/div>\n<div>Du catalogue aux fichiers ex\u00e9cutables, tout ce dont vous avez besoin pour entrer dans le monde pego et tirer le meilleur parti de nos produits.<\/div>\n<div>\n<p>Soyez au courant de l&rsquo;univers PEGO, t\u00e9l\u00e9chargez notre nouveau catalogue, chaque ann\u00e9e nous le mettons \u00e0 jour avec tous les produits innovants que nous fabriquons.\n<\/p>\n<p>Une fois que vous avez choisi votre produit et que vous l&rsquo;avez achet\u00e9, vous trouverez ici tous les programmes n\u00e9cessaires pour l&rsquo;assistance \u00e0 distance, ainsi que toutes les diff\u00e9rentes mises \u00e0 jour n\u00e9cessaires.<\/p>\n<p class=\u00ab spip \u00bb>Pego est un logiciel de gestion de l&rsquo;information.<\/div>\n<p><img decoding=\"async\" src=\"\/wp-content\/uploads\/2024\/08\/download-2.jpg\" alt=\"Download\"><\/p>\n<ul>\n<li>\n<p>        <img decoding=\"async\" src=\"\/wp-content\/uploads\/2024\/10\/cat_2025.jpg\" alt=\"Download\"><\/p>\n<div>Catalogue General 2025<\/div>\n<div>\n<p>R\u00e9gulateurs des systemes frigorifiques<\/p>\n<\/div>\n<p><a href=\"\/wp-content\/uploads\/2024\/10\/FR-PEGO-2025.pdf\"><\/a><\/p>\n<\/li>\n<li>\n<p>        <img decoding=\"async\" src=\"\/wp-content\/uploads\/2024\/08\/img_bro_ex_kit.png\" alt=\"Download\"><\/p>\n<div>Smart Expansion Kit<\/div>\n<div>La solution int\u00e9gr\u00e9e pour le contr\u00f4le de l\u2019expansion de 0 \u00e0 80 kW\n<\/div>\n<p><a href=\"\/wp-content\/uploads\/download\/PEGO_Expansion_kit_brochure_ITA.pdf\"><\/a><\/p>\n<\/li>\n<li>\n<p>        <img decoding=\"async\" src=\"\/wp-content\/uploads\/2024\/08\/telenet-sd.jpg\" alt=\"Download\"><\/p>\n<div>T\u00e9l\u00e9assistance T\u00e9l\u00e9net<\/div>\n<div>T\u00e9l\u00e9chargez l&rsquo;application de connexion \u00e0 distance pour obtenir de l&rsquo;aide\n<\/div>\n<p><a href=\"\/wp-content\/uploads\/download\/PEGO_QS.exe\"><\/a><\/p>\n<\/li>\n<li>\n<p>        <img decoding=\"async\" src=\"\/wp-content\/uploads\/2024\/08\/telenet-sd.jpg\" alt=\"Download\"><\/p>\n<div>Telenet Software<\/div>\n<div>Syst\u00e8me de supervision et de contr\u00f4le\n<\/div>\n<p><a href=\"\/wp-content\/uploads\/download\/TeleNET_2025.zip\"><\/a><\/p>\n<\/li>\n<li>\n<p>        <img decoding=\"async\" src=\"\/wp-content\/uploads\/2024\/08\/telenet-sd.jpg\" alt=\"Download\"><\/p>\n<div>Telenet Updater<\/div>\n<div>T\u00e9l\u00e9chargez la derni\u00e8re mise \u00e0 jour TeleNET\n<\/div>\n<p><a href=\"\/wp-content\/uploads\/2025\/09\/20250901_20250901.exe\"><\/a><\/p>\n<\/li>\n<li>\n<p>        <img decoding=\"async\" src=\"\/wp-content\/uploads\/2024\/08\/download1.jpg\" alt=\"Download\"><\/p>\n<div>Telenet Datalogger<\/div>\n<div>Version de TeleNET pour visualiser les enregistrements Datalogger\n<\/div>\n<p><a href=\"\/wp-content\/uploads\/download\/TeleNet_Datalogger_2021.01.02.exe\"><\/a><\/p>\n<\/li>\n<li>\n<p>        <img decoding=\"async\" src=\"\/wp-content\/uploads\/2024\/08\/telenet-sd.jpg\" alt=\"Download\"><\/p>\n<div>Telenet Driver USB<\/div>\n<div>CDM v2.12.36 (Windows)<\/div>\n<p><a href=\"\/wp-content\/uploads\/download\/CDM21236_Setup.exe\"><\/a><\/p>\n<\/li>\n<li>\n<p>        <img decoding=\"async\" src=\"\/wp-content\/uploads\/2024\/08\/telenet-sd.jpg\" alt=\"Download\"><\/p>\n<div>Web Services<\/div>\n<div>Pack WEB pour TeleNET\n<\/div>\n<p><a href=\"\/wp-content\/uploads\/download\/TeleNetWEB_2020.03.01.exe\"><\/a><\/p>\n<\/li>\n<li>\n<p>        <img decoding=\"async\" src=\"\/wp-content\/uploads\/2024\/08\/pego_logoappDatalog.png\" alt=\"Download\"><\/p>\n<div>Download App (Datalogger)<\/div>\n<div>Pego PLUSR<\/div>\n<p><a href=\"https:\/\/play.google.com\/store\/apps\/details?id=pegodatalogger.datalogger\"><\/a><\/p>\n<\/li>\n<li>\n<p>        <img decoding=\"async\" src=\"\/wp-content\/uploads\/2024\/08\/nector_manual.jpg\" alt=\"Download\"><\/p>\n<div>T\u00e9l\u00e9chargements Manuels<\/div>\n<div>T\u00e9l\u00e9chargement des manuels et de la documentation technique des produits PEGO\n<\/div>\n<p><a href=\"https:\/\/www.pego.it\/fr\/manuels\/\"><\/a><\/p>\n<\/li>\n<\/ul>\n<p><!--more--><br \/>\n<!-- {\"type\":\"layout\",\"children\":[{\"type\":\"section\",\"props\":{\"header_transparent\":true,\"header_transparent_text_color\":\"light\",\"height\":\"viewport\",\"height_viewport\":80,\"image\":\"wp-content\\\/uploads\\\/2024\\\/08\\\/download.png\",\"image_position\":\"center-center\",\"image_size\":\"cover\",\"style\":\"default\",\"title_breakpoint\":\"xl\",\"title_position\":\"top-left\",\"title_rotation\":\"left\",\"vertical_align\":\"middle\",\"width\":\"default\"},\"children\":[{\"type\":\"row\",\"children\":[{\"type\":\"column\",\"props\":{\"image_position\":\"center-center\",\"position_sticky_breakpoint\":\"m\"}}]}]},{\"type\":\"section\",\"props\":{\"css\":\".el-section > .uk-container{\\n\\tmargin-top:-150px;\\n    background-color:#fff;\\n    padding-top:50px;\\n    padding-bottom:50px;\\n}\",\"image_position\":\"center-center\",\"padding\":\"none\",\"style\":\"muted\",\"title_breakpoint\":\"xl\",\"title_position\":\"top-left\",\"title_rotation\":\"left\",\"vertical_align\":\"middle\",\"width\":\"xlarge\"},\"children\":[{\"type\":\"row\",\"props\":{\"layout\":\"1-2,1-2\"},\"children\":[{\"type\":\"column\",\"props\":{\"image_position\":\"center-center\",\"position_sticky_breakpoint\":\"m\",\"width_medium\":\"1-2\"},\"children\":[{\"type\":\"headline\",\"props\":{\"content\":\"PEGO SRL\",\"margin_remove_bottom\":true,\"title_element\":\"div\",\"title_style\":\"text-lead\"}},{\"type\":\"headline\",\"props\":{\"content\":\"T\\u00e9l\\u00e9charger\",\"margin_remove_top\":true,\"title_element\":\"div\",\"title_style\":\"heading-large\"}}]},{\"type\":\"column\",\"props\":{\"image_position\":\"center-center\",\"position_sticky_breakpoint\":\"m\",\"vertical_align\":\"middle\",\"width_medium\":\"1-2\"},\"children\":[{\"type\":\"text\",\"props\":{\"column_breakpoint\":\"m\",\"content\":\"\n\n<p style=\\\"text-align: right;\\\">PEGO propose diff\\u00e9rents mat\\u00e9riels t\\u00e9l\\u00e9chargeables, notamment le catalogue g\\u00e9n\\u00e9ral, le logiciel de supervision et de contr\\u00f4le, les manuels techniques des produits et le programme de t\\u00e9l\\u00e9maintenance<\\\/p>\",\"margin\":\"default\",\"text_align\":\"right\",\"text_align_breakpoint\":\"s\"}}]}]}]},{\"type\":\"section\",\"props\":{\"image_position\":\"center-center\",\"padding\":\"large\",\"style\":\"muted\",\"title_breakpoint\":\"xl\",\"title_position\":\"top-left\",\"title_rotation\":\"left\",\"vertical_align\":\"middle\",\"width\":\"xlarge\"},\"children\":[{\"type\":\"row\",\"props\":{\"layout\":\"1-2,1-2\"},\"children\":[{\"type\":\"column\",\"props\":{\"image_position\":\"center-center\",\"position_sticky_breakpoint\":\"m\",\"width_medium\":\"1-2\"},\"children\":[{\"type\":\"headline\",\"props\":{\"content\":\"T\\u00e9l\\u00e9charger\",\"margin_remove_bottom\":true,\"title_element\":\"div\",\"title_style\":\"text-lead\"}},{\"type\":\"headline\",\"props\":{\"content\":\"T\\u00e9l\\u00e9charger le mat\\u00e9riel PEGO\",\"margin_remove_top\":true,\"title_element\":\"div\",\"title_style\":\"h1\"}},{\"type\":\"headline\",\"props\":{\"content\":\"Du catalogue aux fichiers ex\\u00e9cutables, tout ce dont vous avez besoin pour entrer dans le monde pego et tirer le meilleur parti de nos produits.\",\"margin_remove_bottom\":true,\"title_element\":\"div\",\"title_style\":\"text-lead\"}},{\"type\":\"text\",\"props\":{\"column_breakpoint\":\"m\",\"content\":\"\n\n<p>Soyez au courant de l'univers PEGO, t\\u00e9l\\u00e9chargez notre nouveau catalogue, chaque ann\\u00e9e nous le mettons \\u00e0 jour avec tous les produits innovants que nous fabriquons.\\n<\\\/p> \n\n<p>Une fois que vous avez choisi votre produit et que vous l'avez achet\\u00e9, vous trouverez ici tous les programmes n\\u00e9cessaires pour l'assistance \\u00e0 distance, ainsi que toutes les diff\\u00e9rentes mises \\u00e0 jour n\\u00e9cessaires.<\\\/p> \n\n<p class=\\u00ab spip \\u00bb>Pego est un logiciel de gestion de l'information.\",\"margin\":\"default\"}}]},{\"type\":\"column\",\"props\":{\"image_position\":\"center-center\",\"position_sticky_breakpoint\":\"m\",\"width_medium\":\"1-2\"},\"children\":[{\"type\":\"image\",\"props\":{\"class\":\"about-img-1 dark\",\"image\":\"wp-content\\\/uploads\\\/2024\\\/08\\\/download-2.jpg\",\"image_height\":400,\"image_svg_color\":\"emphasis\",\"image_width\":520,\"margin\":\"default\",\"text_align\":\"center\"}}]}]}]},{\"type\":\"section\",\"props\":{\"class\":\"download-white\",\"image_position\":\"center-center\",\"padding_remove_top\":true,\"style\":\"default\",\"title_breakpoint\":\"xl\",\"title_position\":\"top-left\",\"title_rotation\":\"left\",\"vertical_align\":\"middle\",\"width\":\"default\"},\"children\":[{\"type\":\"row\",\"children\":[{\"type\":\"column\",\"props\":{\"image_position\":\"center-center\",\"position_sticky_breakpoint\":\"m\"},\"children\":[{\"type\":\"grid\",\"props\":{\"content_column_breakpoint\":\"m\",\"filter_align\":\"left\",\"filter_all\":true,\"filter_grid_breakpoint\":\"m\",\"filter_grid_width\":\"auto\",\"filter_position\":\"top\",\"filter_style\":\"tab\",\"grid_default\":\"1\",\"grid_medium\":\"3\",\"grid_small\":\"2\",\"icon_width\":80,\"image_align\":\"top\",\"image_grid_breakpoint\":\"m\",\"image_grid_width\":\"1-2\",\"image_height\":\"400\",\"image_link\":true,\"image_loading\":false,\"image_svg_color\":\"emphasis\",\"image_width\":\"400\",\"item_animation\":true,\"lightbox_bg_close\":true,\"link_style\":\"link-text\",\"link_text\":\"\",\"margin\":\"default\",\"meta_align\":\"below-title\",\"meta_element\":\"div\",\"meta_style\":\"text-meta\",\"show_content\":true,\"show_hover_image\":true,\"show_hover_video\":true,\"show_image\":true,\"show_link\":true,\"show_meta\":true,\"show_title\":true,\"show_video\":true,\"title_align\":\"top\",\"title_element\":\"div\",\"title_grid_breakpoint\":\"m\",\"title_grid_width\":\"1-2\",\"title_hover_style\":\"reset\",\"title_link\":true,\"title_style\":\"h3\"},\"children\":[{\"type\":\"grid_item\",\"props\":{\"content\":\"\n\n<p>R\\u00e9gulateurs des systemes frigorifiques<\\\/p>\",\"image\":\"wp-content\\\/uploads\\\/2024\\\/10\\\/cat_2025.jpg\",\"link\":\"wp-content\\\/uploads\\\/2024\\\/10\\\/FR-PEGO-2025.pdf\",\"title\":\"Catalogue General 2025\"}},{\"type\":\"grid_item\",\"props\":{\"content\":\"La solution int\\u00e9gr\\u00e9e pour le contr\\u00f4le de l\\u2019expansion de 0 \\u00e0 80 kW\\n\",\"image\":\"wp-content\\\/uploads\\\/2024\\\/08\\\/img_bro_ex_kit.png\",\"link\":\"\\\/wp-content\\\/uploads\\\/download\\\/PEGO_Expansion_kit_brochure_ITA.pdf\",\"title\":\"Smart Expansion Kit\"}},{\"type\":\"grid_item\",\"props\":{\"content\":\"T\\u00e9l\\u00e9chargez l'application de connexion \\u00e0 distance pour obtenir de l'aide\\n\",\"image\":\"wp-content\\\/uploads\\\/2024\\\/08\\\/telenet-sd.jpg\",\"link\":\"\\\/wp-content\\\/uploads\\\/download\\\/PEGO_QS.exe\",\"title\":\"T\\u00e9l\\u00e9assistance T\\u00e9l\\u00e9net\"}},{\"type\":\"grid_item\",\"props\":{\"content\":\"Syst\\u00e8me de supervision et de contr\\u00f4le\\n\",\"image\":\"wp-content\\\/uploads\\\/2024\\\/08\\\/telenet-sd.jpg\",\"link\":\"\\\/wp-content\\\/uploads\\\/download\\\/TeleNET_2025.zip\",\"title\":\"Telenet Software\"}},{\"type\":\"grid_item\",\"props\":{\"content\":\"T\\u00e9l\\u00e9chargez la derni\\u00e8re mise \\u00e0 jour TeleNET\\n\",\"image\":\"wp-content\\\/uploads\\\/2024\\\/08\\\/telenet-sd.jpg\",\"link\":\"\\\/wp-content\\\/uploads\\\/2025\\\/09\\\/20250901_20250901.exe\",\"title\":\"Telenet Updater\"}},{\"type\":\"grid_item\",\"props\":{\"content\":\"Version de TeleNET pour visualiser les enregistrements Datalogger\\n\",\"image\":\"wp-content\\\/uploads\\\/2024\\\/08\\\/download1.jpg\",\"link\":\"\\\/wp-content\\\/uploads\\\/download\\\/TeleNet_Datalogger_2021.01.02.exe\",\"title\":\"Telenet Datalogger\"}},{\"type\":\"grid_item\",\"props\":{\"content\":\"CDM v2.12.36 (Windows)\",\"image\":\"wp-content\\\/uploads\\\/2024\\\/08\\\/telenet-sd.jpg\",\"link\":\"\\\/wp-content\\\/uploads\\\/download\\\/CDM21236_Setup.exe\",\"title\":\"Telenet Driver USB\"}},{\"type\":\"grid_item\",\"props\":{\"content\":\"Pack WEB pour TeleNET\\n\",\"image\":\"wp-content\\\/uploads\\\/2024\\\/08\\\/telenet-sd.jpg\",\"link\":\"\\\/wp-content\\\/uploads\\\/download\\\/TeleNetWEB_2020.03.01.exe\",\"title\":\"Web Services\"}},{\"type\":\"grid_item\",\"props\":{\"content\":\"Pego PLUSR\",\"image\":\"wp-content\\\/uploads\\\/2024\\\/08\\\/pego_logoappDatalog.png\",\"link\":\"https:\\\/\\\/play.google.com\\\/store\\\/apps\\\/details?id=pegodatalogger.datalogger\",\"title\":\"Download App (Datalogger)\"}},{\"type\":\"grid_item\",\"props\":{\"content\":\"T\\u00e9l\\u00e9chargement des manuels et de la documentation technique des produits PEGO\\t\\n\",\"image\":\"wp-content\\\/uploads\\\/2024\\\/08\\\/nector_manual.jpg\",\"link\":\"\\\/fr\\\/manuels\\\/\",\"title\":\"T\\u00e9l\\u00e9chargements Manuels\"}}]}]}]}]}],\"version\":\"1.0.0\"} --><\/p>\n","protected":false},"excerpt":{"rendered":"<p>PEGO SRL T\u00e9l\u00e9charger PEGO propose diff\u00e9rents mat\u00e9riels t\u00e9l\u00e9chargeables, notamment le catalogue g\u00e9n\u00e9ral, le logiciel de supervision et de contr\u00f4le, les manuels techniques des produits et le programme de t\u00e9l\u00e9maintenance T\u00e9l\u00e9charger T\u00e9l\u00e9charger le mat\u00e9riel PEGO Du catalogue aux fichiers ex\u00e9cutables, tout ce dont vous avez besoin pour entrer dans le monde pego et tirer le meilleur [&hellip;]<\/p>\n","protected":false},"author":1,"featured_media":0,"parent":0,"menu_order":0,"comment_status":"closed","ping_status":"closed","template":"","meta":{"_acf_changed":false,"footnotes":""},"class_list":["post-14010","page","type-page","status-publish","hentry"],"acf":[],"_links":{"self":[{"href":"https:\/\/pego.teknetservice.com\/fr\/wp-json\/wp\/v2\/pages\/14010","targetHints":{"allow":["GET"]}}],"collection":[{"href":"https:\/\/pego.teknetservice.com\/fr\/wp-json\/wp\/v2\/pages"}],"about":[{"href":"https:\/\/pego.teknetservice.com\/fr\/wp-json\/wp\/v2\/types\/page"}],"author":[{"embeddable":true,"href":"https:\/\/pego.teknetservice.com\/fr\/wp-json\/wp\/v2\/users\/1"}],"replies":[{"embeddable":true,"href":"https:\/\/pego.teknetservice.com\/fr\/wp-json\/wp\/v2\/comments?post=14010"}],"version-history":[{"count":18,"href":"https:\/\/pego.teknetservice.com\/fr\/wp-json\/wp\/v2\/pages\/14010\/revisions"}],"predecessor-version":[{"id":18613,"href":"https:\/\/pego.teknetservice.com\/fr\/wp-json\/wp\/v2\/pages\/14010\/revisions\/18613"}],"wp:attachment":[{"href":"https:\/\/pego.teknetservice.com\/fr\/wp-json\/wp\/v2\/media?parent=14010"}],"curies":[{"name":"wp","href":"https:\/\/api.w.org\/{rel}","templated":true}]}}