{"id":5243,"date":"2024-05-09T12:03:33","date_gmt":"2024-05-09T12:03:33","guid":{"rendered":"https:\/\/www.pego.it\/prodotti\/"},"modified":"2024-10-03T15:40:14","modified_gmt":"2024-10-03T15:40:14","slug":"produits","status":"publish","type":"page","link":"https:\/\/pego.teknetservice.com\/fr\/produits\/","title":{"rendered":"Produits"},"content":{"rendered":"<ul>\n<li>\n<div>\n<div class=\"uk-text-lead uk-position-relative\" data-id=\"page#0-0-0-0\" data-element=\"\">PEGO SRL<\/div>\n<div class=\"uk-heading-small uk-position-relative uk-margin-remove-top uk-width-xlarge maxwidth400\" data-id=\"page#0-0-0-1\" data-element=\"\">Explorez les cat\u00e9gories de produits<\/div>\n<div style=\"text-align: justify;\" class=\"maxwidth400\">\n<p><strong>PEGO est sp\u00e9cialis\u00e9e dans le domaine de la r\u00e9frig\u00e9ration et de la climatisation et propose une large gamme de produits, adapt\u00e9e \u00e0 tout type d&rsquo;application.<\/strong> La production de tableaux standard et personnalis\u00e9s permet de r\u00e9pondre \u00e0 tous les besoins sp\u00e9cifiques du client. La large gamme d&rsquo;\u00e9lectronique de contr\u00f4le d\u00e9di\u00e9e au contr\u00f4le de la cellule r\u00e9frig\u00e9r\u00e9e, \u00e0 l&rsquo;affinage, au refroidissement, \u00e0 l&rsquo;arr\u00eat du levage, aux refroidisseurs et au syst\u00e8me de surveillance TeleNET vous permet de contr\u00f4ler toutes vos unit\u00e9s.<\/p>\n<\/div>\n<\/div>\n<p><a href=\"\/prodotti\/termostati\"><\/a><\/p>\n<\/li>\n<li>\n<p><img decoding=\"async\" src=\"\/wp-content\/uploads\/2024\/08\/termostati-1.png\" alt=\"Produits\"><\/p>\n<h3>Thermostats<\/h3>\n<p><a href=\"\/fr\/produits\/thermostats\/\"><\/a><\/p>\n<\/li>\n<li>\n<p><img decoding=\"async\" src=\"\/wp-content\/uploads\/2024\/08\/elettronica-modulare-8.png\" alt=\"Produits\"><\/p>\n<h3>Electronique Modulaire<\/h3>\n<p><a href=\"\/fr\/produits\/electronique-modulaire\/\"><\/a><\/p>\n<\/li>\n<li>\n<p><img decoding=\"async\" src=\"\/wp-content\/uploads\/2024\/10\/quadri.png\" alt=\"Produits\"><\/p>\n<h3>Tableaux Electriques<\/h3>\n<p><a href=\"\/fr\/produits\/tableaux-electriques\/\"><\/a><\/p>\n<\/li>\n<li>\n<p><img decoding=\"async\" src=\"\/wp-content\/uploads\/2024\/08\/nector-2.png\" alt=\"Produits\"><\/p>\n<h3>Nector<\/h3>\n<p><a href=\"\/fr\/produits\/panneaux-de-controle\/\"><\/a><\/p>\n<\/li>\n<li>\n<p><img decoding=\"async\" src=\"\/wp-content\/uploads\/2024\/10\/telenet.png\" alt=\"Produits\"><\/p>\n<h3>Supervision<\/h3>\n<p><a href=\"\/fr\/produits\/supervision\/\"><\/a><\/p>\n<\/li>\n<li>\n<p><img decoding=\"async\" src=\"\/wp-content\/uploads\/2024\/08\/accessori.png\" alt=\"Produits\"><\/p>\n<h3>Accessories<\/h3>\n<p><a href=\"\/fr\/produits\/accessoires\/\"><\/a><\/p>\n<\/li>\n<li>\n<p><img decoding=\"async\" src=\"\/wp-content\/uploads\/2024\/08\/illuminazione.png\" alt=\"Produits\"><\/p>\n<h3>\u00c9clairage<\/h3>\n<p><a href=\"\/fr\/produits\/eclairage\/\"><\/a><\/p>\n<\/li>\n<li>\n<p><img decoding=\"async\" src=\"\/wp-content\/uploads\/2024\/10\/umidificatori.png\" alt=\"Produits\"><\/p>\n<h3>Humidificateurs<\/h3>\n<p><a href=\"\/fr\/produits\/humidificateurs\/\"><\/a><\/p>\n<\/li>\n<\/ul>\n<p><!--more--><br \/>\n<!-- {\"type\":\"layout\",\"children\":[{\"type\":\"section\",\"props\":{\"image_position\":\"center-center\",\"style\":\"default\",\"title_breakpoint\":\"xl\",\"title_position\":\"top-left\",\"title_rotation\":\"left\",\"vertical_align\":\"middle\",\"width\":\"xlarge\"},\"children\":[{\"type\":\"row\",\"children\":[{\"type\":\"column\",\"props\":{\"image_position\":\"center-center\",\"position_sticky_breakpoint\":\"m\"},\"children\":[{\"type\":\"grid\",\"props\":{\"class\":\"grid-products\",\"content_column_breakpoint\":\"m\",\"filter_align\":\"left\",\"filter_all\":true,\"filter_grid_breakpoint\":\"m\",\"filter_grid_width\":\"auto\",\"filter_position\":\"top\",\"filter_style\":\"tab\",\"grid_default\":\"1\",\"grid_medium\":\"3\",\"grid_small\":\"2\",\"icon_width\":80,\"image_align\":\"top\",\"image_grid_breakpoint\":\"m\",\"image_grid_width\":\"1-2\",\"image_link\":true,\"image_svg_color\":\"emphasis\",\"item_animation\":true,\"link_style\":\"link-text\",\"link_text\":\"\",\"margin\":\"default\",\"meta_align\":\"below-title\",\"meta_element\":\"div\",\"meta_style\":\"text-meta\",\"show_content\":true,\"show_image\":true,\"show_link\":true,\"show_meta\":true,\"show_title\":true,\"title_align\":\"top\",\"title_element\":\"h3\",\"title_grid_breakpoint\":\"m\",\"title_grid_width\":\"1-2\",\"title_hover_style\":\"reset\",\"title_link\":true,\"title_margin\":\"remove\"},\"children\":[{\"type\":\"grid_item\",\"props\":{\"content\":\"\n\n<div class=\\\"uk-text-lead uk-position-relative\\\" data-id=\\\"page#0-0-0-0\\\" data-element=\\\"\\\">PEGO SRL<\\\/div>\\n\n\n<div class=\\\"uk-heading-small uk-position-relative uk-margin-remove-top uk-width-xlarge maxwidth400\\\" data-id=\\\"page#0-0-0-1\\\" data-element=\\\"\\\">Explorez les cat\\u00e9gories de produits<\\\/div>\\n\n\n<div style=\\\"text-align: justify;\\\" class=\\\"maxwidth400\\\">\\n\n\n<p><strong>PEGO est sp\\u00e9cialis\\u00e9e dans le domaine de la r\\u00e9frig\\u00e9ration et de la climatisation et propose une large gamme de produits, adapt\\u00e9e \\u00e0 tout type d'application.<\\\/strong> La production de tableaux standard et personnalis\\u00e9s permet de r\\u00e9pondre \\u00e0 tous les besoins sp\\u00e9cifiques du client. La large gamme d'\\u00e9lectronique de contr\\u00f4le d\\u00e9di\\u00e9e au contr\\u00f4le de la cellule r\\u00e9frig\\u00e9r\\u00e9e, \\u00e0 l'affinage, au refroidissement, \\u00e0 l'arr\\u00eat du levage, aux refroidisseurs et au syst\\u00e8me de surveillance TeleNET vous permet de contr\\u00f4ler toutes vos unit\\u00e9s.<\\\/p>\\n<\\\/div>\",\"image\":\"\",\"link\":\"\\\/prodotti\\\/termostati\",\"meta\":\"\",\"title\":\"\"}},{\"type\":\"grid_item\",\"props\":{\"image\":\"wp-content\\\/uploads\\\/2024\\\/08\\\/termostati-1.png\",\"link\":\"\\\/fr\\\/produits\\\/thermostats\\\/\",\"title\":\"Thermostats\"}},{\"type\":\"grid_item\",\"props\":{\"image\":\"wp-content\\\/uploads\\\/2024\\\/08\\\/elettronica-modulare-8.png\",\"link\":\"\\\/fr\\\/produits\\\/electronique-modulaire\\\/\",\"title\":\"Electronique Modulaire\"}},{\"type\":\"grid_item\",\"props\":{\"image\":\"wp-content\\\/uploads\\\/2024\\\/10\\\/quadri.png\",\"link\":\"\\\/fr\\\/produits\\\/tableaux-electriques\\\/\",\"title\":\"Tableaux Electriques\"}},{\"type\":\"grid_item\",\"props\":{\"image\":\"wp-content\\\/uploads\\\/2024\\\/08\\\/nector-2.png\",\"link\":\"\\\/fr\\\/produits\\\/panneaux-de-controle\\\/\",\"title\":\"Nector\"}},{\"type\":\"grid_item\",\"props\":{\"image\":\"wp-content\\\/uploads\\\/2024\\\/10\\\/telenet.png\",\"link\":\"\\\/fr\\\/produits\\\/supervision\\\/\",\"title\":\"Supervision\"}},{\"type\":\"grid_item\",\"props\":{\"image\":\"wp-content\\\/uploads\\\/2024\\\/08\\\/accessori.png\",\"link\":\"\\\/fr\\\/produits\\\/accessoires\\\/\",\"title\":\"Accessories\"}},{\"type\":\"grid_item\",\"props\":{\"image\":\"wp-content\\\/uploads\\\/2024\\\/08\\\/illuminazione.png\",\"link\":\"\\\/fr\\\/produits\\\/eclairage\\\/\",\"title\":\"\\u00c9clairage\"}},{\"type\":\"grid_item\",\"props\":{\"image\":\"wp-content\\\/uploads\\\/2024\\\/10\\\/umidificatori.png\",\"link\":\"\\\/fr\\\/produits\\\/humidificateurs\\\/\",\"title\":\"Humidificateurs\"}}]}]}]}]},{\"type\":\"section\",\"props\":{\"image_position\":\"center-center\",\"padding_remove_top\":false,\"style\":\"muted\",\"title_breakpoint\":\"xl\",\"title_position\":\"top-left\",\"title_rotation\":\"left\",\"vertical_align\":\"middle\",\"width\":\"default\"},\"children\":[{\"type\":\"row\",\"children\":[{\"type\":\"column\",\"props\":{\"image_position\":\"center-center\",\"position_sticky_breakpoint\":\"m\"},\"children\":[{\"type\":\"module_position\",\"props\":{\"breakpoint\":\"m\",\"content\":\"pego-configurator\",\"layout\":\"stack\"}}]}]}]}],\"version\":\"1.0.0\"} --><\/p>\n","protected":false},"excerpt":{"rendered":"<p>PEGO SRL Explorez les cat\u00e9gories de produits PEGO est sp\u00e9cialis\u00e9e dans le domaine de la r\u00e9frig\u00e9ration et de la climatisation et propose une large gamme de produits, adapt\u00e9e \u00e0 tout type d&rsquo;application. La production de tableaux standard et personnalis\u00e9s permet de r\u00e9pondre \u00e0 tous les besoins sp\u00e9cifiques du client. La large gamme d&rsquo;\u00e9lectronique de contr\u00f4le [&hellip;]<\/p>\n","protected":false},"author":1,"featured_media":0,"parent":0,"menu_order":0,"comment_status":"closed","ping_status":"closed","template":"","meta":{"_acf_changed":false,"footnotes":""},"class_list":["post-5243","page","type-page","status-publish","hentry"],"acf":[],"_links":{"self":[{"href":"https:\/\/pego.teknetservice.com\/fr\/wp-json\/wp\/v2\/pages\/5243","targetHints":{"allow":["GET"]}}],"collection":[{"href":"https:\/\/pego.teknetservice.com\/fr\/wp-json\/wp\/v2\/pages"}],"about":[{"href":"https:\/\/pego.teknetservice.com\/fr\/wp-json\/wp\/v2\/types\/page"}],"author":[{"embeddable":true,"href":"https:\/\/pego.teknetservice.com\/fr\/wp-json\/wp\/v2\/users\/1"}],"replies":[{"embeddable":true,"href":"https:\/\/pego.teknetservice.com\/fr\/wp-json\/wp\/v2\/comments?post=5243"}],"version-history":[{"count":7,"href":"https:\/\/pego.teknetservice.com\/fr\/wp-json\/wp\/v2\/pages\/5243\/revisions"}],"predecessor-version":[{"id":16902,"href":"https:\/\/pego.teknetservice.com\/fr\/wp-json\/wp\/v2\/pages\/5243\/revisions\/16902"}],"wp:attachment":[{"href":"https:\/\/pego.teknetservice.com\/fr\/wp-json\/wp\/v2\/media?parent=5243"}],"curies":[{"name":"wp","href":"https:\/\/api.w.org\/{rel}","templated":true}]}}